{"id":1552061,"date":"2025-12-12T13:48:19","date_gmt":"2025-12-12T12:48:19","guid":{"rendered":"https:\/\/vitamines.com\/product\/boom-wasserflasche-gruen\/"},"modified":"2026-01-29T22:30:14","modified_gmt":"2026-01-29T21:30:14","slug":"boom-wasserflasche-gruen","status":"publish","type":"product","link":"https:\/\/vitamines.com\/de\/product\/boom-wasserflasche-gruen\/","title":{"rendered":"Boom Wasserflasche Gr\u00fcn"},"content":{"rendered":"","protected":false},"excerpt":{"rendered":"<div class=\"flex max-w-full flex-col flex-grow\">\n<div class=\"min-h-8 text-message flex w-full flex-col items-end gap-2 whitespace-normal break-words [.text-message+&amp;]:mt-5\" dir=\"auto\" data-message-author-role=\"assistant\" data-message-id=\"cfe10183-5a08-45f2-a98a-7aa34c17f4a9\" data-message-model-slug=\"gpt-4o\">\n<div class=\"flex w-full flex-col gap-1 empty:hidden first:pt-[3px]\">\n<div class=\"markdown prose w-full break-words dark:prose-invert light\">\n<p>Lust auf einen eiskalten Boost? Mit der <strong>Boom Wasserflasche Gr\u00fcn<\/strong> bleibt dein Lieblingsgetr\u00e4nk bis zu 24 Stunden eiskalt oder bis zu 12 Stunden herrlich warm. Sie ist aus doppelwandigem Edelstahl gefertigt und somit nicht nur praktisch, sondern auch nachhaltig.<\/p>\n<p>Dank der gro\u00dfen Flaschen\u00f6ffnung kannst du m\u00fchelos Eisw\u00fcrfel oder Nahrungserg\u00e4nzungsmittel wie Boom Greens hinzuf\u00fcgen. Schraube den stabilen, auslaufsicheren Deckel drauf, und schon bist du startklar \u2013 egal, ob du ins Fitnessstudio gehst, ein langer Arbeitstag vor dir liegt oder du in die Natur eintauchst.<\/p>\n<p>Die <strong>Boom Wasserflasche Gr\u00fcn<\/strong> passt perfekt zu deinem bewussten Lebensstil und kann mit deinen Lieblingsprodukten von Boom f\u00fcr einen optimalen Boost kombiniert werden, wo immer du bist!<\/p>\n<\/div>\n<\/div>\n<\/div>\n<\/div>\n","protected":false},"featured_media":1552065,"comment_status":"open","ping_status":"closed","template":"","meta":{"_acf_changed":false,"inline_featured_image":false},"product_brand":[],"product_cat":[2247,2427,2429,2318,2428],"product_tag":[],"merken":[],"producttype":[],"aanbieding":[],"class_list":{"0":"post-1552061","1":"product","2":"type-product","3":"status-publish","4":"has-post-thumbnail","6":"product_cat-bestseller","7":"product_cat-multivitamin","8":"product_cat-multivitamin-fur-kinder","9":"product_cat-vitamine-fur-kinder","10":"product_cat-vitaminpillen","12":"first","13":"instock","14":"taxable","15":"shipping-taxable","16":"purchasable","17":"product-type-simple"},"bundled_by":[],"bundle_stock_status":"instock","bundle_stock_quantity":null,"bundle_virtual":false,"bundle_layout":"","bundle_add_to_cart_form_location":"","bundle_editable_in_cart":false,"bundle_sold_individually_context":"","bundle_item_grouping":"","bundle_min_size":"","bundle_max_size":"","bundle_price":[],"bundled_items":[],"bundle_sell_ids":[],"group_of_quantity":0,"min_quantity":0,"max_quantity":"","exclude_order_quantity_value_rules":"no","exclude_category_quantity_rules":"no","combine_variations":"no","acf":[],"yoast_head":"<!-- This site is optimized with the Yoast SEO Premium plugin v27.3 (Yoast SEO v27.3) - https:\/\/yoast.com\/product\/yoast-seo-premium-wordpress\/ -->\n<title>Boom Wasserflasche Gr\u00fcn | Vitamines<\/title>\n<meta name=\"description\" content=\"Boom Wasserflasche Gr\u00fcn kopen doe je voordelig in de shop van Vitamines. Vandaag besteld, morgen in huis.      Lust auf einen eiskalten Boost? Mit der Boom Wasserflasche Gr\u00fcn bleibt dein Lieblingsgetr\u00e4nk bis zu 24 Stunden eiskalt oder bis zu 12 Stunden herrlich warm. Sie ist aus doppelwandigem Edelstahl gefertigt und somit nicht nur praktisch, sondern auch nachhaltig.  Dank der gro\u00dfen Flaschen\u00f6ffnung kannst du m\u00fchelos Eisw\u00fcrfel oder Nahrungserg\u00e4nzungsmittel wie Boom Greens hinzuf\u00fcgen. Schraube den stabilen, auslaufsicheren Deckel drauf, und schon bist du startklar \u2013 egal, ob du ins Fitnessstudio gehst, ein langer Arbeitstag vor dir liegt oder du in die Natur eintauchst.  Die Boom Wasserflasche Gr\u00fcn passt perfekt zu deinem bewussten Lebensstil und kann mit deinen Lieblingsprodukten von Boom f\u00fcr einen optimalen Boost kombiniert werden, wo immer du bist!\" \/>\n<meta name=\"robots\" content=\"index, follow, max-snippet:-1, max-image-preview:large, max-video-preview:-1\" \/>\n<link rel=\"canonical\" href=\"https:\/\/vitamines.com\/de\/product\/boom-wasserflasche-gruen\/\" \/>\n<meta property=\"og:locale\" content=\"de_DE\" \/>\n<meta property=\"og:type\" content=\"article\" \/>\n<meta property=\"og:title\" content=\"Boom Wasserflasche Gr\u00fcn | Vitamines\" \/>\n<meta property=\"og:description\" content=\"Lust auf einen eiskalten Boost? Mit der Boom Wasserflasche Gr\u00fcn bleibt dein Lieblingsgetr\u00e4nk bis zu 24 Stunden eiskalt oder bis zu 12 Stunden herrlich warm. Sie ist aus doppelwandigem Edelstahl gefertigt und somit nicht nur praktisch, sondern auch nachhaltig.  Dank der gro\u00dfen Flaschen\u00f6ffnung kannst du m\u00fchelos Eisw\u00fcrfel oder Nahrungserg\u00e4nzungsmittel wie Boom Greens hinzuf\u00fcgen. Schraube den stabilen, auslaufsicheren Deckel drauf, und schon bist du startklar \u2013 egal, ob du ins Fitnessstudio gehst, ein langer Arbeitstag vor dir liegt oder du in die Natur eintauchst.  Die Boom Wasserflasche Gr\u00fcn passt perfekt zu deinem bewussten Lebensstil und kann mit deinen Lieblingsprodukten von Boom f\u00fcr einen optimalen Boost kombiniert werden, wo immer du bist!\" \/>\n<meta property=\"og:url\" content=\"https:\/\/vitamines.com\/de\/product\/boom-wasserflasche-gruen\/\" \/>\n<meta property=\"og:site_name\" content=\"Vitamines\" \/>\n<meta property=\"article:publisher\" content=\"https:\/\/www.facebook.com\/vitaminescom\/\" \/>\n<meta property=\"article:modified_time\" content=\"2026-01-29T21:30:14+00:00\" \/>\n<meta property=\"og:image\" content=\"https:\/\/vitamines.com\/wp-content\/uploads\/2025\/12\/BOOM-Water-Bottle-1.png\" \/>\n\t<meta property=\"og:image:width\" content=\"1080\" \/>\n\t<meta property=\"og:image:height\" content=\"1080\" \/>\n\t<meta property=\"og:image:type\" content=\"image\/png\" \/>\n<meta name=\"twitter:card\" content=\"summary_large_image\" \/>\n<meta name=\"twitter:site\" content=\"@vitaminescom\" \/>\n<meta name=\"twitter:label1\" content=\"Preis\" \/>\n\t<meta name=\"twitter:data1\" content=\"&euro;19.95\" \/>\n\t<meta name=\"twitter:label2\" content=\"Verf\u00fcgbarkeit\" \/>\n\t<meta name=\"twitter:data2\" content=\"Auf Lager\" \/>\n<script type=\"application\/ld+json\" class=\"yoast-schema-graph\">{\"@context\":\"https:\\\/\\\/schema.org\",\"@graph\":[{\"@type\":[\"WebPage\",\"ItemPage\"],\"@id\":\"https:\\\/\\\/vitamines.com\\\/de\\\/product\\\/boom-wasserflasche-gruen\\\/\",\"url\":\"https:\\\/\\\/vitamines.com\\\/de\\\/product\\\/boom-wasserflasche-gruen\\\/\",\"name\":\"Boom Wasserflasche Gr\u00fcn | Vitamines\",\"isPartOf\":{\"@id\":\"https:\\\/\\\/vitamines.com\\\/de\\\/#website\"},\"primaryImageOfPage\":{\"@id\":\"https:\\\/\\\/vitamines.com\\\/de\\\/product\\\/boom-wasserflasche-gruen\\\/#primaryimage\"},\"image\":{\"@id\":\"https:\\\/\\\/vitamines.com\\\/de\\\/product\\\/boom-wasserflasche-gruen\\\/#primaryimage\"},\"thumbnailUrl\":\"https:\\\/\\\/vitamines.com\\\/wp-content\\\/uploads\\\/2025\\\/12\\\/BOOM-Water-Bottle-1.png\",\"datePublished\":\"2025-12-12T12:48:19+00:00\",\"dateModified\":\"2026-01-29T21:30:14+00:00\",\"description\":\"Boom Wasserflasche Gr\u00fcn kopen doe je voordelig in de shop van Vitamines. Vandaag besteld, morgen in huis. Lust auf einen eiskalten Boost? Mit der Boom Wasserflasche Gr\u00fcn bleibt dein Lieblingsgetr\u00e4nk bis zu 24 Stunden eiskalt oder bis zu 12 Stunden herrlich warm. Sie ist aus doppelwandigem Edelstahl gefertigt und somit nicht nur praktisch, sondern auch nachhaltig. Dank der gro\u00dfen Flaschen\u00f6ffnung kannst du m\u00fchelos Eisw\u00fcrfel oder Nahrungserg\u00e4nzungsmittel wie Boom Greens hinzuf\u00fcgen. Schraube den stabilen, auslaufsicheren Deckel drauf, und schon bist du startklar \u2013 egal, ob du ins Fitnessstudio gehst, ein langer Arbeitstag vor dir liegt oder du in die Natur eintauchst. Die Boom Wasserflasche Gr\u00fcn passt perfekt zu deinem bewussten Lebensstil und kann mit deinen Lieblingsprodukten von Boom f\u00fcr einen optimalen Boost kombiniert werden, wo immer du bist!\",\"breadcrumb\":{\"@id\":\"https:\\\/\\\/vitamines.com\\\/de\\\/product\\\/boom-wasserflasche-gruen\\\/#breadcrumb\"},\"inLanguage\":\"de\",\"potentialAction\":[{\"@type\":\"ReadAction\",\"target\":[\"https:\\\/\\\/vitamines.com\\\/de\\\/product\\\/boom-wasserflasche-gruen\\\/\"]}]},{\"@type\":\"ImageObject\",\"inLanguage\":\"de\",\"@id\":\"https:\\\/\\\/vitamines.com\\\/de\\\/product\\\/boom-wasserflasche-gruen\\\/#primaryimage\",\"url\":\"https:\\\/\\\/vitamines.com\\\/wp-content\\\/uploads\\\/2025\\\/12\\\/BOOM-Water-Bottle-1.png\",\"contentUrl\":\"https:\\\/\\\/vitamines.com\\\/wp-content\\\/uploads\\\/2025\\\/12\\\/BOOM-Water-Bottle-1.png\",\"width\":1080,\"height\":1080},{\"@type\":\"BreadcrumbList\",\"@id\":\"https:\\\/\\\/vitamines.com\\\/de\\\/product\\\/boom-wasserflasche-gruen\\\/#breadcrumb\",\"itemListElement\":[{\"@type\":\"ListItem\",\"position\":1,\"name\":\"Home\",\"item\":\"https:\\\/\\\/vitamines.com\\\/de\\\/\"},{\"@type\":\"ListItem\",\"position\":2,\"name\":\"Boom Wasserflasche Gr\u00fcn\"}]},{\"@type\":\"WebSite\",\"@id\":\"https:\\\/\\\/vitamines.com\\\/de\\\/#website\",\"url\":\"https:\\\/\\\/vitamines.com\\\/de\\\/\",\"name\":\"Vitamines\",\"description\":\"Alle kwalitatieve vitamines, mineralen en supplementen bij d\u00e9 vitamine experts van Belgi\u00eb en Nederland.\",\"publisher\":{\"@id\":\"https:\\\/\\\/vitamines.com\\\/de\\\/#organization\"},\"alternateName\":\"Vitamins\",\"potentialAction\":[{\"@type\":\"SearchAction\",\"target\":{\"@type\":\"EntryPoint\",\"urlTemplate\":\"https:\\\/\\\/vitamines.com\\\/de\\\/?s={search_term_string}\"},\"query-input\":{\"@type\":\"PropertyValueSpecification\",\"valueRequired\":true,\"valueName\":\"search_term_string\"}}],\"inLanguage\":\"de\"},{\"@type\":[\"Organization\",\"Place\",\"HealthAndBeautyBusiness\"],\"@id\":\"https:\\\/\\\/vitamines.com\\\/de\\\/#organization\",\"name\":\"Vitamines\",\"alternateName\":\"Vitamins\",\"url\":\"https:\\\/\\\/vitamines.com\\\/de\\\/\",\"logo\":{\"@id\":\"https:\\\/\\\/vitamines.com\\\/de\\\/product\\\/boom-wasserflasche-gruen\\\/#local-main-organization-logo\"},\"image\":{\"@id\":\"https:\\\/\\\/vitamines.com\\\/de\\\/product\\\/boom-wasserflasche-gruen\\\/#local-main-organization-logo\"},\"sameAs\":[\"https:\\\/\\\/www.facebook.com\\\/vitaminescom\\\/\",\"https:\\\/\\\/x.com\\\/vitaminescom\",\"https:\\\/\\\/www.instagram.com\\\/vitaminescom\\\/\",\"https:\\\/\\\/www.linkedin.com\\\/company\\\/vitaminescom\\\/\",\"https:\\\/\\\/nl.pinterest.com\\\/vitaminescom\\\/\",\"https:\\\/\\\/www.tiktok.com\\\/@vitamines.com\",\"https:\\\/\\\/www.youtube.com\\\/@vitaminescom\",\"https:\\\/\\\/nl.trustpilot.com\\\/review\\\/vitamines.com\"],\"description\":\"Vitamines koop je natuurlijk op Vitamines.com. Keus uit meer dan 10.000 vitaminen & supplementen, direct uit voorraad leverbaar. Denk hierbij aan vitamine A, vitamine B, vitamine C, vitamine D, calcium, chroom, ijzer, kalium of koper. Maar ook eiwitten (prote\u00efne), magnesium, mangaan, selenium, collageen poeder en multivitaminen zijn populaire voedingssupplementen die je kunt bestellen in de webshop van Vitamines.\",\"legalName\":\"Vitamines.com B.V.\",\"foundingDate\":\"1997-08-15\",\"numberOfEmployees\":{\"@type\":\"QuantitativeValue\",\"minValue\":\"11\",\"maxValue\":\"50\"},\"address\":{\"@id\":\"https:\\\/\\\/vitamines.com\\\/de\\\/product\\\/boom-wasserflasche-gruen\\\/#local-main-place-address\"},\"telephone\":[\"020 308 6875\"],\"contactPoint\":{\"@type\":\"ContactPoint\",\"email\":\"support@vitamines.com\"},\"openingHoursSpecification\":{\"@type\":\"OpeningHoursSpecification\",\"dayOfWeek\":[\"Monday\",\"Tuesday\",\"Wednesday\",\"Thursday\",\"Friday\",\"Saturday\",\"Sunday\"],\"opens\":\"00:00\",\"closes\":\"23:59\"},\"priceRange\":\"$$\",\"currenciesAccepted\":\"EUR\"},{\"@type\":\"PostalAddress\",\"@id\":\"https:\\\/\\\/vitamines.com\\\/de\\\/product\\\/boom-wasserflasche-gruen\\\/#local-main-place-address\",\"streetAddress\":\"Professor J.H. Bavincklaan 2\",\"addressLocality\":\"Amstelveen\",\"postalCode\":\"1183 AT\",\"addressRegion\":\"NH\",\"addressCountry\":\"NL\"},{\"@type\":\"ImageObject\",\"inLanguage\":\"de\",\"@id\":\"https:\\\/\\\/vitamines.com\\\/de\\\/product\\\/boom-wasserflasche-gruen\\\/#local-main-organization-logo\",\"url\":\"https:\\\/\\\/vitamines.com\\\/wp-content\\\/uploads\\\/2024\\\/10\\\/vitamines.svg\",\"contentUrl\":\"https:\\\/\\\/vitamines.com\\\/wp-content\\\/uploads\\\/2024\\\/10\\\/vitamines.svg\",\"width\":132,\"height\":24,\"caption\":\"Vitamines\"}]}<\/script>\n<meta property=\"product:price:amount\" content=\"19.95\" \/>\n<meta property=\"product:price:currency\" content=\"EUR\" \/>\n<meta property=\"og:availability\" content=\"instock\" \/>\n<meta property=\"product:availability\" content=\"instock\" \/>\n<meta property=\"product:retailer_item_id\" content=\"BOOM-BOT-750\" \/>\n<meta property=\"product:condition\" content=\"new\" \/>\n<meta name=\"geo.placename\" content=\"Amstelveen\" \/>\n<meta name=\"geo.region\" content=\"Niederlande\" \/>\n<!-- \/ Yoast SEO Premium plugin. -->","yoast_head_json":{"title":"Boom Wasserflasche Gr\u00fcn | Vitamines","description":"Boom Wasserflasche Gr\u00fcn kopen doe je voordelig in de shop van Vitamines. Vandaag besteld, morgen in huis.      Lust auf einen eiskalten Boost? Mit der Boom Wasserflasche Gr\u00fcn bleibt dein Lieblingsgetr\u00e4nk bis zu 24 Stunden eiskalt oder bis zu 12 Stunden herrlich warm. Sie ist aus doppelwandigem Edelstahl gefertigt und somit nicht nur praktisch, sondern auch nachhaltig.  Dank der gro\u00dfen Flaschen\u00f6ffnung kannst du m\u00fchelos Eisw\u00fcrfel oder Nahrungserg\u00e4nzungsmittel wie Boom Greens hinzuf\u00fcgen. Schraube den stabilen, auslaufsicheren Deckel drauf, und schon bist du startklar \u2013 egal, ob du ins Fitnessstudio gehst, ein langer Arbeitstag vor dir liegt oder du in die Natur eintauchst.  Die Boom Wasserflasche Gr\u00fcn passt perfekt zu deinem bewussten Lebensstil und kann mit deinen Lieblingsprodukten von Boom f\u00fcr einen optimalen Boost kombiniert werden, wo immer du bist!","robots":{"index":"index","follow":"follow","max-snippet":"max-snippet:-1","max-image-preview":"max-image-preview:large","max-video-preview":"max-video-preview:-1"},"canonical":"https:\/\/vitamines.com\/de\/product\/boom-wasserflasche-gruen\/","og_locale":"de_DE","og_type":"article","og_title":"Boom Wasserflasche Gr\u00fcn | Vitamines","og_description":"Lust auf einen eiskalten Boost? Mit der Boom Wasserflasche Gr\u00fcn bleibt dein Lieblingsgetr\u00e4nk bis zu 24 Stunden eiskalt oder bis zu 12 Stunden herrlich warm. Sie ist aus doppelwandigem Edelstahl gefertigt und somit nicht nur praktisch, sondern auch nachhaltig.  Dank der gro\u00dfen Flaschen\u00f6ffnung kannst du m\u00fchelos Eisw\u00fcrfel oder Nahrungserg\u00e4nzungsmittel wie Boom Greens hinzuf\u00fcgen. Schraube den stabilen, auslaufsicheren Deckel drauf, und schon bist du startklar \u2013 egal, ob du ins Fitnessstudio gehst, ein langer Arbeitstag vor dir liegt oder du in die Natur eintauchst.  Die Boom Wasserflasche Gr\u00fcn passt perfekt zu deinem bewussten Lebensstil und kann mit deinen Lieblingsprodukten von Boom f\u00fcr einen optimalen Boost kombiniert werden, wo immer du bist!","og_url":"https:\/\/vitamines.com\/de\/product\/boom-wasserflasche-gruen\/","og_site_name":"Vitamines","article_publisher":"https:\/\/www.facebook.com\/vitaminescom\/","article_modified_time":"2026-01-29T21:30:14+00:00","og_image":[{"width":1080,"height":1080,"url":"https:\/\/vitamines.com\/wp-content\/uploads\/2025\/12\/BOOM-Water-Bottle-1.png","type":"image\/png"}],"twitter_card":"summary_large_image","twitter_site":"@vitaminescom","twitter_misc":{"Preis":"&euro;19.95","Verf\u00fcgbarkeit":"Auf Lager"},"schema":{"@context":"https:\/\/schema.org","@graph":[{"@type":["WebPage","ItemPage"],"@id":"https:\/\/vitamines.com\/de\/product\/boom-wasserflasche-gruen\/","url":"https:\/\/vitamines.com\/de\/product\/boom-wasserflasche-gruen\/","name":"Boom Wasserflasche Gr\u00fcn | Vitamines","isPartOf":{"@id":"https:\/\/vitamines.com\/de\/#website"},"primaryImageOfPage":{"@id":"https:\/\/vitamines.com\/de\/product\/boom-wasserflasche-gruen\/#primaryimage"},"image":{"@id":"https:\/\/vitamines.com\/de\/product\/boom-wasserflasche-gruen\/#primaryimage"},"thumbnailUrl":"https:\/\/vitamines.com\/wp-content\/uploads\/2025\/12\/BOOM-Water-Bottle-1.png","datePublished":"2025-12-12T12:48:19+00:00","dateModified":"2026-01-29T21:30:14+00:00","description":"Boom Wasserflasche Gr\u00fcn kopen doe je voordelig in de shop van Vitamines. Vandaag besteld, morgen in huis. Lust auf einen eiskalten Boost? Mit der Boom Wasserflasche Gr\u00fcn bleibt dein Lieblingsgetr\u00e4nk bis zu 24 Stunden eiskalt oder bis zu 12 Stunden herrlich warm. Sie ist aus doppelwandigem Edelstahl gefertigt und somit nicht nur praktisch, sondern auch nachhaltig. Dank der gro\u00dfen Flaschen\u00f6ffnung kannst du m\u00fchelos Eisw\u00fcrfel oder Nahrungserg\u00e4nzungsmittel wie Boom Greens hinzuf\u00fcgen. Schraube den stabilen, auslaufsicheren Deckel drauf, und schon bist du startklar \u2013 egal, ob du ins Fitnessstudio gehst, ein langer Arbeitstag vor dir liegt oder du in die Natur eintauchst. Die Boom Wasserflasche Gr\u00fcn passt perfekt zu deinem bewussten Lebensstil und kann mit deinen Lieblingsprodukten von Boom f\u00fcr einen optimalen Boost kombiniert werden, wo immer du bist!","breadcrumb":{"@id":"https:\/\/vitamines.com\/de\/product\/boom-wasserflasche-gruen\/#breadcrumb"},"inLanguage":"de","potentialAction":[{"@type":"ReadAction","target":["https:\/\/vitamines.com\/de\/product\/boom-wasserflasche-gruen\/"]}]},{"@type":"ImageObject","inLanguage":"de","@id":"https:\/\/vitamines.com\/de\/product\/boom-wasserflasche-gruen\/#primaryimage","url":"https:\/\/vitamines.com\/wp-content\/uploads\/2025\/12\/BOOM-Water-Bottle-1.png","contentUrl":"https:\/\/vitamines.com\/wp-content\/uploads\/2025\/12\/BOOM-Water-Bottle-1.png","width":1080,"height":1080},{"@type":"BreadcrumbList","@id":"https:\/\/vitamines.com\/de\/product\/boom-wasserflasche-gruen\/#breadcrumb","itemListElement":[{"@type":"ListItem","position":1,"name":"Home","item":"https:\/\/vitamines.com\/de\/"},{"@type":"ListItem","position":2,"name":"Boom Wasserflasche Gr\u00fcn"}]},{"@type":"WebSite","@id":"https:\/\/vitamines.com\/de\/#website","url":"https:\/\/vitamines.com\/de\/","name":"Vitamines","description":"Alle kwalitatieve vitamines, mineralen en supplementen bij d\u00e9 vitamine experts van Belgi\u00eb en Nederland.","publisher":{"@id":"https:\/\/vitamines.com\/de\/#organization"},"alternateName":"Vitamins","potentialAction":[{"@type":"SearchAction","target":{"@type":"EntryPoint","urlTemplate":"https:\/\/vitamines.com\/de\/?s={search_term_string}"},"query-input":{"@type":"PropertyValueSpecification","valueRequired":true,"valueName":"search_term_string"}}],"inLanguage":"de"},{"@type":["Organization","Place","HealthAndBeautyBusiness"],"@id":"https:\/\/vitamines.com\/de\/#organization","name":"Vitamines","alternateName":"Vitamins","url":"https:\/\/vitamines.com\/de\/","logo":{"@id":"https:\/\/vitamines.com\/de\/product\/boom-wasserflasche-gruen\/#local-main-organization-logo"},"image":{"@id":"https:\/\/vitamines.com\/de\/product\/boom-wasserflasche-gruen\/#local-main-organization-logo"},"sameAs":["https:\/\/www.facebook.com\/vitaminescom\/","https:\/\/x.com\/vitaminescom","https:\/\/www.instagram.com\/vitaminescom\/","https:\/\/www.linkedin.com\/company\/vitaminescom\/","https:\/\/nl.pinterest.com\/vitaminescom\/","https:\/\/www.tiktok.com\/@vitamines.com","https:\/\/www.youtube.com\/@vitaminescom","https:\/\/nl.trustpilot.com\/review\/vitamines.com"],"description":"Vitamines koop je natuurlijk op Vitamines.com. Keus uit meer dan 10.000 vitaminen & supplementen, direct uit voorraad leverbaar. Denk hierbij aan vitamine A, vitamine B, vitamine C, vitamine D, calcium, chroom, ijzer, kalium of koper. Maar ook eiwitten (prote\u00efne), magnesium, mangaan, selenium, collageen poeder en multivitaminen zijn populaire voedingssupplementen die je kunt bestellen in de webshop van Vitamines.","legalName":"Vitamines.com B.V.","foundingDate":"1997-08-15","numberOfEmployees":{"@type":"QuantitativeValue","minValue":"11","maxValue":"50"},"address":{"@id":"https:\/\/vitamines.com\/de\/product\/boom-wasserflasche-gruen\/#local-main-place-address"},"telephone":["020 308 6875"],"contactPoint":{"@type":"ContactPoint","email":"support@vitamines.com"},"openingHoursSpecification":{"@type":"OpeningHoursSpecification","dayOfWeek":["Monday","Tuesday","Wednesday","Thursday","Friday","Saturday","Sunday"],"opens":"00:00","closes":"23:59"},"priceRange":"$$","currenciesAccepted":"EUR"},{"@type":"PostalAddress","@id":"https:\/\/vitamines.com\/de\/product\/boom-wasserflasche-gruen\/#local-main-place-address","streetAddress":"Professor J.H. Bavincklaan 2","addressLocality":"Amstelveen","postalCode":"1183 AT","addressRegion":"NH","addressCountry":"NL"},{"@type":"ImageObject","inLanguage":"de","@id":"https:\/\/vitamines.com\/de\/product\/boom-wasserflasche-gruen\/#local-main-organization-logo","url":"https:\/\/vitamines.com\/wp-content\/uploads\/2024\/10\/vitamines.svg","contentUrl":"https:\/\/vitamines.com\/wp-content\/uploads\/2024\/10\/vitamines.svg","width":132,"height":24,"caption":"Vitamines"}]},"product_price_amount":"19.95","product_price_currency":"EUR","og_availability":"instock","product_availability":"instock","product_retailer_item_id":"BOOM-BOT-750","product_condition":"new","geo.placename":"Amstelveen","geo.region":"Niederlande"},"_links":{"self":[{"href":"https:\/\/vitamines.com\/de\/wp-json\/wp\/v2\/product\/1552061","targetHints":{"allow":["GET"]}}],"collection":[{"href":"https:\/\/vitamines.com\/de\/wp-json\/wp\/v2\/product"}],"about":[{"href":"https:\/\/vitamines.com\/de\/wp-json\/wp\/v2\/types\/product"}],"replies":[{"embeddable":true,"href":"https:\/\/vitamines.com\/de\/wp-json\/wp\/v2\/comments?post=1552061"}],"wp:featuredmedia":[{"embeddable":true,"href":"https:\/\/vitamines.com\/de\/wp-json\/wp\/v2\/media\/1552065"}],"wp:attachment":[{"href":"https:\/\/vitamines.com\/de\/wp-json\/wp\/v2\/media?parent=1552061"}],"wp:term":[{"taxonomy":"product_brand","embeddable":true,"href":"https:\/\/vitamines.com\/de\/wp-json\/wp\/v2\/product_brand?post=1552061"},{"taxonomy":"product_cat","embeddable":true,"href":"https:\/\/vitamines.com\/de\/wp-json\/wp\/v2\/product_cat?post=1552061"},{"taxonomy":"product_tag","embeddable":true,"href":"https:\/\/vitamines.com\/de\/wp-json\/wp\/v2\/product_tag?post=1552061"},{"taxonomy":"merken","embeddable":true,"href":"https:\/\/vitamines.com\/de\/wp-json\/wp\/v2\/merken?post=1552061"},{"taxonomy":"producttype","embeddable":true,"href":"https:\/\/vitamines.com\/de\/wp-json\/wp\/v2\/producttype?post=1552061"},{"taxonomy":"aanbieding","embeddable":true,"href":"https:\/\/vitamines.com\/de\/wp-json\/wp\/v2\/aanbieding?post=1552061"}],"curies":[{"name":"wp","href":"https:\/\/api.w.org\/{rel}","templated":true}]}}