{"id":1552194,"date":"2022-11-23T12:36:20","date_gmt":"2022-11-23T12:36:20","guid":{"rendered":"https:\/\/vitamines.com\/product\/boom-protein-vanille-vegan\/"},"modified":"2026-02-02T11:20:26","modified_gmt":"2026-02-02T10:20:26","slug":"boom-protein-vanille-vegan","status":"publish","type":"product","link":"https:\/\/vitamines.com\/de\/product\/boom-protein-vanille-vegan\/","title":{"rendered":"BOOM Protein Vanille Vegan"},"content":{"rendered":"","protected":false},"excerpt":{"rendered":"<p style=\"font-weight: 400;\">Viele Menschen erleben Darmbeschwerden, Bl\u00e4hungen oder sogar Akne bei der Verwendung von traditionellen Whey- oder laktosehaltigen Eiwei\u00dfshakes. Protein Vegan wurde als DIE pflanzliche Alternative entwickelt, die gut vertragen wird \u2013 ohne Kompromisse bei Geschmack, Aufnahme oder Wirkung.<\/p>\n<p style=\"font-weight: 400;\">Mit 15 essentiellen Vitaminen und Mineralien, leicht verdaulichen pflanzlichen Proteinen und einem milden Geschmack ist dies der Eiwei\u00dfshake, der deinen K\u00f6rper ohne sch\u00e4dliche Nebenwirkungen unterst\u00fctzt. Entwickelt in Zusammenarbeit mit Arie Boomsma f\u00fcr alle, die bewusst leben und sich bewegen.<\/p>\n<p>Im Jahr 2025 ist es kein Geheimnis mehr: Viele Menschen vertragen Milchprodukte oder Whey nicht gut. Deshalb haben wir Protein Vegan entwickelt \u2013 einen hochwertigen, vollst\u00e4ndig pflanzlichen Eiwei\u00dfshake, der freundlich zu deinem Darm ist, reich an N\u00e4hrstoffen ist und lecker zu trinken ist. Mit 15 Vitaminen und Mineralien, hochwertigen pflanzlichen Proteinen und einer leicht verdaulichen Formel ist dies deine t\u00e4gliche Unterst\u00fctzung f\u00fcr Erholung, Energie und Balance. Um das Durchhalten zu erleichtern, bieten wir Protein Vegan zu einem fairen Preis an. Ein Topf enth\u00e4lt gen\u00fcgend Portionen, um wochenlang an deiner Gesundheit zu arbeiten \u2013 ohne Bauchschmerzen oder Kompromisse.<\/p>\n","protected":false},"featured_media":1552234,"comment_status":"open","ping_status":"closed","template":"","meta":{"_acf_changed":false,"inline_featured_image":false},"product_brand":[],"product_cat":[2248,2247,2449,2288,2451,2450],"product_tag":[2453,2256,2452,2454],"merken":[],"producttype":[],"aanbieding":[],"class_list":{"0":"post-1552194","1":"product","2":"type-product","3":"status-publish","4":"has-post-thumbnail","6":"product_cat-angebote","7":"product_cat-bestseller","8":"product_cat-eiweispulver","9":"product_cat-proteine","10":"product_cat-sportnahrung-2","11":"product_cat-veganes-eiweispulver","12":"product_tag-muskeln-und-gelenke","13":"product_tag-sportler","14":"product_tag-tagliche-erganzung","15":"product_tag-veganer","17":"first","18":"instock","19":"sale","20":"taxable","21":"shipping-taxable","22":"purchasable","23":"product-type-simple"},"bundled_by":[],"bundle_stock_status":"instock","bundle_stock_quantity":null,"bundle_virtual":false,"bundle_layout":"","bundle_add_to_cart_form_location":"","bundle_editable_in_cart":false,"bundle_sold_individually_context":"","bundle_item_grouping":"","bundle_min_size":"","bundle_max_size":"","bundle_price":[],"bundled_items":[],"bundle_sell_ids":[],"group_of_quantity":0,"min_quantity":0,"max_quantity":"","exclude_order_quantity_value_rules":"no","exclude_category_quantity_rules":"no","combine_variations":"no","acf":[],"yoast_head":"<!-- This site is optimized with the Yoast SEO Premium plugin v27.3 (Yoast SEO v27.3) - https:\/\/yoast.com\/product\/yoast-seo-premium-wordpress\/ -->\n<title>BOOM Protein Vanille Vegan | Vitamines<\/title>\n<meta name=\"description\" content=\"BOOM Protein Vanille Vegan kopen doe je voordelig in de shop van Vitamines. Vandaag besteld, morgen in huis. Viele Menschen erleben Darmbeschwerden, Bl\u00e4hungen oder sogar Akne bei der Verwendung von traditionellen Whey- oder laktosehaltigen Eiwei\u00dfshakes. Protein Vegan wurde als DIE pflanzliche Alternative entwickelt, die gut vertragen wird \u2013 ohne Kompromisse bei Geschmack, Aufnahme oder Wirkung. Mit 15 essentiellen Vitaminen und Mineralien, leicht verdaulichen pflanzlichen Proteinen und einem milden Geschmack ist dies der Eiwei\u00dfshake, der deinen K\u00f6rper ohne sch\u00e4dliche Nebenwirkungen unterst\u00fctzt. Entwickelt in Zusammenarbeit mit Arie Boomsma f\u00fcr alle, die bewusst leben und sich bewegen. Im Jahr 2025 ist es kein Geheimnis mehr: Viele Menschen vertragen Milchprodukte oder Whey nicht gut. Deshalb haben wir Protein Vegan entwickelt \u2013 einen hochwertigen, vollst\u00e4ndig pflanzlichen Eiwei\u00dfshake, der freundlich zu deinem Darm ist, reich an N\u00e4hrstoffen ist und lecker zu trinken ist. Mit 15 Vitaminen und Mineralien, hochwertigen pflanzlichen Proteinen und einer leicht verdaulichen Formel ist dies deine t\u00e4gliche Unterst\u00fctzung f\u00fcr Erholung, Energie und Balance. Um das Durchhalten zu erleichtern, bieten wir Protein Vegan zu einem fairen Preis an. Ein Topf enth\u00e4lt gen\u00fcgend Portionen, um wochenlang an deiner Gesundheit zu arbeiten \u2013 ohne Bauchschmerzen oder Kompromisse.\" \/>\n<meta name=\"robots\" content=\"index, follow, max-snippet:-1, max-image-preview:large, max-video-preview:-1\" \/>\n<link rel=\"canonical\" href=\"https:\/\/vitamines.com\/de\/product\/boom-protein-vanille-vegan\/\" \/>\n<meta property=\"og:locale\" content=\"de_DE\" \/>\n<meta property=\"og:type\" content=\"article\" \/>\n<meta property=\"og:title\" content=\"BOOM Protein Vanille Vegan | Vitamines\" \/>\n<meta property=\"og:description\" content=\"Viele Menschen erleben Darmbeschwerden, Bl\u00e4hungen oder sogar Akne bei der Verwendung von traditionellen Whey- oder laktosehaltigen Eiwei\u00dfshakes. Protein Vegan wurde als DIE pflanzliche Alternative entwickelt, die gut vertragen wird \u2013 ohne Kompromisse bei Geschmack, Aufnahme oder Wirkung. Mit 15 essentiellen Vitaminen und Mineralien, leicht verdaulichen pflanzlichen Proteinen und einem milden Geschmack ist dies der Eiwei\u00dfshake, der deinen K\u00f6rper ohne sch\u00e4dliche Nebenwirkungen unterst\u00fctzt. Entwickelt in Zusammenarbeit mit Arie Boomsma f\u00fcr alle, die bewusst leben und sich bewegen. Im Jahr 2025 ist es kein Geheimnis mehr: Viele Menschen vertragen Milchprodukte oder Whey nicht gut. Deshalb haben wir Protein Vegan entwickelt \u2013 einen hochwertigen, vollst\u00e4ndig pflanzlichen Eiwei\u00dfshake, der freundlich zu deinem Darm ist, reich an N\u00e4hrstoffen ist und lecker zu trinken ist. Mit 15 Vitaminen und Mineralien, hochwertigen pflanzlichen Proteinen und einer leicht verdaulichen Formel ist dies deine t\u00e4gliche Unterst\u00fctzung f\u00fcr Erholung, Energie und Balance. Um das Durchhalten zu erleichtern, bieten wir Protein Vegan zu einem fairen Preis an. Ein Topf enth\u00e4lt gen\u00fcgend Portionen, um wochenlang an deiner Gesundheit zu arbeiten \u2013 ohne Bauchschmerzen oder Kompromisse.\" \/>\n<meta property=\"og:url\" content=\"https:\/\/vitamines.com\/de\/product\/boom-protein-vanille-vegan\/\" \/>\n<meta property=\"og:site_name\" content=\"Vitamines\" \/>\n<meta property=\"article:publisher\" content=\"https:\/\/www.facebook.com\/vitaminescom\/\" \/>\n<meta property=\"article:modified_time\" content=\"2026-02-02T10:20:26+00:00\" \/>\n<meta property=\"og:image\" content=\"https:\/\/vitamines.com\/wp-content\/uploads\/2022\/11\/BOOM-Proteine-2.png\" \/>\n\t<meta property=\"og:image:width\" content=\"1080\" \/>\n\t<meta property=\"og:image:height\" content=\"1080\" \/>\n\t<meta property=\"og:image:type\" content=\"image\/png\" \/>\n<meta name=\"twitter:card\" content=\"summary_large_image\" \/>\n<meta name=\"twitter:site\" content=\"@vitaminescom\" \/>\n<meta name=\"twitter:label1\" content=\"Preis\" \/>\n\t<meta name=\"twitter:data1\" content=\"&euro;19.99\" \/>\n\t<meta name=\"twitter:label2\" content=\"Verf\u00fcgbarkeit\" \/>\n\t<meta name=\"twitter:data2\" content=\"Auf Lager\" \/>\n<script type=\"application\/ld+json\" class=\"yoast-schema-graph\">{\"@context\":\"https:\\\/\\\/schema.org\",\"@graph\":[{\"@type\":[\"WebPage\",\"ItemPage\"],\"@id\":\"https:\\\/\\\/vitamines.com\\\/de\\\/product\\\/boom-protein-vanille-vegan\\\/\",\"url\":\"https:\\\/\\\/vitamines.com\\\/de\\\/product\\\/boom-protein-vanille-vegan\\\/\",\"name\":\"BOOM Protein Vanille Vegan | Vitamines\",\"isPartOf\":{\"@id\":\"https:\\\/\\\/vitamines.com\\\/de\\\/#website\"},\"primaryImageOfPage\":{\"@id\":\"https:\\\/\\\/vitamines.com\\\/de\\\/product\\\/boom-protein-vanille-vegan\\\/#primaryimage\"},\"image\":{\"@id\":\"https:\\\/\\\/vitamines.com\\\/de\\\/product\\\/boom-protein-vanille-vegan\\\/#primaryimage\"},\"thumbnailUrl\":\"https:\\\/\\\/vitamines.com\\\/wp-content\\\/uploads\\\/2022\\\/11\\\/BOOM-Proteine.png\",\"datePublished\":\"2022-11-23T12:36:20+00:00\",\"dateModified\":\"2026-02-02T10:20:26+00:00\",\"description\":\"BOOM Protein Vanille Vegan kopen doe je voordelig in de shop van Vitamines. Vandaag besteld, morgen in huis. Viele Menschen erleben Darmbeschwerden, Bl\u00e4hungen oder sogar Akne bei der Verwendung von traditionellen Whey- oder laktosehaltigen Eiwei\u00dfshakes. Protein Vegan wurde als DIE pflanzliche Alternative entwickelt, die gut vertragen wird \u2013 ohne Kompromisse bei Geschmack, Aufnahme oder Wirkung. Mit 15 essentiellen Vitaminen und Mineralien, leicht verdaulichen pflanzlichen Proteinen und einem milden Geschmack ist dies der Eiwei\u00dfshake, der deinen K\u00f6rper ohne sch\u00e4dliche Nebenwirkungen unterst\u00fctzt. Entwickelt in Zusammenarbeit mit Arie Boomsma f\u00fcr alle, die bewusst leben und sich bewegen. Im Jahr 2025 ist es kein Geheimnis mehr: Viele Menschen vertragen Milchprodukte oder Whey nicht gut. Deshalb haben wir Protein Vegan entwickelt \u2013 einen hochwertigen, vollst\u00e4ndig pflanzlichen Eiwei\u00dfshake, der freundlich zu deinem Darm ist, reich an N\u00e4hrstoffen ist und lecker zu trinken ist. Mit 15 Vitaminen und Mineralien, hochwertigen pflanzlichen Proteinen und einer leicht verdaulichen Formel ist dies deine t\u00e4gliche Unterst\u00fctzung f\u00fcr Erholung, Energie und Balance. Um das Durchhalten zu erleichtern, bieten wir Protein Vegan zu einem fairen Preis an. Ein Topf enth\u00e4lt gen\u00fcgend Portionen, um wochenlang an deiner Gesundheit zu arbeiten \u2013 ohne Bauchschmerzen oder Kompromisse.\",\"breadcrumb\":{\"@id\":\"https:\\\/\\\/vitamines.com\\\/de\\\/product\\\/boom-protein-vanille-vegan\\\/#breadcrumb\"},\"inLanguage\":\"de\",\"potentialAction\":[{\"@type\":\"ReadAction\",\"target\":[\"https:\\\/\\\/vitamines.com\\\/de\\\/product\\\/boom-protein-vanille-vegan\\\/\"]}]},{\"@type\":\"ImageObject\",\"inLanguage\":\"de\",\"@id\":\"https:\\\/\\\/vitamines.com\\\/de\\\/product\\\/boom-protein-vanille-vegan\\\/#primaryimage\",\"url\":\"https:\\\/\\\/vitamines.com\\\/wp-content\\\/uploads\\\/2022\\\/11\\\/BOOM-Proteine.png\",\"contentUrl\":\"https:\\\/\\\/vitamines.com\\\/wp-content\\\/uploads\\\/2022\\\/11\\\/BOOM-Proteine.png\",\"width\":1080,\"height\":1080},{\"@type\":\"BreadcrumbList\",\"@id\":\"https:\\\/\\\/vitamines.com\\\/de\\\/product\\\/boom-protein-vanille-vegan\\\/#breadcrumb\",\"itemListElement\":[{\"@type\":\"ListItem\",\"position\":1,\"name\":\"Home\",\"item\":\"https:\\\/\\\/vitamines.com\\\/de\\\/\"},{\"@type\":\"ListItem\",\"position\":2,\"name\":\"BOOM Protein Vanille Vegan\"}]},{\"@type\":\"WebSite\",\"@id\":\"https:\\\/\\\/vitamines.com\\\/de\\\/#website\",\"url\":\"https:\\\/\\\/vitamines.com\\\/de\\\/\",\"name\":\"Vitamines\",\"description\":\"Alle kwalitatieve vitamines, mineralen en supplementen bij d\u00e9 vitamine experts van Belgi\u00eb en Nederland.\",\"publisher\":{\"@id\":\"https:\\\/\\\/vitamines.com\\\/de\\\/#organization\"},\"alternateName\":\"Vitamins\",\"potentialAction\":[{\"@type\":\"SearchAction\",\"target\":{\"@type\":\"EntryPoint\",\"urlTemplate\":\"https:\\\/\\\/vitamines.com\\\/de\\\/?s={search_term_string}\"},\"query-input\":{\"@type\":\"PropertyValueSpecification\",\"valueRequired\":true,\"valueName\":\"search_term_string\"}}],\"inLanguage\":\"de\"},{\"@type\":[\"Organization\",\"Place\",\"HealthAndBeautyBusiness\"],\"@id\":\"https:\\\/\\\/vitamines.com\\\/de\\\/#organization\",\"name\":\"Vitamines\",\"alternateName\":\"Vitamins\",\"url\":\"https:\\\/\\\/vitamines.com\\\/de\\\/\",\"logo\":{\"@id\":\"https:\\\/\\\/vitamines.com\\\/de\\\/product\\\/boom-protein-vanille-vegan\\\/#local-main-organization-logo\"},\"image\":{\"@id\":\"https:\\\/\\\/vitamines.com\\\/de\\\/product\\\/boom-protein-vanille-vegan\\\/#local-main-organization-logo\"},\"sameAs\":[\"https:\\\/\\\/www.facebook.com\\\/vitaminescom\\\/\",\"https:\\\/\\\/x.com\\\/vitaminescom\",\"https:\\\/\\\/www.instagram.com\\\/vitaminescom\\\/\",\"https:\\\/\\\/www.linkedin.com\\\/company\\\/vitaminescom\\\/\",\"https:\\\/\\\/nl.pinterest.com\\\/vitaminescom\\\/\",\"https:\\\/\\\/www.tiktok.com\\\/@vitamines.com\",\"https:\\\/\\\/www.youtube.com\\\/@vitaminescom\",\"https:\\\/\\\/nl.trustpilot.com\\\/review\\\/vitamines.com\"],\"description\":\"Vitamines koop je natuurlijk op Vitamines.com. Keus uit meer dan 10.000 vitaminen & supplementen, direct uit voorraad leverbaar. Denk hierbij aan vitamine A, vitamine B, vitamine C, vitamine D, calcium, chroom, ijzer, kalium of koper. Maar ook eiwitten (prote\u00efne), magnesium, mangaan, selenium, collageen poeder en multivitaminen zijn populaire voedingssupplementen die je kunt bestellen in de webshop van Vitamines.\",\"legalName\":\"Vitamines.com B.V.\",\"foundingDate\":\"1997-08-15\",\"numberOfEmployees\":{\"@type\":\"QuantitativeValue\",\"minValue\":\"11\",\"maxValue\":\"50\"},\"address\":{\"@id\":\"https:\\\/\\\/vitamines.com\\\/de\\\/product\\\/boom-protein-vanille-vegan\\\/#local-main-place-address\"},\"telephone\":[\"020 308 6875\"],\"contactPoint\":{\"@type\":\"ContactPoint\",\"email\":\"support@vitamines.com\"},\"openingHoursSpecification\":{\"@type\":\"OpeningHoursSpecification\",\"dayOfWeek\":[\"Monday\",\"Tuesday\",\"Wednesday\",\"Thursday\",\"Friday\",\"Saturday\",\"Sunday\"],\"opens\":\"00:00\",\"closes\":\"23:59\"},\"priceRange\":\"$$\",\"currenciesAccepted\":\"EUR\"},{\"@type\":\"PostalAddress\",\"@id\":\"https:\\\/\\\/vitamines.com\\\/de\\\/product\\\/boom-protein-vanille-vegan\\\/#local-main-place-address\",\"streetAddress\":\"Professor J.H. Bavincklaan 2\",\"addressLocality\":\"Amstelveen\",\"postalCode\":\"1183 AT\",\"addressRegion\":\"NH\",\"addressCountry\":\"NL\"},{\"@type\":\"ImageObject\",\"inLanguage\":\"de\",\"@id\":\"https:\\\/\\\/vitamines.com\\\/de\\\/product\\\/boom-protein-vanille-vegan\\\/#local-main-organization-logo\",\"url\":\"https:\\\/\\\/vitamines.com\\\/wp-content\\\/uploads\\\/2024\\\/10\\\/vitamines.svg\",\"contentUrl\":\"https:\\\/\\\/vitamines.com\\\/wp-content\\\/uploads\\\/2024\\\/10\\\/vitamines.svg\",\"width\":132,\"height\":24,\"caption\":\"Vitamines\"}]}<\/script>\n<meta property=\"product:price:amount\" content=\"19.99\" \/>\n<meta property=\"product:price:currency\" content=\"EUR\" \/>\n<meta property=\"og:availability\" content=\"instock\" \/>\n<meta property=\"product:availability\" content=\"instock\" \/>\n<meta property=\"product:retailer_item_id\" content=\"285459\" \/>\n<meta property=\"product:condition\" content=\"new\" \/>\n<meta name=\"geo.placename\" content=\"Amstelveen\" \/>\n<meta name=\"geo.region\" content=\"Niederlande\" \/>\n<!-- \/ Yoast SEO Premium plugin. -->","yoast_head_json":{"title":"BOOM Protein Vanille Vegan | Vitamines","description":"BOOM Protein Vanille Vegan kopen doe je voordelig in de shop van Vitamines. Vandaag besteld, morgen in huis. Viele Menschen erleben Darmbeschwerden, Bl\u00e4hungen oder sogar Akne bei der Verwendung von traditionellen Whey- oder laktosehaltigen Eiwei\u00dfshakes. Protein Vegan wurde als DIE pflanzliche Alternative entwickelt, die gut vertragen wird \u2013 ohne Kompromisse bei Geschmack, Aufnahme oder Wirkung. Mit 15 essentiellen Vitaminen und Mineralien, leicht verdaulichen pflanzlichen Proteinen und einem milden Geschmack ist dies der Eiwei\u00dfshake, der deinen K\u00f6rper ohne sch\u00e4dliche Nebenwirkungen unterst\u00fctzt. Entwickelt in Zusammenarbeit mit Arie Boomsma f\u00fcr alle, die bewusst leben und sich bewegen. Im Jahr 2025 ist es kein Geheimnis mehr: Viele Menschen vertragen Milchprodukte oder Whey nicht gut. Deshalb haben wir Protein Vegan entwickelt \u2013 einen hochwertigen, vollst\u00e4ndig pflanzlichen Eiwei\u00dfshake, der freundlich zu deinem Darm ist, reich an N\u00e4hrstoffen ist und lecker zu trinken ist. Mit 15 Vitaminen und Mineralien, hochwertigen pflanzlichen Proteinen und einer leicht verdaulichen Formel ist dies deine t\u00e4gliche Unterst\u00fctzung f\u00fcr Erholung, Energie und Balance. Um das Durchhalten zu erleichtern, bieten wir Protein Vegan zu einem fairen Preis an. Ein Topf enth\u00e4lt gen\u00fcgend Portionen, um wochenlang an deiner Gesundheit zu arbeiten \u2013 ohne Bauchschmerzen oder Kompromisse.","robots":{"index":"index","follow":"follow","max-snippet":"max-snippet:-1","max-image-preview":"max-image-preview:large","max-video-preview":"max-video-preview:-1"},"canonical":"https:\/\/vitamines.com\/de\/product\/boom-protein-vanille-vegan\/","og_locale":"de_DE","og_type":"article","og_title":"BOOM Protein Vanille Vegan | Vitamines","og_description":"Viele Menschen erleben Darmbeschwerden, Bl\u00e4hungen oder sogar Akne bei der Verwendung von traditionellen Whey- oder laktosehaltigen Eiwei\u00dfshakes. Protein Vegan wurde als DIE pflanzliche Alternative entwickelt, die gut vertragen wird \u2013 ohne Kompromisse bei Geschmack, Aufnahme oder Wirkung. Mit 15 essentiellen Vitaminen und Mineralien, leicht verdaulichen pflanzlichen Proteinen und einem milden Geschmack ist dies der Eiwei\u00dfshake, der deinen K\u00f6rper ohne sch\u00e4dliche Nebenwirkungen unterst\u00fctzt. Entwickelt in Zusammenarbeit mit Arie Boomsma f\u00fcr alle, die bewusst leben und sich bewegen. Im Jahr 2025 ist es kein Geheimnis mehr: Viele Menschen vertragen Milchprodukte oder Whey nicht gut. Deshalb haben wir Protein Vegan entwickelt \u2013 einen hochwertigen, vollst\u00e4ndig pflanzlichen Eiwei\u00dfshake, der freundlich zu deinem Darm ist, reich an N\u00e4hrstoffen ist und lecker zu trinken ist. Mit 15 Vitaminen und Mineralien, hochwertigen pflanzlichen Proteinen und einer leicht verdaulichen Formel ist dies deine t\u00e4gliche Unterst\u00fctzung f\u00fcr Erholung, Energie und Balance. Um das Durchhalten zu erleichtern, bieten wir Protein Vegan zu einem fairen Preis an. Ein Topf enth\u00e4lt gen\u00fcgend Portionen, um wochenlang an deiner Gesundheit zu arbeiten \u2013 ohne Bauchschmerzen oder Kompromisse.","og_url":"https:\/\/vitamines.com\/de\/product\/boom-protein-vanille-vegan\/","og_site_name":"Vitamines","article_publisher":"https:\/\/www.facebook.com\/vitaminescom\/","article_modified_time":"2026-02-02T10:20:26+00:00","og_image":[{"width":1080,"height":1080,"url":"https:\/\/vitamines.com\/wp-content\/uploads\/2022\/11\/BOOM-Proteine-2.png","type":"image\/png"}],"twitter_card":"summary_large_image","twitter_site":"@vitaminescom","twitter_misc":{"Preis":"&euro;19.99","Verf\u00fcgbarkeit":"Auf Lager"},"schema":{"@context":"https:\/\/schema.org","@graph":[{"@type":["WebPage","ItemPage"],"@id":"https:\/\/vitamines.com\/de\/product\/boom-protein-vanille-vegan\/","url":"https:\/\/vitamines.com\/de\/product\/boom-protein-vanille-vegan\/","name":"BOOM Protein Vanille Vegan | Vitamines","isPartOf":{"@id":"https:\/\/vitamines.com\/de\/#website"},"primaryImageOfPage":{"@id":"https:\/\/vitamines.com\/de\/product\/boom-protein-vanille-vegan\/#primaryimage"},"image":{"@id":"https:\/\/vitamines.com\/de\/product\/boom-protein-vanille-vegan\/#primaryimage"},"thumbnailUrl":"https:\/\/vitamines.com\/wp-content\/uploads\/2022\/11\/BOOM-Proteine.png","datePublished":"2022-11-23T12:36:20+00:00","dateModified":"2026-02-02T10:20:26+00:00","description":"BOOM Protein Vanille Vegan kopen doe je voordelig in de shop van Vitamines. Vandaag besteld, morgen in huis. Viele Menschen erleben Darmbeschwerden, Bl\u00e4hungen oder sogar Akne bei der Verwendung von traditionellen Whey- oder laktosehaltigen Eiwei\u00dfshakes. Protein Vegan wurde als DIE pflanzliche Alternative entwickelt, die gut vertragen wird \u2013 ohne Kompromisse bei Geschmack, Aufnahme oder Wirkung. Mit 15 essentiellen Vitaminen und Mineralien, leicht verdaulichen pflanzlichen Proteinen und einem milden Geschmack ist dies der Eiwei\u00dfshake, der deinen K\u00f6rper ohne sch\u00e4dliche Nebenwirkungen unterst\u00fctzt. Entwickelt in Zusammenarbeit mit Arie Boomsma f\u00fcr alle, die bewusst leben und sich bewegen. Im Jahr 2025 ist es kein Geheimnis mehr: Viele Menschen vertragen Milchprodukte oder Whey nicht gut. Deshalb haben wir Protein Vegan entwickelt \u2013 einen hochwertigen, vollst\u00e4ndig pflanzlichen Eiwei\u00dfshake, der freundlich zu deinem Darm ist, reich an N\u00e4hrstoffen ist und lecker zu trinken ist. Mit 15 Vitaminen und Mineralien, hochwertigen pflanzlichen Proteinen und einer leicht verdaulichen Formel ist dies deine t\u00e4gliche Unterst\u00fctzung f\u00fcr Erholung, Energie und Balance. Um das Durchhalten zu erleichtern, bieten wir Protein Vegan zu einem fairen Preis an. Ein Topf enth\u00e4lt gen\u00fcgend Portionen, um wochenlang an deiner Gesundheit zu arbeiten \u2013 ohne Bauchschmerzen oder Kompromisse.","breadcrumb":{"@id":"https:\/\/vitamines.com\/de\/product\/boom-protein-vanille-vegan\/#breadcrumb"},"inLanguage":"de","potentialAction":[{"@type":"ReadAction","target":["https:\/\/vitamines.com\/de\/product\/boom-protein-vanille-vegan\/"]}]},{"@type":"ImageObject","inLanguage":"de","@id":"https:\/\/vitamines.com\/de\/product\/boom-protein-vanille-vegan\/#primaryimage","url":"https:\/\/vitamines.com\/wp-content\/uploads\/2022\/11\/BOOM-Proteine.png","contentUrl":"https:\/\/vitamines.com\/wp-content\/uploads\/2022\/11\/BOOM-Proteine.png","width":1080,"height":1080},{"@type":"BreadcrumbList","@id":"https:\/\/vitamines.com\/de\/product\/boom-protein-vanille-vegan\/#breadcrumb","itemListElement":[{"@type":"ListItem","position":1,"name":"Home","item":"https:\/\/vitamines.com\/de\/"},{"@type":"ListItem","position":2,"name":"BOOM Protein Vanille Vegan"}]},{"@type":"WebSite","@id":"https:\/\/vitamines.com\/de\/#website","url":"https:\/\/vitamines.com\/de\/","name":"Vitamines","description":"Alle kwalitatieve vitamines, mineralen en supplementen bij d\u00e9 vitamine experts van Belgi\u00eb en Nederland.","publisher":{"@id":"https:\/\/vitamines.com\/de\/#organization"},"alternateName":"Vitamins","potentialAction":[{"@type":"SearchAction","target":{"@type":"EntryPoint","urlTemplate":"https:\/\/vitamines.com\/de\/?s={search_term_string}"},"query-input":{"@type":"PropertyValueSpecification","valueRequired":true,"valueName":"search_term_string"}}],"inLanguage":"de"},{"@type":["Organization","Place","HealthAndBeautyBusiness"],"@id":"https:\/\/vitamines.com\/de\/#organization","name":"Vitamines","alternateName":"Vitamins","url":"https:\/\/vitamines.com\/de\/","logo":{"@id":"https:\/\/vitamines.com\/de\/product\/boom-protein-vanille-vegan\/#local-main-organization-logo"},"image":{"@id":"https:\/\/vitamines.com\/de\/product\/boom-protein-vanille-vegan\/#local-main-organization-logo"},"sameAs":["https:\/\/www.facebook.com\/vitaminescom\/","https:\/\/x.com\/vitaminescom","https:\/\/www.instagram.com\/vitaminescom\/","https:\/\/www.linkedin.com\/company\/vitaminescom\/","https:\/\/nl.pinterest.com\/vitaminescom\/","https:\/\/www.tiktok.com\/@vitamines.com","https:\/\/www.youtube.com\/@vitaminescom","https:\/\/nl.trustpilot.com\/review\/vitamines.com"],"description":"Vitamines koop je natuurlijk op Vitamines.com. Keus uit meer dan 10.000 vitaminen & supplementen, direct uit voorraad leverbaar. Denk hierbij aan vitamine A, vitamine B, vitamine C, vitamine D, calcium, chroom, ijzer, kalium of koper. Maar ook eiwitten (prote\u00efne), magnesium, mangaan, selenium, collageen poeder en multivitaminen zijn populaire voedingssupplementen die je kunt bestellen in de webshop van Vitamines.","legalName":"Vitamines.com B.V.","foundingDate":"1997-08-15","numberOfEmployees":{"@type":"QuantitativeValue","minValue":"11","maxValue":"50"},"address":{"@id":"https:\/\/vitamines.com\/de\/product\/boom-protein-vanille-vegan\/#local-main-place-address"},"telephone":["020 308 6875"],"contactPoint":{"@type":"ContactPoint","email":"support@vitamines.com"},"openingHoursSpecification":{"@type":"OpeningHoursSpecification","dayOfWeek":["Monday","Tuesday","Wednesday","Thursday","Friday","Saturday","Sunday"],"opens":"00:00","closes":"23:59"},"priceRange":"$$","currenciesAccepted":"EUR"},{"@type":"PostalAddress","@id":"https:\/\/vitamines.com\/de\/product\/boom-protein-vanille-vegan\/#local-main-place-address","streetAddress":"Professor J.H. Bavincklaan 2","addressLocality":"Amstelveen","postalCode":"1183 AT","addressRegion":"NH","addressCountry":"NL"},{"@type":"ImageObject","inLanguage":"de","@id":"https:\/\/vitamines.com\/de\/product\/boom-protein-vanille-vegan\/#local-main-organization-logo","url":"https:\/\/vitamines.com\/wp-content\/uploads\/2024\/10\/vitamines.svg","contentUrl":"https:\/\/vitamines.com\/wp-content\/uploads\/2024\/10\/vitamines.svg","width":132,"height":24,"caption":"Vitamines"}]},"product_price_amount":"19.99","product_price_currency":"EUR","og_availability":"instock","product_availability":"instock","product_retailer_item_id":"285459","product_condition":"new","geo.placename":"Amstelveen","geo.region":"Niederlande"},"_links":{"self":[{"href":"https:\/\/vitamines.com\/de\/wp-json\/wp\/v2\/product\/1552194","targetHints":{"allow":["GET"]}}],"collection":[{"href":"https:\/\/vitamines.com\/de\/wp-json\/wp\/v2\/product"}],"about":[{"href":"https:\/\/vitamines.com\/de\/wp-json\/wp\/v2\/types\/product"}],"replies":[{"embeddable":true,"href":"https:\/\/vitamines.com\/de\/wp-json\/wp\/v2\/comments?post=1552194"}],"wp:featuredmedia":[{"embeddable":true,"href":"https:\/\/vitamines.com\/de\/wp-json\/wp\/v2\/media\/1552234"}],"wp:attachment":[{"href":"https:\/\/vitamines.com\/de\/wp-json\/wp\/v2\/media?parent=1552194"}],"wp:term":[{"taxonomy":"product_brand","embeddable":true,"href":"https:\/\/vitamines.com\/de\/wp-json\/wp\/v2\/product_brand?post=1552194"},{"taxonomy":"product_cat","embeddable":true,"href":"https:\/\/vitamines.com\/de\/wp-json\/wp\/v2\/product_cat?post=1552194"},{"taxonomy":"product_tag","embeddable":true,"href":"https:\/\/vitamines.com\/de\/wp-json\/wp\/v2\/product_tag?post=1552194"},{"taxonomy":"merken","embeddable":true,"href":"https:\/\/vitamines.com\/de\/wp-json\/wp\/v2\/merken?post=1552194"},{"taxonomy":"producttype","embeddable":true,"href":"https:\/\/vitamines.com\/de\/wp-json\/wp\/v2\/producttype?post=1552194"},{"taxonomy":"aanbieding","embeddable":true,"href":"https:\/\/vitamines.com\/de\/wp-json\/wp\/v2\/aanbieding?post=1552194"}],"curies":[{"name":"wp","href":"https:\/\/api.w.org\/{rel}","templated":true}]}}