{"id":1552841,"date":"2025-08-13T11:16:07","date_gmt":"2025-08-13T09:16:07","guid":{"rendered":"https:\/\/vitamines.com\/product\/herbolist-matcha-besen\/"},"modified":"2026-02-26T11:33:54","modified_gmt":"2026-02-26T10:33:54","slug":"herbolist-matcha-besen","status":"publish","type":"product","link":"https:\/\/vitamines.com\/de\/product\/herbolist-matcha-besen\/","title":{"rendered":"Herbolist Matcha-Besen"},"content":{"rendered":"<p>Ein Chasen (wie ein Matcha-Besen traditionell genannt wird) bringt wahre Magie in dein Matcha-Ritual. Mit seinen feinen Bambush\u00e4rchen schl\u00e4gst du das gr\u00fcne Pulver zu einer cremigen, schaumigen Perfektion auf.<\/p>\n<p>Die Bambuskonstruktion sorgt f\u00fcr einen reinen Geschmack, ohne komische Beigeschm\u00e4cker. Und ehrlich gesagt: Das Ritual des Schlagens hat etwas fast Meditatives. Es verleiht deinem Matcha-Moment das gewisse Extra.<\/p>\n<p><strong>Wie verwendest du den Besen?<\/strong><br \/>\n1. Gib 1,5 bis 2 Gramm Matcha-Pulver in eine Schale (am besten eine Matcha-Schale).<br \/>\n2. Gie\u00dfe langsam hei\u00dfes (nicht kochendes) Wasser hinzu.<br \/>\n3. Schlage das Pulver mit dem Besen in einer sanften \u201eW\u201c-Form, bis es sich vollst\u00e4ndig aufgel\u00f6st hat und eine sch\u00f6ne Schaumschicht entsteht.<br \/>\n4. Genie\u00dfe deinen perfekt zubereiteten Matcha.<\/p>\n<p>Ob du nun einen puren Matcha oder eine Latte mit Milch zubereitest, mit diesem Besen stimmst du dein Getr\u00e4nk ganz auf deinen Geschmack ab.<\/p>\n<p><strong>Celebrate Women\u2019s Health. Herbolist. <\/strong><\/p>\n","protected":false},"excerpt":{"rendered":"<p>Ein Chasen (wie ein Matcha-Besen traditionell genannt wird) bringt wahre Magie in dein Matcha-Ritual. Mit seinen feinen Bambush\u00e4rchen schl\u00e4gst du das gr\u00fcne Pulver zu einer cremigen, schaumigen Perfektion auf.<\/p>\n<p>Die Bambuskonstruktion sorgt f\u00fcr einen reinen Geschmack, ohne komische Beigeschm\u00e4cker. Und ehrlich gesagt: Das Ritual des Schlagens hat etwas fast Meditatives. Es verleiht deinem Matcha-Moment das gewisse Extra.<\/p>\n<p><strong>Wie verwendest du den Besen?<\/strong><br \/>\n1. Gib 1,5 bis 2 Gramm Matcha-Pulver in eine Schale (am besten eine Matcha-Schale).<br \/>\n2. Gie\u00dfe langsam hei\u00dfes (nicht kochendes) Wasser hinzu.<br \/>\n3. Schlage das Pulver mit dem Besen in einer sanften \u201eW\u201c-Form, bis es sich vollst\u00e4ndig aufgel\u00f6st hat und eine sch\u00f6ne Schaumschicht entsteht.<br \/>\n4. Genie\u00dfe deinen perfekt zubereiteten Matcha.<\/p>\n<p>Ob du nun einen puren Matcha oder eine Latte mit Milch zubereitest, mit diesem Besen stimmst du dein Getr\u00e4nk ganz auf deinen Geschmack ab.<\/p>\n<p><strong>Celebrate Women\u2019s Health. Herbolist. <\/strong><\/p>\n","protected":false},"featured_media":1552743,"comment_status":"open","ping_status":"closed","template":"","meta":{"_acf_changed":false,"inline_featured_image":false},"product_brand":[],"product_cat":[2247,2489,2250],"product_tag":[],"merken":[349],"producttype":[2199],"aanbieding":[],"class_list":{"0":"post-1552841","1":"product","2":"type-product","3":"status-publish","4":"has-post-thumbnail","6":"product_cat-bestseller","7":"product_cat-matcha","8":"product_cat-vitamine-nahrungserganzungsmittel","9":"merken-herbolist","10":"producttype-piece","12":"first","13":"instock","14":"taxable","15":"shipping-taxable","16":"purchasable","17":"product-type-simple"},"bundled_by":[],"bundle_stock_status":"instock","bundle_stock_quantity":null,"bundle_virtual":false,"bundle_layout":"","bundle_add_to_cart_form_location":"","bundle_editable_in_cart":false,"bundle_sold_individually_context":"","bundle_item_grouping":"","bundle_min_size":"","bundle_max_size":"","bundle_price":[],"bundled_items":[],"bundle_sell_ids":[],"group_of_quantity":0,"min_quantity":0,"max_quantity":"","exclude_order_quantity_value_rules":"no","exclude_category_quantity_rules":"no","combine_variations":"no","acf":[],"yoast_head":"<!-- This site is optimized with the Yoast SEO Premium plugin v27.3 (Yoast SEO v27.3) - https:\/\/yoast.com\/product\/yoast-seo-premium-wordpress\/ -->\n<title>Herbolist Matcha-Besen | Vitamines<\/title>\n<meta name=\"description\" content=\"Herbolist Matcha-Besen kopen doe je voordelig in de shop van Vitamines. Vandaag besteld, morgen in huis. Ein Chasen (wie ein Matcha-Besen traditionell genannt wird) bringt wahre Magie in dein Matcha-Ritual. Mit seinen feinen Bambush\u00e4rchen schl\u00e4gst du das gr\u00fcne Pulver zu einer cremigen, schaumigen Perfektion auf.  Die Bambuskonstruktion sorgt f\u00fcr einen reinen Geschmack, ohne komische Beigeschm\u00e4cker. Und ehrlich gesagt: Das Ritual des Schlagens hat etwas fast Meditatives. Es verleiht deinem Matcha-Moment das gewisse Extra.  Wie verwendest du den Besen? 1. Gib 1,5 bis 2 Gramm Matcha-Pulver in eine Schale (am besten eine Matcha-Schale). 2. Gie\u00dfe langsam hei\u00dfes (nicht kochendes) Wasser hinzu. 3. Schlage das Pulver mit dem Besen in einer sanften \u201eW\u201c-Form, bis es sich vollst\u00e4ndig aufgel\u00f6st hat und eine sch\u00f6ne Schaumschicht entsteht. 4. Genie\u00dfe deinen perfekt zubereiteten Matcha.  Ob du nun einen puren Matcha oder eine Latte mit Milch zubereitest, mit diesem Besen stimmst du dein Getr\u00e4nk ganz auf deinen Geschmack ab.  Celebrate Women\u2019s Health. Herbolist.\" \/>\n<meta name=\"robots\" content=\"index, follow, max-snippet:-1, max-image-preview:large, max-video-preview:-1\" \/>\n<link rel=\"canonical\" href=\"https:\/\/vitamines.com\/de\/product\/herbolist-matcha-besen\/\" \/>\n<meta property=\"og:locale\" content=\"de_DE\" \/>\n<meta property=\"og:type\" content=\"article\" \/>\n<meta property=\"og:title\" content=\"Herbolist Matcha-Besen | Vitamines\" \/>\n<meta property=\"og:description\" content=\"Ein Chasen (wie ein Matcha-Besen traditionell genannt wird) bringt wahre Magie in dein Matcha-Ritual. Mit seinen feinen Bambush\u00e4rchen schl\u00e4gst du das gr\u00fcne Pulver zu einer cremigen, schaumigen Perfektion auf.  Die Bambuskonstruktion sorgt f\u00fcr einen reinen Geschmack, ohne komische Beigeschm\u00e4cker. Und ehrlich gesagt: Das Ritual des Schlagens hat etwas fast Meditatives. Es verleiht deinem Matcha-Moment das gewisse Extra.  Wie verwendest du den Besen? 1. Gib 1,5 bis 2 Gramm Matcha-Pulver in eine Schale (am besten eine Matcha-Schale). 2. Gie\u00dfe langsam hei\u00dfes (nicht kochendes) Wasser hinzu. 3. Schlage das Pulver mit dem Besen in einer sanften \u201eW\u201c-Form, bis es sich vollst\u00e4ndig aufgel\u00f6st hat und eine sch\u00f6ne Schaumschicht entsteht. 4. Genie\u00dfe deinen perfekt zubereiteten Matcha.  Ob du nun einen puren Matcha oder eine Latte mit Milch zubereitest, mit diesem Besen stimmst du dein Getr\u00e4nk ganz auf deinen Geschmack ab.  Celebrate Women\u2019s Health. Herbolist.\" \/>\n<meta property=\"og:url\" content=\"https:\/\/vitamines.com\/de\/product\/herbolist-matcha-besen\/\" \/>\n<meta property=\"og:site_name\" content=\"Vitamines\" \/>\n<meta property=\"article:publisher\" content=\"https:\/\/www.facebook.com\/vitaminescom\/\" \/>\n<meta property=\"article:modified_time\" content=\"2026-02-26T10:33:54+00:00\" \/>\n<meta property=\"og:image\" content=\"https:\/\/vitamines.com\/wp-content\/uploads\/2025\/08\/Vitamines-format-1.png\" \/>\n\t<meta property=\"og:image:width\" content=\"1080\" \/>\n\t<meta property=\"og:image:height\" content=\"1080\" \/>\n\t<meta property=\"og:image:type\" content=\"image\/png\" \/>\n<meta name=\"twitter:card\" content=\"summary_large_image\" \/>\n<meta name=\"twitter:site\" content=\"@vitaminescom\" \/>\n<meta name=\"twitter:label1\" content=\"Preis\" \/>\n\t<meta name=\"twitter:data1\" content=\"&euro;14.95\" \/>\n\t<meta name=\"twitter:label2\" content=\"Verf\u00fcgbarkeit\" \/>\n\t<meta name=\"twitter:data2\" content=\"Auf Lager\" \/>\n<script type=\"application\/ld+json\" class=\"yoast-schema-graph\">{\"@context\":\"https:\\\/\\\/schema.org\",\"@graph\":[{\"@type\":[\"WebPage\",\"ItemPage\"],\"@id\":\"https:\\\/\\\/vitamines.com\\\/de\\\/product\\\/herbolist-matcha-besen\\\/\",\"url\":\"https:\\\/\\\/vitamines.com\\\/de\\\/product\\\/herbolist-matcha-besen\\\/\",\"name\":\"Herbolist Matcha-Besen | Vitamines\",\"isPartOf\":{\"@id\":\"https:\\\/\\\/vitamines.com\\\/de\\\/#website\"},\"primaryImageOfPage\":{\"@id\":\"https:\\\/\\\/vitamines.com\\\/de\\\/product\\\/herbolist-matcha-besen\\\/#primaryimage\"},\"image\":{\"@id\":\"https:\\\/\\\/vitamines.com\\\/de\\\/product\\\/herbolist-matcha-besen\\\/#primaryimage\"},\"thumbnailUrl\":\"https:\\\/\\\/vitamines.com\\\/wp-content\\\/uploads\\\/2025\\\/08\\\/Vitamines-format-1.png\",\"datePublished\":\"2025-08-13T09:16:07+00:00\",\"dateModified\":\"2026-02-26T10:33:54+00:00\",\"description\":\"Herbolist Matcha-Besen kopen doe je voordelig in de shop van Vitamines. Vandaag besteld, morgen in huis. Ein Chasen (wie ein Matcha-Besen traditionell genannt wird) bringt wahre Magie in dein Matcha-Ritual. Mit seinen feinen Bambush\u00e4rchen schl\u00e4gst du das gr\u00fcne Pulver zu einer cremigen, schaumigen Perfektion auf. Die Bambuskonstruktion sorgt f\u00fcr einen reinen Geschmack, ohne komische Beigeschm\u00e4cker. Und ehrlich gesagt: Das Ritual des Schlagens hat etwas fast Meditatives. Es verleiht deinem Matcha-Moment das gewisse Extra. Wie verwendest du den Besen? 1. Gib 1,5 bis 2 Gramm Matcha-Pulver in eine Schale (am besten eine Matcha-Schale). 2. Gie\u00dfe langsam hei\u00dfes (nicht kochendes) Wasser hinzu. 3. Schlage das Pulver mit dem Besen in einer sanften \u201eW\u201c-Form, bis es sich vollst\u00e4ndig aufgel\u00f6st hat und eine sch\u00f6ne Schaumschicht entsteht. 4. Genie\u00dfe deinen perfekt zubereiteten Matcha. Ob du nun einen puren Matcha oder eine Latte mit Milch zubereitest, mit diesem Besen stimmst du dein Getr\u00e4nk ganz auf deinen Geschmack ab. Celebrate Women\u2019s Health. Herbolist.\",\"breadcrumb\":{\"@id\":\"https:\\\/\\\/vitamines.com\\\/de\\\/product\\\/herbolist-matcha-besen\\\/#breadcrumb\"},\"inLanguage\":\"de\",\"potentialAction\":[{\"@type\":\"ReadAction\",\"target\":[\"https:\\\/\\\/vitamines.com\\\/de\\\/product\\\/herbolist-matcha-besen\\\/\"]}]},{\"@type\":\"ImageObject\",\"inLanguage\":\"de\",\"@id\":\"https:\\\/\\\/vitamines.com\\\/de\\\/product\\\/herbolist-matcha-besen\\\/#primaryimage\",\"url\":\"https:\\\/\\\/vitamines.com\\\/wp-content\\\/uploads\\\/2025\\\/08\\\/Vitamines-format-1.png\",\"contentUrl\":\"https:\\\/\\\/vitamines.com\\\/wp-content\\\/uploads\\\/2025\\\/08\\\/Vitamines-format-1.png\",\"width\":1080,\"height\":1080},{\"@type\":\"BreadcrumbList\",\"@id\":\"https:\\\/\\\/vitamines.com\\\/de\\\/product\\\/herbolist-matcha-besen\\\/#breadcrumb\",\"itemListElement\":[{\"@type\":\"ListItem\",\"position\":1,\"name\":\"Home\",\"item\":\"https:\\\/\\\/vitamines.com\\\/de\\\/\"},{\"@type\":\"ListItem\",\"position\":2,\"name\":\"Herbolist Matcha-Besen\"}]},{\"@type\":\"WebSite\",\"@id\":\"https:\\\/\\\/vitamines.com\\\/de\\\/#website\",\"url\":\"https:\\\/\\\/vitamines.com\\\/de\\\/\",\"name\":\"Vitamines\",\"description\":\"Alle kwalitatieve vitamines, mineralen en supplementen bij d\u00e9 vitamine experts van Belgi\u00eb en Nederland.\",\"publisher\":{\"@id\":\"https:\\\/\\\/vitamines.com\\\/de\\\/#organization\"},\"alternateName\":\"Vitamins\",\"potentialAction\":[{\"@type\":\"SearchAction\",\"target\":{\"@type\":\"EntryPoint\",\"urlTemplate\":\"https:\\\/\\\/vitamines.com\\\/de\\\/?s={search_term_string}\"},\"query-input\":{\"@type\":\"PropertyValueSpecification\",\"valueRequired\":true,\"valueName\":\"search_term_string\"}}],\"inLanguage\":\"de\"},{\"@type\":[\"Organization\",\"Place\",\"HealthAndBeautyBusiness\"],\"@id\":\"https:\\\/\\\/vitamines.com\\\/de\\\/#organization\",\"name\":\"Vitamines\",\"alternateName\":\"Vitamins\",\"url\":\"https:\\\/\\\/vitamines.com\\\/de\\\/\",\"logo\":{\"@id\":\"https:\\\/\\\/vitamines.com\\\/de\\\/product\\\/herbolist-matcha-besen\\\/#local-main-organization-logo\"},\"image\":{\"@id\":\"https:\\\/\\\/vitamines.com\\\/de\\\/product\\\/herbolist-matcha-besen\\\/#local-main-organization-logo\"},\"sameAs\":[\"https:\\\/\\\/www.facebook.com\\\/vitaminescom\\\/\",\"https:\\\/\\\/x.com\\\/vitaminescom\",\"https:\\\/\\\/www.instagram.com\\\/vitaminescom\\\/\",\"https:\\\/\\\/www.linkedin.com\\\/company\\\/vitaminescom\\\/\",\"https:\\\/\\\/nl.pinterest.com\\\/vitaminescom\\\/\",\"https:\\\/\\\/www.tiktok.com\\\/@vitamines.com\",\"https:\\\/\\\/www.youtube.com\\\/@vitaminescom\",\"https:\\\/\\\/nl.trustpilot.com\\\/review\\\/vitamines.com\"],\"description\":\"Vitamines koop je natuurlijk op Vitamines.com. Keus uit meer dan 10.000 vitaminen & supplementen, direct uit voorraad leverbaar. Denk hierbij aan vitamine A, vitamine B, vitamine C, vitamine D, calcium, chroom, ijzer, kalium of koper. Maar ook eiwitten (prote\u00efne), magnesium, mangaan, selenium, collageen poeder en multivitaminen zijn populaire voedingssupplementen die je kunt bestellen in de webshop van Vitamines.\",\"legalName\":\"Vitamines.com B.V.\",\"foundingDate\":\"1997-08-15\",\"numberOfEmployees\":{\"@type\":\"QuantitativeValue\",\"minValue\":\"11\",\"maxValue\":\"50\"},\"address\":{\"@id\":\"https:\\\/\\\/vitamines.com\\\/de\\\/product\\\/herbolist-matcha-besen\\\/#local-main-place-address\"},\"telephone\":[\"020 308 6875\"],\"contactPoint\":{\"@type\":\"ContactPoint\",\"email\":\"support@vitamines.com\"},\"openingHoursSpecification\":{\"@type\":\"OpeningHoursSpecification\",\"dayOfWeek\":[\"Monday\",\"Tuesday\",\"Wednesday\",\"Thursday\",\"Friday\",\"Saturday\",\"Sunday\"],\"opens\":\"00:00\",\"closes\":\"23:59\"},\"priceRange\":\"$$\",\"currenciesAccepted\":\"EUR\"},{\"@type\":\"PostalAddress\",\"@id\":\"https:\\\/\\\/vitamines.com\\\/de\\\/product\\\/herbolist-matcha-besen\\\/#local-main-place-address\",\"streetAddress\":\"Professor J.H. Bavincklaan 2\",\"addressLocality\":\"Amstelveen\",\"postalCode\":\"1183 AT\",\"addressRegion\":\"NH\",\"addressCountry\":\"NL\"},{\"@type\":\"ImageObject\",\"inLanguage\":\"de\",\"@id\":\"https:\\\/\\\/vitamines.com\\\/de\\\/product\\\/herbolist-matcha-besen\\\/#local-main-organization-logo\",\"url\":\"https:\\\/\\\/vitamines.com\\\/wp-content\\\/uploads\\\/2024\\\/10\\\/vitamines.svg\",\"contentUrl\":\"https:\\\/\\\/vitamines.com\\\/wp-content\\\/uploads\\\/2024\\\/10\\\/vitamines.svg\",\"width\":132,\"height\":24,\"caption\":\"Vitamines\"}]}<\/script>\n<meta property=\"product:brand\" content=\"Herbolist\" \/>\n<meta property=\"product:price:amount\" content=\"14.95\" \/>\n<meta property=\"product:price:currency\" content=\"EUR\" \/>\n<meta property=\"og:availability\" content=\"instock\" \/>\n<meta property=\"product:availability\" content=\"instock\" \/>\n<meta property=\"product:retailer_item_id\" content=\"Herbolist Matcha Whisk\" \/>\n<meta property=\"product:condition\" content=\"new\" \/>\n<meta name=\"geo.placename\" content=\"Amstelveen\" \/>\n<meta name=\"geo.region\" content=\"Niederlande\" \/>\n<!-- \/ Yoast SEO Premium plugin. -->","yoast_head_json":{"title":"Herbolist Matcha-Besen | Vitamines","description":"Herbolist Matcha-Besen kopen doe je voordelig in de shop van Vitamines. Vandaag besteld, morgen in huis. Ein Chasen (wie ein Matcha-Besen traditionell genannt wird) bringt wahre Magie in dein Matcha-Ritual. Mit seinen feinen Bambush\u00e4rchen schl\u00e4gst du das gr\u00fcne Pulver zu einer cremigen, schaumigen Perfektion auf.  Die Bambuskonstruktion sorgt f\u00fcr einen reinen Geschmack, ohne komische Beigeschm\u00e4cker. Und ehrlich gesagt: Das Ritual des Schlagens hat etwas fast Meditatives. Es verleiht deinem Matcha-Moment das gewisse Extra.  Wie verwendest du den Besen? 1. Gib 1,5 bis 2 Gramm Matcha-Pulver in eine Schale (am besten eine Matcha-Schale). 2. Gie\u00dfe langsam hei\u00dfes (nicht kochendes) Wasser hinzu. 3. Schlage das Pulver mit dem Besen in einer sanften \u201eW\u201c-Form, bis es sich vollst\u00e4ndig aufgel\u00f6st hat und eine sch\u00f6ne Schaumschicht entsteht. 4. Genie\u00dfe deinen perfekt zubereiteten Matcha.  Ob du nun einen puren Matcha oder eine Latte mit Milch zubereitest, mit diesem Besen stimmst du dein Getr\u00e4nk ganz auf deinen Geschmack ab.  Celebrate Women\u2019s Health. Herbolist.","robots":{"index":"index","follow":"follow","max-snippet":"max-snippet:-1","max-image-preview":"max-image-preview:large","max-video-preview":"max-video-preview:-1"},"canonical":"https:\/\/vitamines.com\/de\/product\/herbolist-matcha-besen\/","og_locale":"de_DE","og_type":"article","og_title":"Herbolist Matcha-Besen | Vitamines","og_description":"Ein Chasen (wie ein Matcha-Besen traditionell genannt wird) bringt wahre Magie in dein Matcha-Ritual. Mit seinen feinen Bambush\u00e4rchen schl\u00e4gst du das gr\u00fcne Pulver zu einer cremigen, schaumigen Perfektion auf.  Die Bambuskonstruktion sorgt f\u00fcr einen reinen Geschmack, ohne komische Beigeschm\u00e4cker. Und ehrlich gesagt: Das Ritual des Schlagens hat etwas fast Meditatives. Es verleiht deinem Matcha-Moment das gewisse Extra.  Wie verwendest du den Besen? 1. Gib 1,5 bis 2 Gramm Matcha-Pulver in eine Schale (am besten eine Matcha-Schale). 2. Gie\u00dfe langsam hei\u00dfes (nicht kochendes) Wasser hinzu. 3. Schlage das Pulver mit dem Besen in einer sanften \u201eW\u201c-Form, bis es sich vollst\u00e4ndig aufgel\u00f6st hat und eine sch\u00f6ne Schaumschicht entsteht. 4. Genie\u00dfe deinen perfekt zubereiteten Matcha.  Ob du nun einen puren Matcha oder eine Latte mit Milch zubereitest, mit diesem Besen stimmst du dein Getr\u00e4nk ganz auf deinen Geschmack ab.  Celebrate Women\u2019s Health. Herbolist.","og_url":"https:\/\/vitamines.com\/de\/product\/herbolist-matcha-besen\/","og_site_name":"Vitamines","article_publisher":"https:\/\/www.facebook.com\/vitaminescom\/","article_modified_time":"2026-02-26T10:33:54+00:00","og_image":[{"width":1080,"height":1080,"url":"https:\/\/vitamines.com\/wp-content\/uploads\/2025\/08\/Vitamines-format-1.png","type":"image\/png"}],"twitter_card":"summary_large_image","twitter_site":"@vitaminescom","twitter_misc":{"Preis":"&euro;14.95","Verf\u00fcgbarkeit":"Auf Lager"},"schema":{"@context":"https:\/\/schema.org","@graph":[{"@type":["WebPage","ItemPage"],"@id":"https:\/\/vitamines.com\/de\/product\/herbolist-matcha-besen\/","url":"https:\/\/vitamines.com\/de\/product\/herbolist-matcha-besen\/","name":"Herbolist Matcha-Besen | Vitamines","isPartOf":{"@id":"https:\/\/vitamines.com\/de\/#website"},"primaryImageOfPage":{"@id":"https:\/\/vitamines.com\/de\/product\/herbolist-matcha-besen\/#primaryimage"},"image":{"@id":"https:\/\/vitamines.com\/de\/product\/herbolist-matcha-besen\/#primaryimage"},"thumbnailUrl":"https:\/\/vitamines.com\/wp-content\/uploads\/2025\/08\/Vitamines-format-1.png","datePublished":"2025-08-13T09:16:07+00:00","dateModified":"2026-02-26T10:33:54+00:00","description":"Herbolist Matcha-Besen kopen doe je voordelig in de shop van Vitamines. Vandaag besteld, morgen in huis. Ein Chasen (wie ein Matcha-Besen traditionell genannt wird) bringt wahre Magie in dein Matcha-Ritual. Mit seinen feinen Bambush\u00e4rchen schl\u00e4gst du das gr\u00fcne Pulver zu einer cremigen, schaumigen Perfektion auf. Die Bambuskonstruktion sorgt f\u00fcr einen reinen Geschmack, ohne komische Beigeschm\u00e4cker. Und ehrlich gesagt: Das Ritual des Schlagens hat etwas fast Meditatives. Es verleiht deinem Matcha-Moment das gewisse Extra. Wie verwendest du den Besen? 1. Gib 1,5 bis 2 Gramm Matcha-Pulver in eine Schale (am besten eine Matcha-Schale). 2. Gie\u00dfe langsam hei\u00dfes (nicht kochendes) Wasser hinzu. 3. Schlage das Pulver mit dem Besen in einer sanften \u201eW\u201c-Form, bis es sich vollst\u00e4ndig aufgel\u00f6st hat und eine sch\u00f6ne Schaumschicht entsteht. 4. Genie\u00dfe deinen perfekt zubereiteten Matcha. Ob du nun einen puren Matcha oder eine Latte mit Milch zubereitest, mit diesem Besen stimmst du dein Getr\u00e4nk ganz auf deinen Geschmack ab. Celebrate Women\u2019s Health. Herbolist.","breadcrumb":{"@id":"https:\/\/vitamines.com\/de\/product\/herbolist-matcha-besen\/#breadcrumb"},"inLanguage":"de","potentialAction":[{"@type":"ReadAction","target":["https:\/\/vitamines.com\/de\/product\/herbolist-matcha-besen\/"]}]},{"@type":"ImageObject","inLanguage":"de","@id":"https:\/\/vitamines.com\/de\/product\/herbolist-matcha-besen\/#primaryimage","url":"https:\/\/vitamines.com\/wp-content\/uploads\/2025\/08\/Vitamines-format-1.png","contentUrl":"https:\/\/vitamines.com\/wp-content\/uploads\/2025\/08\/Vitamines-format-1.png","width":1080,"height":1080},{"@type":"BreadcrumbList","@id":"https:\/\/vitamines.com\/de\/product\/herbolist-matcha-besen\/#breadcrumb","itemListElement":[{"@type":"ListItem","position":1,"name":"Home","item":"https:\/\/vitamines.com\/de\/"},{"@type":"ListItem","position":2,"name":"Herbolist Matcha-Besen"}]},{"@type":"WebSite","@id":"https:\/\/vitamines.com\/de\/#website","url":"https:\/\/vitamines.com\/de\/","name":"Vitamines","description":"Alle kwalitatieve vitamines, mineralen en supplementen bij d\u00e9 vitamine experts van Belgi\u00eb en Nederland.","publisher":{"@id":"https:\/\/vitamines.com\/de\/#organization"},"alternateName":"Vitamins","potentialAction":[{"@type":"SearchAction","target":{"@type":"EntryPoint","urlTemplate":"https:\/\/vitamines.com\/de\/?s={search_term_string}"},"query-input":{"@type":"PropertyValueSpecification","valueRequired":true,"valueName":"search_term_string"}}],"inLanguage":"de"},{"@type":["Organization","Place","HealthAndBeautyBusiness"],"@id":"https:\/\/vitamines.com\/de\/#organization","name":"Vitamines","alternateName":"Vitamins","url":"https:\/\/vitamines.com\/de\/","logo":{"@id":"https:\/\/vitamines.com\/de\/product\/herbolist-matcha-besen\/#local-main-organization-logo"},"image":{"@id":"https:\/\/vitamines.com\/de\/product\/herbolist-matcha-besen\/#local-main-organization-logo"},"sameAs":["https:\/\/www.facebook.com\/vitaminescom\/","https:\/\/x.com\/vitaminescom","https:\/\/www.instagram.com\/vitaminescom\/","https:\/\/www.linkedin.com\/company\/vitaminescom\/","https:\/\/nl.pinterest.com\/vitaminescom\/","https:\/\/www.tiktok.com\/@vitamines.com","https:\/\/www.youtube.com\/@vitaminescom","https:\/\/nl.trustpilot.com\/review\/vitamines.com"],"description":"Vitamines koop je natuurlijk op Vitamines.com. Keus uit meer dan 10.000 vitaminen & supplementen, direct uit voorraad leverbaar. Denk hierbij aan vitamine A, vitamine B, vitamine C, vitamine D, calcium, chroom, ijzer, kalium of koper. Maar ook eiwitten (prote\u00efne), magnesium, mangaan, selenium, collageen poeder en multivitaminen zijn populaire voedingssupplementen die je kunt bestellen in de webshop van Vitamines.","legalName":"Vitamines.com B.V.","foundingDate":"1997-08-15","numberOfEmployees":{"@type":"QuantitativeValue","minValue":"11","maxValue":"50"},"address":{"@id":"https:\/\/vitamines.com\/de\/product\/herbolist-matcha-besen\/#local-main-place-address"},"telephone":["020 308 6875"],"contactPoint":{"@type":"ContactPoint","email":"support@vitamines.com"},"openingHoursSpecification":{"@type":"OpeningHoursSpecification","dayOfWeek":["Monday","Tuesday","Wednesday","Thursday","Friday","Saturday","Sunday"],"opens":"00:00","closes":"23:59"},"priceRange":"$$","currenciesAccepted":"EUR"},{"@type":"PostalAddress","@id":"https:\/\/vitamines.com\/de\/product\/herbolist-matcha-besen\/#local-main-place-address","streetAddress":"Professor J.H. Bavincklaan 2","addressLocality":"Amstelveen","postalCode":"1183 AT","addressRegion":"NH","addressCountry":"NL"},{"@type":"ImageObject","inLanguage":"de","@id":"https:\/\/vitamines.com\/de\/product\/herbolist-matcha-besen\/#local-main-organization-logo","url":"https:\/\/vitamines.com\/wp-content\/uploads\/2024\/10\/vitamines.svg","contentUrl":"https:\/\/vitamines.com\/wp-content\/uploads\/2024\/10\/vitamines.svg","width":132,"height":24,"caption":"Vitamines"}]},"product_brand":"Herbolist","product_price_amount":"14.95","product_price_currency":"EUR","og_availability":"instock","product_availability":"instock","product_retailer_item_id":"Herbolist Matcha Whisk","product_condition":"new","geo.placename":"Amstelveen","geo.region":"Niederlande"},"_links":{"self":[{"href":"https:\/\/vitamines.com\/de\/wp-json\/wp\/v2\/product\/1552841","targetHints":{"allow":["GET"]}}],"collection":[{"href":"https:\/\/vitamines.com\/de\/wp-json\/wp\/v2\/product"}],"about":[{"href":"https:\/\/vitamines.com\/de\/wp-json\/wp\/v2\/types\/product"}],"replies":[{"embeddable":true,"href":"https:\/\/vitamines.com\/de\/wp-json\/wp\/v2\/comments?post=1552841"}],"wp:featuredmedia":[{"embeddable":true,"href":"https:\/\/vitamines.com\/de\/wp-json\/wp\/v2\/media\/1552743"}],"wp:attachment":[{"href":"https:\/\/vitamines.com\/de\/wp-json\/wp\/v2\/media?parent=1552841"}],"wp:term":[{"taxonomy":"product_brand","embeddable":true,"href":"https:\/\/vitamines.com\/de\/wp-json\/wp\/v2\/product_brand?post=1552841"},{"taxonomy":"product_cat","embeddable":true,"href":"https:\/\/vitamines.com\/de\/wp-json\/wp\/v2\/product_cat?post=1552841"},{"taxonomy":"product_tag","embeddable":true,"href":"https:\/\/vitamines.com\/de\/wp-json\/wp\/v2\/product_tag?post=1552841"},{"taxonomy":"merken","embeddable":true,"href":"https:\/\/vitamines.com\/de\/wp-json\/wp\/v2\/merken?post=1552841"},{"taxonomy":"producttype","embeddable":true,"href":"https:\/\/vitamines.com\/de\/wp-json\/wp\/v2\/producttype?post=1552841"},{"taxonomy":"aanbieding","embeddable":true,"href":"https:\/\/vitamines.com\/de\/wp-json\/wp\/v2\/aanbieding?post=1552841"}],"curies":[{"name":"wp","href":"https:\/\/api.w.org\/{rel}","templated":true}]}}