{"id":1552974,"date":"2025-10-15T13:47:07","date_gmt":"2025-10-15T11:47:07","guid":{"rendered":"https:\/\/vitamines.com\/product\/herbolist-whey-protein-schokolade\/"},"modified":"2026-02-26T11:29:09","modified_gmt":"2026-02-26T10:29:09","slug":"herbolist-whey-protein-schokolade","status":"publish","type":"product","link":"https:\/\/vitamines.com\/de\/product\/herbolist-whey-protein-schokolade\/","title":{"rendered":"Herbolist Whey Protein Schokolade"},"content":{"rendered":"","protected":false},"excerpt":{"rendered":"<p data-start=\"89\" data-end=\"374\">Nach deinem Training willst du nur eins: etwas, das deinen K\u00f6rper schnell n\u00e4hrt und sich gut anf\u00fchlt. <strong data-start=\"172\" data-end=\"209\">Herbolist Whey Protein Schokolade<\/strong> ist genau das. Ein cremiger Shake mit dem reichhaltigen Geschmack von Zartbitterschokolade \u2013 als ob du dir ein Dessert g\u00f6nnst, aber eines, das deinen Muskeln hilft, sich zu erholen.<\/p>\n<p data-start=\"376\" data-end=\"739\">Was diese Mischung einzigartig macht, ist die Kombination aus <strong data-start=\"425\" data-end=\"433\">Whey<\/strong> und <strong data-start=\"437\" data-end=\"451\">Fava-Protein<\/strong>. Whey ist bekannt f\u00fcr seine schnelle Aufnahme, w\u00e4hrend Fava von Natur aus reich an Vitaminen, Mineralien und einem vollst\u00e4ndigen Proteinprofil ist und deine D\u00e4rme weniger belastet. Zusammen bilden sie eine Mischung, die sich leicht anf\u00fchlt, aber dennoch kr\u00e4ftig n\u00e4hrt \u2013 ideal nach einem Workout oder als kr\u00e4ftiger Snack.<\/p>\n<p data-start=\"741\" data-end=\"905\">Und nat\u00fcrlich, wie du es von Herbolist gewohnt bist: <strong data-start=\"792\" data-end=\"867\">Hergestellt in den Niederlanden, streng getestet und ohne k\u00fcnstliche Zus\u00e4tze.<\/strong> Einfach pur, lecker und funktionell.<\/p>\n<p data-start=\"907\" data-end=\"1002\"><strong data-start=\"907\" data-end=\"1000\">Herbolist Whey Protein Schokolade \u2013 dein t\u00e4glicher Shake f\u00fcr Kraft, Erholung und Balance.<\/strong><\/p>\n","protected":false},"featured_media":1556951,"comment_status":"open","ping_status":"closed","template":"","meta":{"_acf_changed":false,"inline_featured_image":false},"product_brand":[],"product_cat":[2248,2303],"product_tag":[],"merken":[349],"producttype":[344],"aanbieding":[],"class_list":{"0":"post-1552974","1":"product","2":"type-product","3":"status-publish","4":"has-post-thumbnail","6":"product_cat-angebote","7":"product_cat-molkenprotein","8":"merken-herbolist","9":"producttype-poeder","11":"first","12":"instock","13":"sale","14":"taxable","15":"shipping-taxable","16":"purchasable","17":"product-type-simple"},"bundled_by":[],"bundle_stock_status":"instock","bundle_stock_quantity":null,"bundle_virtual":false,"bundle_layout":"","bundle_add_to_cart_form_location":"","bundle_editable_in_cart":false,"bundle_sold_individually_context":"","bundle_item_grouping":"","bundle_min_size":"","bundle_max_size":"","bundle_price":[],"bundled_items":[],"bundle_sell_ids":[],"group_of_quantity":0,"min_quantity":0,"max_quantity":"","exclude_order_quantity_value_rules":"no","exclude_category_quantity_rules":"no","combine_variations":"no","acf":[],"yoast_head":"<!-- This site is optimized with the Yoast SEO Premium plugin v27.3 (Yoast SEO v27.3) - https:\/\/yoast.com\/product\/yoast-seo-premium-wordpress\/ -->\n<title>Herbolist Whey Protein Schokolade | Vitamines<\/title>\n<meta name=\"description\" content=\"Herbolist Whey Protein Schokolade kopen doe je voordelig in de shop van Vitamines. Vandaag besteld, morgen in huis. Nach deinem Training willst du nur eins: etwas, das deinen K\u00f6rper schnell n\u00e4hrt und sich gut anf\u00fchlt. Herbolist Whey Protein Schokolade ist genau das. Ein cremiger Shake mit dem reichhaltigen Geschmack von Zartbitterschokolade \u2013 als ob du dir ein Dessert g\u00f6nnst, aber eines, das deinen Muskeln hilft, sich zu erholen. Was diese Mischung einzigartig macht, ist die Kombination aus Whey und Fava-Protein. Whey ist bekannt f\u00fcr seine schnelle Aufnahme, w\u00e4hrend Fava von Natur aus reich an Vitaminen, Mineralien und einem vollst\u00e4ndigen Proteinprofil ist und deine D\u00e4rme weniger belastet. Zusammen bilden sie eine Mischung, die sich leicht anf\u00fchlt, aber dennoch kr\u00e4ftig n\u00e4hrt \u2013 ideal nach einem Workout oder als kr\u00e4ftiger Snack. Und nat\u00fcrlich, wie du es von Herbolist gewohnt bist: Hergestellt in den Niederlanden, streng getestet und ohne k\u00fcnstliche Zus\u00e4tze. Einfach pur, lecker und funktionell. Herbolist Whey Protein Schokolade \u2013 dein t\u00e4glicher Shake f\u00fcr Kraft, Erholung und Balance.\" \/>\n<meta name=\"robots\" content=\"index, follow, max-snippet:-1, max-image-preview:large, max-video-preview:-1\" \/>\n<link rel=\"canonical\" href=\"https:\/\/vitamines.com\/de\/product\/herbolist-whey-protein-schokolade\/\" \/>\n<meta property=\"og:locale\" content=\"de_DE\" \/>\n<meta property=\"og:type\" content=\"article\" \/>\n<meta property=\"og:title\" content=\"Herbolist Whey Protein Schokolade | Vitamines\" \/>\n<meta property=\"og:description\" content=\"Nach deinem Training willst du nur eins: etwas, das deinen K\u00f6rper schnell n\u00e4hrt und sich gut anf\u00fchlt. Herbolist Whey Protein Schokolade ist genau das. Ein cremiger Shake mit dem reichhaltigen Geschmack von Zartbitterschokolade \u2013 als ob du dir ein Dessert g\u00f6nnst, aber eines, das deinen Muskeln hilft, sich zu erholen. Was diese Mischung einzigartig macht, ist die Kombination aus Whey und Fava-Protein. Whey ist bekannt f\u00fcr seine schnelle Aufnahme, w\u00e4hrend Fava von Natur aus reich an Vitaminen, Mineralien und einem vollst\u00e4ndigen Proteinprofil ist und deine D\u00e4rme weniger belastet. Zusammen bilden sie eine Mischung, die sich leicht anf\u00fchlt, aber dennoch kr\u00e4ftig n\u00e4hrt \u2013 ideal nach einem Workout oder als kr\u00e4ftiger Snack. Und nat\u00fcrlich, wie du es von Herbolist gewohnt bist: Hergestellt in den Niederlanden, streng getestet und ohne k\u00fcnstliche Zus\u00e4tze. Einfach pur, lecker und funktionell. Herbolist Whey Protein Schokolade \u2013 dein t\u00e4glicher Shake f\u00fcr Kraft, Erholung und Balance.\" \/>\n<meta property=\"og:url\" content=\"https:\/\/vitamines.com\/de\/product\/herbolist-whey-protein-schokolade\/\" \/>\n<meta property=\"og:site_name\" content=\"Vitamines\" \/>\n<meta property=\"article:publisher\" content=\"https:\/\/www.facebook.com\/vitaminescom\/\" \/>\n<meta property=\"article:modified_time\" content=\"2026-02-26T10:29:09+00:00\" \/>\n<meta property=\"og:image\" content=\"https:\/\/vitamines.com\/wp-content\/uploads\/2025\/10\/Herbolist-Proteine-Chocolade-11.png\" \/>\n\t<meta property=\"og:image:width\" content=\"1080\" \/>\n\t<meta property=\"og:image:height\" content=\"1080\" \/>\n\t<meta property=\"og:image:type\" content=\"image\/png\" \/>\n<meta name=\"twitter:card\" content=\"summary_large_image\" \/>\n<meta name=\"twitter:site\" content=\"@vitaminescom\" \/>\n<meta name=\"twitter:label1\" content=\"Preis\" \/>\n\t<meta name=\"twitter:data1\" content=\"&euro;24.95\" \/>\n\t<meta name=\"twitter:label2\" content=\"Verf\u00fcgbarkeit\" \/>\n\t<meta name=\"twitter:data2\" content=\"Auf Lager\" \/>\n<script type=\"application\/ld+json\" class=\"yoast-schema-graph\">{\"@context\":\"https:\\\/\\\/schema.org\",\"@graph\":[{\"@type\":[\"WebPage\",\"ItemPage\"],\"@id\":\"https:\\\/\\\/vitamines.com\\\/de\\\/product\\\/herbolist-whey-protein-schokolade\\\/\",\"url\":\"https:\\\/\\\/vitamines.com\\\/de\\\/product\\\/herbolist-whey-protein-schokolade\\\/\",\"name\":\"Herbolist Whey Protein Schokolade | Vitamines\",\"isPartOf\":{\"@id\":\"https:\\\/\\\/vitamines.com\\\/de\\\/#website\"},\"primaryImageOfPage\":{\"@id\":\"https:\\\/\\\/vitamines.com\\\/de\\\/product\\\/herbolist-whey-protein-schokolade\\\/#primaryimage\"},\"image\":{\"@id\":\"https:\\\/\\\/vitamines.com\\\/de\\\/product\\\/herbolist-whey-protein-schokolade\\\/#primaryimage\"},\"thumbnailUrl\":\"https:\\\/\\\/vitamines.com\\\/wp-content\\\/uploads\\\/2025\\\/10\\\/Herbolist-Proteine-Chocolade-111.png\",\"datePublished\":\"2025-10-15T11:47:07+00:00\",\"dateModified\":\"2026-02-26T10:29:09+00:00\",\"description\":\"Herbolist Whey Protein Schokolade kopen doe je voordelig in de shop van Vitamines. Vandaag besteld, morgen in huis. Nach deinem Training willst du nur eins: etwas, das deinen K\u00f6rper schnell n\u00e4hrt und sich gut anf\u00fchlt. Herbolist Whey Protein Schokolade ist genau das. Ein cremiger Shake mit dem reichhaltigen Geschmack von Zartbitterschokolade \u2013 als ob du dir ein Dessert g\u00f6nnst, aber eines, das deinen Muskeln hilft, sich zu erholen. Was diese Mischung einzigartig macht, ist die Kombination aus Whey und Fava-Protein. Whey ist bekannt f\u00fcr seine schnelle Aufnahme, w\u00e4hrend Fava von Natur aus reich an Vitaminen, Mineralien und einem vollst\u00e4ndigen Proteinprofil ist und deine D\u00e4rme weniger belastet. Zusammen bilden sie eine Mischung, die sich leicht anf\u00fchlt, aber dennoch kr\u00e4ftig n\u00e4hrt \u2013 ideal nach einem Workout oder als kr\u00e4ftiger Snack. Und nat\u00fcrlich, wie du es von Herbolist gewohnt bist: Hergestellt in den Niederlanden, streng getestet und ohne k\u00fcnstliche Zus\u00e4tze. Einfach pur, lecker und funktionell. Herbolist Whey Protein Schokolade \u2013 dein t\u00e4glicher Shake f\u00fcr Kraft, Erholung und Balance.\",\"breadcrumb\":{\"@id\":\"https:\\\/\\\/vitamines.com\\\/de\\\/product\\\/herbolist-whey-protein-schokolade\\\/#breadcrumb\"},\"inLanguage\":\"de\",\"potentialAction\":[{\"@type\":\"ReadAction\",\"target\":[\"https:\\\/\\\/vitamines.com\\\/de\\\/product\\\/herbolist-whey-protein-schokolade\\\/\"]}]},{\"@type\":\"ImageObject\",\"inLanguage\":\"de\",\"@id\":\"https:\\\/\\\/vitamines.com\\\/de\\\/product\\\/herbolist-whey-protein-schokolade\\\/#primaryimage\",\"url\":\"https:\\\/\\\/vitamines.com\\\/wp-content\\\/uploads\\\/2025\\\/10\\\/Herbolist-Proteine-Chocolade-111.png\",\"contentUrl\":\"https:\\\/\\\/vitamines.com\\\/wp-content\\\/uploads\\\/2025\\\/10\\\/Herbolist-Proteine-Chocolade-111.png\",\"width\":1080,\"height\":1080},{\"@type\":\"BreadcrumbList\",\"@id\":\"https:\\\/\\\/vitamines.com\\\/de\\\/product\\\/herbolist-whey-protein-schokolade\\\/#breadcrumb\",\"itemListElement\":[{\"@type\":\"ListItem\",\"position\":1,\"name\":\"Home\",\"item\":\"https:\\\/\\\/vitamines.com\\\/de\\\/\"},{\"@type\":\"ListItem\",\"position\":2,\"name\":\"Herbolist Whey Protein Schokolade\"}]},{\"@type\":\"WebSite\",\"@id\":\"https:\\\/\\\/vitamines.com\\\/de\\\/#website\",\"url\":\"https:\\\/\\\/vitamines.com\\\/de\\\/\",\"name\":\"Vitamines\",\"description\":\"Alle kwalitatieve vitamines, mineralen en supplementen bij d\u00e9 vitamine experts van Belgi\u00eb en Nederland.\",\"publisher\":{\"@id\":\"https:\\\/\\\/vitamines.com\\\/de\\\/#organization\"},\"alternateName\":\"Vitamins\",\"potentialAction\":[{\"@type\":\"SearchAction\",\"target\":{\"@type\":\"EntryPoint\",\"urlTemplate\":\"https:\\\/\\\/vitamines.com\\\/de\\\/?s={search_term_string}\"},\"query-input\":{\"@type\":\"PropertyValueSpecification\",\"valueRequired\":true,\"valueName\":\"search_term_string\"}}],\"inLanguage\":\"de\"},{\"@type\":[\"Organization\",\"Place\",\"HealthAndBeautyBusiness\"],\"@id\":\"https:\\\/\\\/vitamines.com\\\/de\\\/#organization\",\"name\":\"Vitamines\",\"alternateName\":\"Vitamins\",\"url\":\"https:\\\/\\\/vitamines.com\\\/de\\\/\",\"logo\":{\"@id\":\"https:\\\/\\\/vitamines.com\\\/de\\\/product\\\/herbolist-whey-protein-schokolade\\\/#local-main-organization-logo\"},\"image\":{\"@id\":\"https:\\\/\\\/vitamines.com\\\/de\\\/product\\\/herbolist-whey-protein-schokolade\\\/#local-main-organization-logo\"},\"sameAs\":[\"https:\\\/\\\/www.facebook.com\\\/vitaminescom\\\/\",\"https:\\\/\\\/x.com\\\/vitaminescom\",\"https:\\\/\\\/www.instagram.com\\\/vitaminescom\\\/\",\"https:\\\/\\\/www.linkedin.com\\\/company\\\/vitaminescom\\\/\",\"https:\\\/\\\/nl.pinterest.com\\\/vitaminescom\\\/\",\"https:\\\/\\\/www.tiktok.com\\\/@vitamines.com\",\"https:\\\/\\\/www.youtube.com\\\/@vitaminescom\",\"https:\\\/\\\/nl.trustpilot.com\\\/review\\\/vitamines.com\"],\"description\":\"Vitamines koop je natuurlijk op Vitamines.com. Keus uit meer dan 10.000 vitaminen & supplementen, direct uit voorraad leverbaar. Denk hierbij aan vitamine A, vitamine B, vitamine C, vitamine D, calcium, chroom, ijzer, kalium of koper. Maar ook eiwitten (prote\u00efne), magnesium, mangaan, selenium, collageen poeder en multivitaminen zijn populaire voedingssupplementen die je kunt bestellen in de webshop van Vitamines.\",\"legalName\":\"Vitamines.com B.V.\",\"foundingDate\":\"1997-08-15\",\"numberOfEmployees\":{\"@type\":\"QuantitativeValue\",\"minValue\":\"11\",\"maxValue\":\"50\"},\"address\":{\"@id\":\"https:\\\/\\\/vitamines.com\\\/de\\\/product\\\/herbolist-whey-protein-schokolade\\\/#local-main-place-address\"},\"telephone\":[\"020 308 6875\"],\"contactPoint\":{\"@type\":\"ContactPoint\",\"email\":\"support@vitamines.com\"},\"openingHoursSpecification\":{\"@type\":\"OpeningHoursSpecification\",\"dayOfWeek\":[\"Monday\",\"Tuesday\",\"Wednesday\",\"Thursday\",\"Friday\",\"Saturday\",\"Sunday\"],\"opens\":\"00:00\",\"closes\":\"23:59\"},\"priceRange\":\"$$\",\"currenciesAccepted\":\"EUR\"},{\"@type\":\"PostalAddress\",\"@id\":\"https:\\\/\\\/vitamines.com\\\/de\\\/product\\\/herbolist-whey-protein-schokolade\\\/#local-main-place-address\",\"streetAddress\":\"Professor J.H. Bavincklaan 2\",\"addressLocality\":\"Amstelveen\",\"postalCode\":\"1183 AT\",\"addressRegion\":\"NH\",\"addressCountry\":\"NL\"},{\"@type\":\"ImageObject\",\"inLanguage\":\"de\",\"@id\":\"https:\\\/\\\/vitamines.com\\\/de\\\/product\\\/herbolist-whey-protein-schokolade\\\/#local-main-organization-logo\",\"url\":\"https:\\\/\\\/vitamines.com\\\/wp-content\\\/uploads\\\/2024\\\/10\\\/vitamines.svg\",\"contentUrl\":\"https:\\\/\\\/vitamines.com\\\/wp-content\\\/uploads\\\/2024\\\/10\\\/vitamines.svg\",\"width\":132,\"height\":24,\"caption\":\"Vitamines\"}]}<\/script>\n<meta property=\"product:brand\" content=\"Herbolist\" \/>\n<meta property=\"product:price:amount\" content=\"24.95\" \/>\n<meta property=\"product:price:currency\" content=\"EUR\" \/>\n<meta property=\"og:availability\" content=\"instock\" \/>\n<meta property=\"product:availability\" content=\"instock\" \/>\n<meta property=\"product:retailer_item_id\" content=\"HER-WHEFA-chocolade\" \/>\n<meta property=\"product:condition\" content=\"new\" \/>\n<meta name=\"geo.placename\" content=\"Amstelveen\" \/>\n<meta name=\"geo.region\" content=\"Niederlande\" \/>\n<!-- \/ Yoast SEO Premium plugin. -->","yoast_head_json":{"title":"Herbolist Whey Protein Schokolade | Vitamines","description":"Herbolist Whey Protein Schokolade kopen doe je voordelig in de shop van Vitamines. Vandaag besteld, morgen in huis. Nach deinem Training willst du nur eins: etwas, das deinen K\u00f6rper schnell n\u00e4hrt und sich gut anf\u00fchlt. Herbolist Whey Protein Schokolade ist genau das. Ein cremiger Shake mit dem reichhaltigen Geschmack von Zartbitterschokolade \u2013 als ob du dir ein Dessert g\u00f6nnst, aber eines, das deinen Muskeln hilft, sich zu erholen. Was diese Mischung einzigartig macht, ist die Kombination aus Whey und Fava-Protein. Whey ist bekannt f\u00fcr seine schnelle Aufnahme, w\u00e4hrend Fava von Natur aus reich an Vitaminen, Mineralien und einem vollst\u00e4ndigen Proteinprofil ist und deine D\u00e4rme weniger belastet. Zusammen bilden sie eine Mischung, die sich leicht anf\u00fchlt, aber dennoch kr\u00e4ftig n\u00e4hrt \u2013 ideal nach einem Workout oder als kr\u00e4ftiger Snack. Und nat\u00fcrlich, wie du es von Herbolist gewohnt bist: Hergestellt in den Niederlanden, streng getestet und ohne k\u00fcnstliche Zus\u00e4tze. Einfach pur, lecker und funktionell. Herbolist Whey Protein Schokolade \u2013 dein t\u00e4glicher Shake f\u00fcr Kraft, Erholung und Balance.","robots":{"index":"index","follow":"follow","max-snippet":"max-snippet:-1","max-image-preview":"max-image-preview:large","max-video-preview":"max-video-preview:-1"},"canonical":"https:\/\/vitamines.com\/de\/product\/herbolist-whey-protein-schokolade\/","og_locale":"de_DE","og_type":"article","og_title":"Herbolist Whey Protein Schokolade | Vitamines","og_description":"Nach deinem Training willst du nur eins: etwas, das deinen K\u00f6rper schnell n\u00e4hrt und sich gut anf\u00fchlt. Herbolist Whey Protein Schokolade ist genau das. Ein cremiger Shake mit dem reichhaltigen Geschmack von Zartbitterschokolade \u2013 als ob du dir ein Dessert g\u00f6nnst, aber eines, das deinen Muskeln hilft, sich zu erholen. Was diese Mischung einzigartig macht, ist die Kombination aus Whey und Fava-Protein. Whey ist bekannt f\u00fcr seine schnelle Aufnahme, w\u00e4hrend Fava von Natur aus reich an Vitaminen, Mineralien und einem vollst\u00e4ndigen Proteinprofil ist und deine D\u00e4rme weniger belastet. Zusammen bilden sie eine Mischung, die sich leicht anf\u00fchlt, aber dennoch kr\u00e4ftig n\u00e4hrt \u2013 ideal nach einem Workout oder als kr\u00e4ftiger Snack. Und nat\u00fcrlich, wie du es von Herbolist gewohnt bist: Hergestellt in den Niederlanden, streng getestet und ohne k\u00fcnstliche Zus\u00e4tze. Einfach pur, lecker und funktionell. Herbolist Whey Protein Schokolade \u2013 dein t\u00e4glicher Shake f\u00fcr Kraft, Erholung und Balance.","og_url":"https:\/\/vitamines.com\/de\/product\/herbolist-whey-protein-schokolade\/","og_site_name":"Vitamines","article_publisher":"https:\/\/www.facebook.com\/vitaminescom\/","article_modified_time":"2026-02-26T10:29:09+00:00","og_image":[{"width":1080,"height":1080,"url":"https:\/\/vitamines.com\/wp-content\/uploads\/2025\/10\/Herbolist-Proteine-Chocolade-11.png","type":"image\/png"}],"twitter_card":"summary_large_image","twitter_site":"@vitaminescom","twitter_misc":{"Preis":"&euro;24.95","Verf\u00fcgbarkeit":"Auf Lager"},"schema":{"@context":"https:\/\/schema.org","@graph":[{"@type":["WebPage","ItemPage"],"@id":"https:\/\/vitamines.com\/de\/product\/herbolist-whey-protein-schokolade\/","url":"https:\/\/vitamines.com\/de\/product\/herbolist-whey-protein-schokolade\/","name":"Herbolist Whey Protein Schokolade | Vitamines","isPartOf":{"@id":"https:\/\/vitamines.com\/de\/#website"},"primaryImageOfPage":{"@id":"https:\/\/vitamines.com\/de\/product\/herbolist-whey-protein-schokolade\/#primaryimage"},"image":{"@id":"https:\/\/vitamines.com\/de\/product\/herbolist-whey-protein-schokolade\/#primaryimage"},"thumbnailUrl":"https:\/\/vitamines.com\/wp-content\/uploads\/2025\/10\/Herbolist-Proteine-Chocolade-111.png","datePublished":"2025-10-15T11:47:07+00:00","dateModified":"2026-02-26T10:29:09+00:00","description":"Herbolist Whey Protein Schokolade kopen doe je voordelig in de shop van Vitamines. Vandaag besteld, morgen in huis. Nach deinem Training willst du nur eins: etwas, das deinen K\u00f6rper schnell n\u00e4hrt und sich gut anf\u00fchlt. Herbolist Whey Protein Schokolade ist genau das. Ein cremiger Shake mit dem reichhaltigen Geschmack von Zartbitterschokolade \u2013 als ob du dir ein Dessert g\u00f6nnst, aber eines, das deinen Muskeln hilft, sich zu erholen. Was diese Mischung einzigartig macht, ist die Kombination aus Whey und Fava-Protein. Whey ist bekannt f\u00fcr seine schnelle Aufnahme, w\u00e4hrend Fava von Natur aus reich an Vitaminen, Mineralien und einem vollst\u00e4ndigen Proteinprofil ist und deine D\u00e4rme weniger belastet. Zusammen bilden sie eine Mischung, die sich leicht anf\u00fchlt, aber dennoch kr\u00e4ftig n\u00e4hrt \u2013 ideal nach einem Workout oder als kr\u00e4ftiger Snack. Und nat\u00fcrlich, wie du es von Herbolist gewohnt bist: Hergestellt in den Niederlanden, streng getestet und ohne k\u00fcnstliche Zus\u00e4tze. Einfach pur, lecker und funktionell. Herbolist Whey Protein Schokolade \u2013 dein t\u00e4glicher Shake f\u00fcr Kraft, Erholung und Balance.","breadcrumb":{"@id":"https:\/\/vitamines.com\/de\/product\/herbolist-whey-protein-schokolade\/#breadcrumb"},"inLanguage":"de","potentialAction":[{"@type":"ReadAction","target":["https:\/\/vitamines.com\/de\/product\/herbolist-whey-protein-schokolade\/"]}]},{"@type":"ImageObject","inLanguage":"de","@id":"https:\/\/vitamines.com\/de\/product\/herbolist-whey-protein-schokolade\/#primaryimage","url":"https:\/\/vitamines.com\/wp-content\/uploads\/2025\/10\/Herbolist-Proteine-Chocolade-111.png","contentUrl":"https:\/\/vitamines.com\/wp-content\/uploads\/2025\/10\/Herbolist-Proteine-Chocolade-111.png","width":1080,"height":1080},{"@type":"BreadcrumbList","@id":"https:\/\/vitamines.com\/de\/product\/herbolist-whey-protein-schokolade\/#breadcrumb","itemListElement":[{"@type":"ListItem","position":1,"name":"Home","item":"https:\/\/vitamines.com\/de\/"},{"@type":"ListItem","position":2,"name":"Herbolist Whey Protein Schokolade"}]},{"@type":"WebSite","@id":"https:\/\/vitamines.com\/de\/#website","url":"https:\/\/vitamines.com\/de\/","name":"Vitamines","description":"Alle kwalitatieve vitamines, mineralen en supplementen bij d\u00e9 vitamine experts van Belgi\u00eb en Nederland.","publisher":{"@id":"https:\/\/vitamines.com\/de\/#organization"},"alternateName":"Vitamins","potentialAction":[{"@type":"SearchAction","target":{"@type":"EntryPoint","urlTemplate":"https:\/\/vitamines.com\/de\/?s={search_term_string}"},"query-input":{"@type":"PropertyValueSpecification","valueRequired":true,"valueName":"search_term_string"}}],"inLanguage":"de"},{"@type":["Organization","Place","HealthAndBeautyBusiness"],"@id":"https:\/\/vitamines.com\/de\/#organization","name":"Vitamines","alternateName":"Vitamins","url":"https:\/\/vitamines.com\/de\/","logo":{"@id":"https:\/\/vitamines.com\/de\/product\/herbolist-whey-protein-schokolade\/#local-main-organization-logo"},"image":{"@id":"https:\/\/vitamines.com\/de\/product\/herbolist-whey-protein-schokolade\/#local-main-organization-logo"},"sameAs":["https:\/\/www.facebook.com\/vitaminescom\/","https:\/\/x.com\/vitaminescom","https:\/\/www.instagram.com\/vitaminescom\/","https:\/\/www.linkedin.com\/company\/vitaminescom\/","https:\/\/nl.pinterest.com\/vitaminescom\/","https:\/\/www.tiktok.com\/@vitamines.com","https:\/\/www.youtube.com\/@vitaminescom","https:\/\/nl.trustpilot.com\/review\/vitamines.com"],"description":"Vitamines koop je natuurlijk op Vitamines.com. Keus uit meer dan 10.000 vitaminen & supplementen, direct uit voorraad leverbaar. Denk hierbij aan vitamine A, vitamine B, vitamine C, vitamine D, calcium, chroom, ijzer, kalium of koper. Maar ook eiwitten (prote\u00efne), magnesium, mangaan, selenium, collageen poeder en multivitaminen zijn populaire voedingssupplementen die je kunt bestellen in de webshop van Vitamines.","legalName":"Vitamines.com B.V.","foundingDate":"1997-08-15","numberOfEmployees":{"@type":"QuantitativeValue","minValue":"11","maxValue":"50"},"address":{"@id":"https:\/\/vitamines.com\/de\/product\/herbolist-whey-protein-schokolade\/#local-main-place-address"},"telephone":["020 308 6875"],"contactPoint":{"@type":"ContactPoint","email":"support@vitamines.com"},"openingHoursSpecification":{"@type":"OpeningHoursSpecification","dayOfWeek":["Monday","Tuesday","Wednesday","Thursday","Friday","Saturday","Sunday"],"opens":"00:00","closes":"23:59"},"priceRange":"$$","currenciesAccepted":"EUR"},{"@type":"PostalAddress","@id":"https:\/\/vitamines.com\/de\/product\/herbolist-whey-protein-schokolade\/#local-main-place-address","streetAddress":"Professor J.H. Bavincklaan 2","addressLocality":"Amstelveen","postalCode":"1183 AT","addressRegion":"NH","addressCountry":"NL"},{"@type":"ImageObject","inLanguage":"de","@id":"https:\/\/vitamines.com\/de\/product\/herbolist-whey-protein-schokolade\/#local-main-organization-logo","url":"https:\/\/vitamines.com\/wp-content\/uploads\/2024\/10\/vitamines.svg","contentUrl":"https:\/\/vitamines.com\/wp-content\/uploads\/2024\/10\/vitamines.svg","width":132,"height":24,"caption":"Vitamines"}]},"product_brand":"Herbolist","product_price_amount":"24.95","product_price_currency":"EUR","og_availability":"instock","product_availability":"instock","product_retailer_item_id":"HER-WHEFA-chocolade","product_condition":"new","geo.placename":"Amstelveen","geo.region":"Niederlande"},"_links":{"self":[{"href":"https:\/\/vitamines.com\/de\/wp-json\/wp\/v2\/product\/1552974","targetHints":{"allow":["GET"]}}],"collection":[{"href":"https:\/\/vitamines.com\/de\/wp-json\/wp\/v2\/product"}],"about":[{"href":"https:\/\/vitamines.com\/de\/wp-json\/wp\/v2\/types\/product"}],"replies":[{"embeddable":true,"href":"https:\/\/vitamines.com\/de\/wp-json\/wp\/v2\/comments?post=1552974"}],"wp:featuredmedia":[{"embeddable":true,"href":"https:\/\/vitamines.com\/de\/wp-json\/wp\/v2\/media\/1556951"}],"wp:attachment":[{"href":"https:\/\/vitamines.com\/de\/wp-json\/wp\/v2\/media?parent=1552974"}],"wp:term":[{"taxonomy":"product_brand","embeddable":true,"href":"https:\/\/vitamines.com\/de\/wp-json\/wp\/v2\/product_brand?post=1552974"},{"taxonomy":"product_cat","embeddable":true,"href":"https:\/\/vitamines.com\/de\/wp-json\/wp\/v2\/product_cat?post=1552974"},{"taxonomy":"product_tag","embeddable":true,"href":"https:\/\/vitamines.com\/de\/wp-json\/wp\/v2\/product_tag?post=1552974"},{"taxonomy":"merken","embeddable":true,"href":"https:\/\/vitamines.com\/de\/wp-json\/wp\/v2\/merken?post=1552974"},{"taxonomy":"producttype","embeddable":true,"href":"https:\/\/vitamines.com\/de\/wp-json\/wp\/v2\/producttype?post=1552974"},{"taxonomy":"aanbieding","embeddable":true,"href":"https:\/\/vitamines.com\/de\/wp-json\/wp\/v2\/aanbieding?post=1552974"}],"curies":[{"name":"wp","href":"https:\/\/api.w.org\/{rel}","templated":true}]}}