{"id":1553083,"date":"2025-10-29T12:25:22","date_gmt":"2025-10-29T11:25:22","guid":{"rendered":"https:\/\/vitamines.com\/product\/herbolist-schlaf-frau\/"},"modified":"2026-02-26T11:27:44","modified_gmt":"2026-02-26T10:27:44","slug":"herbolist-schlaf-frau","status":"publish","type":"product","link":"https:\/\/vitamines.com\/de\/product\/herbolist-schlaf-frau\/","title":{"rendered":"Herbolist Schlaf Frau"},"content":{"rendered":"<p data-pm-slice=\"1 1 []\">Eine gute Nachtruhe ist die Basis f\u00fcr Energie, Fokus und Balance \u2013 aber in einem stressigen Leben ist das manchmal leichter gesagt als getan.<\/p>\n<p><strong>Herbolist Schlaf<\/strong> wurde f\u00fcr Frauen entwickelt, die ihre Abendruhe unterst\u00fctzen und auf nat\u00fcrliche Weise vor dem Schlafengehen entspannen m\u00f6chten.<\/p>\n<p>Die Formel kombiniert <strong>Melatonin<\/strong> und <strong>Baldrianextrakt<\/strong> mit Vitaminen und <strong>GABA (Gamma-Aminobutters\u00e4ure)<\/strong>, einem k\u00f6rpereigenen Stoff, der hilft, zur Ruhe zu kommen.<\/p>\n<p>Dar\u00fcber hinaus hilft <strong>Vitamin B6<\/strong> bei <strong>M\u00fcdigkeit<\/strong> und tragen <strong>die Vitamine B1 und B6<\/strong> zu einem <strong>mentalen Gleichgewicht<\/strong> bei.<\/p>\n<p>Wie bei allen Herbolist-Nahrungserg\u00e4nzungsmitteln steht Qualit\u00e4t im Mittelpunkt: <strong>entwickelt und produziert in den Niederlanden<\/strong>, streng getestet und v\u00f6llig frei von unn\u00f6tigen Zus\u00e4tzen.<\/p>\n<p>Herbolist Schlaf \u2013 dein sanfter Ausklang des Tages, f\u00fcr einen ausgeruhten Start in den Morgen.<\/p>\n","protected":false},"excerpt":{"rendered":"<p data-pm-slice=\"1 1 []\">Eine gute Nachtruhe ist die Basis f\u00fcr Energie, Fokus und Balance \u2013 aber in einem stressigen Leben ist das manchmal leichter gesagt als getan.<\/p>\n<p><strong>Herbolist Schlaf<\/strong> wurde f\u00fcr Frauen entwickelt, die ihre Abendruhe unterst\u00fctzen und auf nat\u00fcrliche Weise vor dem Schlafengehen entspannen m\u00f6chten.<\/p>\n<p>Die Formel kombiniert <strong>Melatonin<\/strong> und <strong>Baldrianextrakt<\/strong> mit Vitaminen und <strong>GABA (Gamma-Aminobutters\u00e4ure)<\/strong>, einem k\u00f6rpereigenen Stoff, der hilft, zur Ruhe zu kommen.<\/p>\n<p>Dar\u00fcber hinaus hilft <strong>Vitamin B6<\/strong> bei <strong>M\u00fcdigkeit<\/strong> und tragen <strong>die Vitamine B1 und B6<\/strong> zu einem <strong>mentalen Gleichgewicht<\/strong> bei.<\/p>\n<p>Wie bei allen Herbolist-Nahrungserg\u00e4nzungsmitteln steht Qualit\u00e4t im Mittelpunkt: <strong>entwickelt und produziert in den Niederlanden<\/strong>, streng getestet und v\u00f6llig frei von unn\u00f6tigen Zus\u00e4tzen.<\/p>\n<p>Herbolist Schlaf \u2013 dein sanfter Ausklang des Tages, f\u00fcr einen ausgeruhten Start in den Morgen.<\/p>\n","protected":false},"featured_media":1556935,"comment_status":"open","ping_status":"closed","template":"","meta":{"_acf_changed":false,"inline_featured_image":false},"product_brand":[],"product_cat":[2248,2247,2480,2475,2478,2250],"product_tag":[],"merken":[349],"producttype":[342],"aanbieding":[],"class_list":{"0":"post-1553083","1":"product","2":"type-product","3":"status-publish","4":"has-post-thumbnail","6":"product_cat-angebote","7":"product_cat-bestseller","8":"product_cat-vitamin-b1","9":"product_cat-vitamin-b12","10":"product_cat-vitamin-b6","11":"product_cat-vitamine-nahrungserganzungsmittel","12":"merken-herbolist","13":"producttype-tablet","15":"first","16":"instock","17":"sale","18":"taxable","19":"shipping-taxable","20":"purchasable","21":"product-type-simple"},"bundled_by":[],"bundle_stock_status":"instock","bundle_stock_quantity":null,"bundle_virtual":false,"bundle_layout":"","bundle_add_to_cart_form_location":"","bundle_editable_in_cart":false,"bundle_sold_individually_context":"","bundle_item_grouping":"","bundle_min_size":"","bundle_max_size":"","bundle_price":[],"bundled_items":[],"bundle_sell_ids":[],"group_of_quantity":0,"min_quantity":0,"max_quantity":"","exclude_order_quantity_value_rules":"no","exclude_category_quantity_rules":"no","combine_variations":"no","acf":[],"yoast_head":"<!-- This site is optimized with the Yoast SEO Premium plugin v27.3 (Yoast SEO v27.3) - https:\/\/yoast.com\/product\/yoast-seo-premium-wordpress\/ -->\n<title>Herbolist Schlaf Frau | Vitamines<\/title>\n<meta name=\"description\" content=\"Herbolist Schlaf Frau kopen doe je voordelig in de shop van Vitamines. Vandaag besteld, morgen in huis. Eine gute Nachtruhe ist die Basis f\u00fcr Energie, Fokus und Balance \u2013 aber in einem stressigen Leben ist das manchmal leichter gesagt als getan. Herbolist Schlaf wurde f\u00fcr Frauen entwickelt, die ihre Abendruhe unterst\u00fctzen und auf nat\u00fcrliche Weise vor dem Schlafengehen entspannen m\u00f6chten.  Die Formel kombiniert Melatonin und Baldrianextrakt mit Vitaminen und GABA (Gamma-Aminobutters\u00e4ure), einem k\u00f6rpereigenen Stoff, der hilft, zur Ruhe zu kommen.  Dar\u00fcber hinaus hilft Vitamin B6 bei M\u00fcdigkeit und tragen die Vitamine B1 und B6 zu einem mentalen Gleichgewicht bei.  Wie bei allen Herbolist-Nahrungserg\u00e4nzungsmitteln steht Qualit\u00e4t im Mittelpunkt: entwickelt und produziert in den Niederlanden, streng getestet und v\u00f6llig frei von unn\u00f6tigen Zus\u00e4tzen.  Herbolist Schlaf \u2013 dein sanfter Ausklang des Tages, f\u00fcr einen ausgeruhten Start in den Morgen.\" \/>\n<meta name=\"robots\" content=\"index, follow, max-snippet:-1, max-image-preview:large, max-video-preview:-1\" \/>\n<link rel=\"canonical\" href=\"https:\/\/vitamines.com\/de\/product\/herbolist-schlaf-frau\/\" \/>\n<meta property=\"og:locale\" content=\"de_DE\" \/>\n<meta property=\"og:type\" content=\"article\" \/>\n<meta property=\"og:title\" content=\"Herbolist Schlaf Frau | Vitamines\" \/>\n<meta property=\"og:description\" content=\"Eine gute Nachtruhe ist die Basis f\u00fcr Energie, Fokus und Balance \u2013 aber in einem stressigen Leben ist das manchmal leichter gesagt als getan. Herbolist Schlaf wurde f\u00fcr Frauen entwickelt, die ihre Abendruhe unterst\u00fctzen und auf nat\u00fcrliche Weise vor dem Schlafengehen entspannen m\u00f6chten.  Die Formel kombiniert Melatonin und Baldrianextrakt mit Vitaminen und GABA (Gamma-Aminobutters\u00e4ure), einem k\u00f6rpereigenen Stoff, der hilft, zur Ruhe zu kommen.  Dar\u00fcber hinaus hilft Vitamin B6 bei M\u00fcdigkeit und tragen die Vitamine B1 und B6 zu einem mentalen Gleichgewicht bei.  Wie bei allen Herbolist-Nahrungserg\u00e4nzungsmitteln steht Qualit\u00e4t im Mittelpunkt: entwickelt und produziert in den Niederlanden, streng getestet und v\u00f6llig frei von unn\u00f6tigen Zus\u00e4tzen.  Herbolist Schlaf \u2013 dein sanfter Ausklang des Tages, f\u00fcr einen ausgeruhten Start in den Morgen.\" \/>\n<meta property=\"og:url\" content=\"https:\/\/vitamines.com\/de\/product\/herbolist-schlaf-frau\/\" \/>\n<meta property=\"og:site_name\" content=\"Vitamines\" \/>\n<meta property=\"article:publisher\" content=\"https:\/\/www.facebook.com\/vitaminescom\/\" \/>\n<meta property=\"article:modified_time\" content=\"2026-02-26T10:27:44+00:00\" \/>\n<meta property=\"og:image\" content=\"https:\/\/vitamines.com\/wp-content\/uploads\/2025\/10\/Slap-Vrouw-111.png\" \/>\n\t<meta property=\"og:image:width\" content=\"1080\" \/>\n\t<meta property=\"og:image:height\" content=\"1080\" \/>\n\t<meta property=\"og:image:type\" content=\"image\/png\" \/>\n<meta name=\"twitter:card\" content=\"summary_large_image\" \/>\n<meta name=\"twitter:site\" content=\"@vitaminescom\" \/>\n<meta name=\"twitter:label1\" content=\"Preis\" \/>\n\t<meta name=\"twitter:data1\" content=\"&euro;14.99\" \/>\n\t<meta name=\"twitter:label2\" content=\"Verf\u00fcgbarkeit\" \/>\n\t<meta name=\"twitter:data2\" content=\"Auf Lager\" \/>\n<script type=\"application\/ld+json\" class=\"yoast-schema-graph\">{\"@context\":\"https:\\\/\\\/schema.org\",\"@graph\":[{\"@type\":[\"WebPage\",\"ItemPage\"],\"@id\":\"https:\\\/\\\/vitamines.com\\\/de\\\/product\\\/herbolist-schlaf-frau\\\/\",\"url\":\"https:\\\/\\\/vitamines.com\\\/de\\\/product\\\/herbolist-schlaf-frau\\\/\",\"name\":\"Herbolist Schlaf Frau | Vitamines\",\"isPartOf\":{\"@id\":\"https:\\\/\\\/vitamines.com\\\/de\\\/#website\"},\"primaryImageOfPage\":{\"@id\":\"https:\\\/\\\/vitamines.com\\\/de\\\/product\\\/herbolist-schlaf-frau\\\/#primaryimage\"},\"image\":{\"@id\":\"https:\\\/\\\/vitamines.com\\\/de\\\/product\\\/herbolist-schlaf-frau\\\/#primaryimage\"},\"thumbnailUrl\":\"https:\\\/\\\/vitamines.com\\\/wp-content\\\/uploads\\\/2025\\\/10\\\/Slap-Vrouw-111.png\",\"datePublished\":\"2025-10-29T11:25:22+00:00\",\"dateModified\":\"2026-02-26T10:27:44+00:00\",\"description\":\"Herbolist Schlaf Frau kopen doe je voordelig in de shop van Vitamines. Vandaag besteld, morgen in huis. Eine gute Nachtruhe ist die Basis f\u00fcr Energie, Fokus und Balance \u2013 aber in einem stressigen Leben ist das manchmal leichter gesagt als getan. Herbolist Schlaf wurde f\u00fcr Frauen entwickelt, die ihre Abendruhe unterst\u00fctzen und auf nat\u00fcrliche Weise vor dem Schlafengehen entspannen m\u00f6chten. Die Formel kombiniert Melatonin und Baldrianextrakt mit Vitaminen und GABA (Gamma-Aminobutters\u00e4ure), einem k\u00f6rpereigenen Stoff, der hilft, zur Ruhe zu kommen. Dar\u00fcber hinaus hilft Vitamin B6 bei M\u00fcdigkeit und tragen die Vitamine B1 und B6 zu einem mentalen Gleichgewicht bei. Wie bei allen Herbolist-Nahrungserg\u00e4nzungsmitteln steht Qualit\u00e4t im Mittelpunkt: entwickelt und produziert in den Niederlanden, streng getestet und v\u00f6llig frei von unn\u00f6tigen Zus\u00e4tzen. Herbolist Schlaf \u2013 dein sanfter Ausklang des Tages, f\u00fcr einen ausgeruhten Start in den Morgen.\",\"breadcrumb\":{\"@id\":\"https:\\\/\\\/vitamines.com\\\/de\\\/product\\\/herbolist-schlaf-frau\\\/#breadcrumb\"},\"inLanguage\":\"de\",\"potentialAction\":[{\"@type\":\"ReadAction\",\"target\":[\"https:\\\/\\\/vitamines.com\\\/de\\\/product\\\/herbolist-schlaf-frau\\\/\"]}]},{\"@type\":\"ImageObject\",\"inLanguage\":\"de\",\"@id\":\"https:\\\/\\\/vitamines.com\\\/de\\\/product\\\/herbolist-schlaf-frau\\\/#primaryimage\",\"url\":\"https:\\\/\\\/vitamines.com\\\/wp-content\\\/uploads\\\/2025\\\/10\\\/Slap-Vrouw-111.png\",\"contentUrl\":\"https:\\\/\\\/vitamines.com\\\/wp-content\\\/uploads\\\/2025\\\/10\\\/Slap-Vrouw-111.png\",\"width\":1080,\"height\":1080},{\"@type\":\"BreadcrumbList\",\"@id\":\"https:\\\/\\\/vitamines.com\\\/de\\\/product\\\/herbolist-schlaf-frau\\\/#breadcrumb\",\"itemListElement\":[{\"@type\":\"ListItem\",\"position\":1,\"name\":\"Home\",\"item\":\"https:\\\/\\\/vitamines.com\\\/de\\\/\"},{\"@type\":\"ListItem\",\"position\":2,\"name\":\"Herbolist Schlaf Frau\"}]},{\"@type\":\"WebSite\",\"@id\":\"https:\\\/\\\/vitamines.com\\\/de\\\/#website\",\"url\":\"https:\\\/\\\/vitamines.com\\\/de\\\/\",\"name\":\"Vitamines\",\"description\":\"Alle kwalitatieve vitamines, mineralen en supplementen bij d\u00e9 vitamine experts van Belgi\u00eb en Nederland.\",\"publisher\":{\"@id\":\"https:\\\/\\\/vitamines.com\\\/de\\\/#organization\"},\"alternateName\":\"Vitamins\",\"potentialAction\":[{\"@type\":\"SearchAction\",\"target\":{\"@type\":\"EntryPoint\",\"urlTemplate\":\"https:\\\/\\\/vitamines.com\\\/de\\\/?s={search_term_string}\"},\"query-input\":{\"@type\":\"PropertyValueSpecification\",\"valueRequired\":true,\"valueName\":\"search_term_string\"}}],\"inLanguage\":\"de\"},{\"@type\":[\"Organization\",\"Place\",\"HealthAndBeautyBusiness\"],\"@id\":\"https:\\\/\\\/vitamines.com\\\/de\\\/#organization\",\"name\":\"Vitamines\",\"alternateName\":\"Vitamins\",\"url\":\"https:\\\/\\\/vitamines.com\\\/de\\\/\",\"logo\":{\"@id\":\"https:\\\/\\\/vitamines.com\\\/de\\\/product\\\/herbolist-schlaf-frau\\\/#local-main-organization-logo\"},\"image\":{\"@id\":\"https:\\\/\\\/vitamines.com\\\/de\\\/product\\\/herbolist-schlaf-frau\\\/#local-main-organization-logo\"},\"sameAs\":[\"https:\\\/\\\/www.facebook.com\\\/vitaminescom\\\/\",\"https:\\\/\\\/x.com\\\/vitaminescom\",\"https:\\\/\\\/www.instagram.com\\\/vitaminescom\\\/\",\"https:\\\/\\\/www.linkedin.com\\\/company\\\/vitaminescom\\\/\",\"https:\\\/\\\/nl.pinterest.com\\\/vitaminescom\\\/\",\"https:\\\/\\\/www.tiktok.com\\\/@vitamines.com\",\"https:\\\/\\\/www.youtube.com\\\/@vitaminescom\",\"https:\\\/\\\/nl.trustpilot.com\\\/review\\\/vitamines.com\"],\"description\":\"Vitamines koop je natuurlijk op Vitamines.com. Keus uit meer dan 10.000 vitaminen & supplementen, direct uit voorraad leverbaar. Denk hierbij aan vitamine A, vitamine B, vitamine C, vitamine D, calcium, chroom, ijzer, kalium of koper. Maar ook eiwitten (prote\u00efne), magnesium, mangaan, selenium, collageen poeder en multivitaminen zijn populaire voedingssupplementen die je kunt bestellen in de webshop van Vitamines.\",\"legalName\":\"Vitamines.com B.V.\",\"foundingDate\":\"1997-08-15\",\"numberOfEmployees\":{\"@type\":\"QuantitativeValue\",\"minValue\":\"11\",\"maxValue\":\"50\"},\"address\":{\"@id\":\"https:\\\/\\\/vitamines.com\\\/de\\\/product\\\/herbolist-schlaf-frau\\\/#local-main-place-address\"},\"telephone\":[\"020 308 6875\"],\"contactPoint\":{\"@type\":\"ContactPoint\",\"email\":\"support@vitamines.com\"},\"openingHoursSpecification\":{\"@type\":\"OpeningHoursSpecification\",\"dayOfWeek\":[\"Monday\",\"Tuesday\",\"Wednesday\",\"Thursday\",\"Friday\",\"Saturday\",\"Sunday\"],\"opens\":\"00:00\",\"closes\":\"23:59\"},\"priceRange\":\"$$\",\"currenciesAccepted\":\"EUR\"},{\"@type\":\"PostalAddress\",\"@id\":\"https:\\\/\\\/vitamines.com\\\/de\\\/product\\\/herbolist-schlaf-frau\\\/#local-main-place-address\",\"streetAddress\":\"Professor J.H. Bavincklaan 2\",\"addressLocality\":\"Amstelveen\",\"postalCode\":\"1183 AT\",\"addressRegion\":\"NH\",\"addressCountry\":\"NL\"},{\"@type\":\"ImageObject\",\"inLanguage\":\"de\",\"@id\":\"https:\\\/\\\/vitamines.com\\\/de\\\/product\\\/herbolist-schlaf-frau\\\/#local-main-organization-logo\",\"url\":\"https:\\\/\\\/vitamines.com\\\/wp-content\\\/uploads\\\/2024\\\/10\\\/vitamines.svg\",\"contentUrl\":\"https:\\\/\\\/vitamines.com\\\/wp-content\\\/uploads\\\/2024\\\/10\\\/vitamines.svg\",\"width\":132,\"height\":24,\"caption\":\"Vitamines\"}]}<\/script>\n<meta property=\"product:brand\" content=\"Herbolist\" \/>\n<meta property=\"product:price:amount\" content=\"14.99\" \/>\n<meta property=\"product:price:currency\" content=\"EUR\" \/>\n<meta property=\"og:availability\" content=\"instock\" \/>\n<meta property=\"product:availability\" content=\"instock\" \/>\n<meta property=\"product:retailer_item_id\" content=\"Herbolist Slaap vrouw\" \/>\n<meta property=\"product:condition\" content=\"new\" \/>\n<meta name=\"geo.placename\" content=\"Amstelveen\" \/>\n<meta name=\"geo.region\" content=\"Niederlande\" \/>\n<!-- \/ Yoast SEO Premium plugin. -->","yoast_head_json":{"title":"Herbolist Schlaf Frau | Vitamines","description":"Herbolist Schlaf Frau kopen doe je voordelig in de shop van Vitamines. Vandaag besteld, morgen in huis. Eine gute Nachtruhe ist die Basis f\u00fcr Energie, Fokus und Balance \u2013 aber in einem stressigen Leben ist das manchmal leichter gesagt als getan. Herbolist Schlaf wurde f\u00fcr Frauen entwickelt, die ihre Abendruhe unterst\u00fctzen und auf nat\u00fcrliche Weise vor dem Schlafengehen entspannen m\u00f6chten.  Die Formel kombiniert Melatonin und Baldrianextrakt mit Vitaminen und GABA (Gamma-Aminobutters\u00e4ure), einem k\u00f6rpereigenen Stoff, der hilft, zur Ruhe zu kommen.  Dar\u00fcber hinaus hilft Vitamin B6 bei M\u00fcdigkeit und tragen die Vitamine B1 und B6 zu einem mentalen Gleichgewicht bei.  Wie bei allen Herbolist-Nahrungserg\u00e4nzungsmitteln steht Qualit\u00e4t im Mittelpunkt: entwickelt und produziert in den Niederlanden, streng getestet und v\u00f6llig frei von unn\u00f6tigen Zus\u00e4tzen.  Herbolist Schlaf \u2013 dein sanfter Ausklang des Tages, f\u00fcr einen ausgeruhten Start in den Morgen.","robots":{"index":"index","follow":"follow","max-snippet":"max-snippet:-1","max-image-preview":"max-image-preview:large","max-video-preview":"max-video-preview:-1"},"canonical":"https:\/\/vitamines.com\/de\/product\/herbolist-schlaf-frau\/","og_locale":"de_DE","og_type":"article","og_title":"Herbolist Schlaf Frau | Vitamines","og_description":"Eine gute Nachtruhe ist die Basis f\u00fcr Energie, Fokus und Balance \u2013 aber in einem stressigen Leben ist das manchmal leichter gesagt als getan. Herbolist Schlaf wurde f\u00fcr Frauen entwickelt, die ihre Abendruhe unterst\u00fctzen und auf nat\u00fcrliche Weise vor dem Schlafengehen entspannen m\u00f6chten.  Die Formel kombiniert Melatonin und Baldrianextrakt mit Vitaminen und GABA (Gamma-Aminobutters\u00e4ure), einem k\u00f6rpereigenen Stoff, der hilft, zur Ruhe zu kommen.  Dar\u00fcber hinaus hilft Vitamin B6 bei M\u00fcdigkeit und tragen die Vitamine B1 und B6 zu einem mentalen Gleichgewicht bei.  Wie bei allen Herbolist-Nahrungserg\u00e4nzungsmitteln steht Qualit\u00e4t im Mittelpunkt: entwickelt und produziert in den Niederlanden, streng getestet und v\u00f6llig frei von unn\u00f6tigen Zus\u00e4tzen.  Herbolist Schlaf \u2013 dein sanfter Ausklang des Tages, f\u00fcr einen ausgeruhten Start in den Morgen.","og_url":"https:\/\/vitamines.com\/de\/product\/herbolist-schlaf-frau\/","og_site_name":"Vitamines","article_publisher":"https:\/\/www.facebook.com\/vitaminescom\/","article_modified_time":"2026-02-26T10:27:44+00:00","og_image":[{"width":1080,"height":1080,"url":"https:\/\/vitamines.com\/wp-content\/uploads\/2025\/10\/Slap-Vrouw-111.png","type":"image\/png"}],"twitter_card":"summary_large_image","twitter_site":"@vitaminescom","twitter_misc":{"Preis":"&euro;14.99","Verf\u00fcgbarkeit":"Auf Lager"},"schema":{"@context":"https:\/\/schema.org","@graph":[{"@type":["WebPage","ItemPage"],"@id":"https:\/\/vitamines.com\/de\/product\/herbolist-schlaf-frau\/","url":"https:\/\/vitamines.com\/de\/product\/herbolist-schlaf-frau\/","name":"Herbolist Schlaf Frau | Vitamines","isPartOf":{"@id":"https:\/\/vitamines.com\/de\/#website"},"primaryImageOfPage":{"@id":"https:\/\/vitamines.com\/de\/product\/herbolist-schlaf-frau\/#primaryimage"},"image":{"@id":"https:\/\/vitamines.com\/de\/product\/herbolist-schlaf-frau\/#primaryimage"},"thumbnailUrl":"https:\/\/vitamines.com\/wp-content\/uploads\/2025\/10\/Slap-Vrouw-111.png","datePublished":"2025-10-29T11:25:22+00:00","dateModified":"2026-02-26T10:27:44+00:00","description":"Herbolist Schlaf Frau kopen doe je voordelig in de shop van Vitamines. Vandaag besteld, morgen in huis. Eine gute Nachtruhe ist die Basis f\u00fcr Energie, Fokus und Balance \u2013 aber in einem stressigen Leben ist das manchmal leichter gesagt als getan. Herbolist Schlaf wurde f\u00fcr Frauen entwickelt, die ihre Abendruhe unterst\u00fctzen und auf nat\u00fcrliche Weise vor dem Schlafengehen entspannen m\u00f6chten. Die Formel kombiniert Melatonin und Baldrianextrakt mit Vitaminen und GABA (Gamma-Aminobutters\u00e4ure), einem k\u00f6rpereigenen Stoff, der hilft, zur Ruhe zu kommen. Dar\u00fcber hinaus hilft Vitamin B6 bei M\u00fcdigkeit und tragen die Vitamine B1 und B6 zu einem mentalen Gleichgewicht bei. Wie bei allen Herbolist-Nahrungserg\u00e4nzungsmitteln steht Qualit\u00e4t im Mittelpunkt: entwickelt und produziert in den Niederlanden, streng getestet und v\u00f6llig frei von unn\u00f6tigen Zus\u00e4tzen. Herbolist Schlaf \u2013 dein sanfter Ausklang des Tages, f\u00fcr einen ausgeruhten Start in den Morgen.","breadcrumb":{"@id":"https:\/\/vitamines.com\/de\/product\/herbolist-schlaf-frau\/#breadcrumb"},"inLanguage":"de","potentialAction":[{"@type":"ReadAction","target":["https:\/\/vitamines.com\/de\/product\/herbolist-schlaf-frau\/"]}]},{"@type":"ImageObject","inLanguage":"de","@id":"https:\/\/vitamines.com\/de\/product\/herbolist-schlaf-frau\/#primaryimage","url":"https:\/\/vitamines.com\/wp-content\/uploads\/2025\/10\/Slap-Vrouw-111.png","contentUrl":"https:\/\/vitamines.com\/wp-content\/uploads\/2025\/10\/Slap-Vrouw-111.png","width":1080,"height":1080},{"@type":"BreadcrumbList","@id":"https:\/\/vitamines.com\/de\/product\/herbolist-schlaf-frau\/#breadcrumb","itemListElement":[{"@type":"ListItem","position":1,"name":"Home","item":"https:\/\/vitamines.com\/de\/"},{"@type":"ListItem","position":2,"name":"Herbolist Schlaf Frau"}]},{"@type":"WebSite","@id":"https:\/\/vitamines.com\/de\/#website","url":"https:\/\/vitamines.com\/de\/","name":"Vitamines","description":"Alle kwalitatieve vitamines, mineralen en supplementen bij d\u00e9 vitamine experts van Belgi\u00eb en Nederland.","publisher":{"@id":"https:\/\/vitamines.com\/de\/#organization"},"alternateName":"Vitamins","potentialAction":[{"@type":"SearchAction","target":{"@type":"EntryPoint","urlTemplate":"https:\/\/vitamines.com\/de\/?s={search_term_string}"},"query-input":{"@type":"PropertyValueSpecification","valueRequired":true,"valueName":"search_term_string"}}],"inLanguage":"de"},{"@type":["Organization","Place","HealthAndBeautyBusiness"],"@id":"https:\/\/vitamines.com\/de\/#organization","name":"Vitamines","alternateName":"Vitamins","url":"https:\/\/vitamines.com\/de\/","logo":{"@id":"https:\/\/vitamines.com\/de\/product\/herbolist-schlaf-frau\/#local-main-organization-logo"},"image":{"@id":"https:\/\/vitamines.com\/de\/product\/herbolist-schlaf-frau\/#local-main-organization-logo"},"sameAs":["https:\/\/www.facebook.com\/vitaminescom\/","https:\/\/x.com\/vitaminescom","https:\/\/www.instagram.com\/vitaminescom\/","https:\/\/www.linkedin.com\/company\/vitaminescom\/","https:\/\/nl.pinterest.com\/vitaminescom\/","https:\/\/www.tiktok.com\/@vitamines.com","https:\/\/www.youtube.com\/@vitaminescom","https:\/\/nl.trustpilot.com\/review\/vitamines.com"],"description":"Vitamines koop je natuurlijk op Vitamines.com. Keus uit meer dan 10.000 vitaminen & supplementen, direct uit voorraad leverbaar. Denk hierbij aan vitamine A, vitamine B, vitamine C, vitamine D, calcium, chroom, ijzer, kalium of koper. Maar ook eiwitten (prote\u00efne), magnesium, mangaan, selenium, collageen poeder en multivitaminen zijn populaire voedingssupplementen die je kunt bestellen in de webshop van Vitamines.","legalName":"Vitamines.com B.V.","foundingDate":"1997-08-15","numberOfEmployees":{"@type":"QuantitativeValue","minValue":"11","maxValue":"50"},"address":{"@id":"https:\/\/vitamines.com\/de\/product\/herbolist-schlaf-frau\/#local-main-place-address"},"telephone":["020 308 6875"],"contactPoint":{"@type":"ContactPoint","email":"support@vitamines.com"},"openingHoursSpecification":{"@type":"OpeningHoursSpecification","dayOfWeek":["Monday","Tuesday","Wednesday","Thursday","Friday","Saturday","Sunday"],"opens":"00:00","closes":"23:59"},"priceRange":"$$","currenciesAccepted":"EUR"},{"@type":"PostalAddress","@id":"https:\/\/vitamines.com\/de\/product\/herbolist-schlaf-frau\/#local-main-place-address","streetAddress":"Professor J.H. Bavincklaan 2","addressLocality":"Amstelveen","postalCode":"1183 AT","addressRegion":"NH","addressCountry":"NL"},{"@type":"ImageObject","inLanguage":"de","@id":"https:\/\/vitamines.com\/de\/product\/herbolist-schlaf-frau\/#local-main-organization-logo","url":"https:\/\/vitamines.com\/wp-content\/uploads\/2024\/10\/vitamines.svg","contentUrl":"https:\/\/vitamines.com\/wp-content\/uploads\/2024\/10\/vitamines.svg","width":132,"height":24,"caption":"Vitamines"}]},"product_brand":"Herbolist","product_price_amount":"14.99","product_price_currency":"EUR","og_availability":"instock","product_availability":"instock","product_retailer_item_id":"Herbolist Slaap vrouw","product_condition":"new","geo.placename":"Amstelveen","geo.region":"Niederlande"},"_links":{"self":[{"href":"https:\/\/vitamines.com\/de\/wp-json\/wp\/v2\/product\/1553083","targetHints":{"allow":["GET"]}}],"collection":[{"href":"https:\/\/vitamines.com\/de\/wp-json\/wp\/v2\/product"}],"about":[{"href":"https:\/\/vitamines.com\/de\/wp-json\/wp\/v2\/types\/product"}],"replies":[{"embeddable":true,"href":"https:\/\/vitamines.com\/de\/wp-json\/wp\/v2\/comments?post=1553083"}],"wp:featuredmedia":[{"embeddable":true,"href":"https:\/\/vitamines.com\/de\/wp-json\/wp\/v2\/media\/1556935"}],"wp:attachment":[{"href":"https:\/\/vitamines.com\/de\/wp-json\/wp\/v2\/media?parent=1553083"}],"wp:term":[{"taxonomy":"product_brand","embeddable":true,"href":"https:\/\/vitamines.com\/de\/wp-json\/wp\/v2\/product_brand?post=1553083"},{"taxonomy":"product_cat","embeddable":true,"href":"https:\/\/vitamines.com\/de\/wp-json\/wp\/v2\/product_cat?post=1553083"},{"taxonomy":"product_tag","embeddable":true,"href":"https:\/\/vitamines.com\/de\/wp-json\/wp\/v2\/product_tag?post=1553083"},{"taxonomy":"merken","embeddable":true,"href":"https:\/\/vitamines.com\/de\/wp-json\/wp\/v2\/merken?post=1553083"},{"taxonomy":"producttype","embeddable":true,"href":"https:\/\/vitamines.com\/de\/wp-json\/wp\/v2\/producttype?post=1553083"},{"taxonomy":"aanbieding","embeddable":true,"href":"https:\/\/vitamines.com\/de\/wp-json\/wp\/v2\/aanbieding?post=1553083"}],"curies":[{"name":"wp","href":"https:\/\/api.w.org\/{rel}","templated":true}]}}