{"id":1553121,"date":"2025-10-15T14:00:01","date_gmt":"2025-10-15T12:00:01","guid":{"rendered":"https:\/\/vitamines.com\/product\/herbolist-whey-protein-vanille\/"},"modified":"2026-02-26T11:26:11","modified_gmt":"2026-02-26T10:26:11","slug":"herbolist-whey-protein-vanille","status":"publish","type":"product","link":"https:\/\/vitamines.com\/de\/product\/herbolist-whey-protein-vanille\/","title":{"rendered":"Herbolist Whey Protein Vanille"},"content":{"rendered":"","protected":false},"excerpt":{"rendered":"<p data-start=\"218\" data-end=\"522\">Nach dem Training willst du nur eins: etwas, das deinen K\u00f6rper schnell n\u00e4hrt und sich gut anf\u00fchlt. <strong data-start=\"301\" data-end=\"336\">Herbolist Whey Protein Vanille<\/strong> ist genau das. Ein cremiger Milchshake, der nach Vanille schmeckt \u2013 als ob du dir einen Milchshake g\u00f6nnst, aber einen, der deinen Muskeln hilft, sich zu erholen.<\/p>\n<p data-start=\"524\" data-end=\"852\">Was diese Mischung einzigartig macht, ist die Kombination aus <strong data-start=\"573\" data-end=\"581\">Whey<\/strong> und <strong data-start=\"585\" data-end=\"599\">Fava-Protein<\/strong>. Whey ist bekannt f\u00fcr seine schnelle Aufnahme, w\u00e4hrend Fava von Natur aus reich an Vitaminen, Mineralien und einem vollst\u00e4ndigen Proteinprofil ist und deine D\u00e4rme weniger belastet. Zusammen bilden sie eine Mischung, die sich leicht anf\u00fchlt, aber dennoch kr\u00e4ftig n\u00e4hrt \u2013 ideal nach einem Workout oder als kr\u00e4ftiger Snack.<\/p>\n<p data-start=\"854\" data-end=\"1014\">Und nat\u00fcrlich, wie du es von Herbolist gewohnt bist: hergestellt in den Niederlanden, streng getestet und ohne k\u00fcnstliche Zus\u00e4tze. Einfach pur, lecker und funktionell.<\/p>\n<p data-start=\"1016\" data-end=\"1109\"><strong data-start=\"1016\" data-end=\"1107\">Herbolist Whey Protein Vanille \u2013 dein t\u00e4glicher Shake f\u00fcr Kraft, Erholung und Balance.<\/strong><\/p>\n","protected":false},"featured_media":1556947,"comment_status":"open","ping_status":"closed","template":"","meta":{"_acf_changed":false,"inline_featured_image":false},"product_brand":[],"product_cat":[2248,2303],"product_tag":[],"merken":[349],"producttype":[344],"aanbieding":[],"class_list":{"0":"post-1553121","1":"product","2":"type-product","3":"status-publish","4":"has-post-thumbnail","6":"product_cat-angebote","7":"product_cat-molkenprotein","8":"merken-herbolist","9":"producttype-poeder","11":"first","12":"instock","13":"sale","14":"taxable","15":"shipping-taxable","16":"purchasable","17":"product-type-simple"},"bundled_by":[],"bundle_stock_status":"instock","bundle_stock_quantity":null,"bundle_virtual":false,"bundle_layout":"","bundle_add_to_cart_form_location":"","bundle_editable_in_cart":false,"bundle_sold_individually_context":"","bundle_item_grouping":"","bundle_min_size":"","bundle_max_size":"","bundle_price":[],"bundled_items":[],"bundle_sell_ids":[],"group_of_quantity":0,"min_quantity":0,"max_quantity":"","exclude_order_quantity_value_rules":"no","exclude_category_quantity_rules":"no","combine_variations":"no","acf":[],"yoast_head":"<!-- This site is optimized with the Yoast SEO Premium plugin v27.3 (Yoast SEO v27.3) - https:\/\/yoast.com\/product\/yoast-seo-premium-wordpress\/ -->\n<title>Herbolist Whey Protein Vanille | Vitamines<\/title>\n<meta name=\"description\" content=\"Herbolist Whey Protein Vanille kopen doe je voordelig in de shop van Vitamines. Vandaag besteld, morgen in huis. Nach dem Training willst du nur eins: etwas, das deinen K\u00f6rper schnell n\u00e4hrt und sich gut anf\u00fchlt. Herbolist Whey Protein Vanille ist genau das. Ein cremiger Milchshake, der nach Vanille schmeckt \u2013 als ob du dir einen Milchshake g\u00f6nnst, aber einen, der deinen Muskeln hilft, sich zu erholen. Was diese Mischung einzigartig macht, ist die Kombination aus Whey und Fava-Protein. Whey ist bekannt f\u00fcr seine schnelle Aufnahme, w\u00e4hrend Fava von Natur aus reich an Vitaminen, Mineralien und einem vollst\u00e4ndigen Proteinprofil ist und deine D\u00e4rme weniger belastet. Zusammen bilden sie eine Mischung, die sich leicht anf\u00fchlt, aber dennoch kr\u00e4ftig n\u00e4hrt \u2013 ideal nach einem Workout oder als kr\u00e4ftiger Snack. Und nat\u00fcrlich, wie du es von Herbolist gewohnt bist: hergestellt in den Niederlanden, streng getestet und ohne k\u00fcnstliche Zus\u00e4tze. Einfach pur, lecker und funktionell. Herbolist Whey Protein Vanille \u2013 dein t\u00e4glicher Shake f\u00fcr Kraft, Erholung und Balance.\" \/>\n<meta name=\"robots\" content=\"index, follow, max-snippet:-1, max-image-preview:large, max-video-preview:-1\" \/>\n<link rel=\"canonical\" href=\"https:\/\/vitamines.com\/de\/product\/herbolist-whey-protein-vanille\/\" \/>\n<meta property=\"og:locale\" content=\"de_DE\" \/>\n<meta property=\"og:type\" content=\"article\" \/>\n<meta property=\"og:title\" content=\"Herbolist Whey Protein Vanille | Vitamines\" \/>\n<meta property=\"og:description\" content=\"Nach dem Training willst du nur eins: etwas, das deinen K\u00f6rper schnell n\u00e4hrt und sich gut anf\u00fchlt. Herbolist Whey Protein Vanille ist genau das. Ein cremiger Milchshake, der nach Vanille schmeckt \u2013 als ob du dir einen Milchshake g\u00f6nnst, aber einen, der deinen Muskeln hilft, sich zu erholen. Was diese Mischung einzigartig macht, ist die Kombination aus Whey und Fava-Protein. Whey ist bekannt f\u00fcr seine schnelle Aufnahme, w\u00e4hrend Fava von Natur aus reich an Vitaminen, Mineralien und einem vollst\u00e4ndigen Proteinprofil ist und deine D\u00e4rme weniger belastet. Zusammen bilden sie eine Mischung, die sich leicht anf\u00fchlt, aber dennoch kr\u00e4ftig n\u00e4hrt \u2013 ideal nach einem Workout oder als kr\u00e4ftiger Snack. Und nat\u00fcrlich, wie du es von Herbolist gewohnt bist: hergestellt in den Niederlanden, streng getestet und ohne k\u00fcnstliche Zus\u00e4tze. Einfach pur, lecker und funktionell. Herbolist Whey Protein Vanille \u2013 dein t\u00e4glicher Shake f\u00fcr Kraft, Erholung und Balance.\" \/>\n<meta property=\"og:url\" content=\"https:\/\/vitamines.com\/de\/product\/herbolist-whey-protein-vanille\/\" \/>\n<meta property=\"og:site_name\" content=\"Vitamines\" \/>\n<meta property=\"article:publisher\" content=\"https:\/\/www.facebook.com\/vitaminescom\/\" \/>\n<meta property=\"article:modified_time\" content=\"2026-02-26T10:26:11+00:00\" \/>\n<meta property=\"og:image\" content=\"https:\/\/vitamines.com\/wp-content\/uploads\/2025\/10\/Herbolist-Proteine-Vanille-111.png\" \/>\n\t<meta property=\"og:image:width\" content=\"1080\" \/>\n\t<meta property=\"og:image:height\" content=\"1080\" \/>\n\t<meta property=\"og:image:type\" content=\"image\/png\" \/>\n<meta name=\"twitter:card\" content=\"summary_large_image\" \/>\n<meta name=\"twitter:site\" content=\"@vitaminescom\" \/>\n<meta name=\"twitter:label1\" content=\"Preis\" \/>\n\t<meta name=\"twitter:data1\" content=\"&euro;24.95\" \/>\n\t<meta name=\"twitter:label2\" content=\"Verf\u00fcgbarkeit\" \/>\n\t<meta name=\"twitter:data2\" content=\"Auf Lager\" \/>\n<script type=\"application\/ld+json\" class=\"yoast-schema-graph\">{\"@context\":\"https:\\\/\\\/schema.org\",\"@graph\":[{\"@type\":[\"WebPage\",\"ItemPage\"],\"@id\":\"https:\\\/\\\/vitamines.com\\\/de\\\/product\\\/herbolist-whey-protein-vanille\\\/\",\"url\":\"https:\\\/\\\/vitamines.com\\\/de\\\/product\\\/herbolist-whey-protein-vanille\\\/\",\"name\":\"Herbolist Whey Protein Vanille | Vitamines\",\"isPartOf\":{\"@id\":\"https:\\\/\\\/vitamines.com\\\/de\\\/#website\"},\"primaryImageOfPage\":{\"@id\":\"https:\\\/\\\/vitamines.com\\\/de\\\/product\\\/herbolist-whey-protein-vanille\\\/#primaryimage\"},\"image\":{\"@id\":\"https:\\\/\\\/vitamines.com\\\/de\\\/product\\\/herbolist-whey-protein-vanille\\\/#primaryimage\"},\"thumbnailUrl\":\"https:\\\/\\\/vitamines.com\\\/wp-content\\\/uploads\\\/2025\\\/10\\\/Herbolist-Proteine-Vanille-111.png\",\"datePublished\":\"2025-10-15T12:00:01+00:00\",\"dateModified\":\"2026-02-26T10:26:11+00:00\",\"description\":\"Herbolist Whey Protein Vanille kopen doe je voordelig in de shop van Vitamines. Vandaag besteld, morgen in huis. Nach dem Training willst du nur eins: etwas, das deinen K\u00f6rper schnell n\u00e4hrt und sich gut anf\u00fchlt. Herbolist Whey Protein Vanille ist genau das. Ein cremiger Milchshake, der nach Vanille schmeckt \u2013 als ob du dir einen Milchshake g\u00f6nnst, aber einen, der deinen Muskeln hilft, sich zu erholen. Was diese Mischung einzigartig macht, ist die Kombination aus Whey und Fava-Protein. Whey ist bekannt f\u00fcr seine schnelle Aufnahme, w\u00e4hrend Fava von Natur aus reich an Vitaminen, Mineralien und einem vollst\u00e4ndigen Proteinprofil ist und deine D\u00e4rme weniger belastet. Zusammen bilden sie eine Mischung, die sich leicht anf\u00fchlt, aber dennoch kr\u00e4ftig n\u00e4hrt \u2013 ideal nach einem Workout oder als kr\u00e4ftiger Snack. Und nat\u00fcrlich, wie du es von Herbolist gewohnt bist: hergestellt in den Niederlanden, streng getestet und ohne k\u00fcnstliche Zus\u00e4tze. Einfach pur, lecker und funktionell. Herbolist Whey Protein Vanille \u2013 dein t\u00e4glicher Shake f\u00fcr Kraft, Erholung und Balance.\",\"breadcrumb\":{\"@id\":\"https:\\\/\\\/vitamines.com\\\/de\\\/product\\\/herbolist-whey-protein-vanille\\\/#breadcrumb\"},\"inLanguage\":\"de\",\"potentialAction\":[{\"@type\":\"ReadAction\",\"target\":[\"https:\\\/\\\/vitamines.com\\\/de\\\/product\\\/herbolist-whey-protein-vanille\\\/\"]}]},{\"@type\":\"ImageObject\",\"inLanguage\":\"de\",\"@id\":\"https:\\\/\\\/vitamines.com\\\/de\\\/product\\\/herbolist-whey-protein-vanille\\\/#primaryimage\",\"url\":\"https:\\\/\\\/vitamines.com\\\/wp-content\\\/uploads\\\/2025\\\/10\\\/Herbolist-Proteine-Vanille-111.png\",\"contentUrl\":\"https:\\\/\\\/vitamines.com\\\/wp-content\\\/uploads\\\/2025\\\/10\\\/Herbolist-Proteine-Vanille-111.png\",\"width\":1080,\"height\":1080},{\"@type\":\"BreadcrumbList\",\"@id\":\"https:\\\/\\\/vitamines.com\\\/de\\\/product\\\/herbolist-whey-protein-vanille\\\/#breadcrumb\",\"itemListElement\":[{\"@type\":\"ListItem\",\"position\":1,\"name\":\"Home\",\"item\":\"https:\\\/\\\/vitamines.com\\\/de\\\/\"},{\"@type\":\"ListItem\",\"position\":2,\"name\":\"Herbolist Whey Protein Vanille\"}]},{\"@type\":\"WebSite\",\"@id\":\"https:\\\/\\\/vitamines.com\\\/de\\\/#website\",\"url\":\"https:\\\/\\\/vitamines.com\\\/de\\\/\",\"name\":\"Vitamines\",\"description\":\"Alle kwalitatieve vitamines, mineralen en supplementen bij d\u00e9 vitamine experts van Belgi\u00eb en Nederland.\",\"publisher\":{\"@id\":\"https:\\\/\\\/vitamines.com\\\/de\\\/#organization\"},\"alternateName\":\"Vitamins\",\"potentialAction\":[{\"@type\":\"SearchAction\",\"target\":{\"@type\":\"EntryPoint\",\"urlTemplate\":\"https:\\\/\\\/vitamines.com\\\/de\\\/?s={search_term_string}\"},\"query-input\":{\"@type\":\"PropertyValueSpecification\",\"valueRequired\":true,\"valueName\":\"search_term_string\"}}],\"inLanguage\":\"de\"},{\"@type\":[\"Organization\",\"Place\",\"HealthAndBeautyBusiness\"],\"@id\":\"https:\\\/\\\/vitamines.com\\\/de\\\/#organization\",\"name\":\"Vitamines\",\"alternateName\":\"Vitamins\",\"url\":\"https:\\\/\\\/vitamines.com\\\/de\\\/\",\"logo\":{\"@id\":\"https:\\\/\\\/vitamines.com\\\/de\\\/product\\\/herbolist-whey-protein-vanille\\\/#local-main-organization-logo\"},\"image\":{\"@id\":\"https:\\\/\\\/vitamines.com\\\/de\\\/product\\\/herbolist-whey-protein-vanille\\\/#local-main-organization-logo\"},\"sameAs\":[\"https:\\\/\\\/www.facebook.com\\\/vitaminescom\\\/\",\"https:\\\/\\\/x.com\\\/vitaminescom\",\"https:\\\/\\\/www.instagram.com\\\/vitaminescom\\\/\",\"https:\\\/\\\/www.linkedin.com\\\/company\\\/vitaminescom\\\/\",\"https:\\\/\\\/nl.pinterest.com\\\/vitaminescom\\\/\",\"https:\\\/\\\/www.tiktok.com\\\/@vitamines.com\",\"https:\\\/\\\/www.youtube.com\\\/@vitaminescom\",\"https:\\\/\\\/nl.trustpilot.com\\\/review\\\/vitamines.com\"],\"description\":\"Vitamines koop je natuurlijk op Vitamines.com. Keus uit meer dan 10.000 vitaminen & supplementen, direct uit voorraad leverbaar. Denk hierbij aan vitamine A, vitamine B, vitamine C, vitamine D, calcium, chroom, ijzer, kalium of koper. Maar ook eiwitten (prote\u00efne), magnesium, mangaan, selenium, collageen poeder en multivitaminen zijn populaire voedingssupplementen die je kunt bestellen in de webshop van Vitamines.\",\"legalName\":\"Vitamines.com B.V.\",\"foundingDate\":\"1997-08-15\",\"numberOfEmployees\":{\"@type\":\"QuantitativeValue\",\"minValue\":\"11\",\"maxValue\":\"50\"},\"address\":{\"@id\":\"https:\\\/\\\/vitamines.com\\\/de\\\/product\\\/herbolist-whey-protein-vanille\\\/#local-main-place-address\"},\"telephone\":[\"020 308 6875\"],\"contactPoint\":{\"@type\":\"ContactPoint\",\"email\":\"support@vitamines.com\"},\"openingHoursSpecification\":{\"@type\":\"OpeningHoursSpecification\",\"dayOfWeek\":[\"Monday\",\"Tuesday\",\"Wednesday\",\"Thursday\",\"Friday\",\"Saturday\",\"Sunday\"],\"opens\":\"00:00\",\"closes\":\"23:59\"},\"priceRange\":\"$$\",\"currenciesAccepted\":\"EUR\"},{\"@type\":\"PostalAddress\",\"@id\":\"https:\\\/\\\/vitamines.com\\\/de\\\/product\\\/herbolist-whey-protein-vanille\\\/#local-main-place-address\",\"streetAddress\":\"Professor J.H. Bavincklaan 2\",\"addressLocality\":\"Amstelveen\",\"postalCode\":\"1183 AT\",\"addressRegion\":\"NH\",\"addressCountry\":\"NL\"},{\"@type\":\"ImageObject\",\"inLanguage\":\"de\",\"@id\":\"https:\\\/\\\/vitamines.com\\\/de\\\/product\\\/herbolist-whey-protein-vanille\\\/#local-main-organization-logo\",\"url\":\"https:\\\/\\\/vitamines.com\\\/wp-content\\\/uploads\\\/2024\\\/10\\\/vitamines.svg\",\"contentUrl\":\"https:\\\/\\\/vitamines.com\\\/wp-content\\\/uploads\\\/2024\\\/10\\\/vitamines.svg\",\"width\":132,\"height\":24,\"caption\":\"Vitamines\"}]}<\/script>\n<meta property=\"product:brand\" content=\"Herbolist\" \/>\n<meta property=\"product:price:amount\" content=\"24.95\" \/>\n<meta property=\"product:price:currency\" content=\"EUR\" \/>\n<meta property=\"og:availability\" content=\"instock\" \/>\n<meta property=\"product:availability\" content=\"instock\" \/>\n<meta property=\"product:retailer_item_id\" content=\"HER-WHEFA-vanille\" \/>\n<meta property=\"product:condition\" content=\"new\" \/>\n<meta name=\"geo.placename\" content=\"Amstelveen\" \/>\n<meta name=\"geo.region\" content=\"Niederlande\" \/>\n<!-- \/ Yoast SEO Premium plugin. -->","yoast_head_json":{"title":"Herbolist Whey Protein Vanille | Vitamines","description":"Herbolist Whey Protein Vanille kopen doe je voordelig in de shop van Vitamines. Vandaag besteld, morgen in huis. Nach dem Training willst du nur eins: etwas, das deinen K\u00f6rper schnell n\u00e4hrt und sich gut anf\u00fchlt. Herbolist Whey Protein Vanille ist genau das. Ein cremiger Milchshake, der nach Vanille schmeckt \u2013 als ob du dir einen Milchshake g\u00f6nnst, aber einen, der deinen Muskeln hilft, sich zu erholen. Was diese Mischung einzigartig macht, ist die Kombination aus Whey und Fava-Protein. Whey ist bekannt f\u00fcr seine schnelle Aufnahme, w\u00e4hrend Fava von Natur aus reich an Vitaminen, Mineralien und einem vollst\u00e4ndigen Proteinprofil ist und deine D\u00e4rme weniger belastet. Zusammen bilden sie eine Mischung, die sich leicht anf\u00fchlt, aber dennoch kr\u00e4ftig n\u00e4hrt \u2013 ideal nach einem Workout oder als kr\u00e4ftiger Snack. Und nat\u00fcrlich, wie du es von Herbolist gewohnt bist: hergestellt in den Niederlanden, streng getestet und ohne k\u00fcnstliche Zus\u00e4tze. Einfach pur, lecker und funktionell. Herbolist Whey Protein Vanille \u2013 dein t\u00e4glicher Shake f\u00fcr Kraft, Erholung und Balance.","robots":{"index":"index","follow":"follow","max-snippet":"max-snippet:-1","max-image-preview":"max-image-preview:large","max-video-preview":"max-video-preview:-1"},"canonical":"https:\/\/vitamines.com\/de\/product\/herbolist-whey-protein-vanille\/","og_locale":"de_DE","og_type":"article","og_title":"Herbolist Whey Protein Vanille | Vitamines","og_description":"Nach dem Training willst du nur eins: etwas, das deinen K\u00f6rper schnell n\u00e4hrt und sich gut anf\u00fchlt. Herbolist Whey Protein Vanille ist genau das. Ein cremiger Milchshake, der nach Vanille schmeckt \u2013 als ob du dir einen Milchshake g\u00f6nnst, aber einen, der deinen Muskeln hilft, sich zu erholen. Was diese Mischung einzigartig macht, ist die Kombination aus Whey und Fava-Protein. Whey ist bekannt f\u00fcr seine schnelle Aufnahme, w\u00e4hrend Fava von Natur aus reich an Vitaminen, Mineralien und einem vollst\u00e4ndigen Proteinprofil ist und deine D\u00e4rme weniger belastet. Zusammen bilden sie eine Mischung, die sich leicht anf\u00fchlt, aber dennoch kr\u00e4ftig n\u00e4hrt \u2013 ideal nach einem Workout oder als kr\u00e4ftiger Snack. Und nat\u00fcrlich, wie du es von Herbolist gewohnt bist: hergestellt in den Niederlanden, streng getestet und ohne k\u00fcnstliche Zus\u00e4tze. Einfach pur, lecker und funktionell. Herbolist Whey Protein Vanille \u2013 dein t\u00e4glicher Shake f\u00fcr Kraft, Erholung und Balance.","og_url":"https:\/\/vitamines.com\/de\/product\/herbolist-whey-protein-vanille\/","og_site_name":"Vitamines","article_publisher":"https:\/\/www.facebook.com\/vitaminescom\/","article_modified_time":"2026-02-26T10:26:11+00:00","og_image":[{"width":1080,"height":1080,"url":"https:\/\/vitamines.com\/wp-content\/uploads\/2025\/10\/Herbolist-Proteine-Vanille-111.png","type":"image\/png"}],"twitter_card":"summary_large_image","twitter_site":"@vitaminescom","twitter_misc":{"Preis":"&euro;24.95","Verf\u00fcgbarkeit":"Auf Lager"},"schema":{"@context":"https:\/\/schema.org","@graph":[{"@type":["WebPage","ItemPage"],"@id":"https:\/\/vitamines.com\/de\/product\/herbolist-whey-protein-vanille\/","url":"https:\/\/vitamines.com\/de\/product\/herbolist-whey-protein-vanille\/","name":"Herbolist Whey Protein Vanille | Vitamines","isPartOf":{"@id":"https:\/\/vitamines.com\/de\/#website"},"primaryImageOfPage":{"@id":"https:\/\/vitamines.com\/de\/product\/herbolist-whey-protein-vanille\/#primaryimage"},"image":{"@id":"https:\/\/vitamines.com\/de\/product\/herbolist-whey-protein-vanille\/#primaryimage"},"thumbnailUrl":"https:\/\/vitamines.com\/wp-content\/uploads\/2025\/10\/Herbolist-Proteine-Vanille-111.png","datePublished":"2025-10-15T12:00:01+00:00","dateModified":"2026-02-26T10:26:11+00:00","description":"Herbolist Whey Protein Vanille kopen doe je voordelig in de shop van Vitamines. Vandaag besteld, morgen in huis. Nach dem Training willst du nur eins: etwas, das deinen K\u00f6rper schnell n\u00e4hrt und sich gut anf\u00fchlt. Herbolist Whey Protein Vanille ist genau das. Ein cremiger Milchshake, der nach Vanille schmeckt \u2013 als ob du dir einen Milchshake g\u00f6nnst, aber einen, der deinen Muskeln hilft, sich zu erholen. Was diese Mischung einzigartig macht, ist die Kombination aus Whey und Fava-Protein. Whey ist bekannt f\u00fcr seine schnelle Aufnahme, w\u00e4hrend Fava von Natur aus reich an Vitaminen, Mineralien und einem vollst\u00e4ndigen Proteinprofil ist und deine D\u00e4rme weniger belastet. Zusammen bilden sie eine Mischung, die sich leicht anf\u00fchlt, aber dennoch kr\u00e4ftig n\u00e4hrt \u2013 ideal nach einem Workout oder als kr\u00e4ftiger Snack. Und nat\u00fcrlich, wie du es von Herbolist gewohnt bist: hergestellt in den Niederlanden, streng getestet und ohne k\u00fcnstliche Zus\u00e4tze. Einfach pur, lecker und funktionell. Herbolist Whey Protein Vanille \u2013 dein t\u00e4glicher Shake f\u00fcr Kraft, Erholung und Balance.","breadcrumb":{"@id":"https:\/\/vitamines.com\/de\/product\/herbolist-whey-protein-vanille\/#breadcrumb"},"inLanguage":"de","potentialAction":[{"@type":"ReadAction","target":["https:\/\/vitamines.com\/de\/product\/herbolist-whey-protein-vanille\/"]}]},{"@type":"ImageObject","inLanguage":"de","@id":"https:\/\/vitamines.com\/de\/product\/herbolist-whey-protein-vanille\/#primaryimage","url":"https:\/\/vitamines.com\/wp-content\/uploads\/2025\/10\/Herbolist-Proteine-Vanille-111.png","contentUrl":"https:\/\/vitamines.com\/wp-content\/uploads\/2025\/10\/Herbolist-Proteine-Vanille-111.png","width":1080,"height":1080},{"@type":"BreadcrumbList","@id":"https:\/\/vitamines.com\/de\/product\/herbolist-whey-protein-vanille\/#breadcrumb","itemListElement":[{"@type":"ListItem","position":1,"name":"Home","item":"https:\/\/vitamines.com\/de\/"},{"@type":"ListItem","position":2,"name":"Herbolist Whey Protein Vanille"}]},{"@type":"WebSite","@id":"https:\/\/vitamines.com\/de\/#website","url":"https:\/\/vitamines.com\/de\/","name":"Vitamines","description":"Alle kwalitatieve vitamines, mineralen en supplementen bij d\u00e9 vitamine experts van Belgi\u00eb en Nederland.","publisher":{"@id":"https:\/\/vitamines.com\/de\/#organization"},"alternateName":"Vitamins","potentialAction":[{"@type":"SearchAction","target":{"@type":"EntryPoint","urlTemplate":"https:\/\/vitamines.com\/de\/?s={search_term_string}"},"query-input":{"@type":"PropertyValueSpecification","valueRequired":true,"valueName":"search_term_string"}}],"inLanguage":"de"},{"@type":["Organization","Place","HealthAndBeautyBusiness"],"@id":"https:\/\/vitamines.com\/de\/#organization","name":"Vitamines","alternateName":"Vitamins","url":"https:\/\/vitamines.com\/de\/","logo":{"@id":"https:\/\/vitamines.com\/de\/product\/herbolist-whey-protein-vanille\/#local-main-organization-logo"},"image":{"@id":"https:\/\/vitamines.com\/de\/product\/herbolist-whey-protein-vanille\/#local-main-organization-logo"},"sameAs":["https:\/\/www.facebook.com\/vitaminescom\/","https:\/\/x.com\/vitaminescom","https:\/\/www.instagram.com\/vitaminescom\/","https:\/\/www.linkedin.com\/company\/vitaminescom\/","https:\/\/nl.pinterest.com\/vitaminescom\/","https:\/\/www.tiktok.com\/@vitamines.com","https:\/\/www.youtube.com\/@vitaminescom","https:\/\/nl.trustpilot.com\/review\/vitamines.com"],"description":"Vitamines koop je natuurlijk op Vitamines.com. Keus uit meer dan 10.000 vitaminen & supplementen, direct uit voorraad leverbaar. Denk hierbij aan vitamine A, vitamine B, vitamine C, vitamine D, calcium, chroom, ijzer, kalium of koper. Maar ook eiwitten (prote\u00efne), magnesium, mangaan, selenium, collageen poeder en multivitaminen zijn populaire voedingssupplementen die je kunt bestellen in de webshop van Vitamines.","legalName":"Vitamines.com B.V.","foundingDate":"1997-08-15","numberOfEmployees":{"@type":"QuantitativeValue","minValue":"11","maxValue":"50"},"address":{"@id":"https:\/\/vitamines.com\/de\/product\/herbolist-whey-protein-vanille\/#local-main-place-address"},"telephone":["020 308 6875"],"contactPoint":{"@type":"ContactPoint","email":"support@vitamines.com"},"openingHoursSpecification":{"@type":"OpeningHoursSpecification","dayOfWeek":["Monday","Tuesday","Wednesday","Thursday","Friday","Saturday","Sunday"],"opens":"00:00","closes":"23:59"},"priceRange":"$$","currenciesAccepted":"EUR"},{"@type":"PostalAddress","@id":"https:\/\/vitamines.com\/de\/product\/herbolist-whey-protein-vanille\/#local-main-place-address","streetAddress":"Professor J.H. Bavincklaan 2","addressLocality":"Amstelveen","postalCode":"1183 AT","addressRegion":"NH","addressCountry":"NL"},{"@type":"ImageObject","inLanguage":"de","@id":"https:\/\/vitamines.com\/de\/product\/herbolist-whey-protein-vanille\/#local-main-organization-logo","url":"https:\/\/vitamines.com\/wp-content\/uploads\/2024\/10\/vitamines.svg","contentUrl":"https:\/\/vitamines.com\/wp-content\/uploads\/2024\/10\/vitamines.svg","width":132,"height":24,"caption":"Vitamines"}]},"product_brand":"Herbolist","product_price_amount":"24.95","product_price_currency":"EUR","og_availability":"instock","product_availability":"instock","product_retailer_item_id":"HER-WHEFA-vanille","product_condition":"new","geo.placename":"Amstelveen","geo.region":"Niederlande"},"_links":{"self":[{"href":"https:\/\/vitamines.com\/de\/wp-json\/wp\/v2\/product\/1553121","targetHints":{"allow":["GET"]}}],"collection":[{"href":"https:\/\/vitamines.com\/de\/wp-json\/wp\/v2\/product"}],"about":[{"href":"https:\/\/vitamines.com\/de\/wp-json\/wp\/v2\/types\/product"}],"replies":[{"embeddable":true,"href":"https:\/\/vitamines.com\/de\/wp-json\/wp\/v2\/comments?post=1553121"}],"wp:featuredmedia":[{"embeddable":true,"href":"https:\/\/vitamines.com\/de\/wp-json\/wp\/v2\/media\/1556947"}],"wp:attachment":[{"href":"https:\/\/vitamines.com\/de\/wp-json\/wp\/v2\/media?parent=1553121"}],"wp:term":[{"taxonomy":"product_brand","embeddable":true,"href":"https:\/\/vitamines.com\/de\/wp-json\/wp\/v2\/product_brand?post=1553121"},{"taxonomy":"product_cat","embeddable":true,"href":"https:\/\/vitamines.com\/de\/wp-json\/wp\/v2\/product_cat?post=1553121"},{"taxonomy":"product_tag","embeddable":true,"href":"https:\/\/vitamines.com\/de\/wp-json\/wp\/v2\/product_tag?post=1553121"},{"taxonomy":"merken","embeddable":true,"href":"https:\/\/vitamines.com\/de\/wp-json\/wp\/v2\/merken?post=1553121"},{"taxonomy":"producttype","embeddable":true,"href":"https:\/\/vitamines.com\/de\/wp-json\/wp\/v2\/producttype?post=1553121"},{"taxonomy":"aanbieding","embeddable":true,"href":"https:\/\/vitamines.com\/de\/wp-json\/wp\/v2\/aanbieding?post=1553121"}],"curies":[{"name":"wp","href":"https:\/\/api.w.org\/{rel}","templated":true}]}}