{"id":1553132,"date":"2025-10-29T11:26:40","date_gmt":"2025-10-29T10:26:40","guid":{"rendered":"https:\/\/vitamines.com\/product\/herbolist-multi-mama-frau\/"},"modified":"2026-02-26T11:24:12","modified_gmt":"2026-02-26T10:24:12","slug":"herbolist-multi-mama-frau","status":"publish","type":"product","link":"https:\/\/vitamines.com\/de\/product\/herbolist-multi-mama-frau\/","title":{"rendered":"Herbolist Multi Mama Frau"},"content":{"rendered":"<p data-pm-slice=\"1 1 []\">Wir bei Herbolist wissen, dass Mutterschaft viel Energie, Widerstandsf\u00e4higkeit und F\u00fcrsorge erfordert \u2013 f\u00fcr andere und f\u00fcr sich selbst.<\/p>\n<p><strong>Herbolist Multivitamin Mama<\/strong> wurde speziell f\u00fcr Frauen entwickelt, die ihren K\u00f6rper w\u00e4hrend oder nach der Schwangerschaft zus\u00e4tzlich unterst\u00fctzen m\u00f6chten.<\/p>\n<p>Diese ausgewogene Formel enth\u00e4lt eine Kombination aus <strong>Vitaminen, Mineralien, Cholin und Kr\u00e4utern<\/strong>, die sorgf\u00e4ltig auf die Bed\u00fcrfnisse von M\u00fcttern abgestimmt ist.<\/p>\n<p>Die <strong>B-Vitamine und Vitamin C<\/strong> helfen bei <strong>M\u00fcdigkeit und unterst\u00fctzen das Energieniveau<\/strong>. <strong>Vitamin B6<\/strong> tr\u00e4gt zur <strong>Regulierung der hormonellen Aktivit\u00e4t<\/strong> bei, w\u00e4hrend <strong>Vitamin C, D und Zink<\/strong> das <strong>Immunsystem<\/strong> unterst\u00fctzen.<\/p>\n<p>Wie immer werden Herbolist-Nahrungserg\u00e4nzungsmittel in <strong>den Niederlanden entwickelt und hergestellt<\/strong>, gem\u00e4\u00df den strengsten Qualit\u00e4tsstandards.<\/p>\n<p>Ohne unn\u00f6tige Zus\u00e4tze \u2013 pur, zuverl\u00e4ssig und mit Fokus auf Ihr Wohlbefinden.<\/p>\n<p>Herbolist Multivitamin Mama \u2013 f\u00fcr Frauen, die jeden Tag viel geben und es verdienen, auch gut f\u00fcr sich selbst zu sorgen.<\/p>\n","protected":false},"excerpt":{"rendered":"<p data-pm-slice=\"1 1 []\">Wir bei Herbolist wissen, dass Mutterschaft viel Energie, Widerstandsf\u00e4higkeit und F\u00fcrsorge erfordert \u2013 f\u00fcr andere und f\u00fcr sich selbst.<\/p>\n<p><strong>Herbolist Multivitamin Mama<\/strong> wurde speziell f\u00fcr Frauen entwickelt, die ihren K\u00f6rper w\u00e4hrend oder nach der Schwangerschaft zus\u00e4tzlich unterst\u00fctzen m\u00f6chten.<\/p>\n<p>Diese ausgewogene Formel enth\u00e4lt eine Kombination aus <strong>Vitaminen, Mineralien, Cholin und Kr\u00e4utern<\/strong>, die sorgf\u00e4ltig auf die Bed\u00fcrfnisse von M\u00fcttern abgestimmt ist.<\/p>\n<p>Die <strong>B-Vitamine und Vitamin C<\/strong> helfen bei <strong>M\u00fcdigkeit und unterst\u00fctzen das Energieniveau<\/strong>. <strong>Vitamin B6<\/strong> tr\u00e4gt zur <strong>Regulierung der hormonellen Aktivit\u00e4t<\/strong> bei, w\u00e4hrend <strong>Vitamin C, D und Zink<\/strong> das <strong>Immunsystem<\/strong> unterst\u00fctzen.<\/p>\n<p>Wie immer werden Herbolist-Nahrungserg\u00e4nzungsmittel in <strong>den Niederlanden entwickelt und hergestellt<\/strong>, gem\u00e4\u00df den strengsten Qualit\u00e4tsstandards.<\/p>\n<p>Ohne unn\u00f6tige Zus\u00e4tze \u2013 pur, zuverl\u00e4ssig und mit Fokus auf Ihr Wohlbefinden.<\/p>\n<p>Herbolist Multivitamin Mama \u2013 f\u00fcr Frauen, die jeden Tag viel geben und es verdienen, auch gut f\u00fcr sich selbst zu sorgen.<\/p>\n","protected":false},"featured_media":1556943,"comment_status":"open","ping_status":"closed","template":"","meta":{"_acf_changed":false,"inline_featured_image":false},"product_brand":[],"product_cat":[2248,2247,2535,2306,2330,2339,2342,2480,2475,2476,2479,2477,2478,2513,2351,2354,2250,2474],"product_tag":[],"merken":[349],"producttype":[342],"aanbieding":[],"class_list":{"0":"post-1553132","1":"product","2":"type-product","3":"status-publish","4":"has-post-thumbnail","6":"product_cat-angebote","7":"product_cat-bestseller","8":"product_cat-biotin","9":"product_cat-kollagen","10":"product_cat-magnesium","11":"product_cat-vitamin-a","12":"product_cat-vitamin-b","13":"product_cat-vitamin-b1","14":"product_cat-vitamin-b12","15":"product_cat-vitamin-b2","16":"product_cat-vitamin-b3","17":"product_cat-vitamin-b5","18":"product_cat-vitamin-b6","19":"product_cat-vitamin-d3","20":"product_cat-vitamin-e","21":"product_cat-vitamin-k","22":"product_cat-vitamine-nahrungserganzungsmittel","23":"product_cat-zink","24":"merken-herbolist","25":"producttype-tablet","27":"first","28":"instock","29":"sale","30":"taxable","31":"shipping-taxable","32":"purchasable","33":"product-type-simple"},"bundled_by":[],"bundle_stock_status":"instock","bundle_stock_quantity":null,"bundle_virtual":false,"bundle_layout":"","bundle_add_to_cart_form_location":"","bundle_editable_in_cart":false,"bundle_sold_individually_context":"","bundle_item_grouping":"","bundle_min_size":"","bundle_max_size":"","bundle_price":[],"bundled_items":[],"bundle_sell_ids":[],"group_of_quantity":0,"min_quantity":0,"max_quantity":"","exclude_order_quantity_value_rules":"no","exclude_category_quantity_rules":"no","combine_variations":"no","acf":[],"yoast_head":"<!-- This site is optimized with the Yoast SEO Premium plugin v27.3 (Yoast SEO v27.3) - https:\/\/yoast.com\/product\/yoast-seo-premium-wordpress\/ -->\n<title>Herbolist Multi Mama Frau | Vitamines<\/title>\n<meta name=\"description\" content=\"Herbolist Multi Mama Frau kopen doe je voordelig in de shop van Vitamines. Vandaag besteld, morgen in huis. Wir bei Herbolist wissen, dass Mutterschaft viel Energie, Widerstandsf\u00e4higkeit und F\u00fcrsorge erfordert \u2013 f\u00fcr andere und f\u00fcr sich selbst. Herbolist Multivitamin Mama wurde speziell f\u00fcr Frauen entwickelt, die ihren K\u00f6rper w\u00e4hrend oder nach der Schwangerschaft zus\u00e4tzlich unterst\u00fctzen m\u00f6chten.  Diese ausgewogene Formel enth\u00e4lt eine Kombination aus Vitaminen, Mineralien, Cholin und Kr\u00e4utern, die sorgf\u00e4ltig auf die Bed\u00fcrfnisse von M\u00fcttern abgestimmt ist.  Die B-Vitamine und Vitamin C helfen bei M\u00fcdigkeit und unterst\u00fctzen das Energieniveau. Vitamin B6 tr\u00e4gt zur Regulierung der hormonellen Aktivit\u00e4t bei, w\u00e4hrend Vitamin C, D und Zink das Immunsystem unterst\u00fctzen.  Wie immer werden Herbolist-Nahrungserg\u00e4nzungsmittel in den Niederlanden entwickelt und hergestellt, gem\u00e4\u00df den strengsten Qualit\u00e4tsstandards.  Ohne unn\u00f6tige Zus\u00e4tze \u2013 pur, zuverl\u00e4ssig und mit Fokus auf Ihr Wohlbefinden.  Herbolist Multivitamin Mama \u2013 f\u00fcr Frauen, die jeden Tag viel geben und es verdienen, auch gut f\u00fcr sich selbst zu sorgen.\" \/>\n<meta name=\"robots\" content=\"index, follow, max-snippet:-1, max-image-preview:large, max-video-preview:-1\" \/>\n<link rel=\"canonical\" href=\"https:\/\/vitamines.com\/de\/product\/herbolist-multi-mama-frau\/\" \/>\n<meta property=\"og:locale\" content=\"de_DE\" \/>\n<meta property=\"og:type\" content=\"article\" \/>\n<meta property=\"og:title\" content=\"Herbolist Multi Mama Frau | Vitamines\" \/>\n<meta property=\"og:description\" content=\"Wir bei Herbolist wissen, dass Mutterschaft viel Energie, Widerstandsf\u00e4higkeit und F\u00fcrsorge erfordert \u2013 f\u00fcr andere und f\u00fcr sich selbst. Herbolist Multivitamin Mama wurde speziell f\u00fcr Frauen entwickelt, die ihren K\u00f6rper w\u00e4hrend oder nach der Schwangerschaft zus\u00e4tzlich unterst\u00fctzen m\u00f6chten.  Diese ausgewogene Formel enth\u00e4lt eine Kombination aus Vitaminen, Mineralien, Cholin und Kr\u00e4utern, die sorgf\u00e4ltig auf die Bed\u00fcrfnisse von M\u00fcttern abgestimmt ist.  Die B-Vitamine und Vitamin C helfen bei M\u00fcdigkeit und unterst\u00fctzen das Energieniveau. Vitamin B6 tr\u00e4gt zur Regulierung der hormonellen Aktivit\u00e4t bei, w\u00e4hrend Vitamin C, D und Zink das Immunsystem unterst\u00fctzen.  Wie immer werden Herbolist-Nahrungserg\u00e4nzungsmittel in den Niederlanden entwickelt und hergestellt, gem\u00e4\u00df den strengsten Qualit\u00e4tsstandards.  Ohne unn\u00f6tige Zus\u00e4tze \u2013 pur, zuverl\u00e4ssig und mit Fokus auf Ihr Wohlbefinden.  Herbolist Multivitamin Mama \u2013 f\u00fcr Frauen, die jeden Tag viel geben und es verdienen, auch gut f\u00fcr sich selbst zu sorgen.\" \/>\n<meta property=\"og:url\" content=\"https:\/\/vitamines.com\/de\/product\/herbolist-multi-mama-frau\/\" \/>\n<meta property=\"og:site_name\" content=\"Vitamines\" \/>\n<meta property=\"article:publisher\" content=\"https:\/\/www.facebook.com\/vitaminescom\/\" \/>\n<meta property=\"article:modified_time\" content=\"2026-02-26T10:24:12+00:00\" \/>\n<meta property=\"og:image\" content=\"https:\/\/vitamines.com\/wp-content\/uploads\/2025\/10\/Herbolist-Multi-Mama-11.png\" \/>\n\t<meta property=\"og:image:width\" content=\"1080\" \/>\n\t<meta property=\"og:image:height\" content=\"1080\" \/>\n\t<meta property=\"og:image:type\" content=\"image\/png\" \/>\n<meta name=\"twitter:card\" content=\"summary_large_image\" \/>\n<meta name=\"twitter:site\" content=\"@vitaminescom\" \/>\n<meta name=\"twitter:label1\" content=\"Preis\" \/>\n\t<meta name=\"twitter:data1\" content=\"&euro;19.99\" \/>\n\t<meta name=\"twitter:label2\" content=\"Verf\u00fcgbarkeit\" \/>\n\t<meta name=\"twitter:data2\" content=\"Auf Lager\" \/>\n<script type=\"application\/ld+json\" class=\"yoast-schema-graph\">{\"@context\":\"https:\\\/\\\/schema.org\",\"@graph\":[{\"@type\":[\"WebPage\",\"ItemPage\"],\"@id\":\"https:\\\/\\\/vitamines.com\\\/de\\\/product\\\/herbolist-multi-mama-frau\\\/\",\"url\":\"https:\\\/\\\/vitamines.com\\\/de\\\/product\\\/herbolist-multi-mama-frau\\\/\",\"name\":\"Herbolist Multi Mama Frau | Vitamines\",\"isPartOf\":{\"@id\":\"https:\\\/\\\/vitamines.com\\\/de\\\/#website\"},\"primaryImageOfPage\":{\"@id\":\"https:\\\/\\\/vitamines.com\\\/de\\\/product\\\/herbolist-multi-mama-frau\\\/#primaryimage\"},\"image\":{\"@id\":\"https:\\\/\\\/vitamines.com\\\/de\\\/product\\\/herbolist-multi-mama-frau\\\/#primaryimage\"},\"thumbnailUrl\":\"https:\\\/\\\/vitamines.com\\\/wp-content\\\/uploads\\\/2025\\\/10\\\/Herbolist-Multi-Mama-11.png\",\"datePublished\":\"2025-10-29T10:26:40+00:00\",\"dateModified\":\"2026-02-26T10:24:12+00:00\",\"description\":\"Herbolist Multi Mama Frau kopen doe je voordelig in de shop van Vitamines. Vandaag besteld, morgen in huis. Wir bei Herbolist wissen, dass Mutterschaft viel Energie, Widerstandsf\u00e4higkeit und F\u00fcrsorge erfordert \u2013 f\u00fcr andere und f\u00fcr sich selbst. Herbolist Multivitamin Mama wurde speziell f\u00fcr Frauen entwickelt, die ihren K\u00f6rper w\u00e4hrend oder nach der Schwangerschaft zus\u00e4tzlich unterst\u00fctzen m\u00f6chten. Diese ausgewogene Formel enth\u00e4lt eine Kombination aus Vitaminen, Mineralien, Cholin und Kr\u00e4utern, die sorgf\u00e4ltig auf die Bed\u00fcrfnisse von M\u00fcttern abgestimmt ist. Die B-Vitamine und Vitamin C helfen bei M\u00fcdigkeit und unterst\u00fctzen das Energieniveau. Vitamin B6 tr\u00e4gt zur Regulierung der hormonellen Aktivit\u00e4t bei, w\u00e4hrend Vitamin C, D und Zink das Immunsystem unterst\u00fctzen. Wie immer werden Herbolist-Nahrungserg\u00e4nzungsmittel in den Niederlanden entwickelt und hergestellt, gem\u00e4\u00df den strengsten Qualit\u00e4tsstandards. Ohne unn\u00f6tige Zus\u00e4tze \u2013 pur, zuverl\u00e4ssig und mit Fokus auf Ihr Wohlbefinden. Herbolist Multivitamin Mama \u2013 f\u00fcr Frauen, die jeden Tag viel geben und es verdienen, auch gut f\u00fcr sich selbst zu sorgen.\",\"breadcrumb\":{\"@id\":\"https:\\\/\\\/vitamines.com\\\/de\\\/product\\\/herbolist-multi-mama-frau\\\/#breadcrumb\"},\"inLanguage\":\"de\",\"potentialAction\":[{\"@type\":\"ReadAction\",\"target\":[\"https:\\\/\\\/vitamines.com\\\/de\\\/product\\\/herbolist-multi-mama-frau\\\/\"]}]},{\"@type\":\"ImageObject\",\"inLanguage\":\"de\",\"@id\":\"https:\\\/\\\/vitamines.com\\\/de\\\/product\\\/herbolist-multi-mama-frau\\\/#primaryimage\",\"url\":\"https:\\\/\\\/vitamines.com\\\/wp-content\\\/uploads\\\/2025\\\/10\\\/Herbolist-Multi-Mama-11.png\",\"contentUrl\":\"https:\\\/\\\/vitamines.com\\\/wp-content\\\/uploads\\\/2025\\\/10\\\/Herbolist-Multi-Mama-11.png\",\"width\":1080,\"height\":1080},{\"@type\":\"BreadcrumbList\",\"@id\":\"https:\\\/\\\/vitamines.com\\\/de\\\/product\\\/herbolist-multi-mama-frau\\\/#breadcrumb\",\"itemListElement\":[{\"@type\":\"ListItem\",\"position\":1,\"name\":\"Home\",\"item\":\"https:\\\/\\\/vitamines.com\\\/de\\\/\"},{\"@type\":\"ListItem\",\"position\":2,\"name\":\"Herbolist Multi Mama Frau\"}]},{\"@type\":\"WebSite\",\"@id\":\"https:\\\/\\\/vitamines.com\\\/de\\\/#website\",\"url\":\"https:\\\/\\\/vitamines.com\\\/de\\\/\",\"name\":\"Vitamines\",\"description\":\"Alle kwalitatieve vitamines, mineralen en supplementen bij d\u00e9 vitamine experts van Belgi\u00eb en Nederland.\",\"publisher\":{\"@id\":\"https:\\\/\\\/vitamines.com\\\/de\\\/#organization\"},\"alternateName\":\"Vitamins\",\"potentialAction\":[{\"@type\":\"SearchAction\",\"target\":{\"@type\":\"EntryPoint\",\"urlTemplate\":\"https:\\\/\\\/vitamines.com\\\/de\\\/?s={search_term_string}\"},\"query-input\":{\"@type\":\"PropertyValueSpecification\",\"valueRequired\":true,\"valueName\":\"search_term_string\"}}],\"inLanguage\":\"de\"},{\"@type\":[\"Organization\",\"Place\",\"HealthAndBeautyBusiness\"],\"@id\":\"https:\\\/\\\/vitamines.com\\\/de\\\/#organization\",\"name\":\"Vitamines\",\"alternateName\":\"Vitamins\",\"url\":\"https:\\\/\\\/vitamines.com\\\/de\\\/\",\"logo\":{\"@id\":\"https:\\\/\\\/vitamines.com\\\/de\\\/product\\\/herbolist-multi-mama-frau\\\/#local-main-organization-logo\"},\"image\":{\"@id\":\"https:\\\/\\\/vitamines.com\\\/de\\\/product\\\/herbolist-multi-mama-frau\\\/#local-main-organization-logo\"},\"sameAs\":[\"https:\\\/\\\/www.facebook.com\\\/vitaminescom\\\/\",\"https:\\\/\\\/x.com\\\/vitaminescom\",\"https:\\\/\\\/www.instagram.com\\\/vitaminescom\\\/\",\"https:\\\/\\\/www.linkedin.com\\\/company\\\/vitaminescom\\\/\",\"https:\\\/\\\/nl.pinterest.com\\\/vitaminescom\\\/\",\"https:\\\/\\\/www.tiktok.com\\\/@vitamines.com\",\"https:\\\/\\\/www.youtube.com\\\/@vitaminescom\",\"https:\\\/\\\/nl.trustpilot.com\\\/review\\\/vitamines.com\"],\"description\":\"Vitamines koop je natuurlijk op Vitamines.com. Keus uit meer dan 10.000 vitaminen & supplementen, direct uit voorraad leverbaar. Denk hierbij aan vitamine A, vitamine B, vitamine C, vitamine D, calcium, chroom, ijzer, kalium of koper. Maar ook eiwitten (prote\u00efne), magnesium, mangaan, selenium, collageen poeder en multivitaminen zijn populaire voedingssupplementen die je kunt bestellen in de webshop van Vitamines.\",\"legalName\":\"Vitamines.com B.V.\",\"foundingDate\":\"1997-08-15\",\"numberOfEmployees\":{\"@type\":\"QuantitativeValue\",\"minValue\":\"11\",\"maxValue\":\"50\"},\"address\":{\"@id\":\"https:\\\/\\\/vitamines.com\\\/de\\\/product\\\/herbolist-multi-mama-frau\\\/#local-main-place-address\"},\"telephone\":[\"020 308 6875\"],\"contactPoint\":{\"@type\":\"ContactPoint\",\"email\":\"support@vitamines.com\"},\"openingHoursSpecification\":{\"@type\":\"OpeningHoursSpecification\",\"dayOfWeek\":[\"Monday\",\"Tuesday\",\"Wednesday\",\"Thursday\",\"Friday\",\"Saturday\",\"Sunday\"],\"opens\":\"00:00\",\"closes\":\"23:59\"},\"priceRange\":\"$$\",\"currenciesAccepted\":\"EUR\"},{\"@type\":\"PostalAddress\",\"@id\":\"https:\\\/\\\/vitamines.com\\\/de\\\/product\\\/herbolist-multi-mama-frau\\\/#local-main-place-address\",\"streetAddress\":\"Professor J.H. Bavincklaan 2\",\"addressLocality\":\"Amstelveen\",\"postalCode\":\"1183 AT\",\"addressRegion\":\"NH\",\"addressCountry\":\"NL\"},{\"@type\":\"ImageObject\",\"inLanguage\":\"de\",\"@id\":\"https:\\\/\\\/vitamines.com\\\/de\\\/product\\\/herbolist-multi-mama-frau\\\/#local-main-organization-logo\",\"url\":\"https:\\\/\\\/vitamines.com\\\/wp-content\\\/uploads\\\/2024\\\/10\\\/vitamines.svg\",\"contentUrl\":\"https:\\\/\\\/vitamines.com\\\/wp-content\\\/uploads\\\/2024\\\/10\\\/vitamines.svg\",\"width\":132,\"height\":24,\"caption\":\"Vitamines\"}]}<\/script>\n<meta property=\"product:brand\" content=\"Herbolist\" \/>\n<meta property=\"product:price:amount\" content=\"19.99\" \/>\n<meta property=\"product:price:currency\" content=\"EUR\" \/>\n<meta property=\"og:availability\" content=\"instock\" \/>\n<meta property=\"product:availability\" content=\"instock\" \/>\n<meta property=\"product:retailer_item_id\" content=\"Herbolist Mama vrouw\" \/>\n<meta property=\"product:condition\" content=\"new\" \/>\n<meta name=\"geo.placename\" content=\"Amstelveen\" \/>\n<meta name=\"geo.region\" content=\"Niederlande\" \/>\n<!-- \/ Yoast SEO Premium plugin. -->","yoast_head_json":{"title":"Herbolist Multi Mama Frau | Vitamines","description":"Herbolist Multi Mama Frau kopen doe je voordelig in de shop van Vitamines. Vandaag besteld, morgen in huis. Wir bei Herbolist wissen, dass Mutterschaft viel Energie, Widerstandsf\u00e4higkeit und F\u00fcrsorge erfordert \u2013 f\u00fcr andere und f\u00fcr sich selbst. Herbolist Multivitamin Mama wurde speziell f\u00fcr Frauen entwickelt, die ihren K\u00f6rper w\u00e4hrend oder nach der Schwangerschaft zus\u00e4tzlich unterst\u00fctzen m\u00f6chten.  Diese ausgewogene Formel enth\u00e4lt eine Kombination aus Vitaminen, Mineralien, Cholin und Kr\u00e4utern, die sorgf\u00e4ltig auf die Bed\u00fcrfnisse von M\u00fcttern abgestimmt ist.  Die B-Vitamine und Vitamin C helfen bei M\u00fcdigkeit und unterst\u00fctzen das Energieniveau. Vitamin B6 tr\u00e4gt zur Regulierung der hormonellen Aktivit\u00e4t bei, w\u00e4hrend Vitamin C, D und Zink das Immunsystem unterst\u00fctzen.  Wie immer werden Herbolist-Nahrungserg\u00e4nzungsmittel in den Niederlanden entwickelt und hergestellt, gem\u00e4\u00df den strengsten Qualit\u00e4tsstandards.  Ohne unn\u00f6tige Zus\u00e4tze \u2013 pur, zuverl\u00e4ssig und mit Fokus auf Ihr Wohlbefinden.  Herbolist Multivitamin Mama \u2013 f\u00fcr Frauen, die jeden Tag viel geben und es verdienen, auch gut f\u00fcr sich selbst zu sorgen.","robots":{"index":"index","follow":"follow","max-snippet":"max-snippet:-1","max-image-preview":"max-image-preview:large","max-video-preview":"max-video-preview:-1"},"canonical":"https:\/\/vitamines.com\/de\/product\/herbolist-multi-mama-frau\/","og_locale":"de_DE","og_type":"article","og_title":"Herbolist Multi Mama Frau | Vitamines","og_description":"Wir bei Herbolist wissen, dass Mutterschaft viel Energie, Widerstandsf\u00e4higkeit und F\u00fcrsorge erfordert \u2013 f\u00fcr andere und f\u00fcr sich selbst. Herbolist Multivitamin Mama wurde speziell f\u00fcr Frauen entwickelt, die ihren K\u00f6rper w\u00e4hrend oder nach der Schwangerschaft zus\u00e4tzlich unterst\u00fctzen m\u00f6chten.  Diese ausgewogene Formel enth\u00e4lt eine Kombination aus Vitaminen, Mineralien, Cholin und Kr\u00e4utern, die sorgf\u00e4ltig auf die Bed\u00fcrfnisse von M\u00fcttern abgestimmt ist.  Die B-Vitamine und Vitamin C helfen bei M\u00fcdigkeit und unterst\u00fctzen das Energieniveau. Vitamin B6 tr\u00e4gt zur Regulierung der hormonellen Aktivit\u00e4t bei, w\u00e4hrend Vitamin C, D und Zink das Immunsystem unterst\u00fctzen.  Wie immer werden Herbolist-Nahrungserg\u00e4nzungsmittel in den Niederlanden entwickelt und hergestellt, gem\u00e4\u00df den strengsten Qualit\u00e4tsstandards.  Ohne unn\u00f6tige Zus\u00e4tze \u2013 pur, zuverl\u00e4ssig und mit Fokus auf Ihr Wohlbefinden.  Herbolist Multivitamin Mama \u2013 f\u00fcr Frauen, die jeden Tag viel geben und es verdienen, auch gut f\u00fcr sich selbst zu sorgen.","og_url":"https:\/\/vitamines.com\/de\/product\/herbolist-multi-mama-frau\/","og_site_name":"Vitamines","article_publisher":"https:\/\/www.facebook.com\/vitaminescom\/","article_modified_time":"2026-02-26T10:24:12+00:00","og_image":[{"width":1080,"height":1080,"url":"https:\/\/vitamines.com\/wp-content\/uploads\/2025\/10\/Herbolist-Multi-Mama-11.png","type":"image\/png"}],"twitter_card":"summary_large_image","twitter_site":"@vitaminescom","twitter_misc":{"Preis":"&euro;19.99","Verf\u00fcgbarkeit":"Auf Lager"},"schema":{"@context":"https:\/\/schema.org","@graph":[{"@type":["WebPage","ItemPage"],"@id":"https:\/\/vitamines.com\/de\/product\/herbolist-multi-mama-frau\/","url":"https:\/\/vitamines.com\/de\/product\/herbolist-multi-mama-frau\/","name":"Herbolist Multi Mama Frau | Vitamines","isPartOf":{"@id":"https:\/\/vitamines.com\/de\/#website"},"primaryImageOfPage":{"@id":"https:\/\/vitamines.com\/de\/product\/herbolist-multi-mama-frau\/#primaryimage"},"image":{"@id":"https:\/\/vitamines.com\/de\/product\/herbolist-multi-mama-frau\/#primaryimage"},"thumbnailUrl":"https:\/\/vitamines.com\/wp-content\/uploads\/2025\/10\/Herbolist-Multi-Mama-11.png","datePublished":"2025-10-29T10:26:40+00:00","dateModified":"2026-02-26T10:24:12+00:00","description":"Herbolist Multi Mama Frau kopen doe je voordelig in de shop van Vitamines. Vandaag besteld, morgen in huis. Wir bei Herbolist wissen, dass Mutterschaft viel Energie, Widerstandsf\u00e4higkeit und F\u00fcrsorge erfordert \u2013 f\u00fcr andere und f\u00fcr sich selbst. Herbolist Multivitamin Mama wurde speziell f\u00fcr Frauen entwickelt, die ihren K\u00f6rper w\u00e4hrend oder nach der Schwangerschaft zus\u00e4tzlich unterst\u00fctzen m\u00f6chten. Diese ausgewogene Formel enth\u00e4lt eine Kombination aus Vitaminen, Mineralien, Cholin und Kr\u00e4utern, die sorgf\u00e4ltig auf die Bed\u00fcrfnisse von M\u00fcttern abgestimmt ist. Die B-Vitamine und Vitamin C helfen bei M\u00fcdigkeit und unterst\u00fctzen das Energieniveau. Vitamin B6 tr\u00e4gt zur Regulierung der hormonellen Aktivit\u00e4t bei, w\u00e4hrend Vitamin C, D und Zink das Immunsystem unterst\u00fctzen. Wie immer werden Herbolist-Nahrungserg\u00e4nzungsmittel in den Niederlanden entwickelt und hergestellt, gem\u00e4\u00df den strengsten Qualit\u00e4tsstandards. Ohne unn\u00f6tige Zus\u00e4tze \u2013 pur, zuverl\u00e4ssig und mit Fokus auf Ihr Wohlbefinden. Herbolist Multivitamin Mama \u2013 f\u00fcr Frauen, die jeden Tag viel geben und es verdienen, auch gut f\u00fcr sich selbst zu sorgen.","breadcrumb":{"@id":"https:\/\/vitamines.com\/de\/product\/herbolist-multi-mama-frau\/#breadcrumb"},"inLanguage":"de","potentialAction":[{"@type":"ReadAction","target":["https:\/\/vitamines.com\/de\/product\/herbolist-multi-mama-frau\/"]}]},{"@type":"ImageObject","inLanguage":"de","@id":"https:\/\/vitamines.com\/de\/product\/herbolist-multi-mama-frau\/#primaryimage","url":"https:\/\/vitamines.com\/wp-content\/uploads\/2025\/10\/Herbolist-Multi-Mama-11.png","contentUrl":"https:\/\/vitamines.com\/wp-content\/uploads\/2025\/10\/Herbolist-Multi-Mama-11.png","width":1080,"height":1080},{"@type":"BreadcrumbList","@id":"https:\/\/vitamines.com\/de\/product\/herbolist-multi-mama-frau\/#breadcrumb","itemListElement":[{"@type":"ListItem","position":1,"name":"Home","item":"https:\/\/vitamines.com\/de\/"},{"@type":"ListItem","position":2,"name":"Herbolist Multi Mama Frau"}]},{"@type":"WebSite","@id":"https:\/\/vitamines.com\/de\/#website","url":"https:\/\/vitamines.com\/de\/","name":"Vitamines","description":"Alle kwalitatieve vitamines, mineralen en supplementen bij d\u00e9 vitamine experts van Belgi\u00eb en Nederland.","publisher":{"@id":"https:\/\/vitamines.com\/de\/#organization"},"alternateName":"Vitamins","potentialAction":[{"@type":"SearchAction","target":{"@type":"EntryPoint","urlTemplate":"https:\/\/vitamines.com\/de\/?s={search_term_string}"},"query-input":{"@type":"PropertyValueSpecification","valueRequired":true,"valueName":"search_term_string"}}],"inLanguage":"de"},{"@type":["Organization","Place","HealthAndBeautyBusiness"],"@id":"https:\/\/vitamines.com\/de\/#organization","name":"Vitamines","alternateName":"Vitamins","url":"https:\/\/vitamines.com\/de\/","logo":{"@id":"https:\/\/vitamines.com\/de\/product\/herbolist-multi-mama-frau\/#local-main-organization-logo"},"image":{"@id":"https:\/\/vitamines.com\/de\/product\/herbolist-multi-mama-frau\/#local-main-organization-logo"},"sameAs":["https:\/\/www.facebook.com\/vitaminescom\/","https:\/\/x.com\/vitaminescom","https:\/\/www.instagram.com\/vitaminescom\/","https:\/\/www.linkedin.com\/company\/vitaminescom\/","https:\/\/nl.pinterest.com\/vitaminescom\/","https:\/\/www.tiktok.com\/@vitamines.com","https:\/\/www.youtube.com\/@vitaminescom","https:\/\/nl.trustpilot.com\/review\/vitamines.com"],"description":"Vitamines koop je natuurlijk op Vitamines.com. Keus uit meer dan 10.000 vitaminen & supplementen, direct uit voorraad leverbaar. Denk hierbij aan vitamine A, vitamine B, vitamine C, vitamine D, calcium, chroom, ijzer, kalium of koper. Maar ook eiwitten (prote\u00efne), magnesium, mangaan, selenium, collageen poeder en multivitaminen zijn populaire voedingssupplementen die je kunt bestellen in de webshop van Vitamines.","legalName":"Vitamines.com B.V.","foundingDate":"1997-08-15","numberOfEmployees":{"@type":"QuantitativeValue","minValue":"11","maxValue":"50"},"address":{"@id":"https:\/\/vitamines.com\/de\/product\/herbolist-multi-mama-frau\/#local-main-place-address"},"telephone":["020 308 6875"],"contactPoint":{"@type":"ContactPoint","email":"support@vitamines.com"},"openingHoursSpecification":{"@type":"OpeningHoursSpecification","dayOfWeek":["Monday","Tuesday","Wednesday","Thursday","Friday","Saturday","Sunday"],"opens":"00:00","closes":"23:59"},"priceRange":"$$","currenciesAccepted":"EUR"},{"@type":"PostalAddress","@id":"https:\/\/vitamines.com\/de\/product\/herbolist-multi-mama-frau\/#local-main-place-address","streetAddress":"Professor J.H. Bavincklaan 2","addressLocality":"Amstelveen","postalCode":"1183 AT","addressRegion":"NH","addressCountry":"NL"},{"@type":"ImageObject","inLanguage":"de","@id":"https:\/\/vitamines.com\/de\/product\/herbolist-multi-mama-frau\/#local-main-organization-logo","url":"https:\/\/vitamines.com\/wp-content\/uploads\/2024\/10\/vitamines.svg","contentUrl":"https:\/\/vitamines.com\/wp-content\/uploads\/2024\/10\/vitamines.svg","width":132,"height":24,"caption":"Vitamines"}]},"product_brand":"Herbolist","product_price_amount":"19.99","product_price_currency":"EUR","og_availability":"instock","product_availability":"instock","product_retailer_item_id":"Herbolist Mama vrouw","product_condition":"new","geo.placename":"Amstelveen","geo.region":"Niederlande"},"_links":{"self":[{"href":"https:\/\/vitamines.com\/de\/wp-json\/wp\/v2\/product\/1553132","targetHints":{"allow":["GET"]}}],"collection":[{"href":"https:\/\/vitamines.com\/de\/wp-json\/wp\/v2\/product"}],"about":[{"href":"https:\/\/vitamines.com\/de\/wp-json\/wp\/v2\/types\/product"}],"replies":[{"embeddable":true,"href":"https:\/\/vitamines.com\/de\/wp-json\/wp\/v2\/comments?post=1553132"}],"wp:featuredmedia":[{"embeddable":true,"href":"https:\/\/vitamines.com\/de\/wp-json\/wp\/v2\/media\/1556943"}],"wp:attachment":[{"href":"https:\/\/vitamines.com\/de\/wp-json\/wp\/v2\/media?parent=1553132"}],"wp:term":[{"taxonomy":"product_brand","embeddable":true,"href":"https:\/\/vitamines.com\/de\/wp-json\/wp\/v2\/product_brand?post=1553132"},{"taxonomy":"product_cat","embeddable":true,"href":"https:\/\/vitamines.com\/de\/wp-json\/wp\/v2\/product_cat?post=1553132"},{"taxonomy":"product_tag","embeddable":true,"href":"https:\/\/vitamines.com\/de\/wp-json\/wp\/v2\/product_tag?post=1553132"},{"taxonomy":"merken","embeddable":true,"href":"https:\/\/vitamines.com\/de\/wp-json\/wp\/v2\/merken?post=1553132"},{"taxonomy":"producttype","embeddable":true,"href":"https:\/\/vitamines.com\/de\/wp-json\/wp\/v2\/producttype?post=1553132"},{"taxonomy":"aanbieding","embeddable":true,"href":"https:\/\/vitamines.com\/de\/wp-json\/wp\/v2\/aanbieding?post=1553132"}],"curies":[{"name":"wp","href":"https:\/\/api.w.org\/{rel}","templated":true}]}}