{"id":1553559,"date":"2023-01-19T09:23:48","date_gmt":"2023-01-19T08:23:48","guid":{"rendered":"https:\/\/vitamines.com\/product\/daily-co-fischoel-omega-3\/"},"modified":"2026-03-16T08:42:59","modified_gmt":"2026-03-16T07:42:59","slug":"daily-co-fischoel-omega-3","status":"publish","type":"product","link":"https:\/\/vitamines.com\/de\/product\/daily-co-fischoel-omega-3\/","title":{"rendered":"Daily Co Fisch\u00f6l Omega-3"},"content":{"rendered":"","protected":false},"excerpt":{"rendered":"<p>Suchen Sie nicht weiter! Ein sehr hochwertiges Fisch\u00f6l-Nahrungserg\u00e4nzungsmittel muss nicht teuer sein. Das beweist Daily Co Fisch\u00f6l Omega 3: satte 1.000 mg Fisch\u00f6l pro Softgel zu einem sehr niedrigen Preis.<\/p>\n<p><strong>Hohe Dosierung von EPA und DHA Fisch\u00f6l<\/strong><\/p>\n<p>Jede Softgel von Daily Co Fisch\u00f6l Forte enth\u00e4lt 1.000 mg Fisch\u00f6lkonzentrat mit 290 mg EPA und 183 mg DHA.<\/p>\n<p>Um die gleiche Menge an Omega-3-Fetts\u00e4uren aus Fisch zu erhalten, m\u00fcssten Sie t\u00e4glich 50 Gramm fetten Fisch konsumieren.<\/p>\n<p><strong>Was sagt der Gesundheitsrat?<\/strong><\/p>\n<p>Der Gesundheitsrat empfiehlt, mindestens einmal pro Woche Fisch zu essen. Mehr als 60 % der Niederl\u00e4nder schaffen dies jedoch nicht.<\/p>\n<p>Schade, denn Omega-3-Fetts\u00e4uren sind essentiell f\u00fcr eine gute Gesundheit. Insbesondere EPA und DHA sind so wertvoll, dass es Gesundheitsclaims daf\u00fcr gibt.<\/p>\n<p><strong>Wof\u00fcr ist Omega-3 gut?<\/strong><\/p>\n<p>Laut genehmigten EFSA-Claims unterst\u00fctzt eine t\u00e4gliche Einnahme von EPA und DHA das Herz, das Gehirn, das Sehverm\u00f6gen, die Triglyceridwerte und den Blutdruck bei bestimmten Mengen an Omega-3-Fetts\u00e4uren.<\/p>\n<p>Diese Claims d\u00fcrfen nur verwendet werden, wenn das Produkt die ben\u00f6tigten Mengen an EPA und\/oder DHA pro Tag liefert. Dies ist bei diesen Daily Co Fisch\u00f6l-Kapseln der Fall.<\/p>\n<p><strong>Unterst\u00fctzung der normalen Herzfunktion<\/strong><\/p>\n<p>Eine t\u00e4gliche Einnahme von 250 mg EPA und DHA tr\u00e4gt zur normalen Funktion des Herzens bei.<\/p>\n<p><strong>F\u00f6rderung eines normalen Sehverm\u00f6gens<\/strong><\/p>\n<p>DHA tr\u00e4gt zur Erhaltung eines normalen Sehverm\u00f6gens bei. Die positive Wirkung wird bei einer t\u00e4glichen Einnahme von 250 mg DHA erzielt.<\/p>\n<p><strong>Unterst\u00fctzung der normalen Gehirnfunktion<\/strong><\/p>\n<p>DHA tr\u00e4gt zur Erhaltung der normalen Gehirnfunktion bei. Die positive Wirkung wird bei einer t\u00e4glichen Einnahme von 250 mg DHA erzielt.<\/p>\n<p><strong>Unterst\u00fctzung des normalen Blutdrucks <\/strong><\/p>\n<p>DHA und EPA tragen zur Aufrechterhaltung eines normalen Blutdrucks bei. Die positive Wirkung wird bei einer t\u00e4glichen Einnahme von 3 Gramm DHA und EPA zusammen erzielt.<\/p>\n<p><strong>Daily Co Fisch\u00f6l ist das beste Angebot<\/strong><\/p>\n<p>Wir sehen regelm\u00e4\u00dfig Fisch\u00f6l-Kapseln mit sehr hohen Preisen. Dennoch beweist Daily Co, dass ein hochwertiges Omega-3-Nahrungserg\u00e4nzungsmittel absolut nicht teuer sein muss.<\/p>\n<p>Zahlen Sie nicht zu viel: Daily Co Fisch\u00f6l ist ein No-Brainer, genau wie DHA f\u00fcr Ihr Gehirn \ud83d\ude09<\/p>\n","protected":false},"featured_media":1556684,"comment_status":"open","ping_status":"closed","template":"","meta":{"_acf_changed":false,"inline_featured_image":false},"product_brand":[],"product_cat":[2248,2247,2309,2366,2561,2562,2250],"product_tag":[2563,2496,2502],"merken":[527],"producttype":[346],"aanbieding":[],"class_list":{"0":"post-1553559","1":"product","2":"type-product","3":"status-publish","4":"has-post-thumbnail","6":"product_cat-angebote","7":"product_cat-bestseller","8":"product_cat-erganzungen","9":"product_cat-fischoel","10":"product_cat-fischol-omega","11":"product_cat-schwangerschaft","12":"product_cat-vitamine-nahrungserganzungsmittel","13":"product_tag-herz-und-blutgefase","14":"product_tag-konzentration","15":"product_tag-schwangerschaft","16":"merken-daily-co","17":"producttype-softgel","19":"first","20":"outofstock","21":"taxable","22":"shipping-taxable","23":"purchasable","24":"product-type-simple"},"bundled_by":[],"bundle_stock_status":"outofstock","bundle_stock_quantity":null,"bundle_virtual":false,"bundle_layout":"","bundle_add_to_cart_form_location":"","bundle_editable_in_cart":false,"bundle_sold_individually_context":"","bundle_item_grouping":"","bundle_min_size":"","bundle_max_size":"","bundle_price":[],"bundled_items":[],"bundle_sell_ids":[],"group_of_quantity":0,"min_quantity":0,"max_quantity":"","exclude_order_quantity_value_rules":"no","exclude_category_quantity_rules":"no","combine_variations":"no","acf":[],"yoast_head":"<!-- This site is optimized with the Yoast SEO Premium plugin v27.3 (Yoast SEO v27.3) - https:\/\/yoast.com\/product\/yoast-seo-premium-wordpress\/ -->\n<title>Daily Co Fisch\u00f6l Omega-3 | Vitamines<\/title>\n<meta name=\"description\" content=\"Daily Co Fisch\u00f6l Omega-3 bietet hochwertige Fisch\u00f6lkapseln zu einem g\u00fcnstigen Preis. Hohe Dosierung von EPA und DHA. Heute bestellt, morgen im Haus.\" \/>\n<meta name=\"robots\" content=\"index, follow, max-snippet:-1, max-image-preview:large, max-video-preview:-1\" \/>\n<link rel=\"canonical\" href=\"https:\/\/vitamines.com\/de\/product\/daily-co-fischoel-omega-3\/\" \/>\n<meta property=\"og:locale\" content=\"de_DE\" \/>\n<meta property=\"og:type\" content=\"article\" \/>\n<meta property=\"og:title\" content=\"Daily Co Fisch\u00f6l Omega-3 | Vitamines\" \/>\n<meta property=\"og:description\" content=\"Suchen Sie nicht weiter! Ein sehr hochwertiges Fisch\u00f6l-Nahrungserg\u00e4nzungsmittel muss nicht teuer sein. Das beweist Daily Co Fisch\u00f6l Omega 3: satte 1.000 mg Fisch\u00f6l pro Softgel zu einem sehr niedrigen Preis.  Hohe Dosierung von EPA und DHA Fisch\u00f6l  Jede Softgel von Daily Co Fisch\u00f6l Forte enth\u00e4lt 1.000 mg Fisch\u00f6lkonzentrat mit 290 mg EPA und 183 mg DHA.  Um die gleiche Menge an Omega-3-Fetts\u00e4uren aus Fisch zu erhalten, m\u00fcssten Sie t\u00e4glich 50 Gramm fetten Fisch konsumieren.  Was sagt der Gesundheitsrat?  Der Gesundheitsrat empfiehlt, mindestens einmal pro Woche Fisch zu essen. Mehr als 60 % der Niederl\u00e4nder schaffen dies jedoch nicht.  Schade, denn Omega-3-Fetts\u00e4uren sind essentiell f\u00fcr eine gute Gesundheit. Insbesondere EPA und DHA sind so wertvoll, dass es Gesundheitsclaims daf\u00fcr gibt.  Wof\u00fcr ist Omega-3 gut?  Laut genehmigten EFSA-Claims unterst\u00fctzt eine t\u00e4gliche Einnahme von EPA und DHA das Herz, das Gehirn, das Sehverm\u00f6gen, die Triglyceridwerte und den Blutdruck bei bestimmten Mengen an Omega-3-Fetts\u00e4uren.  Diese Claims d\u00fcrfen nur verwendet werden, wenn das Produkt die ben\u00f6tigten Mengen an EPA und\/oder DHA pro Tag liefert. Dies ist bei diesen Daily Co Fisch\u00f6l-Kapseln der Fall.  Unterst\u00fctzung der normalen Herzfunktion  Eine t\u00e4gliche Einnahme von 250 mg EPA und DHA tr\u00e4gt zur normalen Funktion des Herzens bei.  F\u00f6rderung eines normalen Sehverm\u00f6gens  DHA tr\u00e4gt zur Erhaltung eines normalen Sehverm\u00f6gens bei. Die positive Wirkung wird bei einer t\u00e4glichen Einnahme von 250 mg DHA erzielt.  Unterst\u00fctzung der normalen Gehirnfunktion  DHA tr\u00e4gt zur Erhaltung der normalen Gehirnfunktion bei. Die positive Wirkung wird bei einer t\u00e4glichen Einnahme von 250 mg DHA erzielt.  Unterst\u00fctzung des normalen Blutdrucks   DHA und EPA tragen zur Aufrechterhaltung eines normalen Blutdrucks bei. Die positive Wirkung wird bei einer t\u00e4glichen Einnahme von 3 Gramm DHA und EPA zusammen erzielt.  Daily Co Fisch\u00f6l ist das beste Angebot  Wir sehen regelm\u00e4\u00dfig Fisch\u00f6l-Kapseln mit sehr hohen Preisen. Dennoch beweist Daily Co, dass ein hochwertiges Omega-3-Nahrungserg\u00e4nzungsmittel absolut nicht teuer sein muss.  Zahlen Sie nicht zu viel: Daily Co Fisch\u00f6l ist ein No-Brainer, genau wie DHA f\u00fcr Ihr Gehirn ;-)\" \/>\n<meta property=\"og:url\" content=\"https:\/\/vitamines.com\/de\/product\/daily-co-fischoel-omega-3\/\" \/>\n<meta property=\"og:site_name\" content=\"Vitamines\" \/>\n<meta property=\"article:publisher\" content=\"https:\/\/www.facebook.com\/vitaminescom\/\" \/>\n<meta property=\"article:modified_time\" content=\"2026-03-16T07:42:59+00:00\" \/>\n<meta property=\"og:image\" content=\"https:\/\/vitamines.com\/wp-content\/uploads\/2023\/01\/Daily-Co-Omega-3-111.png\" \/>\n\t<meta property=\"og:image:width\" content=\"1080\" \/>\n\t<meta property=\"og:image:height\" content=\"1080\" \/>\n\t<meta property=\"og:image:type\" content=\"image\/png\" \/>\n<meta name=\"twitter:card\" content=\"summary_large_image\" \/>\n<meta name=\"twitter:site\" content=\"@vitaminescom\" \/>\n<meta name=\"twitter:label1\" content=\"Preis\" \/>\n\t<meta name=\"twitter:data1\" content=\"&euro;19.95\" \/>\n\t<meta name=\"twitter:label2\" content=\"Verf\u00fcgbarkeit\" \/>\n\t<meta name=\"twitter:data2\" content=\"ausverkauft\" \/>\n<script type=\"application\/ld+json\" class=\"yoast-schema-graph\">{\"@context\":\"https:\\\/\\\/schema.org\",\"@graph\":[{\"@type\":[\"WebPage\",\"ItemPage\"],\"@id\":\"https:\\\/\\\/vitamines.com\\\/de\\\/product\\\/daily-co-fischoel-omega-3\\\/\",\"url\":\"https:\\\/\\\/vitamines.com\\\/de\\\/product\\\/daily-co-fischoel-omega-3\\\/\",\"name\":\"Daily Co Fisch\u00f6l Omega-3 | Vitamines\",\"isPartOf\":{\"@id\":\"https:\\\/\\\/vitamines.com\\\/de\\\/#website\"},\"primaryImageOfPage\":{\"@id\":\"https:\\\/\\\/vitamines.com\\\/de\\\/product\\\/daily-co-fischoel-omega-3\\\/#primaryimage\"},\"image\":{\"@id\":\"https:\\\/\\\/vitamines.com\\\/de\\\/product\\\/daily-co-fischoel-omega-3\\\/#primaryimage\"},\"thumbnailUrl\":\"https:\\\/\\\/vitamines.com\\\/wp-content\\\/uploads\\\/2023\\\/01\\\/Daily-Co-Omega-3-111.png\",\"datePublished\":\"2023-01-19T08:23:48+00:00\",\"dateModified\":\"2026-03-16T07:42:59+00:00\",\"description\":\"Daily Co Fisch\u00f6l Omega-3 bietet hochwertige Fisch\u00f6lkapseln zu einem g\u00fcnstigen Preis. Hohe Dosierung von EPA und DHA. Heute bestellt, morgen im Haus.\",\"breadcrumb\":{\"@id\":\"https:\\\/\\\/vitamines.com\\\/de\\\/product\\\/daily-co-fischoel-omega-3\\\/#breadcrumb\"},\"inLanguage\":\"de\",\"potentialAction\":[{\"@type\":\"ReadAction\",\"target\":[\"https:\\\/\\\/vitamines.com\\\/de\\\/product\\\/daily-co-fischoel-omega-3\\\/\"]}]},{\"@type\":\"ImageObject\",\"inLanguage\":\"de\",\"@id\":\"https:\\\/\\\/vitamines.com\\\/de\\\/product\\\/daily-co-fischoel-omega-3\\\/#primaryimage\",\"url\":\"https:\\\/\\\/vitamines.com\\\/wp-content\\\/uploads\\\/2023\\\/01\\\/Daily-Co-Omega-3-111.png\",\"contentUrl\":\"https:\\\/\\\/vitamines.com\\\/wp-content\\\/uploads\\\/2023\\\/01\\\/Daily-Co-Omega-3-111.png\",\"width\":1080,\"height\":1080},{\"@type\":\"BreadcrumbList\",\"@id\":\"https:\\\/\\\/vitamines.com\\\/de\\\/product\\\/daily-co-fischoel-omega-3\\\/#breadcrumb\",\"itemListElement\":[{\"@type\":\"ListItem\",\"position\":1,\"name\":\"Home\",\"item\":\"https:\\\/\\\/vitamines.com\\\/de\\\/\"},{\"@type\":\"ListItem\",\"position\":2,\"name\":\"Daily Co Fisch\u00f6l Omega-3\"}]},{\"@type\":\"WebSite\",\"@id\":\"https:\\\/\\\/vitamines.com\\\/de\\\/#website\",\"url\":\"https:\\\/\\\/vitamines.com\\\/de\\\/\",\"name\":\"Vitamines\",\"description\":\"Alle kwalitatieve vitamines, mineralen en supplementen bij d\u00e9 vitamine experts van Belgi\u00eb en Nederland.\",\"publisher\":{\"@id\":\"https:\\\/\\\/vitamines.com\\\/de\\\/#organization\"},\"alternateName\":\"Vitamins\",\"potentialAction\":[{\"@type\":\"SearchAction\",\"target\":{\"@type\":\"EntryPoint\",\"urlTemplate\":\"https:\\\/\\\/vitamines.com\\\/de\\\/?s={search_term_string}\"},\"query-input\":{\"@type\":\"PropertyValueSpecification\",\"valueRequired\":true,\"valueName\":\"search_term_string\"}}],\"inLanguage\":\"de\"},{\"@type\":[\"Organization\",\"Place\",\"HealthAndBeautyBusiness\"],\"@id\":\"https:\\\/\\\/vitamines.com\\\/de\\\/#organization\",\"name\":\"Vitamines\",\"alternateName\":\"Vitamins\",\"url\":\"https:\\\/\\\/vitamines.com\\\/de\\\/\",\"logo\":{\"@id\":\"https:\\\/\\\/vitamines.com\\\/de\\\/product\\\/daily-co-fischoel-omega-3\\\/#local-main-organization-logo\"},\"image\":{\"@id\":\"https:\\\/\\\/vitamines.com\\\/de\\\/product\\\/daily-co-fischoel-omega-3\\\/#local-main-organization-logo\"},\"sameAs\":[\"https:\\\/\\\/www.facebook.com\\\/vitaminescom\\\/\",\"https:\\\/\\\/x.com\\\/vitaminescom\",\"https:\\\/\\\/www.instagram.com\\\/vitaminescom\\\/\",\"https:\\\/\\\/www.linkedin.com\\\/company\\\/vitaminescom\\\/\",\"https:\\\/\\\/nl.pinterest.com\\\/vitaminescom\\\/\",\"https:\\\/\\\/www.tiktok.com\\\/@vitamines.com\",\"https:\\\/\\\/www.youtube.com\\\/@vitaminescom\",\"https:\\\/\\\/nl.trustpilot.com\\\/review\\\/vitamines.com\"],\"description\":\"Vitamines koop je natuurlijk op Vitamines.com. Keus uit meer dan 10.000 vitaminen & supplementen, direct uit voorraad leverbaar. Denk hierbij aan vitamine A, vitamine B, vitamine C, vitamine D, calcium, chroom, ijzer, kalium of koper. Maar ook eiwitten (prote\u00efne), magnesium, mangaan, selenium, collageen poeder en multivitaminen zijn populaire voedingssupplementen die je kunt bestellen in de webshop van Vitamines.\",\"legalName\":\"Vitamines.com B.V.\",\"foundingDate\":\"1997-08-15\",\"numberOfEmployees\":{\"@type\":\"QuantitativeValue\",\"minValue\":\"11\",\"maxValue\":\"50\"},\"address\":{\"@id\":\"https:\\\/\\\/vitamines.com\\\/de\\\/product\\\/daily-co-fischoel-omega-3\\\/#local-main-place-address\"},\"telephone\":[\"020 308 6875\"],\"contactPoint\":{\"@type\":\"ContactPoint\",\"email\":\"support@vitamines.com\"},\"openingHoursSpecification\":{\"@type\":\"OpeningHoursSpecification\",\"dayOfWeek\":[\"Monday\",\"Tuesday\",\"Wednesday\",\"Thursday\",\"Friday\",\"Saturday\",\"Sunday\"],\"opens\":\"00:00\",\"closes\":\"23:59\"},\"priceRange\":\"$$\",\"currenciesAccepted\":\"EUR\"},{\"@type\":\"PostalAddress\",\"@id\":\"https:\\\/\\\/vitamines.com\\\/de\\\/product\\\/daily-co-fischoel-omega-3\\\/#local-main-place-address\",\"streetAddress\":\"Professor J.H. Bavincklaan 2\",\"addressLocality\":\"Amstelveen\",\"postalCode\":\"1183 AT\",\"addressRegion\":\"NH\",\"addressCountry\":\"NL\"},{\"@type\":\"ImageObject\",\"inLanguage\":\"de\",\"@id\":\"https:\\\/\\\/vitamines.com\\\/de\\\/product\\\/daily-co-fischoel-omega-3\\\/#local-main-organization-logo\",\"url\":\"https:\\\/\\\/vitamines.com\\\/wp-content\\\/uploads\\\/2024\\\/10\\\/vitamines.svg\",\"contentUrl\":\"https:\\\/\\\/vitamines.com\\\/wp-content\\\/uploads\\\/2024\\\/10\\\/vitamines.svg\",\"width\":132,\"height\":24,\"caption\":\"Vitamines\"}]}<\/script>\n<meta property=\"product:brand\" content=\"Daily Co\" \/>\n<meta property=\"product:price:amount\" content=\"19.95\" \/>\n<meta property=\"product:price:currency\" content=\"EUR\" \/>\n<meta property=\"og:availability\" content=\"out of stock\" \/>\n<meta property=\"product:availability\" content=\"out of stock\" \/>\n<meta property=\"product:retailer_item_id\" content=\"285468\" \/>\n<meta property=\"product:condition\" content=\"new\" \/>\n<meta name=\"geo.placename\" content=\"Amstelveen\" \/>\n<meta name=\"geo.region\" content=\"Niederlande\" \/>\n<!-- \/ Yoast SEO Premium plugin. -->","yoast_head_json":{"title":"Daily Co Fisch\u00f6l Omega-3 | Vitamines","description":"Daily Co Fisch\u00f6l Omega-3 bietet hochwertige Fisch\u00f6lkapseln zu einem g\u00fcnstigen Preis. Hohe Dosierung von EPA und DHA. Heute bestellt, morgen im Haus.","robots":{"index":"index","follow":"follow","max-snippet":"max-snippet:-1","max-image-preview":"max-image-preview:large","max-video-preview":"max-video-preview:-1"},"canonical":"https:\/\/vitamines.com\/de\/product\/daily-co-fischoel-omega-3\/","og_locale":"de_DE","og_type":"article","og_title":"Daily Co Fisch\u00f6l Omega-3 | Vitamines","og_description":"Suchen Sie nicht weiter! Ein sehr hochwertiges Fisch\u00f6l-Nahrungserg\u00e4nzungsmittel muss nicht teuer sein. Das beweist Daily Co Fisch\u00f6l Omega 3: satte 1.000 mg Fisch\u00f6l pro Softgel zu einem sehr niedrigen Preis.  Hohe Dosierung von EPA und DHA Fisch\u00f6l  Jede Softgel von Daily Co Fisch\u00f6l Forte enth\u00e4lt 1.000 mg Fisch\u00f6lkonzentrat mit 290 mg EPA und 183 mg DHA.  Um die gleiche Menge an Omega-3-Fetts\u00e4uren aus Fisch zu erhalten, m\u00fcssten Sie t\u00e4glich 50 Gramm fetten Fisch konsumieren.  Was sagt der Gesundheitsrat?  Der Gesundheitsrat empfiehlt, mindestens einmal pro Woche Fisch zu essen. Mehr als 60 % der Niederl\u00e4nder schaffen dies jedoch nicht.  Schade, denn Omega-3-Fetts\u00e4uren sind essentiell f\u00fcr eine gute Gesundheit. Insbesondere EPA und DHA sind so wertvoll, dass es Gesundheitsclaims daf\u00fcr gibt.  Wof\u00fcr ist Omega-3 gut?  Laut genehmigten EFSA-Claims unterst\u00fctzt eine t\u00e4gliche Einnahme von EPA und DHA das Herz, das Gehirn, das Sehverm\u00f6gen, die Triglyceridwerte und den Blutdruck bei bestimmten Mengen an Omega-3-Fetts\u00e4uren.  Diese Claims d\u00fcrfen nur verwendet werden, wenn das Produkt die ben\u00f6tigten Mengen an EPA und\/oder DHA pro Tag liefert. Dies ist bei diesen Daily Co Fisch\u00f6l-Kapseln der Fall.  Unterst\u00fctzung der normalen Herzfunktion  Eine t\u00e4gliche Einnahme von 250 mg EPA und DHA tr\u00e4gt zur normalen Funktion des Herzens bei.  F\u00f6rderung eines normalen Sehverm\u00f6gens  DHA tr\u00e4gt zur Erhaltung eines normalen Sehverm\u00f6gens bei. Die positive Wirkung wird bei einer t\u00e4glichen Einnahme von 250 mg DHA erzielt.  Unterst\u00fctzung der normalen Gehirnfunktion  DHA tr\u00e4gt zur Erhaltung der normalen Gehirnfunktion bei. Die positive Wirkung wird bei einer t\u00e4glichen Einnahme von 250 mg DHA erzielt.  Unterst\u00fctzung des normalen Blutdrucks   DHA und EPA tragen zur Aufrechterhaltung eines normalen Blutdrucks bei. Die positive Wirkung wird bei einer t\u00e4glichen Einnahme von 3 Gramm DHA und EPA zusammen erzielt.  Daily Co Fisch\u00f6l ist das beste Angebot  Wir sehen regelm\u00e4\u00dfig Fisch\u00f6l-Kapseln mit sehr hohen Preisen. Dennoch beweist Daily Co, dass ein hochwertiges Omega-3-Nahrungserg\u00e4nzungsmittel absolut nicht teuer sein muss.  Zahlen Sie nicht zu viel: Daily Co Fisch\u00f6l ist ein No-Brainer, genau wie DHA f\u00fcr Ihr Gehirn ;-)","og_url":"https:\/\/vitamines.com\/de\/product\/daily-co-fischoel-omega-3\/","og_site_name":"Vitamines","article_publisher":"https:\/\/www.facebook.com\/vitaminescom\/","article_modified_time":"2026-03-16T07:42:59+00:00","og_image":[{"width":1080,"height":1080,"url":"https:\/\/vitamines.com\/wp-content\/uploads\/2023\/01\/Daily-Co-Omega-3-111.png","type":"image\/png"}],"twitter_card":"summary_large_image","twitter_site":"@vitaminescom","twitter_misc":{"Preis":"&euro;19.95","Verf\u00fcgbarkeit":"ausverkauft"},"schema":{"@context":"https:\/\/schema.org","@graph":[{"@type":["WebPage","ItemPage"],"@id":"https:\/\/vitamines.com\/de\/product\/daily-co-fischoel-omega-3\/","url":"https:\/\/vitamines.com\/de\/product\/daily-co-fischoel-omega-3\/","name":"Daily Co Fisch\u00f6l Omega-3 | Vitamines","isPartOf":{"@id":"https:\/\/vitamines.com\/de\/#website"},"primaryImageOfPage":{"@id":"https:\/\/vitamines.com\/de\/product\/daily-co-fischoel-omega-3\/#primaryimage"},"image":{"@id":"https:\/\/vitamines.com\/de\/product\/daily-co-fischoel-omega-3\/#primaryimage"},"thumbnailUrl":"https:\/\/vitamines.com\/wp-content\/uploads\/2023\/01\/Daily-Co-Omega-3-111.png","datePublished":"2023-01-19T08:23:48+00:00","dateModified":"2026-03-16T07:42:59+00:00","description":"Daily Co Fisch\u00f6l Omega-3 bietet hochwertige Fisch\u00f6lkapseln zu einem g\u00fcnstigen Preis. Hohe Dosierung von EPA und DHA. Heute bestellt, morgen im Haus.","breadcrumb":{"@id":"https:\/\/vitamines.com\/de\/product\/daily-co-fischoel-omega-3\/#breadcrumb"},"inLanguage":"de","potentialAction":[{"@type":"ReadAction","target":["https:\/\/vitamines.com\/de\/product\/daily-co-fischoel-omega-3\/"]}]},{"@type":"ImageObject","inLanguage":"de","@id":"https:\/\/vitamines.com\/de\/product\/daily-co-fischoel-omega-3\/#primaryimage","url":"https:\/\/vitamines.com\/wp-content\/uploads\/2023\/01\/Daily-Co-Omega-3-111.png","contentUrl":"https:\/\/vitamines.com\/wp-content\/uploads\/2023\/01\/Daily-Co-Omega-3-111.png","width":1080,"height":1080},{"@type":"BreadcrumbList","@id":"https:\/\/vitamines.com\/de\/product\/daily-co-fischoel-omega-3\/#breadcrumb","itemListElement":[{"@type":"ListItem","position":1,"name":"Home","item":"https:\/\/vitamines.com\/de\/"},{"@type":"ListItem","position":2,"name":"Daily Co Fisch\u00f6l Omega-3"}]},{"@type":"WebSite","@id":"https:\/\/vitamines.com\/de\/#website","url":"https:\/\/vitamines.com\/de\/","name":"Vitamines","description":"Alle kwalitatieve vitamines, mineralen en supplementen bij d\u00e9 vitamine experts van Belgi\u00eb en Nederland.","publisher":{"@id":"https:\/\/vitamines.com\/de\/#organization"},"alternateName":"Vitamins","potentialAction":[{"@type":"SearchAction","target":{"@type":"EntryPoint","urlTemplate":"https:\/\/vitamines.com\/de\/?s={search_term_string}"},"query-input":{"@type":"PropertyValueSpecification","valueRequired":true,"valueName":"search_term_string"}}],"inLanguage":"de"},{"@type":["Organization","Place","HealthAndBeautyBusiness"],"@id":"https:\/\/vitamines.com\/de\/#organization","name":"Vitamines","alternateName":"Vitamins","url":"https:\/\/vitamines.com\/de\/","logo":{"@id":"https:\/\/vitamines.com\/de\/product\/daily-co-fischoel-omega-3\/#local-main-organization-logo"},"image":{"@id":"https:\/\/vitamines.com\/de\/product\/daily-co-fischoel-omega-3\/#local-main-organization-logo"},"sameAs":["https:\/\/www.facebook.com\/vitaminescom\/","https:\/\/x.com\/vitaminescom","https:\/\/www.instagram.com\/vitaminescom\/","https:\/\/www.linkedin.com\/company\/vitaminescom\/","https:\/\/nl.pinterest.com\/vitaminescom\/","https:\/\/www.tiktok.com\/@vitamines.com","https:\/\/www.youtube.com\/@vitaminescom","https:\/\/nl.trustpilot.com\/review\/vitamines.com"],"description":"Vitamines koop je natuurlijk op Vitamines.com. Keus uit meer dan 10.000 vitaminen & supplementen, direct uit voorraad leverbaar. Denk hierbij aan vitamine A, vitamine B, vitamine C, vitamine D, calcium, chroom, ijzer, kalium of koper. Maar ook eiwitten (prote\u00efne), magnesium, mangaan, selenium, collageen poeder en multivitaminen zijn populaire voedingssupplementen die je kunt bestellen in de webshop van Vitamines.","legalName":"Vitamines.com B.V.","foundingDate":"1997-08-15","numberOfEmployees":{"@type":"QuantitativeValue","minValue":"11","maxValue":"50"},"address":{"@id":"https:\/\/vitamines.com\/de\/product\/daily-co-fischoel-omega-3\/#local-main-place-address"},"telephone":["020 308 6875"],"contactPoint":{"@type":"ContactPoint","email":"support@vitamines.com"},"openingHoursSpecification":{"@type":"OpeningHoursSpecification","dayOfWeek":["Monday","Tuesday","Wednesday","Thursday","Friday","Saturday","Sunday"],"opens":"00:00","closes":"23:59"},"priceRange":"$$","currenciesAccepted":"EUR"},{"@type":"PostalAddress","@id":"https:\/\/vitamines.com\/de\/product\/daily-co-fischoel-omega-3\/#local-main-place-address","streetAddress":"Professor J.H. Bavincklaan 2","addressLocality":"Amstelveen","postalCode":"1183 AT","addressRegion":"NH","addressCountry":"NL"},{"@type":"ImageObject","inLanguage":"de","@id":"https:\/\/vitamines.com\/de\/product\/daily-co-fischoel-omega-3\/#local-main-organization-logo","url":"https:\/\/vitamines.com\/wp-content\/uploads\/2024\/10\/vitamines.svg","contentUrl":"https:\/\/vitamines.com\/wp-content\/uploads\/2024\/10\/vitamines.svg","width":132,"height":24,"caption":"Vitamines"}]},"product_brand":"Daily Co","product_price_amount":"19.95","product_price_currency":"EUR","og_availability":"out of stock","product_availability":"out of stock","product_retailer_item_id":"285468","product_condition":"new","geo.placename":"Amstelveen","geo.region":"Niederlande"},"_links":{"self":[{"href":"https:\/\/vitamines.com\/de\/wp-json\/wp\/v2\/product\/1553559","targetHints":{"allow":["GET"]}}],"collection":[{"href":"https:\/\/vitamines.com\/de\/wp-json\/wp\/v2\/product"}],"about":[{"href":"https:\/\/vitamines.com\/de\/wp-json\/wp\/v2\/types\/product"}],"replies":[{"embeddable":true,"href":"https:\/\/vitamines.com\/de\/wp-json\/wp\/v2\/comments?post=1553559"}],"wp:featuredmedia":[{"embeddable":true,"href":"https:\/\/vitamines.com\/de\/wp-json\/wp\/v2\/media\/1556684"}],"wp:attachment":[{"href":"https:\/\/vitamines.com\/de\/wp-json\/wp\/v2\/media?parent=1553559"}],"wp:term":[{"taxonomy":"product_brand","embeddable":true,"href":"https:\/\/vitamines.com\/de\/wp-json\/wp\/v2\/product_brand?post=1553559"},{"taxonomy":"product_cat","embeddable":true,"href":"https:\/\/vitamines.com\/de\/wp-json\/wp\/v2\/product_cat?post=1553559"},{"taxonomy":"product_tag","embeddable":true,"href":"https:\/\/vitamines.com\/de\/wp-json\/wp\/v2\/product_tag?post=1553559"},{"taxonomy":"merken","embeddable":true,"href":"https:\/\/vitamines.com\/de\/wp-json\/wp\/v2\/merken?post=1553559"},{"taxonomy":"producttype","embeddable":true,"href":"https:\/\/vitamines.com\/de\/wp-json\/wp\/v2\/producttype?post=1553559"},{"taxonomy":"aanbieding","embeddable":true,"href":"https:\/\/vitamines.com\/de\/wp-json\/wp\/v2\/aanbieding?post=1553559"}],"curies":[{"name":"wp","href":"https:\/\/api.w.org\/{rel}","templated":true}]}}