{"id":1553881,"date":"2022-09-22T13:11:17","date_gmt":"2022-09-22T13:11:17","guid":{"rendered":"https:\/\/vitamines.com\/product\/herbolist-kollagen-beauty-blend\/"},"modified":"2026-02-26T10:58:03","modified_gmt":"2026-02-26T09:58:03","slug":"herbolist-kollagen-beauty-blend","status":"publish","type":"product","link":"https:\/\/vitamines.com\/de\/product\/herbolist-kollagen-beauty-blend\/","title":{"rendered":"Herbolist Kollagen Beauty Blend"},"content":{"rendered":"","protected":false},"excerpt":{"rendered":"<p>Beauty Blend, das beste und meistverkaufte Kollagen der Niederlande.<br \/>\nHerbolist Beauty Blend ist eine einzigartige Premium-Formel mit Mikro-Peptiden, Kollagen Typ I &amp; III + Hyalurons\u00e4ure + Vitamin C. Hergestellt in den Niederlanden unter strengsten Qualit\u00e4tsanforderungen.<\/p>\n<p>Auf der Suche nach dem besten Kollagenpulver? Dann ist der Beauty Blend von Herbolist ein Muss f\u00fcr Ihre Beauty-Routine. Kein Hype, sondern ein bew\u00e4hrter Bestseller: Allein bei Vitamines.com gingen mehr als <strong data-start=\"577\" data-end=\"611\">35.000 Dosen \u00fcber den Ladentisch<\/strong>. Nicht umsonst von Marie Claire zum <em data-start=\"663\" data-end=\"700\">besten Kollagenpulver der Niederlande<\/em> gek\u00fcrt.<\/p>\n<p>Nicht nur Marie Claire k\u00fcrt Herbolist Beauty Blend zum besten Kollagenpulver. Auch Vitamines erkl\u00e4rt Herbolist zum absoluten Must-have-Kollagen in der Kategorie Haut und Haar.<\/p>\n<p><strong>82 % sehen Ergebnisse innerhalb von 2 Monaten<\/strong><\/p>\n<p>Dass die Herbolist-Formel hervorragend funktioniert, zeigen auch die Zahlen. 82 % der Herbolist-Kunden sehen innerhalb von 2 Monaten einen Unterschied: weniger Falten (Umfrage, Juni 2024).<\/p>\n<p><strong>Herbolist: einzigartige Formel, das Beste von allem<\/strong><\/p>\n<p>Da Kollagen eine so wichtige Rolle f\u00fcr ein jugendliches und gesundes Aussehen spielt, hat Herbolist eine einzigartige Kollagen Beauty Blend entwickelt. Das Geheimnis dieser kraftvollen Mischung? Die kraftvolle Kombination aus Premium-Kollagen, Hyalurons\u00e4ure und Vitamin C.<\/p>\n<p><strong>Premium hydrolysiertes Kollagen<\/strong><\/p>\n<p>Die hydrolysierten Kollagenpeptide sind speziell formuliert, um von deinem K\u00f6rper schneller und effektiver aufgenommen zu werden. Dies erkl\u00e4rt, warum du mit Herbolist schneller sichtbare Ergebnisse sehen wirst im Vergleich zu anderen Kollagenpulvern.<\/p>\n<p><strong>Hyalurons\u00e4ure f\u00fcr Hydratation und Spannkraft<\/strong><\/p>\n<p>Hyalurons\u00e4ure ist (genau wie Kollagen) eine k\u00f6rpereigene Substanz und bekannt f\u00fcr ihre F\u00e4higkeit, Feuchtigkeit anzuziehen und zu speichern, was f\u00fcr eine tiefe Hydratation und eine straffere Haut sorgt. Der beste Freund von Kollagen also, das Ergebnis wirst du sehen.<\/p>\n<p><strong>Vitamin C f\u00fcr zus\u00e4tzlichen Kollagen-Boost<\/strong><\/p>\n<p>Vitamin C ist unverzichtbar f\u00fcr die Kollagenproduktion und unterst\u00fctzt die Haut von innen heraus, wodurch sie st\u00e4rker und strahlender wird. Diese komplette Kollagen Beauty Blend sorgt also daf\u00fcr, dass deine Haut optimal von den Vorteilen von Kollagen, Hyalurons\u00e4ure und Vitamin C profitiert.<\/p>\n<p><strong>Von Hollywood in die Niederlande<\/strong><\/p>\n<p>Promis wie Khloe und Kourtney Kardashian, Jennifer Aniston, Hailey Bieber und Cindy Crawford haben Kollagen schon seit Jahren in ihre Beauty-Routine aufgenommen. Es ist auch der effektivste Weg, um etwas gegen Falten und d\u00fcnnes Haar zu tun. Glow like Hollywood!<\/p>\n<p><strong>Nicht gut, Geld zur\u00fcck<\/strong><\/p>\n<p>Obwohl viele Benutzer die ersten Ergebnisse bereits innerhalb von 2 Monaten erleben, kann dies von Person zu Person etwas k\u00fcrzer oder l\u00e4nger dauern. F\u00fcr alle, die noch zweifeln: Es gibt eine Geld-zur\u00fcck-Garantie, wenn du innerhalb von 90 Tagen keine Wirkung siehst. Frage nach den Bedingungen.<\/p>\n","protected":false},"featured_media":1558929,"comment_status":"open","ping_status":"closed","template":"","meta":{"_acf_changed":false,"inline_featured_image":false},"product_brand":[],"product_cat":[2248,2247,2309,2501,2306],"product_tag":[2498,2504,2503,2502],"merken":[],"producttype":[],"aanbieding":[],"class_list":{"0":"post-1553881","1":"product","2":"type-product","3":"status-publish","4":"has-post-thumbnail","6":"product_cat-angebote","7":"product_cat-bestseller","8":"product_cat-erganzungen","9":"product_cat-hyaluronsaure","10":"product_cat-kollagen","11":"product_tag-frau","12":"product_tag-haare-nagel","13":"product_tag-haut","14":"product_tag-schwangerschaft","16":"first","17":"instock","18":"sale","19":"taxable","20":"shipping-taxable","21":"purchasable","22":"product-type-simple"},"bundled_by":[],"bundle_stock_status":"instock","bundle_stock_quantity":null,"bundle_virtual":false,"bundle_layout":"","bundle_add_to_cart_form_location":"","bundle_editable_in_cart":false,"bundle_sold_individually_context":"","bundle_item_grouping":"","bundle_min_size":"","bundle_max_size":"","bundle_price":[],"bundled_items":[],"bundle_sell_ids":[],"group_of_quantity":0,"min_quantity":0,"max_quantity":"","exclude_order_quantity_value_rules":"no","exclude_category_quantity_rules":"no","combine_variations":"no","acf":[],"yoast_head":"<!-- This site is optimized with the Yoast SEO Premium plugin v27.3 (Yoast SEO v27.3) - https:\/\/yoast.com\/product\/yoast-seo-premium-wordpress\/ -->\n<title>Herbolist Kollagen Beauty Blend | Vitamines<\/title>\n<meta name=\"description\" content=\"Herbolist Kollagen Beauty Blend: Das meistgekaufte Kollagenpulver der Niederlande. Mit Hyalurons\u00e4ure und Vitamin C f\u00fcr die beste Wirkung.\" \/>\n<meta name=\"robots\" content=\"index, follow, max-snippet:-1, max-image-preview:large, max-video-preview:-1\" \/>\n<link rel=\"canonical\" href=\"https:\/\/vitamines.com\/de\/product\/herbolist-kollagen-beauty-blend\/\" \/>\n<meta property=\"og:locale\" content=\"de_DE\" \/>\n<meta property=\"og:type\" content=\"article\" \/>\n<meta property=\"og:title\" content=\"Herbolist Kollagen Beauty Blend | Vitamines\" \/>\n<meta property=\"og:description\" content=\"Beauty Blend, das beste und meistverkaufte Kollagen der Niederlande. Herbolist Beauty Blend ist eine einzigartige Premium-Formel mit Mikro-Peptiden, Kollagen Typ I &amp; III + Hyalurons\u00e4ure + Vitamin C. Hergestellt in den Niederlanden unter strengsten Qualit\u00e4tsanforderungen.  Auf der Suche nach dem besten Kollagenpulver? Dann ist der Beauty Blend von Herbolist ein Muss f\u00fcr Ihre Beauty-Routine. Kein Hype, sondern ein bew\u00e4hrter Bestseller: Allein bei Vitamines.com gingen mehr als 35.000 Dosen \u00fcber den Ladentisch. Nicht umsonst von Marie Claire zum besten Kollagenpulver der Niederlande gek\u00fcrt.  Nicht nur Marie Claire k\u00fcrt Herbolist Beauty Blend zum besten Kollagenpulver. Auch Vitamines erkl\u00e4rt Herbolist zum absoluten Must-have-Kollagen in der Kategorie Haut und Haar.  82 % sehen Ergebnisse innerhalb von 2 Monaten  Dass die Herbolist-Formel hervorragend funktioniert, zeigen auch die Zahlen. 82 % der Herbolist-Kunden sehen innerhalb von 2 Monaten einen Unterschied: weniger Falten (Umfrage, Juni 2024).  Herbolist: einzigartige Formel, das Beste von allem  Da Kollagen eine so wichtige Rolle f\u00fcr ein jugendliches und gesundes Aussehen spielt, hat Herbolist eine einzigartige Kollagen Beauty Blend entwickelt. Das Geheimnis dieser kraftvollen Mischung? Die kraftvolle Kombination aus Premium-Kollagen, Hyalurons\u00e4ure und Vitamin C.  Premium hydrolysiertes Kollagen  Die hydrolysierten Kollagenpeptide sind speziell formuliert, um von deinem K\u00f6rper schneller und effektiver aufgenommen zu werden. Dies erkl\u00e4rt, warum du mit Herbolist schneller sichtbare Ergebnisse sehen wirst im Vergleich zu anderen Kollagenpulvern.  Hyalurons\u00e4ure f\u00fcr Hydratation und Spannkraft  Hyalurons\u00e4ure ist (genau wie Kollagen) eine k\u00f6rpereigene Substanz und bekannt f\u00fcr ihre F\u00e4higkeit, Feuchtigkeit anzuziehen und zu speichern, was f\u00fcr eine tiefe Hydratation und eine straffere Haut sorgt. Der beste Freund von Kollagen also, das Ergebnis wirst du sehen.  Vitamin C f\u00fcr zus\u00e4tzlichen Kollagen-Boost  Vitamin C ist unverzichtbar f\u00fcr die Kollagenproduktion und unterst\u00fctzt die Haut von innen heraus, wodurch sie st\u00e4rker und strahlender wird. Diese komplette Kollagen Beauty Blend sorgt also daf\u00fcr, dass deine Haut optimal von den Vorteilen von Kollagen, Hyalurons\u00e4ure und Vitamin C profitiert.  Von Hollywood in die Niederlande  Promis wie Khloe und Kourtney Kardashian, Jennifer Aniston, Hailey Bieber und Cindy Crawford haben Kollagen schon seit Jahren in ihre Beauty-Routine aufgenommen. Es ist auch der effektivste Weg, um etwas gegen Falten und d\u00fcnnes Haar zu tun. Glow like Hollywood!  Nicht gut, Geld zur\u00fcck  Obwohl viele Benutzer die ersten Ergebnisse bereits innerhalb von 2 Monaten erleben, kann dies von Person zu Person etwas k\u00fcrzer oder l\u00e4nger dauern. F\u00fcr alle, die noch zweifeln: Es gibt eine Geld-zur\u00fcck-Garantie, wenn du innerhalb von 90 Tagen keine Wirkung siehst. Frage nach den Bedingungen.\" \/>\n<meta property=\"og:url\" content=\"https:\/\/vitamines.com\/de\/product\/herbolist-kollagen-beauty-blend\/\" \/>\n<meta property=\"og:site_name\" content=\"Vitamines\" \/>\n<meta property=\"article:publisher\" content=\"https:\/\/www.facebook.com\/vitaminescom\/\" \/>\n<meta property=\"article:modified_time\" content=\"2026-02-26T09:58:03+00:00\" \/>\n<meta property=\"og:image\" content=\"https:\/\/vitamines.com\/wp-content\/uploads\/2022\/09\/Herbolist-Beauty-Blend-11-Gratis.png\" \/>\n\t<meta property=\"og:image:width\" content=\"1080\" \/>\n\t<meta property=\"og:image:height\" content=\"1080\" \/>\n\t<meta property=\"og:image:type\" content=\"image\/png\" \/>\n<meta name=\"twitter:card\" content=\"summary_large_image\" \/>\n<meta name=\"twitter:site\" content=\"@vitaminescom\" \/>\n<meta name=\"twitter:label1\" content=\"Preis\" \/>\n\t<meta name=\"twitter:data1\" content=\"&euro;14.50\" \/>\n\t<meta name=\"twitter:label2\" content=\"Verf\u00fcgbarkeit\" \/>\n\t<meta name=\"twitter:data2\" content=\"Auf Lager\" \/>\n<script type=\"application\/ld+json\" class=\"yoast-schema-graph\">{\"@context\":\"https:\\\/\\\/schema.org\",\"@graph\":[{\"@type\":[\"WebPage\",\"ItemPage\"],\"@id\":\"https:\\\/\\\/vitamines.com\\\/de\\\/product\\\/herbolist-kollagen-beauty-blend\\\/\",\"url\":\"https:\\\/\\\/vitamines.com\\\/de\\\/product\\\/herbolist-kollagen-beauty-blend\\\/\",\"name\":\"Herbolist Kollagen Beauty Blend | Vitamines\",\"isPartOf\":{\"@id\":\"https:\\\/\\\/vitamines.com\\\/de\\\/#website\"},\"primaryImageOfPage\":{\"@id\":\"https:\\\/\\\/vitamines.com\\\/de\\\/product\\\/herbolist-kollagen-beauty-blend\\\/#primaryimage\"},\"image\":{\"@id\":\"https:\\\/\\\/vitamines.com\\\/de\\\/product\\\/herbolist-kollagen-beauty-blend\\\/#primaryimage\"},\"thumbnailUrl\":\"https:\\\/\\\/vitamines.com\\\/wp-content\\\/uploads\\\/2022\\\/09\\\/beauty-blend.jpg\",\"datePublished\":\"2022-09-22T13:11:17+00:00\",\"dateModified\":\"2026-02-26T09:58:03+00:00\",\"description\":\"Herbolist Kollagen Beauty Blend: Das meistgekaufte Kollagenpulver der Niederlande. Mit Hyalurons\u00e4ure und Vitamin C f\u00fcr die beste Wirkung.\",\"breadcrumb\":{\"@id\":\"https:\\\/\\\/vitamines.com\\\/de\\\/product\\\/herbolist-kollagen-beauty-blend\\\/#breadcrumb\"},\"inLanguage\":\"de\",\"potentialAction\":[{\"@type\":\"ReadAction\",\"target\":[\"https:\\\/\\\/vitamines.com\\\/de\\\/product\\\/herbolist-kollagen-beauty-blend\\\/\"]}]},{\"@type\":\"ImageObject\",\"inLanguage\":\"de\",\"@id\":\"https:\\\/\\\/vitamines.com\\\/de\\\/product\\\/herbolist-kollagen-beauty-blend\\\/#primaryimage\",\"url\":\"https:\\\/\\\/vitamines.com\\\/wp-content\\\/uploads\\\/2022\\\/09\\\/beauty-blend.jpg\",\"contentUrl\":\"https:\\\/\\\/vitamines.com\\\/wp-content\\\/uploads\\\/2022\\\/09\\\/beauty-blend.jpg\",\"width\":1080,\"height\":1080},{\"@type\":\"BreadcrumbList\",\"@id\":\"https:\\\/\\\/vitamines.com\\\/de\\\/product\\\/herbolist-kollagen-beauty-blend\\\/#breadcrumb\",\"itemListElement\":[{\"@type\":\"ListItem\",\"position\":1,\"name\":\"Home\",\"item\":\"https:\\\/\\\/vitamines.com\\\/de\\\/\"},{\"@type\":\"ListItem\",\"position\":2,\"name\":\"Herbolist Kollagen Beauty Blend\"}]},{\"@type\":\"WebSite\",\"@id\":\"https:\\\/\\\/vitamines.com\\\/de\\\/#website\",\"url\":\"https:\\\/\\\/vitamines.com\\\/de\\\/\",\"name\":\"Vitamines\",\"description\":\"Alle kwalitatieve vitamines, mineralen en supplementen bij d\u00e9 vitamine experts van Belgi\u00eb en Nederland.\",\"publisher\":{\"@id\":\"https:\\\/\\\/vitamines.com\\\/de\\\/#organization\"},\"alternateName\":\"Vitamins\",\"potentialAction\":[{\"@type\":\"SearchAction\",\"target\":{\"@type\":\"EntryPoint\",\"urlTemplate\":\"https:\\\/\\\/vitamines.com\\\/de\\\/?s={search_term_string}\"},\"query-input\":{\"@type\":\"PropertyValueSpecification\",\"valueRequired\":true,\"valueName\":\"search_term_string\"}}],\"inLanguage\":\"de\"},{\"@type\":[\"Organization\",\"Place\",\"HealthAndBeautyBusiness\"],\"@id\":\"https:\\\/\\\/vitamines.com\\\/de\\\/#organization\",\"name\":\"Vitamines\",\"alternateName\":\"Vitamins\",\"url\":\"https:\\\/\\\/vitamines.com\\\/de\\\/\",\"logo\":{\"@id\":\"https:\\\/\\\/vitamines.com\\\/de\\\/product\\\/herbolist-kollagen-beauty-blend\\\/#local-main-organization-logo\"},\"image\":{\"@id\":\"https:\\\/\\\/vitamines.com\\\/de\\\/product\\\/herbolist-kollagen-beauty-blend\\\/#local-main-organization-logo\"},\"sameAs\":[\"https:\\\/\\\/www.facebook.com\\\/vitaminescom\\\/\",\"https:\\\/\\\/x.com\\\/vitaminescom\",\"https:\\\/\\\/www.instagram.com\\\/vitaminescom\\\/\",\"https:\\\/\\\/www.linkedin.com\\\/company\\\/vitaminescom\\\/\",\"https:\\\/\\\/nl.pinterest.com\\\/vitaminescom\\\/\",\"https:\\\/\\\/www.tiktok.com\\\/@vitamines.com\",\"https:\\\/\\\/www.youtube.com\\\/@vitaminescom\",\"https:\\\/\\\/nl.trustpilot.com\\\/review\\\/vitamines.com\"],\"description\":\"Vitamines koop je natuurlijk op Vitamines.com. Keus uit meer dan 10.000 vitaminen & supplementen, direct uit voorraad leverbaar. Denk hierbij aan vitamine A, vitamine B, vitamine C, vitamine D, calcium, chroom, ijzer, kalium of koper. Maar ook eiwitten (prote\u00efne), magnesium, mangaan, selenium, collageen poeder en multivitaminen zijn populaire voedingssupplementen die je kunt bestellen in de webshop van Vitamines.\",\"legalName\":\"Vitamines.com B.V.\",\"foundingDate\":\"1997-08-15\",\"numberOfEmployees\":{\"@type\":\"QuantitativeValue\",\"minValue\":\"11\",\"maxValue\":\"50\"},\"address\":{\"@id\":\"https:\\\/\\\/vitamines.com\\\/de\\\/product\\\/herbolist-kollagen-beauty-blend\\\/#local-main-place-address\"},\"telephone\":[\"020 308 6875\"],\"contactPoint\":{\"@type\":\"ContactPoint\",\"email\":\"support@vitamines.com\"},\"openingHoursSpecification\":{\"@type\":\"OpeningHoursSpecification\",\"dayOfWeek\":[\"Monday\",\"Tuesday\",\"Wednesday\",\"Thursday\",\"Friday\",\"Saturday\",\"Sunday\"],\"opens\":\"00:00\",\"closes\":\"23:59\"},\"priceRange\":\"$$\",\"currenciesAccepted\":\"EUR\"},{\"@type\":\"PostalAddress\",\"@id\":\"https:\\\/\\\/vitamines.com\\\/de\\\/product\\\/herbolist-kollagen-beauty-blend\\\/#local-main-place-address\",\"streetAddress\":\"Professor J.H. Bavincklaan 2\",\"addressLocality\":\"Amstelveen\",\"postalCode\":\"1183 AT\",\"addressRegion\":\"NH\",\"addressCountry\":\"NL\"},{\"@type\":\"ImageObject\",\"inLanguage\":\"de\",\"@id\":\"https:\\\/\\\/vitamines.com\\\/de\\\/product\\\/herbolist-kollagen-beauty-blend\\\/#local-main-organization-logo\",\"url\":\"https:\\\/\\\/vitamines.com\\\/wp-content\\\/uploads\\\/2024\\\/10\\\/vitamines.svg\",\"contentUrl\":\"https:\\\/\\\/vitamines.com\\\/wp-content\\\/uploads\\\/2024\\\/10\\\/vitamines.svg\",\"width\":132,\"height\":24,\"caption\":\"Vitamines\"}]}<\/script>\n<meta property=\"product:price:amount\" content=\"14.50\" \/>\n<meta property=\"product:price:currency\" content=\"EUR\" \/>\n<meta property=\"og:availability\" content=\"instock\" \/>\n<meta property=\"product:availability\" content=\"instock\" \/>\n<meta property=\"product:retailer_item_id\" content=\"285463\" \/>\n<meta property=\"product:condition\" content=\"new\" \/>\n<meta name=\"geo.placename\" content=\"Amstelveen\" \/>\n<meta name=\"geo.region\" content=\"Niederlande\" \/>\n<!-- \/ Yoast SEO Premium plugin. -->","yoast_head_json":{"title":"Herbolist Kollagen Beauty Blend | Vitamines","description":"Herbolist Kollagen Beauty Blend: Das meistgekaufte Kollagenpulver der Niederlande. Mit Hyalurons\u00e4ure und Vitamin C f\u00fcr die beste Wirkung.","robots":{"index":"index","follow":"follow","max-snippet":"max-snippet:-1","max-image-preview":"max-image-preview:large","max-video-preview":"max-video-preview:-1"},"canonical":"https:\/\/vitamines.com\/de\/product\/herbolist-kollagen-beauty-blend\/","og_locale":"de_DE","og_type":"article","og_title":"Herbolist Kollagen Beauty Blend | Vitamines","og_description":"Beauty Blend, das beste und meistverkaufte Kollagen der Niederlande. Herbolist Beauty Blend ist eine einzigartige Premium-Formel mit Mikro-Peptiden, Kollagen Typ I &amp; III + Hyalurons\u00e4ure + Vitamin C. Hergestellt in den Niederlanden unter strengsten Qualit\u00e4tsanforderungen.  Auf der Suche nach dem besten Kollagenpulver? Dann ist der Beauty Blend von Herbolist ein Muss f\u00fcr Ihre Beauty-Routine. Kein Hype, sondern ein bew\u00e4hrter Bestseller: Allein bei Vitamines.com gingen mehr als 35.000 Dosen \u00fcber den Ladentisch. Nicht umsonst von Marie Claire zum besten Kollagenpulver der Niederlande gek\u00fcrt.  Nicht nur Marie Claire k\u00fcrt Herbolist Beauty Blend zum besten Kollagenpulver. Auch Vitamines erkl\u00e4rt Herbolist zum absoluten Must-have-Kollagen in der Kategorie Haut und Haar.  82 % sehen Ergebnisse innerhalb von 2 Monaten  Dass die Herbolist-Formel hervorragend funktioniert, zeigen auch die Zahlen. 82 % der Herbolist-Kunden sehen innerhalb von 2 Monaten einen Unterschied: weniger Falten (Umfrage, Juni 2024).  Herbolist: einzigartige Formel, das Beste von allem  Da Kollagen eine so wichtige Rolle f\u00fcr ein jugendliches und gesundes Aussehen spielt, hat Herbolist eine einzigartige Kollagen Beauty Blend entwickelt. Das Geheimnis dieser kraftvollen Mischung? Die kraftvolle Kombination aus Premium-Kollagen, Hyalurons\u00e4ure und Vitamin C.  Premium hydrolysiertes Kollagen  Die hydrolysierten Kollagenpeptide sind speziell formuliert, um von deinem K\u00f6rper schneller und effektiver aufgenommen zu werden. Dies erkl\u00e4rt, warum du mit Herbolist schneller sichtbare Ergebnisse sehen wirst im Vergleich zu anderen Kollagenpulvern.  Hyalurons\u00e4ure f\u00fcr Hydratation und Spannkraft  Hyalurons\u00e4ure ist (genau wie Kollagen) eine k\u00f6rpereigene Substanz und bekannt f\u00fcr ihre F\u00e4higkeit, Feuchtigkeit anzuziehen und zu speichern, was f\u00fcr eine tiefe Hydratation und eine straffere Haut sorgt. Der beste Freund von Kollagen also, das Ergebnis wirst du sehen.  Vitamin C f\u00fcr zus\u00e4tzlichen Kollagen-Boost  Vitamin C ist unverzichtbar f\u00fcr die Kollagenproduktion und unterst\u00fctzt die Haut von innen heraus, wodurch sie st\u00e4rker und strahlender wird. Diese komplette Kollagen Beauty Blend sorgt also daf\u00fcr, dass deine Haut optimal von den Vorteilen von Kollagen, Hyalurons\u00e4ure und Vitamin C profitiert.  Von Hollywood in die Niederlande  Promis wie Khloe und Kourtney Kardashian, Jennifer Aniston, Hailey Bieber und Cindy Crawford haben Kollagen schon seit Jahren in ihre Beauty-Routine aufgenommen. Es ist auch der effektivste Weg, um etwas gegen Falten und d\u00fcnnes Haar zu tun. Glow like Hollywood!  Nicht gut, Geld zur\u00fcck  Obwohl viele Benutzer die ersten Ergebnisse bereits innerhalb von 2 Monaten erleben, kann dies von Person zu Person etwas k\u00fcrzer oder l\u00e4nger dauern. F\u00fcr alle, die noch zweifeln: Es gibt eine Geld-zur\u00fcck-Garantie, wenn du innerhalb von 90 Tagen keine Wirkung siehst. Frage nach den Bedingungen.","og_url":"https:\/\/vitamines.com\/de\/product\/herbolist-kollagen-beauty-blend\/","og_site_name":"Vitamines","article_publisher":"https:\/\/www.facebook.com\/vitaminescom\/","article_modified_time":"2026-02-26T09:58:03+00:00","og_image":[{"width":1080,"height":1080,"url":"https:\/\/vitamines.com\/wp-content\/uploads\/2022\/09\/Herbolist-Beauty-Blend-11-Gratis.png","type":"image\/png"}],"twitter_card":"summary_large_image","twitter_site":"@vitaminescom","twitter_misc":{"Preis":"&euro;14.50","Verf\u00fcgbarkeit":"Auf Lager"},"schema":{"@context":"https:\/\/schema.org","@graph":[{"@type":["WebPage","ItemPage"],"@id":"https:\/\/vitamines.com\/de\/product\/herbolist-kollagen-beauty-blend\/","url":"https:\/\/vitamines.com\/de\/product\/herbolist-kollagen-beauty-blend\/","name":"Herbolist Kollagen Beauty Blend | Vitamines","isPartOf":{"@id":"https:\/\/vitamines.com\/de\/#website"},"primaryImageOfPage":{"@id":"https:\/\/vitamines.com\/de\/product\/herbolist-kollagen-beauty-blend\/#primaryimage"},"image":{"@id":"https:\/\/vitamines.com\/de\/product\/herbolist-kollagen-beauty-blend\/#primaryimage"},"thumbnailUrl":"https:\/\/vitamines.com\/wp-content\/uploads\/2022\/09\/beauty-blend.jpg","datePublished":"2022-09-22T13:11:17+00:00","dateModified":"2026-02-26T09:58:03+00:00","description":"Herbolist Kollagen Beauty Blend: Das meistgekaufte Kollagenpulver der Niederlande. Mit Hyalurons\u00e4ure und Vitamin C f\u00fcr die beste Wirkung.","breadcrumb":{"@id":"https:\/\/vitamines.com\/de\/product\/herbolist-kollagen-beauty-blend\/#breadcrumb"},"inLanguage":"de","potentialAction":[{"@type":"ReadAction","target":["https:\/\/vitamines.com\/de\/product\/herbolist-kollagen-beauty-blend\/"]}]},{"@type":"ImageObject","inLanguage":"de","@id":"https:\/\/vitamines.com\/de\/product\/herbolist-kollagen-beauty-blend\/#primaryimage","url":"https:\/\/vitamines.com\/wp-content\/uploads\/2022\/09\/beauty-blend.jpg","contentUrl":"https:\/\/vitamines.com\/wp-content\/uploads\/2022\/09\/beauty-blend.jpg","width":1080,"height":1080},{"@type":"BreadcrumbList","@id":"https:\/\/vitamines.com\/de\/product\/herbolist-kollagen-beauty-blend\/#breadcrumb","itemListElement":[{"@type":"ListItem","position":1,"name":"Home","item":"https:\/\/vitamines.com\/de\/"},{"@type":"ListItem","position":2,"name":"Herbolist Kollagen Beauty Blend"}]},{"@type":"WebSite","@id":"https:\/\/vitamines.com\/de\/#website","url":"https:\/\/vitamines.com\/de\/","name":"Vitamines","description":"Alle kwalitatieve vitamines, mineralen en supplementen bij d\u00e9 vitamine experts van Belgi\u00eb en Nederland.","publisher":{"@id":"https:\/\/vitamines.com\/de\/#organization"},"alternateName":"Vitamins","potentialAction":[{"@type":"SearchAction","target":{"@type":"EntryPoint","urlTemplate":"https:\/\/vitamines.com\/de\/?s={search_term_string}"},"query-input":{"@type":"PropertyValueSpecification","valueRequired":true,"valueName":"search_term_string"}}],"inLanguage":"de"},{"@type":["Organization","Place","HealthAndBeautyBusiness"],"@id":"https:\/\/vitamines.com\/de\/#organization","name":"Vitamines","alternateName":"Vitamins","url":"https:\/\/vitamines.com\/de\/","logo":{"@id":"https:\/\/vitamines.com\/de\/product\/herbolist-kollagen-beauty-blend\/#local-main-organization-logo"},"image":{"@id":"https:\/\/vitamines.com\/de\/product\/herbolist-kollagen-beauty-blend\/#local-main-organization-logo"},"sameAs":["https:\/\/www.facebook.com\/vitaminescom\/","https:\/\/x.com\/vitaminescom","https:\/\/www.instagram.com\/vitaminescom\/","https:\/\/www.linkedin.com\/company\/vitaminescom\/","https:\/\/nl.pinterest.com\/vitaminescom\/","https:\/\/www.tiktok.com\/@vitamines.com","https:\/\/www.youtube.com\/@vitaminescom","https:\/\/nl.trustpilot.com\/review\/vitamines.com"],"description":"Vitamines koop je natuurlijk op Vitamines.com. Keus uit meer dan 10.000 vitaminen & supplementen, direct uit voorraad leverbaar. Denk hierbij aan vitamine A, vitamine B, vitamine C, vitamine D, calcium, chroom, ijzer, kalium of koper. Maar ook eiwitten (prote\u00efne), magnesium, mangaan, selenium, collageen poeder en multivitaminen zijn populaire voedingssupplementen die je kunt bestellen in de webshop van Vitamines.","legalName":"Vitamines.com B.V.","foundingDate":"1997-08-15","numberOfEmployees":{"@type":"QuantitativeValue","minValue":"11","maxValue":"50"},"address":{"@id":"https:\/\/vitamines.com\/de\/product\/herbolist-kollagen-beauty-blend\/#local-main-place-address"},"telephone":["020 308 6875"],"contactPoint":{"@type":"ContactPoint","email":"support@vitamines.com"},"openingHoursSpecification":{"@type":"OpeningHoursSpecification","dayOfWeek":["Monday","Tuesday","Wednesday","Thursday","Friday","Saturday","Sunday"],"opens":"00:00","closes":"23:59"},"priceRange":"$$","currenciesAccepted":"EUR"},{"@type":"PostalAddress","@id":"https:\/\/vitamines.com\/de\/product\/herbolist-kollagen-beauty-blend\/#local-main-place-address","streetAddress":"Professor J.H. Bavincklaan 2","addressLocality":"Amstelveen","postalCode":"1183 AT","addressRegion":"NH","addressCountry":"NL"},{"@type":"ImageObject","inLanguage":"de","@id":"https:\/\/vitamines.com\/de\/product\/herbolist-kollagen-beauty-blend\/#local-main-organization-logo","url":"https:\/\/vitamines.com\/wp-content\/uploads\/2024\/10\/vitamines.svg","contentUrl":"https:\/\/vitamines.com\/wp-content\/uploads\/2024\/10\/vitamines.svg","width":132,"height":24,"caption":"Vitamines"}]},"product_price_amount":"14.50","product_price_currency":"EUR","og_availability":"instock","product_availability":"instock","product_retailer_item_id":"285463","product_condition":"new","geo.placename":"Amstelveen","geo.region":"Niederlande"},"_links":{"self":[{"href":"https:\/\/vitamines.com\/de\/wp-json\/wp\/v2\/product\/1553881","targetHints":{"allow":["GET"]}}],"collection":[{"href":"https:\/\/vitamines.com\/de\/wp-json\/wp\/v2\/product"}],"about":[{"href":"https:\/\/vitamines.com\/de\/wp-json\/wp\/v2\/types\/product"}],"replies":[{"embeddable":true,"href":"https:\/\/vitamines.com\/de\/wp-json\/wp\/v2\/comments?post=1553881"}],"wp:featuredmedia":[{"embeddable":true,"href":"https:\/\/vitamines.com\/de\/wp-json\/wp\/v2\/media\/1558929"}],"wp:attachment":[{"href":"https:\/\/vitamines.com\/de\/wp-json\/wp\/v2\/media?parent=1553881"}],"wp:term":[{"taxonomy":"product_brand","embeddable":true,"href":"https:\/\/vitamines.com\/de\/wp-json\/wp\/v2\/product_brand?post=1553881"},{"taxonomy":"product_cat","embeddable":true,"href":"https:\/\/vitamines.com\/de\/wp-json\/wp\/v2\/product_cat?post=1553881"},{"taxonomy":"product_tag","embeddable":true,"href":"https:\/\/vitamines.com\/de\/wp-json\/wp\/v2\/product_tag?post=1553881"},{"taxonomy":"merken","embeddable":true,"href":"https:\/\/vitamines.com\/de\/wp-json\/wp\/v2\/merken?post=1553881"},{"taxonomy":"producttype","embeddable":true,"href":"https:\/\/vitamines.com\/de\/wp-json\/wp\/v2\/producttype?post=1553881"},{"taxonomy":"aanbieding","embeddable":true,"href":"https:\/\/vitamines.com\/de\/wp-json\/wp\/v2\/aanbieding?post=1553881"}],"curies":[{"name":"wp","href":"https:\/\/api.w.org\/{rel}","templated":true}]}}