{"id":1554092,"date":"2025-08-19T13:49:24","date_gmt":"2025-08-19T11:49:24","guid":{"rendered":"https:\/\/vitamines.com\/product\/beauty-glow-bundle-haut-haare-naegel\/"},"modified":"2025-08-19T13:49:24","modified_gmt":"2025-08-19T11:49:24","slug":"beauty-glow-bundle-haut-haare-naegel","status":"publish","type":"product","link":"https:\/\/vitamines.com\/de\/product\/beauty-glow-bundle-haut-haare-naegel\/","title":{"rendered":"Beauty Glow Bundle \u2013 Haut, Haare &amp; N\u00e4gel"},"content":{"rendered":"<p><b>Sch\u00f6nheit von innen<\/b><span style=\"font-weight: 400;\"><br \/>\n<\/span><span style=\"font-weight: 400;\">Das Beauty Glow Bundle ist f\u00fcr Frauen, die ihre Haut, Haare und N\u00e4gel stilvoll und effektiv unterst\u00fctzen m\u00f6chten.<\/span><\/p>\n<p><b>In diesem Bundle:<\/b><\/p>\n<ul>\n<li style=\"font-weight: 400;\" aria-level=\"1\"><span style=\"font-weight: 400;\">Herbolist Kollagen Beauty Blend \u2013 trinkbare Hautpflege<\/span><\/li>\n<li style=\"font-weight: 400;\" aria-level=\"1\"><span style=\"font-weight: 400;\">Herbolist Haut &amp; Haar \u2013 speziell zusammengestellt<\/span><\/li>\n<li style=\"font-weight: 400;\" aria-level=\"1\"><span style=\"font-weight: 400;\">Herbolist Kollagen Pillen \u2013 Unterst\u00fctzung der Kollagenproduktion<\/span><\/li>\n<\/ul>\n<p><b>Warum dieses Bundle so beliebt ist:<\/b><\/p>\n<ul>\n<li style=\"font-weight: 400;\" aria-level=\"1\"><span style=\"font-weight: 400;\">Konzentriert auf Haut, Haare und N\u00e4gel<\/span><\/li>\n<li style=\"font-weight: 400;\" aria-level=\"1\"><span style=\"font-weight: 400;\">Luxusprodukte, die sich gegenseitig verst\u00e4rken<\/span><\/li>\n<li style=\"font-weight: 400;\" aria-level=\"1\"><span style=\"font-weight: 400;\">G\u00fcnstiger als Einzelkauf<\/span><\/li>\n<\/ul>\n","protected":false},"excerpt":{"rendered":"<p><b>Sch\u00f6nheit von innen<\/b><span style=\"font-weight: 400;\"><br \/>\n<\/span><span style=\"font-weight: 400;\">Das Beauty Glow Bundle ist f\u00fcr Frauen, die ihre Haut, Haare und N\u00e4gel stilvoll und effektiv unterst\u00fctzen m\u00f6chten.<\/span><\/p>\n<p><b>In diesem Bundle:<\/b><\/p>\n<ul>\n<li style=\"font-weight: 400;\" aria-level=\"1\"><span style=\"font-weight: 400;\">Herbolist Kollagen Beauty Blend \u2013 trinkbare Hautpflege<\/span><\/li>\n<li style=\"font-weight: 400;\" aria-level=\"1\"><span style=\"font-weight: 400;\">Herbolist Haut &amp; Haar \u2013 speziell zusammengestellt<\/span><\/li>\n<li style=\"font-weight: 400;\" aria-level=\"1\"><span style=\"font-weight: 400;\">Herbolist Kollagen Pillen \u2013 Unterst\u00fctzung der Kollagenproduktion<\/span><\/li>\n<\/ul>\n<p><b>Warum dieses Bundle so beliebt ist:<\/b><\/p>\n<ul>\n<li style=\"font-weight: 400;\" aria-level=\"1\"><span style=\"font-weight: 400;\">Konzentriert auf Haut, Haare und N\u00e4gel<\/span><\/li>\n<li style=\"font-weight: 400;\" aria-level=\"1\"><span style=\"font-weight: 400;\">Luxusprodukte, die sich gegenseitig verst\u00e4rken<\/span><\/li>\n<li style=\"font-weight: 400;\" aria-level=\"1\"><span style=\"font-weight: 400;\">G\u00fcnstiger als Einzelkauf<\/span><\/li>\n<\/ul>\n","protected":false},"featured_media":1554093,"comment_status":"open","ping_status":"closed","template":"","meta":{"_acf_changed":false,"inline_featured_image":false},"product_brand":[],"product_cat":[2248,2273],"product_tag":[],"merken":[],"producttype":[],"aanbieding":[],"class_list":{"0":"post-1554092","1":"product","2":"type-product","3":"status-publish","4":"has-post-thumbnail","6":"product_cat-angebote","7":"product_cat-bundel","9":"first","10":"instock","11":"sale","12":"virtual","13":"taxable","14":"product-type-bundle"},"bundled_by":[],"bundle_stock_status":"instock","bundle_stock_quantity":"","bundle_virtual":false,"bundle_layout":"default","bundle_add_to_cart_form_location":"default","bundle_editable_in_cart":false,"bundle_sold_individually_context":"product","bundle_item_grouping":"parent","bundle_min_size":"","bundle_max_size":"","bundle_price":{"price":{"min":{"incl_tax":"39.95","excl_tax":"36.651376"},"max":{"incl_tax":"39.95","excl_tax":"36.651376"}},"regular_price":{"min":{"incl_tax":"74.93","excl_tax":"68.743119"},"max":{"incl_tax":"74.93","excl_tax":"68.743119"}}},"bundled_items":[],"bundle_sell_ids":[],"group_of_quantity":0,"min_quantity":0,"max_quantity":"","exclude_order_quantity_value_rules":"no","exclude_category_quantity_rules":"no","combine_variations":"no","acf":[],"yoast_head":"<!-- This site is optimized with the Yoast SEO Premium plugin v27.3 (Yoast SEO v27.3) - https:\/\/yoast.com\/product\/yoast-seo-premium-wordpress\/ -->\n<title>Beauty Glow Bundle \u2013 Haut, Haare &amp; N\u00e4gel | Vitamines<\/title>\n<meta name=\"description\" content=\"Beauty Glow Bundle \u2013 Haut, Haare &amp; N\u00e4gel kopen doe je voordelig in de shop van Vitamines. Vandaag besteld, morgen in huis. Sch\u00f6nheit von innen Das Beauty Glow Bundle ist f\u00fcr Frauen, die ihre Haut, Haare und N\u00e4gel stilvoll und effektiv unterst\u00fctzen m\u00f6chten. In diesem Bundle:   Herbolist Kollagen Beauty Blend \u2013 trinkbare Hautpflege  Herbolist Haut &amp; Haar \u2013 speziell zusammengestellt  Herbolist Kollagen Pillen \u2013 Unterst\u00fctzung der Kollagenproduktion  Warum dieses Bundle so beliebt ist:   Konzentriert auf Haut, Haare und N\u00e4gel  Luxusprodukte, die sich gegenseitig verst\u00e4rken  G\u00fcnstiger als Einzelkauf\" \/>\n<meta name=\"robots\" content=\"index, follow, max-snippet:-1, max-image-preview:large, max-video-preview:-1\" \/>\n<link rel=\"canonical\" href=\"https:\/\/vitamines.com\/de\/product\/beauty-glow-bundle-haut-haare-naegel\/\" \/>\n<meta property=\"og:locale\" content=\"de_DE\" \/>\n<meta property=\"og:type\" content=\"article\" \/>\n<meta property=\"og:title\" content=\"Beauty Glow Bundle \u2013 Haut, Haare &amp; N\u00e4gel | Vitamines\" \/>\n<meta property=\"og:description\" content=\"Sch\u00f6nheit von innen Das Beauty Glow Bundle ist f\u00fcr Frauen, die ihre Haut, Haare und N\u00e4gel stilvoll und effektiv unterst\u00fctzen m\u00f6chten. In diesem Bundle:   Herbolist Kollagen Beauty Blend \u2013 trinkbare Hautpflege  Herbolist Haut &amp; Haar \u2013 speziell zusammengestellt  Herbolist Kollagen Pillen \u2013 Unterst\u00fctzung der Kollagenproduktion  Warum dieses Bundle so beliebt ist:   Konzentriert auf Haut, Haare und N\u00e4gel  Luxusprodukte, die sich gegenseitig verst\u00e4rken  G\u00fcnstiger als Einzelkauf\" \/>\n<meta property=\"og:url\" content=\"https:\/\/vitamines.com\/de\/product\/beauty-glow-bundle-haut-haare-naegel\/\" \/>\n<meta property=\"og:site_name\" content=\"Vitamines\" \/>\n<meta property=\"article:publisher\" content=\"https:\/\/www.facebook.com\/vitaminescom\/\" \/>\n<meta property=\"og:image\" content=\"https:\/\/vitamines.com\/wp-content\/uploads\/2025\/08\/Beauty-glow-bundel.png\" \/>\n\t<meta property=\"og:image:width\" content=\"1080\" \/>\n\t<meta property=\"og:image:height\" content=\"1080\" \/>\n\t<meta property=\"og:image:type\" content=\"image\/png\" \/>\n<meta name=\"twitter:card\" content=\"summary_large_image\" \/>\n<meta name=\"twitter:site\" content=\"@vitaminescom\" \/>\n<meta name=\"twitter:label1\" content=\"Preis\" \/>\n\t<meta name=\"twitter:data1\" content=\"&euro;39.95\" \/>\n\t<meta name=\"twitter:label2\" content=\"Verf\u00fcgbarkeit\" \/>\n\t<meta name=\"twitter:data2\" content=\"Auf Lager\" \/>\n<script type=\"application\/ld+json\" class=\"yoast-schema-graph\">{\"@context\":\"https:\\\/\\\/schema.org\",\"@graph\":[{\"@type\":[\"WebPage\",\"ItemPage\"],\"@id\":\"https:\\\/\\\/vitamines.com\\\/de\\\/product\\\/beauty-glow-bundle-haut-haare-naegel\\\/\",\"url\":\"https:\\\/\\\/vitamines.com\\\/de\\\/product\\\/beauty-glow-bundle-haut-haare-naegel\\\/\",\"name\":\"Beauty Glow Bundle \u2013 Haut, Haare &amp; N\u00e4gel | Vitamines\",\"isPartOf\":{\"@id\":\"https:\\\/\\\/vitamines.com\\\/de\\\/#website\"},\"primaryImageOfPage\":{\"@id\":\"https:\\\/\\\/vitamines.com\\\/de\\\/product\\\/beauty-glow-bundle-haut-haare-naegel\\\/#primaryimage\"},\"image\":{\"@id\":\"https:\\\/\\\/vitamines.com\\\/de\\\/product\\\/beauty-glow-bundle-haut-haare-naegel\\\/#primaryimage\"},\"thumbnailUrl\":\"https:\\\/\\\/vitamines.com\\\/wp-content\\\/uploads\\\/2025\\\/08\\\/Beauty-glow-bundel.png\",\"datePublished\":\"2025-08-19T11:49:24+00:00\",\"description\":\"Beauty Glow Bundle \u2013 Haut, Haare &amp; N\u00e4gel kopen doe je voordelig in de shop van Vitamines. Vandaag besteld, morgen in huis. Sch\u00f6nheit von innen Das Beauty Glow Bundle ist f\u00fcr Frauen, die ihre Haut, Haare und N\u00e4gel stilvoll und effektiv unterst\u00fctzen m\u00f6chten. In diesem Bundle: \u2022 Herbolist Kollagen Beauty Blend \u2013 trinkbare Hautpflege \u2022 Herbolist Haut &amp; Haar \u2013 speziell zusammengestellt \u2022 Herbolist Kollagen Pillen \u2013 Unterst\u00fctzung der Kollagenproduktion Warum dieses Bundle so beliebt ist: \u2022 Konzentriert auf Haut, Haare und N\u00e4gel \u2022 Luxusprodukte, die sich gegenseitig verst\u00e4rken \u2022 G\u00fcnstiger als Einzelkauf\",\"breadcrumb\":{\"@id\":\"https:\\\/\\\/vitamines.com\\\/de\\\/product\\\/beauty-glow-bundle-haut-haare-naegel\\\/#breadcrumb\"},\"inLanguage\":\"de\",\"potentialAction\":[{\"@type\":\"ReadAction\",\"target\":[\"https:\\\/\\\/vitamines.com\\\/de\\\/product\\\/beauty-glow-bundle-haut-haare-naegel\\\/\"]}]},{\"@type\":\"ImageObject\",\"inLanguage\":\"de\",\"@id\":\"https:\\\/\\\/vitamines.com\\\/de\\\/product\\\/beauty-glow-bundle-haut-haare-naegel\\\/#primaryimage\",\"url\":\"https:\\\/\\\/vitamines.com\\\/wp-content\\\/uploads\\\/2025\\\/08\\\/Beauty-glow-bundel.png\",\"contentUrl\":\"https:\\\/\\\/vitamines.com\\\/wp-content\\\/uploads\\\/2025\\\/08\\\/Beauty-glow-bundel.png\",\"width\":1080,\"height\":1080},{\"@type\":\"BreadcrumbList\",\"@id\":\"https:\\\/\\\/vitamines.com\\\/de\\\/product\\\/beauty-glow-bundle-haut-haare-naegel\\\/#breadcrumb\",\"itemListElement\":[{\"@type\":\"ListItem\",\"position\":1,\"name\":\"Home\",\"item\":\"https:\\\/\\\/vitamines.com\\\/de\\\/\"},{\"@type\":\"ListItem\",\"position\":2,\"name\":\"Beauty Glow Bundle \u2013 Haut, Haare &amp; N\u00e4gel\"}]},{\"@type\":\"WebSite\",\"@id\":\"https:\\\/\\\/vitamines.com\\\/de\\\/#website\",\"url\":\"https:\\\/\\\/vitamines.com\\\/de\\\/\",\"name\":\"Vitamines\",\"description\":\"Alle kwalitatieve vitamines, mineralen en supplementen bij d\u00e9 vitamine experts van Belgi\u00eb en Nederland.\",\"publisher\":{\"@id\":\"https:\\\/\\\/vitamines.com\\\/de\\\/#organization\"},\"alternateName\":\"Vitamins\",\"potentialAction\":[{\"@type\":\"SearchAction\",\"target\":{\"@type\":\"EntryPoint\",\"urlTemplate\":\"https:\\\/\\\/vitamines.com\\\/de\\\/?s={search_term_string}\"},\"query-input\":{\"@type\":\"PropertyValueSpecification\",\"valueRequired\":true,\"valueName\":\"search_term_string\"}}],\"inLanguage\":\"de\"},{\"@type\":[\"Organization\",\"Place\",\"HealthAndBeautyBusiness\"],\"@id\":\"https:\\\/\\\/vitamines.com\\\/de\\\/#organization\",\"name\":\"Vitamines\",\"alternateName\":\"Vitamins\",\"url\":\"https:\\\/\\\/vitamines.com\\\/de\\\/\",\"logo\":{\"@id\":\"https:\\\/\\\/vitamines.com\\\/de\\\/product\\\/beauty-glow-bundle-haut-haare-naegel\\\/#local-main-organization-logo\"},\"image\":{\"@id\":\"https:\\\/\\\/vitamines.com\\\/de\\\/product\\\/beauty-glow-bundle-haut-haare-naegel\\\/#local-main-organization-logo\"},\"sameAs\":[\"https:\\\/\\\/www.facebook.com\\\/vitaminescom\\\/\",\"https:\\\/\\\/x.com\\\/vitaminescom\",\"https:\\\/\\\/www.instagram.com\\\/vitaminescom\\\/\",\"https:\\\/\\\/www.linkedin.com\\\/company\\\/vitaminescom\\\/\",\"https:\\\/\\\/nl.pinterest.com\\\/vitaminescom\\\/\",\"https:\\\/\\\/www.tiktok.com\\\/@vitamines.com\",\"https:\\\/\\\/www.youtube.com\\\/@vitaminescom\",\"https:\\\/\\\/nl.trustpilot.com\\\/review\\\/vitamines.com\"],\"description\":\"Vitamines koop je natuurlijk op Vitamines.com. Keus uit meer dan 10.000 vitaminen & supplementen, direct uit voorraad leverbaar. Denk hierbij aan vitamine A, vitamine B, vitamine C, vitamine D, calcium, chroom, ijzer, kalium of koper. Maar ook eiwitten (prote\u00efne), magnesium, mangaan, selenium, collageen poeder en multivitaminen zijn populaire voedingssupplementen die je kunt bestellen in de webshop van Vitamines.\",\"legalName\":\"Vitamines.com B.V.\",\"foundingDate\":\"1997-08-15\",\"numberOfEmployees\":{\"@type\":\"QuantitativeValue\",\"minValue\":\"11\",\"maxValue\":\"50\"},\"address\":{\"@id\":\"https:\\\/\\\/vitamines.com\\\/de\\\/product\\\/beauty-glow-bundle-haut-haare-naegel\\\/#local-main-place-address\"},\"telephone\":[\"020 308 6875\"],\"contactPoint\":{\"@type\":\"ContactPoint\",\"email\":\"support@vitamines.com\"},\"openingHoursSpecification\":{\"@type\":\"OpeningHoursSpecification\",\"dayOfWeek\":[\"Monday\",\"Tuesday\",\"Wednesday\",\"Thursday\",\"Friday\",\"Saturday\",\"Sunday\"],\"opens\":\"00:00\",\"closes\":\"23:59\"},\"priceRange\":\"$$\",\"currenciesAccepted\":\"EUR\"},{\"@type\":\"PostalAddress\",\"@id\":\"https:\\\/\\\/vitamines.com\\\/de\\\/product\\\/beauty-glow-bundle-haut-haare-naegel\\\/#local-main-place-address\",\"streetAddress\":\"Professor J.H. Bavincklaan 2\",\"addressLocality\":\"Amstelveen\",\"postalCode\":\"1183 AT\",\"addressRegion\":\"NH\",\"addressCountry\":\"NL\"},{\"@type\":\"ImageObject\",\"inLanguage\":\"de\",\"@id\":\"https:\\\/\\\/vitamines.com\\\/de\\\/product\\\/beauty-glow-bundle-haut-haare-naegel\\\/#local-main-organization-logo\",\"url\":\"https:\\\/\\\/vitamines.com\\\/wp-content\\\/uploads\\\/2024\\\/10\\\/vitamines.svg\",\"contentUrl\":\"https:\\\/\\\/vitamines.com\\\/wp-content\\\/uploads\\\/2024\\\/10\\\/vitamines.svg\",\"width\":132,\"height\":24,\"caption\":\"Vitamines\"}]}<\/script>\n<meta property=\"product:price:amount\" content=\"39.95\" \/>\n<meta property=\"product:price:currency\" content=\"EUR\" \/>\n<meta property=\"og:availability\" content=\"instock\" \/>\n<meta property=\"product:availability\" content=\"instock\" \/>\n<meta property=\"product:condition\" content=\"new\" \/>\n<meta name=\"geo.placename\" content=\"Amstelveen\" \/>\n<meta name=\"geo.region\" content=\"Niederlande\" \/>\n<!-- \/ Yoast SEO Premium plugin. -->","yoast_head_json":{"title":"Beauty Glow Bundle \u2013 Haut, Haare &amp; N\u00e4gel | Vitamines","description":"Beauty Glow Bundle \u2013 Haut, Haare &amp; N\u00e4gel kopen doe je voordelig in de shop van Vitamines. Vandaag besteld, morgen in huis. Sch\u00f6nheit von innen Das Beauty Glow Bundle ist f\u00fcr Frauen, die ihre Haut, Haare und N\u00e4gel stilvoll und effektiv unterst\u00fctzen m\u00f6chten. In diesem Bundle:   Herbolist Kollagen Beauty Blend \u2013 trinkbare Hautpflege  Herbolist Haut &amp; Haar \u2013 speziell zusammengestellt  Herbolist Kollagen Pillen \u2013 Unterst\u00fctzung der Kollagenproduktion  Warum dieses Bundle so beliebt ist:   Konzentriert auf Haut, Haare und N\u00e4gel  Luxusprodukte, die sich gegenseitig verst\u00e4rken  G\u00fcnstiger als Einzelkauf","robots":{"index":"index","follow":"follow","max-snippet":"max-snippet:-1","max-image-preview":"max-image-preview:large","max-video-preview":"max-video-preview:-1"},"canonical":"https:\/\/vitamines.com\/de\/product\/beauty-glow-bundle-haut-haare-naegel\/","og_locale":"de_DE","og_type":"article","og_title":"Beauty Glow Bundle \u2013 Haut, Haare &amp; N\u00e4gel | Vitamines","og_description":"Sch\u00f6nheit von innen Das Beauty Glow Bundle ist f\u00fcr Frauen, die ihre Haut, Haare und N\u00e4gel stilvoll und effektiv unterst\u00fctzen m\u00f6chten. In diesem Bundle:   Herbolist Kollagen Beauty Blend \u2013 trinkbare Hautpflege  Herbolist Haut &amp; Haar \u2013 speziell zusammengestellt  Herbolist Kollagen Pillen \u2013 Unterst\u00fctzung der Kollagenproduktion  Warum dieses Bundle so beliebt ist:   Konzentriert auf Haut, Haare und N\u00e4gel  Luxusprodukte, die sich gegenseitig verst\u00e4rken  G\u00fcnstiger als Einzelkauf","og_url":"https:\/\/vitamines.com\/de\/product\/beauty-glow-bundle-haut-haare-naegel\/","og_site_name":"Vitamines","article_publisher":"https:\/\/www.facebook.com\/vitaminescom\/","og_image":[{"width":1080,"height":1080,"url":"https:\/\/vitamines.com\/wp-content\/uploads\/2025\/08\/Beauty-glow-bundel.png","type":"image\/png"}],"twitter_card":"summary_large_image","twitter_site":"@vitaminescom","twitter_misc":{"Preis":"&euro;39.95","Verf\u00fcgbarkeit":"Auf Lager"},"schema":{"@context":"https:\/\/schema.org","@graph":[{"@type":["WebPage","ItemPage"],"@id":"https:\/\/vitamines.com\/de\/product\/beauty-glow-bundle-haut-haare-naegel\/","url":"https:\/\/vitamines.com\/de\/product\/beauty-glow-bundle-haut-haare-naegel\/","name":"Beauty Glow Bundle \u2013 Haut, Haare &amp; N\u00e4gel | Vitamines","isPartOf":{"@id":"https:\/\/vitamines.com\/de\/#website"},"primaryImageOfPage":{"@id":"https:\/\/vitamines.com\/de\/product\/beauty-glow-bundle-haut-haare-naegel\/#primaryimage"},"image":{"@id":"https:\/\/vitamines.com\/de\/product\/beauty-glow-bundle-haut-haare-naegel\/#primaryimage"},"thumbnailUrl":"https:\/\/vitamines.com\/wp-content\/uploads\/2025\/08\/Beauty-glow-bundel.png","datePublished":"2025-08-19T11:49:24+00:00","description":"Beauty Glow Bundle \u2013 Haut, Haare &amp; N\u00e4gel kopen doe je voordelig in de shop van Vitamines. Vandaag besteld, morgen in huis. Sch\u00f6nheit von innen Das Beauty Glow Bundle ist f\u00fcr Frauen, die ihre Haut, Haare und N\u00e4gel stilvoll und effektiv unterst\u00fctzen m\u00f6chten. In diesem Bundle: \u2022 Herbolist Kollagen Beauty Blend \u2013 trinkbare Hautpflege \u2022 Herbolist Haut &amp; Haar \u2013 speziell zusammengestellt \u2022 Herbolist Kollagen Pillen \u2013 Unterst\u00fctzung der Kollagenproduktion Warum dieses Bundle so beliebt ist: \u2022 Konzentriert auf Haut, Haare und N\u00e4gel \u2022 Luxusprodukte, die sich gegenseitig verst\u00e4rken \u2022 G\u00fcnstiger als Einzelkauf","breadcrumb":{"@id":"https:\/\/vitamines.com\/de\/product\/beauty-glow-bundle-haut-haare-naegel\/#breadcrumb"},"inLanguage":"de","potentialAction":[{"@type":"ReadAction","target":["https:\/\/vitamines.com\/de\/product\/beauty-glow-bundle-haut-haare-naegel\/"]}]},{"@type":"ImageObject","inLanguage":"de","@id":"https:\/\/vitamines.com\/de\/product\/beauty-glow-bundle-haut-haare-naegel\/#primaryimage","url":"https:\/\/vitamines.com\/wp-content\/uploads\/2025\/08\/Beauty-glow-bundel.png","contentUrl":"https:\/\/vitamines.com\/wp-content\/uploads\/2025\/08\/Beauty-glow-bundel.png","width":1080,"height":1080},{"@type":"BreadcrumbList","@id":"https:\/\/vitamines.com\/de\/product\/beauty-glow-bundle-haut-haare-naegel\/#breadcrumb","itemListElement":[{"@type":"ListItem","position":1,"name":"Home","item":"https:\/\/vitamines.com\/de\/"},{"@type":"ListItem","position":2,"name":"Beauty Glow Bundle \u2013 Haut, Haare &amp; N\u00e4gel"}]},{"@type":"WebSite","@id":"https:\/\/vitamines.com\/de\/#website","url":"https:\/\/vitamines.com\/de\/","name":"Vitamines","description":"Alle kwalitatieve vitamines, mineralen en supplementen bij d\u00e9 vitamine experts van Belgi\u00eb en Nederland.","publisher":{"@id":"https:\/\/vitamines.com\/de\/#organization"},"alternateName":"Vitamins","potentialAction":[{"@type":"SearchAction","target":{"@type":"EntryPoint","urlTemplate":"https:\/\/vitamines.com\/de\/?s={search_term_string}"},"query-input":{"@type":"PropertyValueSpecification","valueRequired":true,"valueName":"search_term_string"}}],"inLanguage":"de"},{"@type":["Organization","Place","HealthAndBeautyBusiness"],"@id":"https:\/\/vitamines.com\/de\/#organization","name":"Vitamines","alternateName":"Vitamins","url":"https:\/\/vitamines.com\/de\/","logo":{"@id":"https:\/\/vitamines.com\/de\/product\/beauty-glow-bundle-haut-haare-naegel\/#local-main-organization-logo"},"image":{"@id":"https:\/\/vitamines.com\/de\/product\/beauty-glow-bundle-haut-haare-naegel\/#local-main-organization-logo"},"sameAs":["https:\/\/www.facebook.com\/vitaminescom\/","https:\/\/x.com\/vitaminescom","https:\/\/www.instagram.com\/vitaminescom\/","https:\/\/www.linkedin.com\/company\/vitaminescom\/","https:\/\/nl.pinterest.com\/vitaminescom\/","https:\/\/www.tiktok.com\/@vitamines.com","https:\/\/www.youtube.com\/@vitaminescom","https:\/\/nl.trustpilot.com\/review\/vitamines.com"],"description":"Vitamines koop je natuurlijk op Vitamines.com. Keus uit meer dan 10.000 vitaminen & supplementen, direct uit voorraad leverbaar. Denk hierbij aan vitamine A, vitamine B, vitamine C, vitamine D, calcium, chroom, ijzer, kalium of koper. Maar ook eiwitten (prote\u00efne), magnesium, mangaan, selenium, collageen poeder en multivitaminen zijn populaire voedingssupplementen die je kunt bestellen in de webshop van Vitamines.","legalName":"Vitamines.com B.V.","foundingDate":"1997-08-15","numberOfEmployees":{"@type":"QuantitativeValue","minValue":"11","maxValue":"50"},"address":{"@id":"https:\/\/vitamines.com\/de\/product\/beauty-glow-bundle-haut-haare-naegel\/#local-main-place-address"},"telephone":["020 308 6875"],"contactPoint":{"@type":"ContactPoint","email":"support@vitamines.com"},"openingHoursSpecification":{"@type":"OpeningHoursSpecification","dayOfWeek":["Monday","Tuesday","Wednesday","Thursday","Friday","Saturday","Sunday"],"opens":"00:00","closes":"23:59"},"priceRange":"$$","currenciesAccepted":"EUR"},{"@type":"PostalAddress","@id":"https:\/\/vitamines.com\/de\/product\/beauty-glow-bundle-haut-haare-naegel\/#local-main-place-address","streetAddress":"Professor J.H. Bavincklaan 2","addressLocality":"Amstelveen","postalCode":"1183 AT","addressRegion":"NH","addressCountry":"NL"},{"@type":"ImageObject","inLanguage":"de","@id":"https:\/\/vitamines.com\/de\/product\/beauty-glow-bundle-haut-haare-naegel\/#local-main-organization-logo","url":"https:\/\/vitamines.com\/wp-content\/uploads\/2024\/10\/vitamines.svg","contentUrl":"https:\/\/vitamines.com\/wp-content\/uploads\/2024\/10\/vitamines.svg","width":132,"height":24,"caption":"Vitamines"}]},"product_price_amount":"39.95","product_price_currency":"EUR","og_availability":"instock","product_availability":"instock","product_condition":"new","geo.placename":"Amstelveen","geo.region":"Niederlande"},"_links":{"self":[{"href":"https:\/\/vitamines.com\/de\/wp-json\/wp\/v2\/product\/1554092","targetHints":{"allow":["GET"]}}],"collection":[{"href":"https:\/\/vitamines.com\/de\/wp-json\/wp\/v2\/product"}],"about":[{"href":"https:\/\/vitamines.com\/de\/wp-json\/wp\/v2\/types\/product"}],"replies":[{"embeddable":true,"href":"https:\/\/vitamines.com\/de\/wp-json\/wp\/v2\/comments?post=1554092"}],"wp:featuredmedia":[{"embeddable":true,"href":"https:\/\/vitamines.com\/de\/wp-json\/wp\/v2\/media\/1554093"}],"wp:attachment":[{"href":"https:\/\/vitamines.com\/de\/wp-json\/wp\/v2\/media?parent=1554092"}],"wp:term":[{"taxonomy":"product_brand","embeddable":true,"href":"https:\/\/vitamines.com\/de\/wp-json\/wp\/v2\/product_brand?post=1554092"},{"taxonomy":"product_cat","embeddable":true,"href":"https:\/\/vitamines.com\/de\/wp-json\/wp\/v2\/product_cat?post=1554092"},{"taxonomy":"product_tag","embeddable":true,"href":"https:\/\/vitamines.com\/de\/wp-json\/wp\/v2\/product_tag?post=1554092"},{"taxonomy":"merken","embeddable":true,"href":"https:\/\/vitamines.com\/de\/wp-json\/wp\/v2\/merken?post=1554092"},{"taxonomy":"producttype","embeddable":true,"href":"https:\/\/vitamines.com\/de\/wp-json\/wp\/v2\/producttype?post=1554092"},{"taxonomy":"aanbieding","embeddable":true,"href":"https:\/\/vitamines.com\/de\/wp-json\/wp\/v2\/aanbieding?post=1554092"}],"curies":[{"name":"wp","href":"https:\/\/api.w.org\/{rel}","templated":true}]}}