{"id":1554212,"date":"2025-08-11T18:04:46","date_gmt":"2025-08-11T16:04:46","guid":{"rendered":"https:\/\/vitamines.com\/product\/magnesiumpulver-chai-latte\/"},"modified":"2026-02-20T15:26:22","modified_gmt":"2026-02-20T14:26:22","slug":"magnesiumpulver-chai-latte","status":"publish","type":"product","link":"https:\/\/vitamines.com\/de\/product\/magnesiumpulver-chai-latte\/","title":{"rendered":"Magnesiumpulver \u2013 Chai Latte"},"content":{"rendered":"<p>Bei Herbolist dreht sich alles um dein Wohlbefinden. Deshalb haben wir ein Magnesiumpulver entwickelt, das nicht nur wirksam, sondern auch k\u00f6stlich und einfach anzuwenden ist.<\/p>\n<p>Unser <strong>Magnesiumpulver Chai Latte<\/strong> kombiniert Magnesium und Vitamin C in einer Pulverform mit einem weichen, w\u00fcrzigen <strong>Chai Latte<\/strong>-Geschmack, der dich entspannen l\u00e4sst. Speziell entwickelt, um mit warmer oder kalter (pflanzlicher) Milch gemischt zu werden. Perfekt f\u00fcr deine Abendroutine, als Ruhemoment auf dem Sofa oder einfach, wann immer du es brauchst.<\/p>\n<p>Hergestellt ohne k\u00fcnstliche Farb-, S\u00fc\u00df- oder Aromastoffe und entwickelt f\u00fcr Frauen, die Komfort, Qualit\u00e4t und Bequemlichkeit lieben.<\/p>\n<p><strong>Celebrate Women\u2019s Health. Herbolist. <\/strong><\/p>\n","protected":false},"excerpt":{"rendered":"<p>Bei Herbolist dreht sich alles um dein Wohlbefinden. Deshalb haben wir ein Magnesiumpulver entwickelt, das nicht nur wirksam, sondern auch k\u00f6stlich und einfach anzuwenden ist.<\/p>\n<p>Unser <strong>Magnesiumpulver Chai Latte<\/strong> kombiniert Magnesium und Vitamin C in einer Pulverform mit einem weichen, w\u00fcrzigen <strong>Chai Latte<\/strong>-Geschmack, der dich entspannen l\u00e4sst. Speziell entwickelt, um mit warmer oder kalter (pflanzlicher) Milch gemischt zu werden. Perfekt f\u00fcr deine Abendroutine, als Ruhemoment auf dem Sofa oder einfach, wann immer du es brauchst.<\/p>\n<p>Hergestellt ohne k\u00fcnstliche Farb-, S\u00fc\u00df- oder Aromastoffe und entwickelt f\u00fcr Frauen, die Komfort, Qualit\u00e4t und Bequemlichkeit lieben.<\/p>\n<p><strong>Celebrate Women\u2019s Health. Herbolist. <\/strong><\/p>\n","protected":false},"featured_media":1556960,"comment_status":"open","ping_status":"closed","template":"","meta":{"_acf_changed":false,"inline_featured_image":false},"product_brand":[],"product_cat":[2248,2247,2330,2250],"product_tag":[],"merken":[349],"producttype":[344],"aanbieding":[355],"class_list":{"0":"post-1554212","1":"product","2":"type-product","3":"status-publish","4":"has-post-thumbnail","6":"product_cat-angebote","7":"product_cat-bestseller","8":"product_cat-magnesium","9":"product_cat-vitamine-nahrungserganzungsmittel","10":"merken-herbolist","11":"producttype-poeder","12":"aanbieding-ja","14":"first","15":"instock","16":"taxable","17":"shipping-taxable","18":"purchasable","19":"product-type-simple"},"bundled_by":[],"bundle_stock_status":"instock","bundle_stock_quantity":null,"bundle_virtual":false,"bundle_layout":"","bundle_add_to_cart_form_location":"","bundle_editable_in_cart":false,"bundle_sold_individually_context":"","bundle_item_grouping":"","bundle_min_size":"","bundle_max_size":"","bundle_price":[],"bundled_items":[],"bundle_sell_ids":[],"group_of_quantity":0,"min_quantity":0,"max_quantity":"","exclude_order_quantity_value_rules":"no","exclude_category_quantity_rules":"no","combine_variations":"no","acf":[],"yoast_head":"<!-- This site is optimized with the Yoast SEO Premium plugin v27.3 (Yoast SEO v27.3) - https:\/\/yoast.com\/product\/yoast-seo-premium-wordpress\/ -->\n<title>Magnesiumpulver \u2013 Chai Latte | Vitamines<\/title>\n<meta name=\"description\" content=\"Magnesiumpulver \u2013 Chai Latte kopen doe je voordelig in de shop van Vitamines. Vandaag besteld, morgen in huis. Bei Herbolist dreht sich alles um dein Wohlbefinden. Deshalb haben wir ein Magnesiumpulver entwickelt, das nicht nur wirksam, sondern auch k\u00f6stlich und einfach anzuwenden ist.  Unser Magnesiumpulver Chai Latte kombiniert Magnesium und Vitamin C in einer Pulverform mit einem weichen, w\u00fcrzigen Chai Latte-Geschmack, der dich entspannen l\u00e4sst. Speziell entwickelt, um mit warmer oder kalter (pflanzlicher) Milch gemischt zu werden. Perfekt f\u00fcr deine Abendroutine, als Ruhemoment auf dem Sofa oder einfach, wann immer du es brauchst.  Hergestellt ohne k\u00fcnstliche Farb-, S\u00fc\u00df- oder Aromastoffe und entwickelt f\u00fcr Frauen, die Komfort, Qualit\u00e4t und Bequemlichkeit lieben.  Celebrate Women\u2019s Health. Herbolist.\" \/>\n<meta name=\"robots\" content=\"index, follow, max-snippet:-1, max-image-preview:large, max-video-preview:-1\" \/>\n<link rel=\"canonical\" href=\"https:\/\/vitamines.com\/de\/product\/magnesiumpulver-chai-latte\/\" \/>\n<meta property=\"og:locale\" content=\"de_DE\" \/>\n<meta property=\"og:type\" content=\"article\" \/>\n<meta property=\"og:title\" content=\"Magnesiumpulver \u2013 Chai Latte | Vitamines\" \/>\n<meta property=\"og:description\" content=\"Bei Herbolist dreht sich alles um dein Wohlbefinden. Deshalb haben wir ein Magnesiumpulver entwickelt, das nicht nur wirksam, sondern auch k\u00f6stlich und einfach anzuwenden ist.  Unser Magnesiumpulver Chai Latte kombiniert Magnesium und Vitamin C in einer Pulverform mit einem weichen, w\u00fcrzigen Chai Latte-Geschmack, der dich entspannen l\u00e4sst. Speziell entwickelt, um mit warmer oder kalter (pflanzlicher) Milch gemischt zu werden. Perfekt f\u00fcr deine Abendroutine, als Ruhemoment auf dem Sofa oder einfach, wann immer du es brauchst.  Hergestellt ohne k\u00fcnstliche Farb-, S\u00fc\u00df- oder Aromastoffe und entwickelt f\u00fcr Frauen, die Komfort, Qualit\u00e4t und Bequemlichkeit lieben.  Celebrate Women\u2019s Health. Herbolist.\" \/>\n<meta property=\"og:url\" content=\"https:\/\/vitamines.com\/de\/product\/magnesiumpulver-chai-latte\/\" \/>\n<meta property=\"og:site_name\" content=\"Vitamines\" \/>\n<meta property=\"article:publisher\" content=\"https:\/\/www.facebook.com\/vitaminescom\/\" \/>\n<meta property=\"article:modified_time\" content=\"2026-02-20T14:26:22+00:00\" \/>\n<meta property=\"og:image\" content=\"https:\/\/vitamines.com\/wp-content\/uploads\/2025\/08\/Herbolist-Magnesium-Chai-Latte-111.png\" \/>\n\t<meta property=\"og:image:width\" content=\"1080\" \/>\n\t<meta property=\"og:image:height\" content=\"1080\" \/>\n\t<meta property=\"og:image:type\" content=\"image\/png\" \/>\n<meta name=\"twitter:card\" content=\"summary_large_image\" \/>\n<meta name=\"twitter:site\" content=\"@vitaminescom\" \/>\n<meta name=\"twitter:label1\" content=\"Preis\" \/>\n\t<meta name=\"twitter:data1\" content=\"&euro;24.95\" \/>\n\t<meta name=\"twitter:label2\" content=\"Verf\u00fcgbarkeit\" \/>\n\t<meta name=\"twitter:data2\" content=\"Auf Lager\" \/>\n<script type=\"application\/ld+json\" class=\"yoast-schema-graph\">{\"@context\":\"https:\\\/\\\/schema.org\",\"@graph\":[{\"@type\":[\"WebPage\",\"ItemPage\"],\"@id\":\"https:\\\/\\\/vitamines.com\\\/de\\\/product\\\/magnesiumpulver-chai-latte\\\/\",\"url\":\"https:\\\/\\\/vitamines.com\\\/de\\\/product\\\/magnesiumpulver-chai-latte\\\/\",\"name\":\"Magnesiumpulver \u2013 Chai Latte | Vitamines\",\"isPartOf\":{\"@id\":\"https:\\\/\\\/vitamines.com\\\/de\\\/#website\"},\"primaryImageOfPage\":{\"@id\":\"https:\\\/\\\/vitamines.com\\\/de\\\/product\\\/magnesiumpulver-chai-latte\\\/#primaryimage\"},\"image\":{\"@id\":\"https:\\\/\\\/vitamines.com\\\/de\\\/product\\\/magnesiumpulver-chai-latte\\\/#primaryimage\"},\"thumbnailUrl\":\"https:\\\/\\\/vitamines.com\\\/wp-content\\\/uploads\\\/2025\\\/08\\\/Herbolist-Magnesium-Chai-Latte-111.png\",\"datePublished\":\"2025-08-11T16:04:46+00:00\",\"dateModified\":\"2026-02-20T14:26:22+00:00\",\"description\":\"Magnesiumpulver \u2013 Chai Latte kopen doe je voordelig in de shop van Vitamines. Vandaag besteld, morgen in huis. Bei Herbolist dreht sich alles um dein Wohlbefinden. Deshalb haben wir ein Magnesiumpulver entwickelt, das nicht nur wirksam, sondern auch k\u00f6stlich und einfach anzuwenden ist. Unser Magnesiumpulver Chai Latte kombiniert Magnesium und Vitamin C in einer Pulverform mit einem weichen, w\u00fcrzigen Chai Latte-Geschmack, der dich entspannen l\u00e4sst. Speziell entwickelt, um mit warmer oder kalter (pflanzlicher) Milch gemischt zu werden. Perfekt f\u00fcr deine Abendroutine, als Ruhemoment auf dem Sofa oder einfach, wann immer du es brauchst. Hergestellt ohne k\u00fcnstliche Farb-, S\u00fc\u00df- oder Aromastoffe und entwickelt f\u00fcr Frauen, die Komfort, Qualit\u00e4t und Bequemlichkeit lieben. Celebrate Women\u2019s Health. Herbolist.\",\"breadcrumb\":{\"@id\":\"https:\\\/\\\/vitamines.com\\\/de\\\/product\\\/magnesiumpulver-chai-latte\\\/#breadcrumb\"},\"inLanguage\":\"de\",\"potentialAction\":[{\"@type\":\"ReadAction\",\"target\":[\"https:\\\/\\\/vitamines.com\\\/de\\\/product\\\/magnesiumpulver-chai-latte\\\/\"]}]},{\"@type\":\"ImageObject\",\"inLanguage\":\"de\",\"@id\":\"https:\\\/\\\/vitamines.com\\\/de\\\/product\\\/magnesiumpulver-chai-latte\\\/#primaryimage\",\"url\":\"https:\\\/\\\/vitamines.com\\\/wp-content\\\/uploads\\\/2025\\\/08\\\/Herbolist-Magnesium-Chai-Latte-111.png\",\"contentUrl\":\"https:\\\/\\\/vitamines.com\\\/wp-content\\\/uploads\\\/2025\\\/08\\\/Herbolist-Magnesium-Chai-Latte-111.png\",\"width\":1080,\"height\":1080},{\"@type\":\"BreadcrumbList\",\"@id\":\"https:\\\/\\\/vitamines.com\\\/de\\\/product\\\/magnesiumpulver-chai-latte\\\/#breadcrumb\",\"itemListElement\":[{\"@type\":\"ListItem\",\"position\":1,\"name\":\"Home\",\"item\":\"https:\\\/\\\/vitamines.com\\\/de\\\/\"},{\"@type\":\"ListItem\",\"position\":2,\"name\":\"Magnesiumpulver \u2013 Chai Latte\"}]},{\"@type\":\"WebSite\",\"@id\":\"https:\\\/\\\/vitamines.com\\\/de\\\/#website\",\"url\":\"https:\\\/\\\/vitamines.com\\\/de\\\/\",\"name\":\"Vitamines\",\"description\":\"Alle kwalitatieve vitamines, mineralen en supplementen bij d\u00e9 vitamine experts van Belgi\u00eb en Nederland.\",\"publisher\":{\"@id\":\"https:\\\/\\\/vitamines.com\\\/de\\\/#organization\"},\"alternateName\":\"Vitamins\",\"potentialAction\":[{\"@type\":\"SearchAction\",\"target\":{\"@type\":\"EntryPoint\",\"urlTemplate\":\"https:\\\/\\\/vitamines.com\\\/de\\\/?s={search_term_string}\"},\"query-input\":{\"@type\":\"PropertyValueSpecification\",\"valueRequired\":true,\"valueName\":\"search_term_string\"}}],\"inLanguage\":\"de\"},{\"@type\":[\"Organization\",\"Place\",\"HealthAndBeautyBusiness\"],\"@id\":\"https:\\\/\\\/vitamines.com\\\/de\\\/#organization\",\"name\":\"Vitamines\",\"alternateName\":\"Vitamins\",\"url\":\"https:\\\/\\\/vitamines.com\\\/de\\\/\",\"logo\":{\"@id\":\"https:\\\/\\\/vitamines.com\\\/de\\\/product\\\/magnesiumpulver-chai-latte\\\/#local-main-organization-logo\"},\"image\":{\"@id\":\"https:\\\/\\\/vitamines.com\\\/de\\\/product\\\/magnesiumpulver-chai-latte\\\/#local-main-organization-logo\"},\"sameAs\":[\"https:\\\/\\\/www.facebook.com\\\/vitaminescom\\\/\",\"https:\\\/\\\/x.com\\\/vitaminescom\",\"https:\\\/\\\/www.instagram.com\\\/vitaminescom\\\/\",\"https:\\\/\\\/www.linkedin.com\\\/company\\\/vitaminescom\\\/\",\"https:\\\/\\\/nl.pinterest.com\\\/vitaminescom\\\/\",\"https:\\\/\\\/www.tiktok.com\\\/@vitamines.com\",\"https:\\\/\\\/www.youtube.com\\\/@vitaminescom\",\"https:\\\/\\\/nl.trustpilot.com\\\/review\\\/vitamines.com\"],\"description\":\"Vitamines koop je natuurlijk op Vitamines.com. Keus uit meer dan 10.000 vitaminen & supplementen, direct uit voorraad leverbaar. Denk hierbij aan vitamine A, vitamine B, vitamine C, vitamine D, calcium, chroom, ijzer, kalium of koper. Maar ook eiwitten (prote\u00efne), magnesium, mangaan, selenium, collageen poeder en multivitaminen zijn populaire voedingssupplementen die je kunt bestellen in de webshop van Vitamines.\",\"legalName\":\"Vitamines.com B.V.\",\"foundingDate\":\"1997-08-15\",\"numberOfEmployees\":{\"@type\":\"QuantitativeValue\",\"minValue\":\"11\",\"maxValue\":\"50\"},\"address\":{\"@id\":\"https:\\\/\\\/vitamines.com\\\/de\\\/product\\\/magnesiumpulver-chai-latte\\\/#local-main-place-address\"},\"telephone\":[\"020 308 6875\"],\"contactPoint\":{\"@type\":\"ContactPoint\",\"email\":\"support@vitamines.com\"},\"openingHoursSpecification\":{\"@type\":\"OpeningHoursSpecification\",\"dayOfWeek\":[\"Monday\",\"Tuesday\",\"Wednesday\",\"Thursday\",\"Friday\",\"Saturday\",\"Sunday\"],\"opens\":\"00:00\",\"closes\":\"23:59\"},\"priceRange\":\"$$\",\"currenciesAccepted\":\"EUR\"},{\"@type\":\"PostalAddress\",\"@id\":\"https:\\\/\\\/vitamines.com\\\/de\\\/product\\\/magnesiumpulver-chai-latte\\\/#local-main-place-address\",\"streetAddress\":\"Professor J.H. Bavincklaan 2\",\"addressLocality\":\"Amstelveen\",\"postalCode\":\"1183 AT\",\"addressRegion\":\"NH\",\"addressCountry\":\"NL\"},{\"@type\":\"ImageObject\",\"inLanguage\":\"de\",\"@id\":\"https:\\\/\\\/vitamines.com\\\/de\\\/product\\\/magnesiumpulver-chai-latte\\\/#local-main-organization-logo\",\"url\":\"https:\\\/\\\/vitamines.com\\\/wp-content\\\/uploads\\\/2024\\\/10\\\/vitamines.svg\",\"contentUrl\":\"https:\\\/\\\/vitamines.com\\\/wp-content\\\/uploads\\\/2024\\\/10\\\/vitamines.svg\",\"width\":132,\"height\":24,\"caption\":\"Vitamines\"}]}<\/script>\n<meta property=\"product:brand\" content=\"Herbolist\" \/>\n<meta property=\"product:price:amount\" content=\"24.95\" \/>\n<meta property=\"product:price:currency\" content=\"EUR\" \/>\n<meta property=\"og:availability\" content=\"instock\" \/>\n<meta property=\"product:availability\" content=\"instock\" \/>\n<meta property=\"product:retailer_item_id\" content=\"Herbolist Magnesiumpoeder Chai\" \/>\n<meta property=\"product:condition\" content=\"new\" \/>\n<meta name=\"geo.placename\" content=\"Amstelveen\" \/>\n<meta name=\"geo.region\" content=\"Niederlande\" \/>\n<!-- \/ Yoast SEO Premium plugin. -->","yoast_head_json":{"title":"Magnesiumpulver \u2013 Chai Latte | Vitamines","description":"Magnesiumpulver \u2013 Chai Latte kopen doe je voordelig in de shop van Vitamines. Vandaag besteld, morgen in huis. Bei Herbolist dreht sich alles um dein Wohlbefinden. Deshalb haben wir ein Magnesiumpulver entwickelt, das nicht nur wirksam, sondern auch k\u00f6stlich und einfach anzuwenden ist.  Unser Magnesiumpulver Chai Latte kombiniert Magnesium und Vitamin C in einer Pulverform mit einem weichen, w\u00fcrzigen Chai Latte-Geschmack, der dich entspannen l\u00e4sst. Speziell entwickelt, um mit warmer oder kalter (pflanzlicher) Milch gemischt zu werden. Perfekt f\u00fcr deine Abendroutine, als Ruhemoment auf dem Sofa oder einfach, wann immer du es brauchst.  Hergestellt ohne k\u00fcnstliche Farb-, S\u00fc\u00df- oder Aromastoffe und entwickelt f\u00fcr Frauen, die Komfort, Qualit\u00e4t und Bequemlichkeit lieben.  Celebrate Women\u2019s Health. Herbolist.","robots":{"index":"index","follow":"follow","max-snippet":"max-snippet:-1","max-image-preview":"max-image-preview:large","max-video-preview":"max-video-preview:-1"},"canonical":"https:\/\/vitamines.com\/de\/product\/magnesiumpulver-chai-latte\/","og_locale":"de_DE","og_type":"article","og_title":"Magnesiumpulver \u2013 Chai Latte | Vitamines","og_description":"Bei Herbolist dreht sich alles um dein Wohlbefinden. Deshalb haben wir ein Magnesiumpulver entwickelt, das nicht nur wirksam, sondern auch k\u00f6stlich und einfach anzuwenden ist.  Unser Magnesiumpulver Chai Latte kombiniert Magnesium und Vitamin C in einer Pulverform mit einem weichen, w\u00fcrzigen Chai Latte-Geschmack, der dich entspannen l\u00e4sst. Speziell entwickelt, um mit warmer oder kalter (pflanzlicher) Milch gemischt zu werden. Perfekt f\u00fcr deine Abendroutine, als Ruhemoment auf dem Sofa oder einfach, wann immer du es brauchst.  Hergestellt ohne k\u00fcnstliche Farb-, S\u00fc\u00df- oder Aromastoffe und entwickelt f\u00fcr Frauen, die Komfort, Qualit\u00e4t und Bequemlichkeit lieben.  Celebrate Women\u2019s Health. Herbolist.","og_url":"https:\/\/vitamines.com\/de\/product\/magnesiumpulver-chai-latte\/","og_site_name":"Vitamines","article_publisher":"https:\/\/www.facebook.com\/vitaminescom\/","article_modified_time":"2026-02-20T14:26:22+00:00","og_image":[{"width":1080,"height":1080,"url":"https:\/\/vitamines.com\/wp-content\/uploads\/2025\/08\/Herbolist-Magnesium-Chai-Latte-111.png","type":"image\/png"}],"twitter_card":"summary_large_image","twitter_site":"@vitaminescom","twitter_misc":{"Preis":"&euro;24.95","Verf\u00fcgbarkeit":"Auf Lager"},"schema":{"@context":"https:\/\/schema.org","@graph":[{"@type":["WebPage","ItemPage"],"@id":"https:\/\/vitamines.com\/de\/product\/magnesiumpulver-chai-latte\/","url":"https:\/\/vitamines.com\/de\/product\/magnesiumpulver-chai-latte\/","name":"Magnesiumpulver \u2013 Chai Latte | Vitamines","isPartOf":{"@id":"https:\/\/vitamines.com\/de\/#website"},"primaryImageOfPage":{"@id":"https:\/\/vitamines.com\/de\/product\/magnesiumpulver-chai-latte\/#primaryimage"},"image":{"@id":"https:\/\/vitamines.com\/de\/product\/magnesiumpulver-chai-latte\/#primaryimage"},"thumbnailUrl":"https:\/\/vitamines.com\/wp-content\/uploads\/2025\/08\/Herbolist-Magnesium-Chai-Latte-111.png","datePublished":"2025-08-11T16:04:46+00:00","dateModified":"2026-02-20T14:26:22+00:00","description":"Magnesiumpulver \u2013 Chai Latte kopen doe je voordelig in de shop van Vitamines. Vandaag besteld, morgen in huis. Bei Herbolist dreht sich alles um dein Wohlbefinden. Deshalb haben wir ein Magnesiumpulver entwickelt, das nicht nur wirksam, sondern auch k\u00f6stlich und einfach anzuwenden ist. Unser Magnesiumpulver Chai Latte kombiniert Magnesium und Vitamin C in einer Pulverform mit einem weichen, w\u00fcrzigen Chai Latte-Geschmack, der dich entspannen l\u00e4sst. Speziell entwickelt, um mit warmer oder kalter (pflanzlicher) Milch gemischt zu werden. Perfekt f\u00fcr deine Abendroutine, als Ruhemoment auf dem Sofa oder einfach, wann immer du es brauchst. Hergestellt ohne k\u00fcnstliche Farb-, S\u00fc\u00df- oder Aromastoffe und entwickelt f\u00fcr Frauen, die Komfort, Qualit\u00e4t und Bequemlichkeit lieben. Celebrate Women\u2019s Health. Herbolist.","breadcrumb":{"@id":"https:\/\/vitamines.com\/de\/product\/magnesiumpulver-chai-latte\/#breadcrumb"},"inLanguage":"de","potentialAction":[{"@type":"ReadAction","target":["https:\/\/vitamines.com\/de\/product\/magnesiumpulver-chai-latte\/"]}]},{"@type":"ImageObject","inLanguage":"de","@id":"https:\/\/vitamines.com\/de\/product\/magnesiumpulver-chai-latte\/#primaryimage","url":"https:\/\/vitamines.com\/wp-content\/uploads\/2025\/08\/Herbolist-Magnesium-Chai-Latte-111.png","contentUrl":"https:\/\/vitamines.com\/wp-content\/uploads\/2025\/08\/Herbolist-Magnesium-Chai-Latte-111.png","width":1080,"height":1080},{"@type":"BreadcrumbList","@id":"https:\/\/vitamines.com\/de\/product\/magnesiumpulver-chai-latte\/#breadcrumb","itemListElement":[{"@type":"ListItem","position":1,"name":"Home","item":"https:\/\/vitamines.com\/de\/"},{"@type":"ListItem","position":2,"name":"Magnesiumpulver \u2013 Chai Latte"}]},{"@type":"WebSite","@id":"https:\/\/vitamines.com\/de\/#website","url":"https:\/\/vitamines.com\/de\/","name":"Vitamines","description":"Alle kwalitatieve vitamines, mineralen en supplementen bij d\u00e9 vitamine experts van Belgi\u00eb en Nederland.","publisher":{"@id":"https:\/\/vitamines.com\/de\/#organization"},"alternateName":"Vitamins","potentialAction":[{"@type":"SearchAction","target":{"@type":"EntryPoint","urlTemplate":"https:\/\/vitamines.com\/de\/?s={search_term_string}"},"query-input":{"@type":"PropertyValueSpecification","valueRequired":true,"valueName":"search_term_string"}}],"inLanguage":"de"},{"@type":["Organization","Place","HealthAndBeautyBusiness"],"@id":"https:\/\/vitamines.com\/de\/#organization","name":"Vitamines","alternateName":"Vitamins","url":"https:\/\/vitamines.com\/de\/","logo":{"@id":"https:\/\/vitamines.com\/de\/product\/magnesiumpulver-chai-latte\/#local-main-organization-logo"},"image":{"@id":"https:\/\/vitamines.com\/de\/product\/magnesiumpulver-chai-latte\/#local-main-organization-logo"},"sameAs":["https:\/\/www.facebook.com\/vitaminescom\/","https:\/\/x.com\/vitaminescom","https:\/\/www.instagram.com\/vitaminescom\/","https:\/\/www.linkedin.com\/company\/vitaminescom\/","https:\/\/nl.pinterest.com\/vitaminescom\/","https:\/\/www.tiktok.com\/@vitamines.com","https:\/\/www.youtube.com\/@vitaminescom","https:\/\/nl.trustpilot.com\/review\/vitamines.com"],"description":"Vitamines koop je natuurlijk op Vitamines.com. Keus uit meer dan 10.000 vitaminen & supplementen, direct uit voorraad leverbaar. Denk hierbij aan vitamine A, vitamine B, vitamine C, vitamine D, calcium, chroom, ijzer, kalium of koper. Maar ook eiwitten (prote\u00efne), magnesium, mangaan, selenium, collageen poeder en multivitaminen zijn populaire voedingssupplementen die je kunt bestellen in de webshop van Vitamines.","legalName":"Vitamines.com B.V.","foundingDate":"1997-08-15","numberOfEmployees":{"@type":"QuantitativeValue","minValue":"11","maxValue":"50"},"address":{"@id":"https:\/\/vitamines.com\/de\/product\/magnesiumpulver-chai-latte\/#local-main-place-address"},"telephone":["020 308 6875"],"contactPoint":{"@type":"ContactPoint","email":"support@vitamines.com"},"openingHoursSpecification":{"@type":"OpeningHoursSpecification","dayOfWeek":["Monday","Tuesday","Wednesday","Thursday","Friday","Saturday","Sunday"],"opens":"00:00","closes":"23:59"},"priceRange":"$$","currenciesAccepted":"EUR"},{"@type":"PostalAddress","@id":"https:\/\/vitamines.com\/de\/product\/magnesiumpulver-chai-latte\/#local-main-place-address","streetAddress":"Professor J.H. Bavincklaan 2","addressLocality":"Amstelveen","postalCode":"1183 AT","addressRegion":"NH","addressCountry":"NL"},{"@type":"ImageObject","inLanguage":"de","@id":"https:\/\/vitamines.com\/de\/product\/magnesiumpulver-chai-latte\/#local-main-organization-logo","url":"https:\/\/vitamines.com\/wp-content\/uploads\/2024\/10\/vitamines.svg","contentUrl":"https:\/\/vitamines.com\/wp-content\/uploads\/2024\/10\/vitamines.svg","width":132,"height":24,"caption":"Vitamines"}]},"product_brand":"Herbolist","product_price_amount":"24.95","product_price_currency":"EUR","og_availability":"instock","product_availability":"instock","product_retailer_item_id":"Herbolist Magnesiumpoeder Chai","product_condition":"new","geo.placename":"Amstelveen","geo.region":"Niederlande"},"_links":{"self":[{"href":"https:\/\/vitamines.com\/de\/wp-json\/wp\/v2\/product\/1554212","targetHints":{"allow":["GET"]}}],"collection":[{"href":"https:\/\/vitamines.com\/de\/wp-json\/wp\/v2\/product"}],"about":[{"href":"https:\/\/vitamines.com\/de\/wp-json\/wp\/v2\/types\/product"}],"replies":[{"embeddable":true,"href":"https:\/\/vitamines.com\/de\/wp-json\/wp\/v2\/comments?post=1554212"}],"wp:featuredmedia":[{"embeddable":true,"href":"https:\/\/vitamines.com\/de\/wp-json\/wp\/v2\/media\/1556960"}],"wp:attachment":[{"href":"https:\/\/vitamines.com\/de\/wp-json\/wp\/v2\/media?parent=1554212"}],"wp:term":[{"taxonomy":"product_brand","embeddable":true,"href":"https:\/\/vitamines.com\/de\/wp-json\/wp\/v2\/product_brand?post=1554212"},{"taxonomy":"product_cat","embeddable":true,"href":"https:\/\/vitamines.com\/de\/wp-json\/wp\/v2\/product_cat?post=1554212"},{"taxonomy":"product_tag","embeddable":true,"href":"https:\/\/vitamines.com\/de\/wp-json\/wp\/v2\/product_tag?post=1554212"},{"taxonomy":"merken","embeddable":true,"href":"https:\/\/vitamines.com\/de\/wp-json\/wp\/v2\/merken?post=1554212"},{"taxonomy":"producttype","embeddable":true,"href":"https:\/\/vitamines.com\/de\/wp-json\/wp\/v2\/producttype?post=1554212"},{"taxonomy":"aanbieding","embeddable":true,"href":"https:\/\/vitamines.com\/de\/wp-json\/wp\/v2\/aanbieding?post=1554212"}],"curies":[{"name":"wp","href":"https:\/\/api.w.org\/{rel}","templated":true}]}}