{"id":1556041,"date":"2026-02-25T13:13:23","date_gmt":"2026-02-25T12:13:23","guid":{"rendered":"https:\/\/vitamines.com\/?post_type=product&#038;p=1556041"},"modified":"2026-02-25T13:26:09","modified_gmt":"2026-02-25T12:26:09","slug":"herbolist-multi-frau-copy","status":"publish","type":"product","link":"https:\/\/vitamines.com\/de\/product\/herbolist-multi-frau-copy\/","title":{"rendered":"Herbolist Multi Frau (Copy)"},"content":{"rendered":"<p>Unser <strong>Multi Frau<\/strong> wurde speziell entwickelt, um dich t\u00e4glich zu unterst\u00fctzen!<\/p>\n<p>Bei Herbolist feiern wir die Gesundheit von Frauen. Wir glauben, dass wahre Balance von innen heraus beginnt. Deshalb haben wir <strong>Multi Frau<\/strong> entwickelt: ein komplettes Pr\u00e4parat mit essentiellen Vitaminen und Mineralien, speziell auf Frauen abgestimmt.<\/p>\n<p>Unsere <strong>Multi Frau<\/strong> Tabletten enthalten eine komplexe Formel an Vitaminen. Diese kleinen, leicht schluckbaren Tabletten sind perfekt f\u00fcr den t\u00e4glichen Gebrauch und kommen in einer stilvollen, nachhaltigen Verpackung, die wiederbef\u00fcllbar ist.<\/p>\n<p><strong>Celebrate Women\u2019s Health. Herbolist. <\/strong><\/p>\n","protected":false},"excerpt":{"rendered":"<p>Unser <strong>Multi Frau<\/strong> wurde speziell entwickelt, um dich t\u00e4glich zu unterst\u00fctzen!<\/p>\n<p>Bei Herbolist feiern wir die Gesundheit von Frauen. Wir glauben, dass wahre Balance von innen heraus beginnt. Deshalb haben wir <strong>Multi Frau<\/strong> entwickelt: ein komplettes Pr\u00e4parat mit essentiellen Vitaminen und Mineralien, speziell auf Frauen abgestimmt.<\/p>\n<p>Unsere <strong>Multi Frau<\/strong> Tabletten enthalten eine komplexe Formel an Vitaminen. Diese kleinen, leicht schluckbaren Tabletten sind perfekt f\u00fcr den t\u00e4glichen Gebrauch und kommen in einer stilvollen, nachhaltigen Verpackung, die wiederbef\u00fcllbar ist.<\/p>\n<p><strong>Celebrate Women\u2019s Health. Herbolist. <\/strong><\/p>\n","protected":false},"featured_media":1556931,"comment_status":"open","ping_status":"closed","template":"","meta":{"_acf_changed":false,"inline_featured_image":false},"product_brand":[],"product_cat":[2248,2247,2535,2339,2342,2480,2475,2476,2477,2478,2348,2351,2250,2474],"product_tag":[],"merken":[],"producttype":[],"aanbieding":[],"class_list":{"0":"post-1556041","1":"product","2":"type-product","3":"status-publish","4":"has-post-thumbnail","6":"product_cat-angebote","7":"product_cat-bestseller","8":"product_cat-biotin","9":"product_cat-vitamin-a","10":"product_cat-vitamin-b","11":"product_cat-vitamin-b1","12":"product_cat-vitamin-b12","13":"product_cat-vitamin-b2","14":"product_cat-vitamin-b5","15":"product_cat-vitamin-b6","16":"product_cat-vitamin-d","17":"product_cat-vitamin-e","18":"product_cat-vitamine-nahrungserganzungsmittel","19":"product_cat-zink","21":"first","22":"instock","23":"sale","24":"taxable","25":"shipping-taxable","26":"purchasable","27":"product-type-simple"},"bundled_by":[],"bundle_stock_status":"instock","bundle_stock_quantity":null,"bundle_virtual":false,"bundle_layout":"","bundle_add_to_cart_form_location":"","bundle_editable_in_cart":false,"bundle_sold_individually_context":"","bundle_item_grouping":"","bundle_min_size":"","bundle_max_size":"","bundle_price":[],"bundled_items":[],"bundle_sell_ids":[],"group_of_quantity":0,"min_quantity":0,"max_quantity":"","exclude_order_quantity_value_rules":"no","exclude_category_quantity_rules":"no","combine_variations":"no","acf":[],"yoast_head":"<!-- This site is optimized with the Yoast SEO Premium plugin v27.3 (Yoast SEO v27.3) - https:\/\/yoast.com\/product\/yoast-seo-premium-wordpress\/ -->\n<title>Herbolist Multi Frau (Copy) | Vitamines<\/title>\n<meta name=\"description\" content=\"Herbolist Multi Frau (Copy) kopen doe je voordelig in de shop van Vitamines. Vandaag besteld, morgen in huis. Unser Multi Frau wurde speziell entwickelt, um dich t\u00e4glich zu unterst\u00fctzen!  Bei Herbolist feiern wir die Gesundheit von Frauen. Wir glauben, dass wahre Balance von innen heraus beginnt. Deshalb haben wir Multi Frau entwickelt: ein komplettes Pr\u00e4parat mit essentiellen Vitaminen und Mineralien, speziell auf Frauen abgestimmt.  Unsere Multi Frau Tabletten enthalten eine komplexe Formel an Vitaminen. Diese kleinen, leicht schluckbaren Tabletten sind perfekt f\u00fcr den t\u00e4glichen Gebrauch und kommen in einer stilvollen, nachhaltigen Verpackung, die wiederbef\u00fcllbar ist.  Celebrate Women\u2019s Health. Herbolist.\" \/>\n<meta name=\"robots\" content=\"index, follow, max-snippet:-1, max-image-preview:large, max-video-preview:-1\" \/>\n<link rel=\"canonical\" href=\"https:\/\/vitamines.com\/de\/product\/herbolist-multi-frau-copy\/\" \/>\n<meta property=\"og:locale\" content=\"de_DE\" \/>\n<meta property=\"og:type\" content=\"article\" \/>\n<meta property=\"og:title\" content=\"Herbolist Multi Frau (Copy) | Vitamines\" \/>\n<meta property=\"og:description\" content=\"Unser Multi Frau wurde speziell entwickelt, um dich t\u00e4glich zu unterst\u00fctzen!  Bei Herbolist feiern wir die Gesundheit von Frauen. Wir glauben, dass wahre Balance von innen heraus beginnt. Deshalb haben wir Multi Frau entwickelt: ein komplettes Pr\u00e4parat mit essentiellen Vitaminen und Mineralien, speziell auf Frauen abgestimmt.  Unsere Multi Frau Tabletten enthalten eine komplexe Formel an Vitaminen. Diese kleinen, leicht schluckbaren Tabletten sind perfekt f\u00fcr den t\u00e4glichen Gebrauch und kommen in einer stilvollen, nachhaltigen Verpackung, die wiederbef\u00fcllbar ist.  Celebrate Women\u2019s Health. Herbolist.\" \/>\n<meta property=\"og:url\" content=\"https:\/\/vitamines.com\/de\/product\/herbolist-multi-frau-copy\/\" \/>\n<meta property=\"og:site_name\" content=\"Vitamines\" \/>\n<meta property=\"article:publisher\" content=\"https:\/\/www.facebook.com\/vitaminescom\/\" \/>\n<meta property=\"article:modified_time\" content=\"2026-02-25T12:26:09+00:00\" \/>\n<meta property=\"og:image\" content=\"https:\/\/vitamines.com\/wp-content\/uploads\/2026\/02\/Multi-Wellness-111.png\" \/>\n\t<meta property=\"og:image:width\" content=\"1080\" \/>\n\t<meta property=\"og:image:height\" content=\"1080\" \/>\n\t<meta property=\"og:image:type\" content=\"image\/png\" \/>\n<meta name=\"twitter:card\" content=\"summary_large_image\" \/>\n<meta name=\"twitter:site\" content=\"@vitaminescom\" \/>\n<meta name=\"twitter:label1\" content=\"Preis\" \/>\n\t<meta name=\"twitter:data1\" content=\"&euro;24.95\" \/>\n\t<meta name=\"twitter:label2\" content=\"Verf\u00fcgbarkeit\" \/>\n\t<meta name=\"twitter:data2\" content=\"Auf Lager\" \/>\n<script type=\"application\/ld+json\" class=\"yoast-schema-graph\">{\"@context\":\"https:\\\/\\\/schema.org\",\"@graph\":[{\"@type\":[\"WebPage\",\"ItemPage\"],\"@id\":\"https:\\\/\\\/vitamines.com\\\/de\\\/product\\\/herbolist-multi-frau-copy\\\/\",\"url\":\"https:\\\/\\\/vitamines.com\\\/de\\\/product\\\/herbolist-multi-frau-copy\\\/\",\"name\":\"Herbolist Multi Frau (Copy) | Vitamines\",\"isPartOf\":{\"@id\":\"https:\\\/\\\/vitamines.com\\\/de\\\/#website\"},\"primaryImageOfPage\":{\"@id\":\"https:\\\/\\\/vitamines.com\\\/de\\\/product\\\/herbolist-multi-frau-copy\\\/#primaryimage\"},\"image\":{\"@id\":\"https:\\\/\\\/vitamines.com\\\/de\\\/product\\\/herbolist-multi-frau-copy\\\/#primaryimage\"},\"thumbnailUrl\":\"https:\\\/\\\/vitamines.com\\\/wp-content\\\/uploads\\\/2026\\\/02\\\/Multi-Wellness-111.png\",\"datePublished\":\"2026-02-25T12:13:23+00:00\",\"dateModified\":\"2026-02-25T12:26:09+00:00\",\"description\":\"Herbolist Multi Frau (Copy) kopen doe je voordelig in de shop van Vitamines. Vandaag besteld, morgen in huis. Unser Multi Frau wurde speziell entwickelt, um dich t\u00e4glich zu unterst\u00fctzen! Bei Herbolist feiern wir die Gesundheit von Frauen. Wir glauben, dass wahre Balance von innen heraus beginnt. Deshalb haben wir Multi Frau entwickelt: ein komplettes Pr\u00e4parat mit essentiellen Vitaminen und Mineralien, speziell auf Frauen abgestimmt. Unsere Multi Frau Tabletten enthalten eine komplexe Formel an Vitaminen. Diese kleinen, leicht schluckbaren Tabletten sind perfekt f\u00fcr den t\u00e4glichen Gebrauch und kommen in einer stilvollen, nachhaltigen Verpackung, die wiederbef\u00fcllbar ist. Celebrate Women\u2019s Health. Herbolist.\",\"breadcrumb\":{\"@id\":\"https:\\\/\\\/vitamines.com\\\/de\\\/product\\\/herbolist-multi-frau-copy\\\/#breadcrumb\"},\"inLanguage\":\"de\",\"potentialAction\":[{\"@type\":\"ReadAction\",\"target\":[\"https:\\\/\\\/vitamines.com\\\/de\\\/product\\\/herbolist-multi-frau-copy\\\/\"]}]},{\"@type\":\"ImageObject\",\"inLanguage\":\"de\",\"@id\":\"https:\\\/\\\/vitamines.com\\\/de\\\/product\\\/herbolist-multi-frau-copy\\\/#primaryimage\",\"url\":\"https:\\\/\\\/vitamines.com\\\/wp-content\\\/uploads\\\/2026\\\/02\\\/Multi-Wellness-111.png\",\"contentUrl\":\"https:\\\/\\\/vitamines.com\\\/wp-content\\\/uploads\\\/2026\\\/02\\\/Multi-Wellness-111.png\",\"width\":1080,\"height\":1080},{\"@type\":\"BreadcrumbList\",\"@id\":\"https:\\\/\\\/vitamines.com\\\/de\\\/product\\\/herbolist-multi-frau-copy\\\/#breadcrumb\",\"itemListElement\":[{\"@type\":\"ListItem\",\"position\":1,\"name\":\"Home\",\"item\":\"https:\\\/\\\/vitamines.com\\\/de\\\/\"},{\"@type\":\"ListItem\",\"position\":2,\"name\":\"Herbolist Multi Frau (Copy)\"}]},{\"@type\":\"WebSite\",\"@id\":\"https:\\\/\\\/vitamines.com\\\/de\\\/#website\",\"url\":\"https:\\\/\\\/vitamines.com\\\/de\\\/\",\"name\":\"Vitamines\",\"description\":\"Alle kwalitatieve vitamines, mineralen en supplementen bij d\u00e9 vitamine experts van Belgi\u00eb en Nederland.\",\"publisher\":{\"@id\":\"https:\\\/\\\/vitamines.com\\\/de\\\/#organization\"},\"alternateName\":\"Vitamins\",\"potentialAction\":[{\"@type\":\"SearchAction\",\"target\":{\"@type\":\"EntryPoint\",\"urlTemplate\":\"https:\\\/\\\/vitamines.com\\\/de\\\/?s={search_term_string}\"},\"query-input\":{\"@type\":\"PropertyValueSpecification\",\"valueRequired\":true,\"valueName\":\"search_term_string\"}}],\"inLanguage\":\"de\"},{\"@type\":[\"Organization\",\"Place\",\"HealthAndBeautyBusiness\"],\"@id\":\"https:\\\/\\\/vitamines.com\\\/de\\\/#organization\",\"name\":\"Vitamines\",\"alternateName\":\"Vitamins\",\"url\":\"https:\\\/\\\/vitamines.com\\\/de\\\/\",\"logo\":{\"@id\":\"https:\\\/\\\/vitamines.com\\\/de\\\/product\\\/herbolist-multi-frau-copy\\\/#local-main-organization-logo\"},\"image\":{\"@id\":\"https:\\\/\\\/vitamines.com\\\/de\\\/product\\\/herbolist-multi-frau-copy\\\/#local-main-organization-logo\"},\"sameAs\":[\"https:\\\/\\\/www.facebook.com\\\/vitaminescom\\\/\",\"https:\\\/\\\/x.com\\\/vitaminescom\",\"https:\\\/\\\/www.instagram.com\\\/vitaminescom\\\/\",\"https:\\\/\\\/www.linkedin.com\\\/company\\\/vitaminescom\\\/\",\"https:\\\/\\\/nl.pinterest.com\\\/vitaminescom\\\/\",\"https:\\\/\\\/www.tiktok.com\\\/@vitamines.com\",\"https:\\\/\\\/www.youtube.com\\\/@vitaminescom\",\"https:\\\/\\\/nl.trustpilot.com\\\/review\\\/vitamines.com\"],\"description\":\"Vitamines koop je natuurlijk op Vitamines.com. Keus uit meer dan 10.000 vitaminen & supplementen, direct uit voorraad leverbaar. Denk hierbij aan vitamine A, vitamine B, vitamine C, vitamine D, calcium, chroom, ijzer, kalium of koper. Maar ook eiwitten (prote\u00efne), magnesium, mangaan, selenium, collageen poeder en multivitaminen zijn populaire voedingssupplementen die je kunt bestellen in de webshop van Vitamines.\",\"legalName\":\"Vitamines.com B.V.\",\"foundingDate\":\"1997-08-15\",\"numberOfEmployees\":{\"@type\":\"QuantitativeValue\",\"minValue\":\"11\",\"maxValue\":\"50\"},\"address\":{\"@id\":\"https:\\\/\\\/vitamines.com\\\/de\\\/product\\\/herbolist-multi-frau-copy\\\/#local-main-place-address\"},\"telephone\":[\"020 308 6875\"],\"contactPoint\":{\"@type\":\"ContactPoint\",\"email\":\"support@vitamines.com\"},\"openingHoursSpecification\":{\"@type\":\"OpeningHoursSpecification\",\"dayOfWeek\":[\"Monday\",\"Tuesday\",\"Wednesday\",\"Thursday\",\"Friday\",\"Saturday\",\"Sunday\"],\"opens\":\"00:00\",\"closes\":\"23:59\"},\"priceRange\":\"$$\",\"currenciesAccepted\":\"EUR\"},{\"@type\":\"PostalAddress\",\"@id\":\"https:\\\/\\\/vitamines.com\\\/de\\\/product\\\/herbolist-multi-frau-copy\\\/#local-main-place-address\",\"streetAddress\":\"Professor J.H. Bavincklaan 2\",\"addressLocality\":\"Amstelveen\",\"postalCode\":\"1183 AT\",\"addressRegion\":\"NH\",\"addressCountry\":\"NL\"},{\"@type\":\"ImageObject\",\"inLanguage\":\"de\",\"@id\":\"https:\\\/\\\/vitamines.com\\\/de\\\/product\\\/herbolist-multi-frau-copy\\\/#local-main-organization-logo\",\"url\":\"https:\\\/\\\/vitamines.com\\\/wp-content\\\/uploads\\\/2024\\\/10\\\/vitamines.svg\",\"contentUrl\":\"https:\\\/\\\/vitamines.com\\\/wp-content\\\/uploads\\\/2024\\\/10\\\/vitamines.svg\",\"width\":132,\"height\":24,\"caption\":\"Vitamines\"}]}<\/script>\n<meta property=\"product:price:amount\" content=\"24.95\" \/>\n<meta property=\"product:price:currency\" content=\"EUR\" \/>\n<meta property=\"og:availability\" content=\"instock\" \/>\n<meta property=\"product:availability\" content=\"instock\" \/>\n<meta property=\"product:retailer_item_id\" content=\"Herbolist Multi Wellness vrouw\" \/>\n<meta property=\"product:condition\" content=\"new\" \/>\n<meta name=\"geo.placename\" content=\"Amstelveen\" \/>\n<meta name=\"geo.region\" content=\"Niederlande\" \/>\n<!-- \/ Yoast SEO Premium plugin. -->","yoast_head_json":{"title":"Herbolist Multi Frau (Copy) | Vitamines","description":"Herbolist Multi Frau (Copy) kopen doe je voordelig in de shop van Vitamines. Vandaag besteld, morgen in huis. Unser Multi Frau wurde speziell entwickelt, um dich t\u00e4glich zu unterst\u00fctzen!  Bei Herbolist feiern wir die Gesundheit von Frauen. Wir glauben, dass wahre Balance von innen heraus beginnt. Deshalb haben wir Multi Frau entwickelt: ein komplettes Pr\u00e4parat mit essentiellen Vitaminen und Mineralien, speziell auf Frauen abgestimmt.  Unsere Multi Frau Tabletten enthalten eine komplexe Formel an Vitaminen. Diese kleinen, leicht schluckbaren Tabletten sind perfekt f\u00fcr den t\u00e4glichen Gebrauch und kommen in einer stilvollen, nachhaltigen Verpackung, die wiederbef\u00fcllbar ist.  Celebrate Women\u2019s Health. Herbolist.","robots":{"index":"index","follow":"follow","max-snippet":"max-snippet:-1","max-image-preview":"max-image-preview:large","max-video-preview":"max-video-preview:-1"},"canonical":"https:\/\/vitamines.com\/de\/product\/herbolist-multi-frau-copy\/","og_locale":"de_DE","og_type":"article","og_title":"Herbolist Multi Frau (Copy) | Vitamines","og_description":"Unser Multi Frau wurde speziell entwickelt, um dich t\u00e4glich zu unterst\u00fctzen!  Bei Herbolist feiern wir die Gesundheit von Frauen. Wir glauben, dass wahre Balance von innen heraus beginnt. Deshalb haben wir Multi Frau entwickelt: ein komplettes Pr\u00e4parat mit essentiellen Vitaminen und Mineralien, speziell auf Frauen abgestimmt.  Unsere Multi Frau Tabletten enthalten eine komplexe Formel an Vitaminen. Diese kleinen, leicht schluckbaren Tabletten sind perfekt f\u00fcr den t\u00e4glichen Gebrauch und kommen in einer stilvollen, nachhaltigen Verpackung, die wiederbef\u00fcllbar ist.  Celebrate Women\u2019s Health. Herbolist.","og_url":"https:\/\/vitamines.com\/de\/product\/herbolist-multi-frau-copy\/","og_site_name":"Vitamines","article_publisher":"https:\/\/www.facebook.com\/vitaminescom\/","article_modified_time":"2026-02-25T12:26:09+00:00","og_image":[{"width":1080,"height":1080,"url":"https:\/\/vitamines.com\/wp-content\/uploads\/2026\/02\/Multi-Wellness-111.png","type":"image\/png"}],"twitter_card":"summary_large_image","twitter_site":"@vitaminescom","twitter_misc":{"Preis":"&euro;24.95","Verf\u00fcgbarkeit":"Auf Lager"},"schema":{"@context":"https:\/\/schema.org","@graph":[{"@type":["WebPage","ItemPage"],"@id":"https:\/\/vitamines.com\/de\/product\/herbolist-multi-frau-copy\/","url":"https:\/\/vitamines.com\/de\/product\/herbolist-multi-frau-copy\/","name":"Herbolist Multi Frau (Copy) | Vitamines","isPartOf":{"@id":"https:\/\/vitamines.com\/de\/#website"},"primaryImageOfPage":{"@id":"https:\/\/vitamines.com\/de\/product\/herbolist-multi-frau-copy\/#primaryimage"},"image":{"@id":"https:\/\/vitamines.com\/de\/product\/herbolist-multi-frau-copy\/#primaryimage"},"thumbnailUrl":"https:\/\/vitamines.com\/wp-content\/uploads\/2026\/02\/Multi-Wellness-111.png","datePublished":"2026-02-25T12:13:23+00:00","dateModified":"2026-02-25T12:26:09+00:00","description":"Herbolist Multi Frau (Copy) kopen doe je voordelig in de shop van Vitamines. Vandaag besteld, morgen in huis. Unser Multi Frau wurde speziell entwickelt, um dich t\u00e4glich zu unterst\u00fctzen! Bei Herbolist feiern wir die Gesundheit von Frauen. Wir glauben, dass wahre Balance von innen heraus beginnt. Deshalb haben wir Multi Frau entwickelt: ein komplettes Pr\u00e4parat mit essentiellen Vitaminen und Mineralien, speziell auf Frauen abgestimmt. Unsere Multi Frau Tabletten enthalten eine komplexe Formel an Vitaminen. Diese kleinen, leicht schluckbaren Tabletten sind perfekt f\u00fcr den t\u00e4glichen Gebrauch und kommen in einer stilvollen, nachhaltigen Verpackung, die wiederbef\u00fcllbar ist. Celebrate Women\u2019s Health. Herbolist.","breadcrumb":{"@id":"https:\/\/vitamines.com\/de\/product\/herbolist-multi-frau-copy\/#breadcrumb"},"inLanguage":"de","potentialAction":[{"@type":"ReadAction","target":["https:\/\/vitamines.com\/de\/product\/herbolist-multi-frau-copy\/"]}]},{"@type":"ImageObject","inLanguage":"de","@id":"https:\/\/vitamines.com\/de\/product\/herbolist-multi-frau-copy\/#primaryimage","url":"https:\/\/vitamines.com\/wp-content\/uploads\/2026\/02\/Multi-Wellness-111.png","contentUrl":"https:\/\/vitamines.com\/wp-content\/uploads\/2026\/02\/Multi-Wellness-111.png","width":1080,"height":1080},{"@type":"BreadcrumbList","@id":"https:\/\/vitamines.com\/de\/product\/herbolist-multi-frau-copy\/#breadcrumb","itemListElement":[{"@type":"ListItem","position":1,"name":"Home","item":"https:\/\/vitamines.com\/de\/"},{"@type":"ListItem","position":2,"name":"Herbolist Multi Frau (Copy)"}]},{"@type":"WebSite","@id":"https:\/\/vitamines.com\/de\/#website","url":"https:\/\/vitamines.com\/de\/","name":"Vitamines","description":"Alle kwalitatieve vitamines, mineralen en supplementen bij d\u00e9 vitamine experts van Belgi\u00eb en Nederland.","publisher":{"@id":"https:\/\/vitamines.com\/de\/#organization"},"alternateName":"Vitamins","potentialAction":[{"@type":"SearchAction","target":{"@type":"EntryPoint","urlTemplate":"https:\/\/vitamines.com\/de\/?s={search_term_string}"},"query-input":{"@type":"PropertyValueSpecification","valueRequired":true,"valueName":"search_term_string"}}],"inLanguage":"de"},{"@type":["Organization","Place","HealthAndBeautyBusiness"],"@id":"https:\/\/vitamines.com\/de\/#organization","name":"Vitamines","alternateName":"Vitamins","url":"https:\/\/vitamines.com\/de\/","logo":{"@id":"https:\/\/vitamines.com\/de\/product\/herbolist-multi-frau-copy\/#local-main-organization-logo"},"image":{"@id":"https:\/\/vitamines.com\/de\/product\/herbolist-multi-frau-copy\/#local-main-organization-logo"},"sameAs":["https:\/\/www.facebook.com\/vitaminescom\/","https:\/\/x.com\/vitaminescom","https:\/\/www.instagram.com\/vitaminescom\/","https:\/\/www.linkedin.com\/company\/vitaminescom\/","https:\/\/nl.pinterest.com\/vitaminescom\/","https:\/\/www.tiktok.com\/@vitamines.com","https:\/\/www.youtube.com\/@vitaminescom","https:\/\/nl.trustpilot.com\/review\/vitamines.com"],"description":"Vitamines koop je natuurlijk op Vitamines.com. Keus uit meer dan 10.000 vitaminen & supplementen, direct uit voorraad leverbaar. Denk hierbij aan vitamine A, vitamine B, vitamine C, vitamine D, calcium, chroom, ijzer, kalium of koper. Maar ook eiwitten (prote\u00efne), magnesium, mangaan, selenium, collageen poeder en multivitaminen zijn populaire voedingssupplementen die je kunt bestellen in de webshop van Vitamines.","legalName":"Vitamines.com B.V.","foundingDate":"1997-08-15","numberOfEmployees":{"@type":"QuantitativeValue","minValue":"11","maxValue":"50"},"address":{"@id":"https:\/\/vitamines.com\/de\/product\/herbolist-multi-frau-copy\/#local-main-place-address"},"telephone":["020 308 6875"],"contactPoint":{"@type":"ContactPoint","email":"support@vitamines.com"},"openingHoursSpecification":{"@type":"OpeningHoursSpecification","dayOfWeek":["Monday","Tuesday","Wednesday","Thursday","Friday","Saturday","Sunday"],"opens":"00:00","closes":"23:59"},"priceRange":"$$","currenciesAccepted":"EUR"},{"@type":"PostalAddress","@id":"https:\/\/vitamines.com\/de\/product\/herbolist-multi-frau-copy\/#local-main-place-address","streetAddress":"Professor J.H. Bavincklaan 2","addressLocality":"Amstelveen","postalCode":"1183 AT","addressRegion":"NH","addressCountry":"NL"},{"@type":"ImageObject","inLanguage":"de","@id":"https:\/\/vitamines.com\/de\/product\/herbolist-multi-frau-copy\/#local-main-organization-logo","url":"https:\/\/vitamines.com\/wp-content\/uploads\/2024\/10\/vitamines.svg","contentUrl":"https:\/\/vitamines.com\/wp-content\/uploads\/2024\/10\/vitamines.svg","width":132,"height":24,"caption":"Vitamines"}]},"product_price_amount":"24.95","product_price_currency":"EUR","og_availability":"instock","product_availability":"instock","product_retailer_item_id":"Herbolist Multi Wellness vrouw","product_condition":"new","geo.placename":"Amstelveen","geo.region":"Niederlande"},"_links":{"self":[{"href":"https:\/\/vitamines.com\/de\/wp-json\/wp\/v2\/product\/1556041","targetHints":{"allow":["GET"]}}],"collection":[{"href":"https:\/\/vitamines.com\/de\/wp-json\/wp\/v2\/product"}],"about":[{"href":"https:\/\/vitamines.com\/de\/wp-json\/wp\/v2\/types\/product"}],"replies":[{"embeddable":true,"href":"https:\/\/vitamines.com\/de\/wp-json\/wp\/v2\/comments?post=1556041"}],"wp:featuredmedia":[{"embeddable":true,"href":"https:\/\/vitamines.com\/de\/wp-json\/wp\/v2\/media\/1556931"}],"wp:attachment":[{"href":"https:\/\/vitamines.com\/de\/wp-json\/wp\/v2\/media?parent=1556041"}],"wp:term":[{"taxonomy":"product_brand","embeddable":true,"href":"https:\/\/vitamines.com\/de\/wp-json\/wp\/v2\/product_brand?post=1556041"},{"taxonomy":"product_cat","embeddable":true,"href":"https:\/\/vitamines.com\/de\/wp-json\/wp\/v2\/product_cat?post=1556041"},{"taxonomy":"product_tag","embeddable":true,"href":"https:\/\/vitamines.com\/de\/wp-json\/wp\/v2\/product_tag?post=1556041"},{"taxonomy":"merken","embeddable":true,"href":"https:\/\/vitamines.com\/de\/wp-json\/wp\/v2\/merken?post=1556041"},{"taxonomy":"producttype","embeddable":true,"href":"https:\/\/vitamines.com\/de\/wp-json\/wp\/v2\/producttype?post=1556041"},{"taxonomy":"aanbieding","embeddable":true,"href":"https:\/\/vitamines.com\/de\/wp-json\/wp\/v2\/aanbieding?post=1556041"}],"curies":[{"name":"wp","href":"https:\/\/api.w.org\/{rel}","templated":true}]}}