{"id":1550346,"date":"2023-12-28T15:07:40","date_gmt":"2023-12-28T14:07:40","guid":{"rendered":"https:\/\/vitamines.com\/product\/boom-nutritions-greens\/"},"modified":"2026-02-02T11:21:23","modified_gmt":"2026-02-02T10:21:23","slug":"boom-nutritions-greens","status":"publish","type":"product","link":"https:\/\/vitamines.com\/fr\/product\/boom-nutritions-greens\/","title":{"rendered":"BOOM Nutritions Greens"},"content":{"rendered":"","protected":false},"excerpt":{"rendered":"<p>La popularit\u00e9 des l\u00e9gumes verts a explos\u00e9 ces derni\u00e8res ann\u00e9es dans le monde de l&#8217;alimentation et de la sant\u00e9 aux \u00c9tats-Unis &#8211; et cette tendance se r\u00e9pand maintenant aux Pays-Bas. Non sans raison.<br \/>\nCe puissant m\u00e9lange, rempli de l\u00e9gumes, de fruits et d&#8217;extraits d&#8217;herbes soigneusement s\u00e9lectionn\u00e9s, est con\u00e7u pour fournir \u00e0 ton corps des nutriments essentiels et des antioxydants. Pour que tu puisses performer \u00e0 pleine puissance chaque jour.<\/p>\n<h5>Boom\u2019s Groenemorgen Greens<\/h5>\n<p>En 2025, l&#8217;importance d&#8217;une alimentation saine et des superaliments est largement accept\u00e9e, en partie gr\u00e2ce aux derni\u00e8res connaissances sur leur r\u00f4le dans la sant\u00e9 globale. Nous avons d\u00e9velopp\u00e9 Boom Greens comme un compl\u00e9ment puissant et populaire pour te soutenir dans tes activit\u00e9s quotidiennes &#8211; chaque jour. Que tu fasses du sport, que tu travailles dur, que tu entreprennes de mani\u00e8re cr\u00e9ative ou que tu profites simplement au maximum de la vie, Boom Greens t&#8217;aide \u00e0 obtenir tes nutriments quotidiens et \u00e0 performer de mani\u00e8re optimale. Avec une portion quotidienne, tu obtiens une base. Le reste, tu dois le faire toi-m\u00eame. Et pour faciliter le maintien, nous proposons Boom Greens \u00e0 un prix \u00e9quitable. Un emballage contient suffisamment de l\u00e9gumes verts pour un mois.<\/p>\n","protected":false},"featured_media":1556644,"comment_status":"open","ping_status":"closed","template":"","meta":{"_acf_changed":false,"inline_featured_image":false},"product_brand":[],"product_cat":[2237,2235,2233,2234,2236],"product_tag":[2238],"merken":[],"producttype":[],"aanbieding":[],"class_list":{"0":"post-1550346","1":"product","2":"type-product","3":"status-publish","4":"has-post-thumbnail","6":"product_cat-complements-de-superaliments","7":"product_cat-greens","8":"product_cat-meilleures-ventes","9":"product_cat-offres","10":"product_cat-vitamines-et-complements","11":"product_tag-ayurveda","13":"first","14":"instock","15":"sale","16":"taxable","17":"shipping-taxable","18":"purchasable","19":"product-type-simple"},"bundled_by":[],"bundle_stock_status":"instock","bundle_stock_quantity":null,"bundle_virtual":false,"bundle_layout":"","bundle_add_to_cart_form_location":"","bundle_editable_in_cart":false,"bundle_sold_individually_context":"","bundle_item_grouping":"","bundle_min_size":"","bundle_max_size":"","bundle_price":[],"bundled_items":[],"bundle_sell_ids":[],"group_of_quantity":0,"min_quantity":0,"max_quantity":"","exclude_order_quantity_value_rules":"no","exclude_category_quantity_rules":"no","combine_variations":"no","acf":[],"yoast_head":"<!-- This site is optimized with the Yoast SEO Premium plugin v27.3 (Yoast SEO v27.3) - https:\/\/yoast.com\/product\/yoast-seo-premium-wordpress\/ -->\n<title>BOOM Nutritions Greens | Vitamines<\/title>\n<meta name=\"description\" content=\"BOOM Nutritions Greens kopen doe je voordelig in de shop van Vitamines. Vandaag besteld, morgen in huis. La popularit\u00e9 des l\u00e9gumes verts a explos\u00e9 ces derni\u00e8res ann\u00e9es dans le monde de l&#039;alimentation et de la sant\u00e9 aux \u00c9tats-Unis - et cette tendance se r\u00e9pand maintenant aux Pays-Bas. Non sans raison. Ce puissant m\u00e9lange, rempli de l\u00e9gumes, de fruits et d&#039;extraits d&#039;herbes soigneusement s\u00e9lectionn\u00e9s, est con\u00e7u pour fournir \u00e0 ton corps des nutriments essentiels et des antioxydants. Pour que tu puisses performer \u00e0 pleine puissance chaque jour. Boom\u2019s Groenemorgen Greens En 2025, l&#039;importance d&#039;une alimentation saine et des superaliments est largement accept\u00e9e, en partie gr\u00e2ce aux derni\u00e8res connaissances sur leur r\u00f4le dans la sant\u00e9 globale. Nous avons d\u00e9velopp\u00e9 Boom Greens comme un compl\u00e9ment puissant et populaire pour te soutenir dans tes activit\u00e9s quotidiennes - chaque jour. Que tu fasses du sport, que tu travailles dur, que tu entreprennes de mani\u00e8re cr\u00e9ative ou que tu profites simplement au maximum de la vie, Boom Greens t&#039;aide \u00e0 obtenir tes nutriments quotidiens et \u00e0 performer de mani\u00e8re optimale. Avec une portion quotidienne, tu obtiens une base. Le reste, tu dois le faire toi-m\u00eame. Et pour faciliter le maintien, nous proposons Boom Greens \u00e0 un prix \u00e9quitable. Un emballage contient suffisamment de l\u00e9gumes verts pour un mois.\" \/>\n<meta name=\"robots\" content=\"index, follow, max-snippet:-1, max-image-preview:large, max-video-preview:-1\" \/>\n<link rel=\"canonical\" href=\"https:\/\/vitamines.com\/fr\/product\/boom-nutritions-greens\/\" \/>\n<meta property=\"og:locale\" content=\"fr_FR\" \/>\n<meta property=\"og:type\" content=\"article\" \/>\n<meta property=\"og:title\" content=\"BOOM Nutritions Greens | Vitamines\" \/>\n<meta property=\"og:description\" content=\"La popularit\u00e9 des l\u00e9gumes verts a explos\u00e9 ces derni\u00e8res ann\u00e9es dans le monde de l&#039;alimentation et de la sant\u00e9 aux \u00c9tats-Unis - et cette tendance se r\u00e9pand maintenant aux Pays-Bas. Non sans raison. Ce puissant m\u00e9lange, rempli de l\u00e9gumes, de fruits et d&#039;extraits d&#039;herbes soigneusement s\u00e9lectionn\u00e9s, est con\u00e7u pour fournir \u00e0 ton corps des nutriments essentiels et des antioxydants. Pour que tu puisses performer \u00e0 pleine puissance chaque jour. Boom\u2019s Groenemorgen Greens En 2025, l&#039;importance d&#039;une alimentation saine et des superaliments est largement accept\u00e9e, en partie gr\u00e2ce aux derni\u00e8res connaissances sur leur r\u00f4le dans la sant\u00e9 globale. Nous avons d\u00e9velopp\u00e9 Boom Greens comme un compl\u00e9ment puissant et populaire pour te soutenir dans tes activit\u00e9s quotidiennes - chaque jour. Que tu fasses du sport, que tu travailles dur, que tu entreprennes de mani\u00e8re cr\u00e9ative ou que tu profites simplement au maximum de la vie, Boom Greens t&#039;aide \u00e0 obtenir tes nutriments quotidiens et \u00e0 performer de mani\u00e8re optimale. Avec une portion quotidienne, tu obtiens une base. Le reste, tu dois le faire toi-m\u00eame. Et pour faciliter le maintien, nous proposons Boom Greens \u00e0 un prix \u00e9quitable. Un emballage contient suffisamment de l\u00e9gumes verts pour un mois.\" \/>\n<meta property=\"og:url\" content=\"https:\/\/vitamines.com\/fr\/product\/boom-nutritions-greens\/\" \/>\n<meta property=\"og:site_name\" content=\"Vitamines\" \/>\n<meta property=\"article:publisher\" content=\"https:\/\/www.facebook.com\/vitaminescom\/\" \/>\n<meta property=\"article:modified_time\" content=\"2026-02-02T10:21:23+00:00\" \/>\n<meta property=\"og:image\" content=\"https:\/\/vitamines.com\/wp-content\/uploads\/2023\/12\/Boom-Greems-21.png\" \/>\n\t<meta property=\"og:image:width\" content=\"1080\" \/>\n\t<meta property=\"og:image:height\" content=\"1080\" \/>\n\t<meta property=\"og:image:type\" content=\"image\/png\" \/>\n<meta name=\"twitter:card\" content=\"summary_large_image\" \/>\n<meta name=\"twitter:site\" content=\"@vitaminescom\" \/>\n<meta name=\"twitter:label1\" content=\"Prix\" \/>\n\t<meta name=\"twitter:data1\" content=\"&euro;39.95\" \/>\n\t<meta name=\"twitter:label2\" content=\"Disponibilit\u00e9\" \/>\n\t<meta name=\"twitter:data2\" content=\"En stock\" \/>\n<script type=\"application\/ld+json\" class=\"yoast-schema-graph\">{\"@context\":\"https:\\\/\\\/schema.org\",\"@graph\":[{\"@type\":[\"WebPage\",\"ItemPage\"],\"@id\":\"https:\\\/\\\/vitamines.com\\\/fr\\\/product\\\/boom-nutritions-greens\\\/\",\"url\":\"https:\\\/\\\/vitamines.com\\\/fr\\\/product\\\/boom-nutritions-greens\\\/\",\"name\":\"BOOM Nutritions Greens | Vitamines\",\"isPartOf\":{\"@id\":\"https:\\\/\\\/vitamines.com\\\/fr\\\/#website\"},\"primaryImageOfPage\":{\"@id\":\"https:\\\/\\\/vitamines.com\\\/fr\\\/product\\\/boom-nutritions-greens\\\/#primaryimage\"},\"image\":{\"@id\":\"https:\\\/\\\/vitamines.com\\\/fr\\\/product\\\/boom-nutritions-greens\\\/#primaryimage\"},\"thumbnailUrl\":\"https:\\\/\\\/vitamines.com\\\/wp-content\\\/uploads\\\/2023\\\/12\\\/Boom-Greens-111.png\",\"datePublished\":\"2023-12-28T14:07:40+00:00\",\"dateModified\":\"2026-02-02T10:21:23+00:00\",\"description\":\"BOOM Nutritions Greens kopen doe je voordelig in de shop van Vitamines. Vandaag besteld, morgen in huis. La popularit\u00e9 des l\u00e9gumes verts a explos\u00e9 ces derni\u00e8res ann\u00e9es dans le monde de l'alimentation et de la sant\u00e9 aux \u00c9tats-Unis - et cette tendance se r\u00e9pand maintenant aux Pays-Bas. Non sans raison. Ce puissant m\u00e9lange, rempli de l\u00e9gumes, de fruits et d'extraits d'herbes soigneusement s\u00e9lectionn\u00e9s, est con\u00e7u pour fournir \u00e0 ton corps des nutriments essentiels et des antioxydants. Pour que tu puisses performer \u00e0 pleine puissance chaque jour. Boom\u2019s Groenemorgen Greens En 2025, l'importance d'une alimentation saine et des superaliments est largement accept\u00e9e, en partie gr\u00e2ce aux derni\u00e8res connaissances sur leur r\u00f4le dans la sant\u00e9 globale. Nous avons d\u00e9velopp\u00e9 Boom Greens comme un compl\u00e9ment puissant et populaire pour te soutenir dans tes activit\u00e9s quotidiennes - chaque jour. Que tu fasses du sport, que tu travailles dur, que tu entreprennes de mani\u00e8re cr\u00e9ative ou que tu profites simplement au maximum de la vie, Boom Greens t'aide \u00e0 obtenir tes nutriments quotidiens et \u00e0 performer de mani\u00e8re optimale. Avec une portion quotidienne, tu obtiens une base. Le reste, tu dois le faire toi-m\u00eame. Et pour faciliter le maintien, nous proposons Boom Greens \u00e0 un prix \u00e9quitable. Un emballage contient suffisamment de l\u00e9gumes verts pour un mois.\",\"breadcrumb\":{\"@id\":\"https:\\\/\\\/vitamines.com\\\/fr\\\/product\\\/boom-nutritions-greens\\\/#breadcrumb\"},\"inLanguage\":\"fr-FR\",\"potentialAction\":[{\"@type\":\"ReadAction\",\"target\":[\"https:\\\/\\\/vitamines.com\\\/fr\\\/product\\\/boom-nutritions-greens\\\/\"]}]},{\"@type\":\"ImageObject\",\"inLanguage\":\"fr-FR\",\"@id\":\"https:\\\/\\\/vitamines.com\\\/fr\\\/product\\\/boom-nutritions-greens\\\/#primaryimage\",\"url\":\"https:\\\/\\\/vitamines.com\\\/wp-content\\\/uploads\\\/2023\\\/12\\\/Boom-Greens-111.png\",\"contentUrl\":\"https:\\\/\\\/vitamines.com\\\/wp-content\\\/uploads\\\/2023\\\/12\\\/Boom-Greens-111.png\",\"width\":1080,\"height\":1080},{\"@type\":\"BreadcrumbList\",\"@id\":\"https:\\\/\\\/vitamines.com\\\/fr\\\/product\\\/boom-nutritions-greens\\\/#breadcrumb\",\"itemListElement\":[{\"@type\":\"ListItem\",\"position\":1,\"name\":\"Home\",\"item\":\"https:\\\/\\\/vitamines.com\\\/fr\\\/\"},{\"@type\":\"ListItem\",\"position\":2,\"name\":\"BOOM Nutritions Greens\"}]},{\"@type\":\"WebSite\",\"@id\":\"https:\\\/\\\/vitamines.com\\\/fr\\\/#website\",\"url\":\"https:\\\/\\\/vitamines.com\\\/fr\\\/\",\"name\":\"Vitamines\",\"description\":\"Alle kwalitatieve vitamines, mineralen en supplementen bij d\u00e9 vitamine experts van Belgi\u00eb en Nederland.\",\"publisher\":{\"@id\":\"https:\\\/\\\/vitamines.com\\\/fr\\\/#organization\"},\"alternateName\":\"Vitamins\",\"potentialAction\":[{\"@type\":\"SearchAction\",\"target\":{\"@type\":\"EntryPoint\",\"urlTemplate\":\"https:\\\/\\\/vitamines.com\\\/fr\\\/?s={search_term_string}\"},\"query-input\":{\"@type\":\"PropertyValueSpecification\",\"valueRequired\":true,\"valueName\":\"search_term_string\"}}],\"inLanguage\":\"fr-FR\"},{\"@type\":[\"Organization\",\"Place\",\"HealthAndBeautyBusiness\"],\"@id\":\"https:\\\/\\\/vitamines.com\\\/fr\\\/#organization\",\"name\":\"Vitamines\",\"alternateName\":\"Vitamins\",\"url\":\"https:\\\/\\\/vitamines.com\\\/fr\\\/\",\"logo\":{\"@id\":\"https:\\\/\\\/vitamines.com\\\/fr\\\/product\\\/boom-nutritions-greens\\\/#local-main-organization-logo\"},\"image\":{\"@id\":\"https:\\\/\\\/vitamines.com\\\/fr\\\/product\\\/boom-nutritions-greens\\\/#local-main-organization-logo\"},\"sameAs\":[\"https:\\\/\\\/www.facebook.com\\\/vitaminescom\\\/\",\"https:\\\/\\\/x.com\\\/vitaminescom\",\"https:\\\/\\\/www.instagram.com\\\/vitaminescom\\\/\",\"https:\\\/\\\/www.linkedin.com\\\/company\\\/vitaminescom\\\/\",\"https:\\\/\\\/nl.pinterest.com\\\/vitaminescom\\\/\",\"https:\\\/\\\/www.tiktok.com\\\/@vitamines.com\",\"https:\\\/\\\/www.youtube.com\\\/@vitaminescom\",\"https:\\\/\\\/nl.trustpilot.com\\\/review\\\/vitamines.com\"],\"description\":\"Vitamines koop je natuurlijk op Vitamines.com. Keus uit meer dan 10.000 vitaminen & supplementen, direct uit voorraad leverbaar. Denk hierbij aan vitamine A, vitamine B, vitamine C, vitamine D, calcium, chroom, ijzer, kalium of koper. Maar ook eiwitten (prote\u00efne), magnesium, mangaan, selenium, collageen poeder en multivitaminen zijn populaire voedingssupplementen die je kunt bestellen in de webshop van Vitamines.\",\"legalName\":\"Vitamines.com B.V.\",\"foundingDate\":\"1997-08-15\",\"numberOfEmployees\":{\"@type\":\"QuantitativeValue\",\"minValue\":\"11\",\"maxValue\":\"50\"},\"address\":{\"@id\":\"https:\\\/\\\/vitamines.com\\\/fr\\\/product\\\/boom-nutritions-greens\\\/#local-main-place-address\"},\"telephone\":[\"020 308 6875\"],\"contactPoint\":{\"@type\":\"ContactPoint\",\"email\":\"support@vitamines.com\"},\"openingHoursSpecification\":{\"@type\":\"OpeningHoursSpecification\",\"dayOfWeek\":[\"Monday\",\"Tuesday\",\"Wednesday\",\"Thursday\",\"Friday\",\"Saturday\",\"Sunday\"],\"opens\":\"00:00\",\"closes\":\"23:59\"},\"priceRange\":\"$$\",\"currenciesAccepted\":\"EUR\"},{\"@type\":\"PostalAddress\",\"@id\":\"https:\\\/\\\/vitamines.com\\\/fr\\\/product\\\/boom-nutritions-greens\\\/#local-main-place-address\",\"streetAddress\":\"Professor J.H. Bavincklaan 2\",\"addressLocality\":\"Amstelveen\",\"postalCode\":\"1183 AT\",\"addressRegion\":\"NH\",\"addressCountry\":\"NL\"},{\"@type\":\"ImageObject\",\"inLanguage\":\"fr-FR\",\"@id\":\"https:\\\/\\\/vitamines.com\\\/fr\\\/product\\\/boom-nutritions-greens\\\/#local-main-organization-logo\",\"url\":\"https:\\\/\\\/vitamines.com\\\/wp-content\\\/uploads\\\/2024\\\/10\\\/vitamines.svg\",\"contentUrl\":\"https:\\\/\\\/vitamines.com\\\/wp-content\\\/uploads\\\/2024\\\/10\\\/vitamines.svg\",\"width\":132,\"height\":24,\"caption\":\"Vitamines\"}]}<\/script>\n<meta property=\"product:price:amount\" content=\"39.95\" \/>\n<meta property=\"product:price:currency\" content=\"EUR\" \/>\n<meta property=\"og:availability\" content=\"instock\" \/>\n<meta property=\"product:availability\" content=\"instock\" \/>\n<meta property=\"product:retailer_item_id\" content=\"285462\" \/>\n<meta property=\"product:condition\" content=\"new\" \/>\n<meta name=\"geo.placename\" content=\"Amstelveen\" \/>\n<meta name=\"geo.region\" content=\"Pays-Bas\" \/>\n<!-- \/ Yoast SEO Premium plugin. -->","yoast_head_json":{"title":"BOOM Nutritions Greens | Vitamines","description":"BOOM Nutritions Greens kopen doe je voordelig in de shop van Vitamines. Vandaag besteld, morgen in huis. La popularit\u00e9 des l\u00e9gumes verts a explos\u00e9 ces derni\u00e8res ann\u00e9es dans le monde de l'alimentation et de la sant\u00e9 aux \u00c9tats-Unis - et cette tendance se r\u00e9pand maintenant aux Pays-Bas. Non sans raison. Ce puissant m\u00e9lange, rempli de l\u00e9gumes, de fruits et d'extraits d'herbes soigneusement s\u00e9lectionn\u00e9s, est con\u00e7u pour fournir \u00e0 ton corps des nutriments essentiels et des antioxydants. Pour que tu puisses performer \u00e0 pleine puissance chaque jour. Boom\u2019s Groenemorgen Greens En 2025, l'importance d'une alimentation saine et des superaliments est largement accept\u00e9e, en partie gr\u00e2ce aux derni\u00e8res connaissances sur leur r\u00f4le dans la sant\u00e9 globale. Nous avons d\u00e9velopp\u00e9 Boom Greens comme un compl\u00e9ment puissant et populaire pour te soutenir dans tes activit\u00e9s quotidiennes - chaque jour. Que tu fasses du sport, que tu travailles dur, que tu entreprennes de mani\u00e8re cr\u00e9ative ou que tu profites simplement au maximum de la vie, Boom Greens t'aide \u00e0 obtenir tes nutriments quotidiens et \u00e0 performer de mani\u00e8re optimale. Avec une portion quotidienne, tu obtiens une base. Le reste, tu dois le faire toi-m\u00eame. Et pour faciliter le maintien, nous proposons Boom Greens \u00e0 un prix \u00e9quitable. Un emballage contient suffisamment de l\u00e9gumes verts pour un mois.","robots":{"index":"index","follow":"follow","max-snippet":"max-snippet:-1","max-image-preview":"max-image-preview:large","max-video-preview":"max-video-preview:-1"},"canonical":"https:\/\/vitamines.com\/fr\/product\/boom-nutritions-greens\/","og_locale":"fr_FR","og_type":"article","og_title":"BOOM Nutritions Greens | Vitamines","og_description":"La popularit\u00e9 des l\u00e9gumes verts a explos\u00e9 ces derni\u00e8res ann\u00e9es dans le monde de l'alimentation et de la sant\u00e9 aux \u00c9tats-Unis - et cette tendance se r\u00e9pand maintenant aux Pays-Bas. Non sans raison. Ce puissant m\u00e9lange, rempli de l\u00e9gumes, de fruits et d'extraits d'herbes soigneusement s\u00e9lectionn\u00e9s, est con\u00e7u pour fournir \u00e0 ton corps des nutriments essentiels et des antioxydants. Pour que tu puisses performer \u00e0 pleine puissance chaque jour. Boom\u2019s Groenemorgen Greens En 2025, l'importance d'une alimentation saine et des superaliments est largement accept\u00e9e, en partie gr\u00e2ce aux derni\u00e8res connaissances sur leur r\u00f4le dans la sant\u00e9 globale. Nous avons d\u00e9velopp\u00e9 Boom Greens comme un compl\u00e9ment puissant et populaire pour te soutenir dans tes activit\u00e9s quotidiennes - chaque jour. Que tu fasses du sport, que tu travailles dur, que tu entreprennes de mani\u00e8re cr\u00e9ative ou que tu profites simplement au maximum de la vie, Boom Greens t'aide \u00e0 obtenir tes nutriments quotidiens et \u00e0 performer de mani\u00e8re optimale. Avec une portion quotidienne, tu obtiens une base. Le reste, tu dois le faire toi-m\u00eame. Et pour faciliter le maintien, nous proposons Boom Greens \u00e0 un prix \u00e9quitable. Un emballage contient suffisamment de l\u00e9gumes verts pour un mois.","og_url":"https:\/\/vitamines.com\/fr\/product\/boom-nutritions-greens\/","og_site_name":"Vitamines","article_publisher":"https:\/\/www.facebook.com\/vitaminescom\/","article_modified_time":"2026-02-02T10:21:23+00:00","og_image":[{"width":1080,"height":1080,"url":"https:\/\/vitamines.com\/wp-content\/uploads\/2023\/12\/Boom-Greems-21.png","type":"image\/png"}],"twitter_card":"summary_large_image","twitter_site":"@vitaminescom","twitter_misc":{"Prix":"&euro;39.95","Disponibilit\u00e9":"En stock"},"schema":{"@context":"https:\/\/schema.org","@graph":[{"@type":["WebPage","ItemPage"],"@id":"https:\/\/vitamines.com\/fr\/product\/boom-nutritions-greens\/","url":"https:\/\/vitamines.com\/fr\/product\/boom-nutritions-greens\/","name":"BOOM Nutritions Greens | Vitamines","isPartOf":{"@id":"https:\/\/vitamines.com\/fr\/#website"},"primaryImageOfPage":{"@id":"https:\/\/vitamines.com\/fr\/product\/boom-nutritions-greens\/#primaryimage"},"image":{"@id":"https:\/\/vitamines.com\/fr\/product\/boom-nutritions-greens\/#primaryimage"},"thumbnailUrl":"https:\/\/vitamines.com\/wp-content\/uploads\/2023\/12\/Boom-Greens-111.png","datePublished":"2023-12-28T14:07:40+00:00","dateModified":"2026-02-02T10:21:23+00:00","description":"BOOM Nutritions Greens kopen doe je voordelig in de shop van Vitamines. Vandaag besteld, morgen in huis. La popularit\u00e9 des l\u00e9gumes verts a explos\u00e9 ces derni\u00e8res ann\u00e9es dans le monde de l'alimentation et de la sant\u00e9 aux \u00c9tats-Unis - et cette tendance se r\u00e9pand maintenant aux Pays-Bas. Non sans raison. Ce puissant m\u00e9lange, rempli de l\u00e9gumes, de fruits et d'extraits d'herbes soigneusement s\u00e9lectionn\u00e9s, est con\u00e7u pour fournir \u00e0 ton corps des nutriments essentiels et des antioxydants. Pour que tu puisses performer \u00e0 pleine puissance chaque jour. Boom\u2019s Groenemorgen Greens En 2025, l'importance d'une alimentation saine et des superaliments est largement accept\u00e9e, en partie gr\u00e2ce aux derni\u00e8res connaissances sur leur r\u00f4le dans la sant\u00e9 globale. Nous avons d\u00e9velopp\u00e9 Boom Greens comme un compl\u00e9ment puissant et populaire pour te soutenir dans tes activit\u00e9s quotidiennes - chaque jour. Que tu fasses du sport, que tu travailles dur, que tu entreprennes de mani\u00e8re cr\u00e9ative ou que tu profites simplement au maximum de la vie, Boom Greens t'aide \u00e0 obtenir tes nutriments quotidiens et \u00e0 performer de mani\u00e8re optimale. Avec une portion quotidienne, tu obtiens une base. Le reste, tu dois le faire toi-m\u00eame. Et pour faciliter le maintien, nous proposons Boom Greens \u00e0 un prix \u00e9quitable. Un emballage contient suffisamment de l\u00e9gumes verts pour un mois.","breadcrumb":{"@id":"https:\/\/vitamines.com\/fr\/product\/boom-nutritions-greens\/#breadcrumb"},"inLanguage":"fr-FR","potentialAction":[{"@type":"ReadAction","target":["https:\/\/vitamines.com\/fr\/product\/boom-nutritions-greens\/"]}]},{"@type":"ImageObject","inLanguage":"fr-FR","@id":"https:\/\/vitamines.com\/fr\/product\/boom-nutritions-greens\/#primaryimage","url":"https:\/\/vitamines.com\/wp-content\/uploads\/2023\/12\/Boom-Greens-111.png","contentUrl":"https:\/\/vitamines.com\/wp-content\/uploads\/2023\/12\/Boom-Greens-111.png","width":1080,"height":1080},{"@type":"BreadcrumbList","@id":"https:\/\/vitamines.com\/fr\/product\/boom-nutritions-greens\/#breadcrumb","itemListElement":[{"@type":"ListItem","position":1,"name":"Home","item":"https:\/\/vitamines.com\/fr\/"},{"@type":"ListItem","position":2,"name":"BOOM Nutritions Greens"}]},{"@type":"WebSite","@id":"https:\/\/vitamines.com\/fr\/#website","url":"https:\/\/vitamines.com\/fr\/","name":"Vitamines","description":"Alle kwalitatieve vitamines, mineralen en supplementen bij d\u00e9 vitamine experts van Belgi\u00eb en Nederland.","publisher":{"@id":"https:\/\/vitamines.com\/fr\/#organization"},"alternateName":"Vitamins","potentialAction":[{"@type":"SearchAction","target":{"@type":"EntryPoint","urlTemplate":"https:\/\/vitamines.com\/fr\/?s={search_term_string}"},"query-input":{"@type":"PropertyValueSpecification","valueRequired":true,"valueName":"search_term_string"}}],"inLanguage":"fr-FR"},{"@type":["Organization","Place","HealthAndBeautyBusiness"],"@id":"https:\/\/vitamines.com\/fr\/#organization","name":"Vitamines","alternateName":"Vitamins","url":"https:\/\/vitamines.com\/fr\/","logo":{"@id":"https:\/\/vitamines.com\/fr\/product\/boom-nutritions-greens\/#local-main-organization-logo"},"image":{"@id":"https:\/\/vitamines.com\/fr\/product\/boom-nutritions-greens\/#local-main-organization-logo"},"sameAs":["https:\/\/www.facebook.com\/vitaminescom\/","https:\/\/x.com\/vitaminescom","https:\/\/www.instagram.com\/vitaminescom\/","https:\/\/www.linkedin.com\/company\/vitaminescom\/","https:\/\/nl.pinterest.com\/vitaminescom\/","https:\/\/www.tiktok.com\/@vitamines.com","https:\/\/www.youtube.com\/@vitaminescom","https:\/\/nl.trustpilot.com\/review\/vitamines.com"],"description":"Vitamines koop je natuurlijk op Vitamines.com. Keus uit meer dan 10.000 vitaminen & supplementen, direct uit voorraad leverbaar. Denk hierbij aan vitamine A, vitamine B, vitamine C, vitamine D, calcium, chroom, ijzer, kalium of koper. Maar ook eiwitten (prote\u00efne), magnesium, mangaan, selenium, collageen poeder en multivitaminen zijn populaire voedingssupplementen die je kunt bestellen in de webshop van Vitamines.","legalName":"Vitamines.com B.V.","foundingDate":"1997-08-15","numberOfEmployees":{"@type":"QuantitativeValue","minValue":"11","maxValue":"50"},"address":{"@id":"https:\/\/vitamines.com\/fr\/product\/boom-nutritions-greens\/#local-main-place-address"},"telephone":["020 308 6875"],"contactPoint":{"@type":"ContactPoint","email":"support@vitamines.com"},"openingHoursSpecification":{"@type":"OpeningHoursSpecification","dayOfWeek":["Monday","Tuesday","Wednesday","Thursday","Friday","Saturday","Sunday"],"opens":"00:00","closes":"23:59"},"priceRange":"$$","currenciesAccepted":"EUR"},{"@type":"PostalAddress","@id":"https:\/\/vitamines.com\/fr\/product\/boom-nutritions-greens\/#local-main-place-address","streetAddress":"Professor J.H. Bavincklaan 2","addressLocality":"Amstelveen","postalCode":"1183 AT","addressRegion":"NH","addressCountry":"NL"},{"@type":"ImageObject","inLanguage":"fr-FR","@id":"https:\/\/vitamines.com\/fr\/product\/boom-nutritions-greens\/#local-main-organization-logo","url":"https:\/\/vitamines.com\/wp-content\/uploads\/2024\/10\/vitamines.svg","contentUrl":"https:\/\/vitamines.com\/wp-content\/uploads\/2024\/10\/vitamines.svg","width":132,"height":24,"caption":"Vitamines"}]},"product_price_amount":"39.95","product_price_currency":"EUR","og_availability":"instock","product_availability":"instock","product_retailer_item_id":"285462","product_condition":"new","geo.placename":"Amstelveen","geo.region":"Pays-Bas"},"_links":{"self":[{"href":"https:\/\/vitamines.com\/fr\/wp-json\/wp\/v2\/product\/1550346","targetHints":{"allow":["GET"]}}],"collection":[{"href":"https:\/\/vitamines.com\/fr\/wp-json\/wp\/v2\/product"}],"about":[{"href":"https:\/\/vitamines.com\/fr\/wp-json\/wp\/v2\/types\/product"}],"replies":[{"embeddable":true,"href":"https:\/\/vitamines.com\/fr\/wp-json\/wp\/v2\/comments?post=1550346"}],"wp:featuredmedia":[{"embeddable":true,"href":"https:\/\/vitamines.com\/fr\/wp-json\/wp\/v2\/media\/1556644"}],"wp:attachment":[{"href":"https:\/\/vitamines.com\/fr\/wp-json\/wp\/v2\/media?parent=1550346"}],"wp:term":[{"taxonomy":"product_brand","embeddable":true,"href":"https:\/\/vitamines.com\/fr\/wp-json\/wp\/v2\/product_brand?post=1550346"},{"taxonomy":"product_cat","embeddable":true,"href":"https:\/\/vitamines.com\/fr\/wp-json\/wp\/v2\/product_cat?post=1550346"},{"taxonomy":"product_tag","embeddable":true,"href":"https:\/\/vitamines.com\/fr\/wp-json\/wp\/v2\/product_tag?post=1550346"},{"taxonomy":"merken","embeddable":true,"href":"https:\/\/vitamines.com\/fr\/wp-json\/wp\/v2\/merken?post=1550346"},{"taxonomy":"producttype","embeddable":true,"href":"https:\/\/vitamines.com\/fr\/wp-json\/wp\/v2\/producttype?post=1550346"},{"taxonomy":"aanbieding","embeddable":true,"href":"https:\/\/vitamines.com\/fr\/wp-json\/wp\/v2\/aanbieding?post=1550346"}],"curies":[{"name":"wp","href":"https:\/\/api.w.org\/{rel}","templated":true}]}}