{"id":1552067,"date":"2025-12-12T13:49:44","date_gmt":"2025-12-12T12:49:44","guid":{"rendered":"https:\/\/vitamines.com\/product\/boite-de-conservation-boom-greens\/"},"modified":"2026-01-29T22:29:08","modified_gmt":"2026-01-29T21:29:08","slug":"boite-de-conservation-boom-greens","status":"publish","type":"product","link":"https:\/\/vitamines.com\/fr\/product\/boite-de-conservation-boom-greens\/","title":{"rendered":"Bo\u00eete de conservation Boom Greens"},"content":{"rendered":"","protected":false},"excerpt":{"rendered":"<div class=\"flex max-w-full flex-col flex-grow\">\n<div class=\"min-h-8 text-message flex w-full flex-col items-end gap-2 whitespace-normal break-words [.text-message+&amp;]:mt-5\" dir=\"auto\" data-message-author-role=\"assistant\" data-message-id=\"cfe10183-5a08-45f2-a98a-7aa34c17f4a9\" data-message-model-slug=\"gpt-4o\">\n<div class=\"flex w-full flex-col gap-1 empty:hidden first:pt-[3px]\">\n<div class=\"markdown prose w-full break-words dark:prose-invert light\">\n<p class=\"\" data-start=\"94\" data-end=\"310\">Bo\u00eete de conservation Boom \u2013 \u00e9l\u00e9gante, durable et fonctionnelle<br data-start=\"149\" data-end=\"152\" \/>Conservez vos compl\u00e9ments avec le m\u00eame soin que vous les utilisez. La bo\u00eete de conservation Boom est con\u00e7ue pour ceux qui aiment l&#8217;ordre, la simplicit\u00e9 et l&#8217;esth\u00e9tique.<\/p>\n<p class=\"\" data-start=\"312\" data-end=\"452\">Fabriqu\u00e9e en m\u00e9tal de haute qualit\u00e9, avec un design \u00e9pur\u00e9 et une finition mate. S&#8217;int\u00e8gre parfaitement \u00e0 votre plan de travail, votre sac de sport ou votre bureau.<\/p>\n<p class=\"\" data-start=\"454\" data-end=\"543\">Gardez vos compl\u00e9ments frais, prot\u00e9g\u00e9s de la lumi\u00e8re et de l&#8217;humidit\u00e9, et toujours \u00e0 port\u00e9e de main.<\/p>\n<p class=\"\" data-start=\"545\" data-end=\"604\">Pour ceux qui font des choix conscients chaque jour \u2013 m\u00eame dans les d\u00e9tails.<\/p>\n<\/div>\n<\/div>\n<\/div>\n<\/div>\n","protected":false},"featured_media":1555365,"comment_status":"open","ping_status":"closed","template":"","meta":{"_acf_changed":false,"inline_featured_image":false},"product_brand":[],"product_cat":[2233,2430,2432,2431,2317],"product_tag":[],"merken":[523],"producttype":[],"aanbieding":[],"class_list":{"0":"post-1552067","1":"product","2":"type-product","3":"status-publish","4":"has-post-thumbnail","6":"product_cat-meilleures-ventes","7":"product_cat-multivitamines","8":"product_cat-multivitamines-enfant","9":"product_cat-pilules-vitaminees","10":"product_cat-vitamines-pour-enfants","11":"merken-boom-proteins","13":"first","14":"instock","15":"taxable","16":"shipping-taxable","17":"purchasable","18":"product-type-simple"},"bundled_by":[],"bundle_stock_status":"instock","bundle_stock_quantity":null,"bundle_virtual":false,"bundle_layout":"","bundle_add_to_cart_form_location":"","bundle_editable_in_cart":false,"bundle_sold_individually_context":"","bundle_item_grouping":"","bundle_min_size":"","bundle_max_size":"","bundle_price":[],"bundled_items":[],"bundle_sell_ids":[],"group_of_quantity":0,"min_quantity":0,"max_quantity":"","exclude_order_quantity_value_rules":"no","exclude_category_quantity_rules":"no","combine_variations":"no","acf":[],"yoast_head":"<!-- This site is optimized with the Yoast SEO Premium plugin v27.3 (Yoast SEO v27.3) - https:\/\/yoast.com\/product\/yoast-seo-premium-wordpress\/ -->\n<title>Bo\u00eete de conservation Boom Greens | Vitamines<\/title>\n<meta name=\"description\" content=\"Bo\u00eete de conservation Boom Greens kopen doe je voordelig in de shop van Vitamines. Vandaag besteld, morgen in huis.     Bo\u00eete de conservation Boom \u2013 \u00e9l\u00e9gante, durable et fonctionnelleConservez vos compl\u00e9ments avec le m\u00eame soin que vous les utilisez. La bo\u00eete de conservation Boom est con\u00e7ue pour ceux qui aiment l&#039;ordre, la simplicit\u00e9 et l&#039;esth\u00e9tique. Fabriqu\u00e9e en m\u00e9tal de haute qualit\u00e9, avec un design \u00e9pur\u00e9 et une finition mate. S&#039;int\u00e8gre parfaitement \u00e0 votre plan de travail, votre sac de sport ou votre bureau. Gardez vos compl\u00e9ments frais, prot\u00e9g\u00e9s de la lumi\u00e8re et de l&#039;humidit\u00e9, et toujours \u00e0 port\u00e9e de main. Pour ceux qui font des choix conscients chaque jour \u2013 m\u00eame dans les d\u00e9tails.\" \/>\n<meta name=\"robots\" content=\"index, follow, max-snippet:-1, max-image-preview:large, max-video-preview:-1\" \/>\n<link rel=\"canonical\" href=\"https:\/\/vitamines.com\/fr\/product\/boite-de-conservation-boom-greens\/\" \/>\n<meta property=\"og:locale\" content=\"fr_FR\" \/>\n<meta property=\"og:type\" content=\"article\" \/>\n<meta property=\"og:title\" content=\"Bo\u00eete de conservation Boom Greens | Vitamines\" \/>\n<meta property=\"og:description\" content=\"Bo\u00eete de conservation Boom \u2013 \u00e9l\u00e9gante, durable et fonctionnelleConservez vos compl\u00e9ments avec le m\u00eame soin que vous les utilisez. La bo\u00eete de conservation Boom est con\u00e7ue pour ceux qui aiment l&#039;ordre, la simplicit\u00e9 et l&#039;esth\u00e9tique. Fabriqu\u00e9e en m\u00e9tal de haute qualit\u00e9, avec un design \u00e9pur\u00e9 et une finition mate. S&#039;int\u00e8gre parfaitement \u00e0 votre plan de travail, votre sac de sport ou votre bureau. Gardez vos compl\u00e9ments frais, prot\u00e9g\u00e9s de la lumi\u00e8re et de l&#039;humidit\u00e9, et toujours \u00e0 port\u00e9e de main. Pour ceux qui font des choix conscients chaque jour \u2013 m\u00eame dans les d\u00e9tails.\" \/>\n<meta property=\"og:url\" content=\"https:\/\/vitamines.com\/fr\/product\/boite-de-conservation-boom-greens\/\" \/>\n<meta property=\"og:site_name\" content=\"Vitamines\" \/>\n<meta property=\"article:publisher\" content=\"https:\/\/www.facebook.com\/vitaminescom\/\" \/>\n<meta property=\"article:modified_time\" content=\"2026-01-29T21:29:08+00:00\" \/>\n<meta property=\"og:image\" content=\"https:\/\/vitamines.com\/wp-content\/uploads\/2025\/12\/BOOM-Bewaarblik3.png\" \/>\n\t<meta property=\"og:image:width\" content=\"1080\" \/>\n\t<meta property=\"og:image:height\" content=\"1080\" \/>\n\t<meta property=\"og:image:type\" content=\"image\/png\" \/>\n<meta name=\"twitter:card\" content=\"summary_large_image\" \/>\n<meta name=\"twitter:site\" content=\"@vitaminescom\" \/>\n<meta name=\"twitter:label1\" content=\"Prix\" \/>\n\t<meta name=\"twitter:data1\" content=\"&euro;19.95\" \/>\n\t<meta name=\"twitter:label2\" content=\"Disponibilit\u00e9\" \/>\n\t<meta name=\"twitter:data2\" content=\"En stock\" \/>\n<script type=\"application\/ld+json\" class=\"yoast-schema-graph\">{\"@context\":\"https:\\\/\\\/schema.org\",\"@graph\":[{\"@type\":[\"WebPage\",\"ItemPage\"],\"@id\":\"https:\\\/\\\/vitamines.com\\\/fr\\\/product\\\/boite-de-conservation-boom-greens\\\/\",\"url\":\"https:\\\/\\\/vitamines.com\\\/fr\\\/product\\\/boite-de-conservation-boom-greens\\\/\",\"name\":\"Bo\u00eete de conservation Boom Greens | Vitamines\",\"isPartOf\":{\"@id\":\"https:\\\/\\\/vitamines.com\\\/fr\\\/#website\"},\"primaryImageOfPage\":{\"@id\":\"https:\\\/\\\/vitamines.com\\\/fr\\\/product\\\/boite-de-conservation-boom-greens\\\/#primaryimage\"},\"image\":{\"@id\":\"https:\\\/\\\/vitamines.com\\\/fr\\\/product\\\/boite-de-conservation-boom-greens\\\/#primaryimage\"},\"thumbnailUrl\":\"https:\\\/\\\/vitamines.com\\\/wp-content\\\/uploads\\\/2025\\\/12\\\/BOOM-Bewaarblik3.png\",\"datePublished\":\"2025-12-12T12:49:44+00:00\",\"dateModified\":\"2026-01-29T21:29:08+00:00\",\"description\":\"Bo\u00eete de conservation Boom Greens kopen doe je voordelig in de shop van Vitamines. Vandaag besteld, morgen in huis. Bo\u00eete de conservation Boom \u2013 \u00e9l\u00e9gante, durable et fonctionnelleConservez vos compl\u00e9ments avec le m\u00eame soin que vous les utilisez. La bo\u00eete de conservation Boom est con\u00e7ue pour ceux qui aiment l'ordre, la simplicit\u00e9 et l'esth\u00e9tique. Fabriqu\u00e9e en m\u00e9tal de haute qualit\u00e9, avec un design \u00e9pur\u00e9 et une finition mate. S'int\u00e8gre parfaitement \u00e0 votre plan de travail, votre sac de sport ou votre bureau. Gardez vos compl\u00e9ments frais, prot\u00e9g\u00e9s de la lumi\u00e8re et de l'humidit\u00e9, et toujours \u00e0 port\u00e9e de main. Pour ceux qui font des choix conscients chaque jour \u2013 m\u00eame dans les d\u00e9tails.\",\"breadcrumb\":{\"@id\":\"https:\\\/\\\/vitamines.com\\\/fr\\\/product\\\/boite-de-conservation-boom-greens\\\/#breadcrumb\"},\"inLanguage\":\"fr-FR\",\"potentialAction\":[{\"@type\":\"ReadAction\",\"target\":[\"https:\\\/\\\/vitamines.com\\\/fr\\\/product\\\/boite-de-conservation-boom-greens\\\/\"]}]},{\"@type\":\"ImageObject\",\"inLanguage\":\"fr-FR\",\"@id\":\"https:\\\/\\\/vitamines.com\\\/fr\\\/product\\\/boite-de-conservation-boom-greens\\\/#primaryimage\",\"url\":\"https:\\\/\\\/vitamines.com\\\/wp-content\\\/uploads\\\/2025\\\/12\\\/BOOM-Bewaarblik3.png\",\"contentUrl\":\"https:\\\/\\\/vitamines.com\\\/wp-content\\\/uploads\\\/2025\\\/12\\\/BOOM-Bewaarblik3.png\",\"width\":1080,\"height\":1080},{\"@type\":\"BreadcrumbList\",\"@id\":\"https:\\\/\\\/vitamines.com\\\/fr\\\/product\\\/boite-de-conservation-boom-greens\\\/#breadcrumb\",\"itemListElement\":[{\"@type\":\"ListItem\",\"position\":1,\"name\":\"Home\",\"item\":\"https:\\\/\\\/vitamines.com\\\/fr\\\/\"},{\"@type\":\"ListItem\",\"position\":2,\"name\":\"Bo\u00eete de conservation Boom Greens\"}]},{\"@type\":\"WebSite\",\"@id\":\"https:\\\/\\\/vitamines.com\\\/fr\\\/#website\",\"url\":\"https:\\\/\\\/vitamines.com\\\/fr\\\/\",\"name\":\"Vitamines\",\"description\":\"Alle kwalitatieve vitamines, mineralen en supplementen bij d\u00e9 vitamine experts van Belgi\u00eb en Nederland.\",\"publisher\":{\"@id\":\"https:\\\/\\\/vitamines.com\\\/fr\\\/#organization\"},\"alternateName\":\"Vitamins\",\"potentialAction\":[{\"@type\":\"SearchAction\",\"target\":{\"@type\":\"EntryPoint\",\"urlTemplate\":\"https:\\\/\\\/vitamines.com\\\/fr\\\/?s={search_term_string}\"},\"query-input\":{\"@type\":\"PropertyValueSpecification\",\"valueRequired\":true,\"valueName\":\"search_term_string\"}}],\"inLanguage\":\"fr-FR\"},{\"@type\":[\"Organization\",\"Place\",\"HealthAndBeautyBusiness\"],\"@id\":\"https:\\\/\\\/vitamines.com\\\/fr\\\/#organization\",\"name\":\"Vitamines\",\"alternateName\":\"Vitamins\",\"url\":\"https:\\\/\\\/vitamines.com\\\/fr\\\/\",\"logo\":{\"@id\":\"https:\\\/\\\/vitamines.com\\\/fr\\\/product\\\/boite-de-conservation-boom-greens\\\/#local-main-organization-logo\"},\"image\":{\"@id\":\"https:\\\/\\\/vitamines.com\\\/fr\\\/product\\\/boite-de-conservation-boom-greens\\\/#local-main-organization-logo\"},\"sameAs\":[\"https:\\\/\\\/www.facebook.com\\\/vitaminescom\\\/\",\"https:\\\/\\\/x.com\\\/vitaminescom\",\"https:\\\/\\\/www.instagram.com\\\/vitaminescom\\\/\",\"https:\\\/\\\/www.linkedin.com\\\/company\\\/vitaminescom\\\/\",\"https:\\\/\\\/nl.pinterest.com\\\/vitaminescom\\\/\",\"https:\\\/\\\/www.tiktok.com\\\/@vitamines.com\",\"https:\\\/\\\/www.youtube.com\\\/@vitaminescom\",\"https:\\\/\\\/nl.trustpilot.com\\\/review\\\/vitamines.com\"],\"description\":\"Vitamines koop je natuurlijk op Vitamines.com. Keus uit meer dan 10.000 vitaminen & supplementen, direct uit voorraad leverbaar. Denk hierbij aan vitamine A, vitamine B, vitamine C, vitamine D, calcium, chroom, ijzer, kalium of koper. Maar ook eiwitten (prote\u00efne), magnesium, mangaan, selenium, collageen poeder en multivitaminen zijn populaire voedingssupplementen die je kunt bestellen in de webshop van Vitamines.\",\"legalName\":\"Vitamines.com B.V.\",\"foundingDate\":\"1997-08-15\",\"numberOfEmployees\":{\"@type\":\"QuantitativeValue\",\"minValue\":\"11\",\"maxValue\":\"50\"},\"address\":{\"@id\":\"https:\\\/\\\/vitamines.com\\\/fr\\\/product\\\/boite-de-conservation-boom-greens\\\/#local-main-place-address\"},\"telephone\":[\"020 308 6875\"],\"contactPoint\":{\"@type\":\"ContactPoint\",\"email\":\"support@vitamines.com\"},\"openingHoursSpecification\":{\"@type\":\"OpeningHoursSpecification\",\"dayOfWeek\":[\"Monday\",\"Tuesday\",\"Wednesday\",\"Thursday\",\"Friday\",\"Saturday\",\"Sunday\"],\"opens\":\"00:00\",\"closes\":\"23:59\"},\"priceRange\":\"$$\",\"currenciesAccepted\":\"EUR\"},{\"@type\":\"PostalAddress\",\"@id\":\"https:\\\/\\\/vitamines.com\\\/fr\\\/product\\\/boite-de-conservation-boom-greens\\\/#local-main-place-address\",\"streetAddress\":\"Professor J.H. Bavincklaan 2\",\"addressLocality\":\"Amstelveen\",\"postalCode\":\"1183 AT\",\"addressRegion\":\"NH\",\"addressCountry\":\"NL\"},{\"@type\":\"ImageObject\",\"inLanguage\":\"fr-FR\",\"@id\":\"https:\\\/\\\/vitamines.com\\\/fr\\\/product\\\/boite-de-conservation-boom-greens\\\/#local-main-organization-logo\",\"url\":\"https:\\\/\\\/vitamines.com\\\/wp-content\\\/uploads\\\/2024\\\/10\\\/vitamines.svg\",\"contentUrl\":\"https:\\\/\\\/vitamines.com\\\/wp-content\\\/uploads\\\/2024\\\/10\\\/vitamines.svg\",\"width\":132,\"height\":24,\"caption\":\"Vitamines\"}]}<\/script>\n<meta property=\"product:brand\" content=\"BOOM Nutritions\" \/>\n<meta property=\"product:price:amount\" content=\"19.95\" \/>\n<meta property=\"product:price:currency\" content=\"EUR\" \/>\n<meta property=\"og:availability\" content=\"instock\" \/>\n<meta property=\"product:availability\" content=\"instock\" \/>\n<meta property=\"product:retailer_item_id\" content=\"BOOM-BLI-750\" \/>\n<meta property=\"product:condition\" content=\"new\" \/>\n<meta name=\"geo.placename\" content=\"Amstelveen\" \/>\n<meta name=\"geo.region\" content=\"Pays-Bas\" \/>\n<!-- \/ Yoast SEO Premium plugin. -->","yoast_head_json":{"title":"Bo\u00eete de conservation Boom Greens | Vitamines","description":"Bo\u00eete de conservation Boom Greens kopen doe je voordelig in de shop van Vitamines. Vandaag besteld, morgen in huis.     Bo\u00eete de conservation Boom \u2013 \u00e9l\u00e9gante, durable et fonctionnelleConservez vos compl\u00e9ments avec le m\u00eame soin que vous les utilisez. La bo\u00eete de conservation Boom est con\u00e7ue pour ceux qui aiment l'ordre, la simplicit\u00e9 et l'esth\u00e9tique. Fabriqu\u00e9e en m\u00e9tal de haute qualit\u00e9, avec un design \u00e9pur\u00e9 et une finition mate. S'int\u00e8gre parfaitement \u00e0 votre plan de travail, votre sac de sport ou votre bureau. Gardez vos compl\u00e9ments frais, prot\u00e9g\u00e9s de la lumi\u00e8re et de l'humidit\u00e9, et toujours \u00e0 port\u00e9e de main. Pour ceux qui font des choix conscients chaque jour \u2013 m\u00eame dans les d\u00e9tails.","robots":{"index":"index","follow":"follow","max-snippet":"max-snippet:-1","max-image-preview":"max-image-preview:large","max-video-preview":"max-video-preview:-1"},"canonical":"https:\/\/vitamines.com\/fr\/product\/boite-de-conservation-boom-greens\/","og_locale":"fr_FR","og_type":"article","og_title":"Bo\u00eete de conservation Boom Greens | Vitamines","og_description":"Bo\u00eete de conservation Boom \u2013 \u00e9l\u00e9gante, durable et fonctionnelleConservez vos compl\u00e9ments avec le m\u00eame soin que vous les utilisez. La bo\u00eete de conservation Boom est con\u00e7ue pour ceux qui aiment l'ordre, la simplicit\u00e9 et l'esth\u00e9tique. Fabriqu\u00e9e en m\u00e9tal de haute qualit\u00e9, avec un design \u00e9pur\u00e9 et une finition mate. S'int\u00e8gre parfaitement \u00e0 votre plan de travail, votre sac de sport ou votre bureau. Gardez vos compl\u00e9ments frais, prot\u00e9g\u00e9s de la lumi\u00e8re et de l'humidit\u00e9, et toujours \u00e0 port\u00e9e de main. Pour ceux qui font des choix conscients chaque jour \u2013 m\u00eame dans les d\u00e9tails.","og_url":"https:\/\/vitamines.com\/fr\/product\/boite-de-conservation-boom-greens\/","og_site_name":"Vitamines","article_publisher":"https:\/\/www.facebook.com\/vitaminescom\/","article_modified_time":"2026-01-29T21:29:08+00:00","og_image":[{"width":1080,"height":1080,"url":"https:\/\/vitamines.com\/wp-content\/uploads\/2025\/12\/BOOM-Bewaarblik3.png","type":"image\/png"}],"twitter_card":"summary_large_image","twitter_site":"@vitaminescom","twitter_misc":{"Prix":"&euro;19.95","Disponibilit\u00e9":"En stock"},"schema":{"@context":"https:\/\/schema.org","@graph":[{"@type":["WebPage","ItemPage"],"@id":"https:\/\/vitamines.com\/fr\/product\/boite-de-conservation-boom-greens\/","url":"https:\/\/vitamines.com\/fr\/product\/boite-de-conservation-boom-greens\/","name":"Bo\u00eete de conservation Boom Greens | Vitamines","isPartOf":{"@id":"https:\/\/vitamines.com\/fr\/#website"},"primaryImageOfPage":{"@id":"https:\/\/vitamines.com\/fr\/product\/boite-de-conservation-boom-greens\/#primaryimage"},"image":{"@id":"https:\/\/vitamines.com\/fr\/product\/boite-de-conservation-boom-greens\/#primaryimage"},"thumbnailUrl":"https:\/\/vitamines.com\/wp-content\/uploads\/2025\/12\/BOOM-Bewaarblik3.png","datePublished":"2025-12-12T12:49:44+00:00","dateModified":"2026-01-29T21:29:08+00:00","description":"Bo\u00eete de conservation Boom Greens kopen doe je voordelig in de shop van Vitamines. Vandaag besteld, morgen in huis. Bo\u00eete de conservation Boom \u2013 \u00e9l\u00e9gante, durable et fonctionnelleConservez vos compl\u00e9ments avec le m\u00eame soin que vous les utilisez. La bo\u00eete de conservation Boom est con\u00e7ue pour ceux qui aiment l'ordre, la simplicit\u00e9 et l'esth\u00e9tique. Fabriqu\u00e9e en m\u00e9tal de haute qualit\u00e9, avec un design \u00e9pur\u00e9 et une finition mate. S'int\u00e8gre parfaitement \u00e0 votre plan de travail, votre sac de sport ou votre bureau. Gardez vos compl\u00e9ments frais, prot\u00e9g\u00e9s de la lumi\u00e8re et de l'humidit\u00e9, et toujours \u00e0 port\u00e9e de main. Pour ceux qui font des choix conscients chaque jour \u2013 m\u00eame dans les d\u00e9tails.","breadcrumb":{"@id":"https:\/\/vitamines.com\/fr\/product\/boite-de-conservation-boom-greens\/#breadcrumb"},"inLanguage":"fr-FR","potentialAction":[{"@type":"ReadAction","target":["https:\/\/vitamines.com\/fr\/product\/boite-de-conservation-boom-greens\/"]}]},{"@type":"ImageObject","inLanguage":"fr-FR","@id":"https:\/\/vitamines.com\/fr\/product\/boite-de-conservation-boom-greens\/#primaryimage","url":"https:\/\/vitamines.com\/wp-content\/uploads\/2025\/12\/BOOM-Bewaarblik3.png","contentUrl":"https:\/\/vitamines.com\/wp-content\/uploads\/2025\/12\/BOOM-Bewaarblik3.png","width":1080,"height":1080},{"@type":"BreadcrumbList","@id":"https:\/\/vitamines.com\/fr\/product\/boite-de-conservation-boom-greens\/#breadcrumb","itemListElement":[{"@type":"ListItem","position":1,"name":"Home","item":"https:\/\/vitamines.com\/fr\/"},{"@type":"ListItem","position":2,"name":"Bo\u00eete de conservation Boom Greens"}]},{"@type":"WebSite","@id":"https:\/\/vitamines.com\/fr\/#website","url":"https:\/\/vitamines.com\/fr\/","name":"Vitamines","description":"Alle kwalitatieve vitamines, mineralen en supplementen bij d\u00e9 vitamine experts van Belgi\u00eb en Nederland.","publisher":{"@id":"https:\/\/vitamines.com\/fr\/#organization"},"alternateName":"Vitamins","potentialAction":[{"@type":"SearchAction","target":{"@type":"EntryPoint","urlTemplate":"https:\/\/vitamines.com\/fr\/?s={search_term_string}"},"query-input":{"@type":"PropertyValueSpecification","valueRequired":true,"valueName":"search_term_string"}}],"inLanguage":"fr-FR"},{"@type":["Organization","Place","HealthAndBeautyBusiness"],"@id":"https:\/\/vitamines.com\/fr\/#organization","name":"Vitamines","alternateName":"Vitamins","url":"https:\/\/vitamines.com\/fr\/","logo":{"@id":"https:\/\/vitamines.com\/fr\/product\/boite-de-conservation-boom-greens\/#local-main-organization-logo"},"image":{"@id":"https:\/\/vitamines.com\/fr\/product\/boite-de-conservation-boom-greens\/#local-main-organization-logo"},"sameAs":["https:\/\/www.facebook.com\/vitaminescom\/","https:\/\/x.com\/vitaminescom","https:\/\/www.instagram.com\/vitaminescom\/","https:\/\/www.linkedin.com\/company\/vitaminescom\/","https:\/\/nl.pinterest.com\/vitaminescom\/","https:\/\/www.tiktok.com\/@vitamines.com","https:\/\/www.youtube.com\/@vitaminescom","https:\/\/nl.trustpilot.com\/review\/vitamines.com"],"description":"Vitamines koop je natuurlijk op Vitamines.com. Keus uit meer dan 10.000 vitaminen & supplementen, direct uit voorraad leverbaar. Denk hierbij aan vitamine A, vitamine B, vitamine C, vitamine D, calcium, chroom, ijzer, kalium of koper. Maar ook eiwitten (prote\u00efne), magnesium, mangaan, selenium, collageen poeder en multivitaminen zijn populaire voedingssupplementen die je kunt bestellen in de webshop van Vitamines.","legalName":"Vitamines.com B.V.","foundingDate":"1997-08-15","numberOfEmployees":{"@type":"QuantitativeValue","minValue":"11","maxValue":"50"},"address":{"@id":"https:\/\/vitamines.com\/fr\/product\/boite-de-conservation-boom-greens\/#local-main-place-address"},"telephone":["020 308 6875"],"contactPoint":{"@type":"ContactPoint","email":"support@vitamines.com"},"openingHoursSpecification":{"@type":"OpeningHoursSpecification","dayOfWeek":["Monday","Tuesday","Wednesday","Thursday","Friday","Saturday","Sunday"],"opens":"00:00","closes":"23:59"},"priceRange":"$$","currenciesAccepted":"EUR"},{"@type":"PostalAddress","@id":"https:\/\/vitamines.com\/fr\/product\/boite-de-conservation-boom-greens\/#local-main-place-address","streetAddress":"Professor J.H. Bavincklaan 2","addressLocality":"Amstelveen","postalCode":"1183 AT","addressRegion":"NH","addressCountry":"NL"},{"@type":"ImageObject","inLanguage":"fr-FR","@id":"https:\/\/vitamines.com\/fr\/product\/boite-de-conservation-boom-greens\/#local-main-organization-logo","url":"https:\/\/vitamines.com\/wp-content\/uploads\/2024\/10\/vitamines.svg","contentUrl":"https:\/\/vitamines.com\/wp-content\/uploads\/2024\/10\/vitamines.svg","width":132,"height":24,"caption":"Vitamines"}]},"product_brand":"BOOM Nutritions","product_price_amount":"19.95","product_price_currency":"EUR","og_availability":"instock","product_availability":"instock","product_retailer_item_id":"BOOM-BLI-750","product_condition":"new","geo.placename":"Amstelveen","geo.region":"Pays-Bas"},"_links":{"self":[{"href":"https:\/\/vitamines.com\/fr\/wp-json\/wp\/v2\/product\/1552067","targetHints":{"allow":["GET"]}}],"collection":[{"href":"https:\/\/vitamines.com\/fr\/wp-json\/wp\/v2\/product"}],"about":[{"href":"https:\/\/vitamines.com\/fr\/wp-json\/wp\/v2\/types\/product"}],"replies":[{"embeddable":true,"href":"https:\/\/vitamines.com\/fr\/wp-json\/wp\/v2\/comments?post=1552067"}],"wp:featuredmedia":[{"embeddable":true,"href":"https:\/\/vitamines.com\/fr\/wp-json\/wp\/v2\/media\/1555365"}],"wp:attachment":[{"href":"https:\/\/vitamines.com\/fr\/wp-json\/wp\/v2\/media?parent=1552067"}],"wp:term":[{"taxonomy":"product_brand","embeddable":true,"href":"https:\/\/vitamines.com\/fr\/wp-json\/wp\/v2\/product_brand?post=1552067"},{"taxonomy":"product_cat","embeddable":true,"href":"https:\/\/vitamines.com\/fr\/wp-json\/wp\/v2\/product_cat?post=1552067"},{"taxonomy":"product_tag","embeddable":true,"href":"https:\/\/vitamines.com\/fr\/wp-json\/wp\/v2\/product_tag?post=1552067"},{"taxonomy":"merken","embeddable":true,"href":"https:\/\/vitamines.com\/fr\/wp-json\/wp\/v2\/merken?post=1552067"},{"taxonomy":"producttype","embeddable":true,"href":"https:\/\/vitamines.com\/fr\/wp-json\/wp\/v2\/producttype?post=1552067"},{"taxonomy":"aanbieding","embeddable":true,"href":"https:\/\/vitamines.com\/fr\/wp-json\/wp\/v2\/aanbieding?post=1552067"}],"curies":[{"name":"wp","href":"https:\/\/api.w.org\/{rel}","templated":true}]}}