{"id":1552655,"date":"2025-10-29T12:25:22","date_gmt":"2025-10-29T11:25:22","guid":{"rendered":"https:\/\/vitamines.com\/product\/herbolist-sommeil-femme\/"},"modified":"2026-02-26T11:28:43","modified_gmt":"2026-02-26T10:28:43","slug":"herbolist-sommeil-femme","status":"publish","type":"product","link":"https:\/\/vitamines.com\/fr\/product\/herbolist-sommeil-femme\/","title":{"rendered":"Herbolist Sommeil femme"},"content":{"rendered":"<p data-pm-slice=\"1 1 []\">Une bonne nuit de sommeil est la base de l&#8217;\u00e9nergie, de la concentration et de l&#8217;\u00e9quilibre, mais dans une vie tr\u00e9pidante, c&#8217;est parfois plus facile \u00e0 dire qu&#8217;\u00e0 faire.<\/p>\n<p><strong>Herbolist Sommeil<\/strong> est con\u00e7u pour les femmes qui souhaitent favoriser leur repos nocturne et se d\u00e9tendre naturellement avant de se coucher.<\/p>\n<p>La formule associe <strong>la m\u00e9latonine<\/strong> et <strong>l&#8217;extrait de val\u00e9riane<\/strong> \u00e0 des vitamines et au <strong>GABA (acide gamma-aminobutyrique)<\/strong>, une substance naturellement pr\u00e9sente dans l&#8217;organisme qui aide \u00e0 se d\u00e9tendre.<\/p>\n<p>De plus, <strong>la vitamine B6<\/strong> aide \u00e0 lutter contre <strong>la fatigue<\/strong> et <strong>les vitamines B1 et B6<\/strong> contribuent \u00e0 <strong>l&#8217;\u00e9quilibre mental<\/strong>.<\/p>\n<p>Comme pour tous les compl\u00e9ments Herbolist, la qualit\u00e9 est primordiale\u00a0: <strong>d\u00e9velopp\u00e9s et fabriqu\u00e9s aux Pays-Bas<\/strong>, rigoureusement test\u00e9s et totalement exempts d&#8217;additifs inutiles.<\/p>\n<p>Herbolist Sommeil \u2013 ta douce conclusion de la journ\u00e9e, pour un d\u00e9but de journ\u00e9e repos\u00e9.<\/p>\n","protected":false},"excerpt":{"rendered":"<p data-pm-slice=\"1 1 []\">Une bonne nuit de sommeil est la base de l&#8217;\u00e9nergie, de la concentration et de l&#8217;\u00e9quilibre, mais dans une vie tr\u00e9pidante, c&#8217;est parfois plus facile \u00e0 dire qu&#8217;\u00e0 faire.<\/p>\n<p><strong>Herbolist Sommeil<\/strong> est con\u00e7u pour les femmes qui souhaitent favoriser leur repos nocturne et se d\u00e9tendre naturellement avant de se coucher.<\/p>\n<p>La formule associe <strong>la m\u00e9latonine<\/strong> et <strong>l&#8217;extrait de val\u00e9riane<\/strong> \u00e0 des vitamines et au <strong>GABA (acide gamma-aminobutyrique)<\/strong>, une substance naturellement pr\u00e9sente dans l&#8217;organisme qui aide \u00e0 se d\u00e9tendre.<\/p>\n<p>De plus, <strong>la vitamine B6<\/strong> aide \u00e0 lutter contre <strong>la fatigue<\/strong> et <strong>les vitamines B1 et B6<\/strong> contribuent \u00e0 <strong>l&#8217;\u00e9quilibre mental<\/strong>.<\/p>\n<p>Comme pour tous les compl\u00e9ments Herbolist, la qualit\u00e9 est primordiale\u00a0: <strong>d\u00e9velopp\u00e9s et fabriqu\u00e9s aux Pays-Bas<\/strong>, rigoureusement test\u00e9s et totalement exempts d&#8217;additifs inutiles.<\/p>\n<p>Herbolist Sommeil \u2013 ta douce conclusion de la journ\u00e9e, pour un d\u00e9but de journ\u00e9e repos\u00e9.<\/p>\n","protected":false},"featured_media":1556934,"comment_status":"open","ping_status":"closed","template":"","meta":{"_acf_changed":false,"inline_featured_image":false},"product_brand":[],"product_cat":[2233,2234,2472,2470,2471,2236],"product_tag":[],"merken":[349],"producttype":[342],"aanbieding":[],"class_list":{"0":"post-1552655","1":"product","2":"type-product","3":"status-publish","4":"has-post-thumbnail","6":"product_cat-meilleures-ventes","7":"product_cat-offres","8":"product_cat-vitamine-b1","9":"product_cat-vitamine-b12","10":"product_cat-vitamine-b6","11":"product_cat-vitamines-et-complements","12":"merken-herbolist","13":"producttype-tablet","15":"first","16":"instock","17":"sale","18":"taxable","19":"shipping-taxable","20":"purchasable","21":"product-type-simple"},"bundled_by":[],"bundle_stock_status":"instock","bundle_stock_quantity":null,"bundle_virtual":false,"bundle_layout":"","bundle_add_to_cart_form_location":"","bundle_editable_in_cart":false,"bundle_sold_individually_context":"","bundle_item_grouping":"","bundle_min_size":"","bundle_max_size":"","bundle_price":[],"bundled_items":[],"bundle_sell_ids":[],"group_of_quantity":0,"min_quantity":0,"max_quantity":"","exclude_order_quantity_value_rules":"no","exclude_category_quantity_rules":"no","combine_variations":"no","acf":[],"yoast_head":"<!-- This site is optimized with the Yoast SEO Premium plugin v27.3 (Yoast SEO v27.3) - https:\/\/yoast.com\/product\/yoast-seo-premium-wordpress\/ -->\n<title>Herbolist Sommeil femme | Vitamines<\/title>\n<meta name=\"description\" content=\"Herbolist Sommeil femme kopen doe je voordelig in de shop van Vitamines. Vandaag besteld, morgen in huis. Une bonne nuit de sommeil est la base de l&#039;\u00e9nergie, de la concentration et de l&#039;\u00e9quilibre, mais dans une vie tr\u00e9pidante, c&#039;est parfois plus facile \u00e0 dire qu&#039;\u00e0 faire. Herbolist Sommeil est con\u00e7u pour les femmes qui souhaitent favoriser leur repos nocturne et se d\u00e9tendre naturellement avant de se coucher.  La formule associe la m\u00e9latonine et l&#039;extrait de val\u00e9riane \u00e0 des vitamines et au GABA (acide gamma-aminobutyrique), une substance naturellement pr\u00e9sente dans l&#039;organisme qui aide \u00e0 se d\u00e9tendre.  De plus, la vitamine B6 aide \u00e0 lutter contre la fatigue et les vitamines B1 et B6 contribuent \u00e0 l&#039;\u00e9quilibre mental.  Comme pour tous les compl\u00e9ments Herbolist, la qualit\u00e9 est primordiale\u00a0: d\u00e9velopp\u00e9s et fabriqu\u00e9s aux Pays-Bas, rigoureusement test\u00e9s et totalement exempts d&#039;additifs inutiles.  Herbolist Sommeil \u2013 ta douce conclusion de la journ\u00e9e, pour un d\u00e9but de journ\u00e9e repos\u00e9.\" \/>\n<meta name=\"robots\" content=\"index, follow, max-snippet:-1, max-image-preview:large, max-video-preview:-1\" \/>\n<link rel=\"canonical\" href=\"https:\/\/vitamines.com\/fr\/product\/herbolist-sommeil-femme\/\" \/>\n<meta property=\"og:locale\" content=\"fr_FR\" \/>\n<meta property=\"og:type\" content=\"article\" \/>\n<meta property=\"og:title\" content=\"Herbolist Sommeil femme | Vitamines\" \/>\n<meta property=\"og:description\" content=\"Une bonne nuit de sommeil est la base de l&#039;\u00e9nergie, de la concentration et de l&#039;\u00e9quilibre, mais dans une vie tr\u00e9pidante, c&#039;est parfois plus facile \u00e0 dire qu&#039;\u00e0 faire. Herbolist Sommeil est con\u00e7u pour les femmes qui souhaitent favoriser leur repos nocturne et se d\u00e9tendre naturellement avant de se coucher.  La formule associe la m\u00e9latonine et l&#039;extrait de val\u00e9riane \u00e0 des vitamines et au GABA (acide gamma-aminobutyrique), une substance naturellement pr\u00e9sente dans l&#039;organisme qui aide \u00e0 se d\u00e9tendre.  De plus, la vitamine B6 aide \u00e0 lutter contre la fatigue et les vitamines B1 et B6 contribuent \u00e0 l&#039;\u00e9quilibre mental.  Comme pour tous les compl\u00e9ments Herbolist, la qualit\u00e9 est primordiale\u00a0: d\u00e9velopp\u00e9s et fabriqu\u00e9s aux Pays-Bas, rigoureusement test\u00e9s et totalement exempts d&#039;additifs inutiles.  Herbolist Sommeil \u2013 ta douce conclusion de la journ\u00e9e, pour un d\u00e9but de journ\u00e9e repos\u00e9.\" \/>\n<meta property=\"og:url\" content=\"https:\/\/vitamines.com\/fr\/product\/herbolist-sommeil-femme\/\" \/>\n<meta property=\"og:site_name\" content=\"Vitamines\" \/>\n<meta property=\"article:publisher\" content=\"https:\/\/www.facebook.com\/vitaminescom\/\" \/>\n<meta property=\"article:modified_time\" content=\"2026-02-26T10:28:43+00:00\" \/>\n<meta property=\"og:image\" content=\"https:\/\/vitamines.com\/wp-content\/uploads\/2025\/10\/Slap-Vrouw-111.png\" \/>\n\t<meta property=\"og:image:width\" content=\"1080\" \/>\n\t<meta property=\"og:image:height\" content=\"1080\" \/>\n\t<meta property=\"og:image:type\" content=\"image\/png\" \/>\n<meta name=\"twitter:card\" content=\"summary_large_image\" \/>\n<meta name=\"twitter:site\" content=\"@vitaminescom\" \/>\n<meta name=\"twitter:label1\" content=\"Prix\" \/>\n\t<meta name=\"twitter:data1\" content=\"&euro;14.99\" \/>\n\t<meta name=\"twitter:label2\" content=\"Disponibilit\u00e9\" \/>\n\t<meta name=\"twitter:data2\" content=\"En stock\" \/>\n<script type=\"application\/ld+json\" class=\"yoast-schema-graph\">{\"@context\":\"https:\\\/\\\/schema.org\",\"@graph\":[{\"@type\":[\"WebPage\",\"ItemPage\"],\"@id\":\"https:\\\/\\\/vitamines.com\\\/fr\\\/product\\\/herbolist-sommeil-femme\\\/\",\"url\":\"https:\\\/\\\/vitamines.com\\\/fr\\\/product\\\/herbolist-sommeil-femme\\\/\",\"name\":\"Herbolist Sommeil femme | Vitamines\",\"isPartOf\":{\"@id\":\"https:\\\/\\\/vitamines.com\\\/fr\\\/#website\"},\"primaryImageOfPage\":{\"@id\":\"https:\\\/\\\/vitamines.com\\\/fr\\\/product\\\/herbolist-sommeil-femme\\\/#primaryimage\"},\"image\":{\"@id\":\"https:\\\/\\\/vitamines.com\\\/fr\\\/product\\\/herbolist-sommeil-femme\\\/#primaryimage\"},\"thumbnailUrl\":\"https:\\\/\\\/vitamines.com\\\/wp-content\\\/uploads\\\/2025\\\/10\\\/Slap-Vrouw-111.png\",\"datePublished\":\"2025-10-29T11:25:22+00:00\",\"dateModified\":\"2026-02-26T10:28:43+00:00\",\"description\":\"Herbolist Sommeil femme kopen doe je voordelig in de shop van Vitamines. Vandaag besteld, morgen in huis. Une bonne nuit de sommeil est la base de l'\u00e9nergie, de la concentration et de l'\u00e9quilibre, mais dans une vie tr\u00e9pidante, c'est parfois plus facile \u00e0 dire qu'\u00e0 faire. Herbolist Sommeil est con\u00e7u pour les femmes qui souhaitent favoriser leur repos nocturne et se d\u00e9tendre naturellement avant de se coucher. La formule associe la m\u00e9latonine et l'extrait de val\u00e9riane \u00e0 des vitamines et au GABA (acide gamma-aminobutyrique), une substance naturellement pr\u00e9sente dans l'organisme qui aide \u00e0 se d\u00e9tendre. De plus, la vitamine B6 aide \u00e0 lutter contre la fatigue et les vitamines B1 et B6 contribuent \u00e0 l'\u00e9quilibre mental. Comme pour tous les compl\u00e9ments Herbolist, la qualit\u00e9 est primordiale\u00a0: d\u00e9velopp\u00e9s et fabriqu\u00e9s aux Pays-Bas, rigoureusement test\u00e9s et totalement exempts d'additifs inutiles. Herbolist Sommeil \u2013 ta douce conclusion de la journ\u00e9e, pour un d\u00e9but de journ\u00e9e repos\u00e9.\",\"breadcrumb\":{\"@id\":\"https:\\\/\\\/vitamines.com\\\/fr\\\/product\\\/herbolist-sommeil-femme\\\/#breadcrumb\"},\"inLanguage\":\"fr-FR\",\"potentialAction\":[{\"@type\":\"ReadAction\",\"target\":[\"https:\\\/\\\/vitamines.com\\\/fr\\\/product\\\/herbolist-sommeil-femme\\\/\"]}]},{\"@type\":\"ImageObject\",\"inLanguage\":\"fr-FR\",\"@id\":\"https:\\\/\\\/vitamines.com\\\/fr\\\/product\\\/herbolist-sommeil-femme\\\/#primaryimage\",\"url\":\"https:\\\/\\\/vitamines.com\\\/wp-content\\\/uploads\\\/2025\\\/10\\\/Slap-Vrouw-111.png\",\"contentUrl\":\"https:\\\/\\\/vitamines.com\\\/wp-content\\\/uploads\\\/2025\\\/10\\\/Slap-Vrouw-111.png\",\"width\":1080,\"height\":1080},{\"@type\":\"BreadcrumbList\",\"@id\":\"https:\\\/\\\/vitamines.com\\\/fr\\\/product\\\/herbolist-sommeil-femme\\\/#breadcrumb\",\"itemListElement\":[{\"@type\":\"ListItem\",\"position\":1,\"name\":\"Home\",\"item\":\"https:\\\/\\\/vitamines.com\\\/fr\\\/\"},{\"@type\":\"ListItem\",\"position\":2,\"name\":\"Herbolist Sommeil femme\"}]},{\"@type\":\"WebSite\",\"@id\":\"https:\\\/\\\/vitamines.com\\\/fr\\\/#website\",\"url\":\"https:\\\/\\\/vitamines.com\\\/fr\\\/\",\"name\":\"Vitamines\",\"description\":\"Alle kwalitatieve vitamines, mineralen en supplementen bij d\u00e9 vitamine experts van Belgi\u00eb en Nederland.\",\"publisher\":{\"@id\":\"https:\\\/\\\/vitamines.com\\\/fr\\\/#organization\"},\"alternateName\":\"Vitamins\",\"potentialAction\":[{\"@type\":\"SearchAction\",\"target\":{\"@type\":\"EntryPoint\",\"urlTemplate\":\"https:\\\/\\\/vitamines.com\\\/fr\\\/?s={search_term_string}\"},\"query-input\":{\"@type\":\"PropertyValueSpecification\",\"valueRequired\":true,\"valueName\":\"search_term_string\"}}],\"inLanguage\":\"fr-FR\"},{\"@type\":[\"Organization\",\"Place\",\"HealthAndBeautyBusiness\"],\"@id\":\"https:\\\/\\\/vitamines.com\\\/fr\\\/#organization\",\"name\":\"Vitamines\",\"alternateName\":\"Vitamins\",\"url\":\"https:\\\/\\\/vitamines.com\\\/fr\\\/\",\"logo\":{\"@id\":\"https:\\\/\\\/vitamines.com\\\/fr\\\/product\\\/herbolist-sommeil-femme\\\/#local-main-organization-logo\"},\"image\":{\"@id\":\"https:\\\/\\\/vitamines.com\\\/fr\\\/product\\\/herbolist-sommeil-femme\\\/#local-main-organization-logo\"},\"sameAs\":[\"https:\\\/\\\/www.facebook.com\\\/vitaminescom\\\/\",\"https:\\\/\\\/x.com\\\/vitaminescom\",\"https:\\\/\\\/www.instagram.com\\\/vitaminescom\\\/\",\"https:\\\/\\\/www.linkedin.com\\\/company\\\/vitaminescom\\\/\",\"https:\\\/\\\/nl.pinterest.com\\\/vitaminescom\\\/\",\"https:\\\/\\\/www.tiktok.com\\\/@vitamines.com\",\"https:\\\/\\\/www.youtube.com\\\/@vitaminescom\",\"https:\\\/\\\/nl.trustpilot.com\\\/review\\\/vitamines.com\"],\"description\":\"Vitamines koop je natuurlijk op Vitamines.com. Keus uit meer dan 10.000 vitaminen & supplementen, direct uit voorraad leverbaar. Denk hierbij aan vitamine A, vitamine B, vitamine C, vitamine D, calcium, chroom, ijzer, kalium of koper. Maar ook eiwitten (prote\u00efne), magnesium, mangaan, selenium, collageen poeder en multivitaminen zijn populaire voedingssupplementen die je kunt bestellen in de webshop van Vitamines.\",\"legalName\":\"Vitamines.com B.V.\",\"foundingDate\":\"1997-08-15\",\"numberOfEmployees\":{\"@type\":\"QuantitativeValue\",\"minValue\":\"11\",\"maxValue\":\"50\"},\"address\":{\"@id\":\"https:\\\/\\\/vitamines.com\\\/fr\\\/product\\\/herbolist-sommeil-femme\\\/#local-main-place-address\"},\"telephone\":[\"020 308 6875\"],\"contactPoint\":{\"@type\":\"ContactPoint\",\"email\":\"support@vitamines.com\"},\"openingHoursSpecification\":{\"@type\":\"OpeningHoursSpecification\",\"dayOfWeek\":[\"Monday\",\"Tuesday\",\"Wednesday\",\"Thursday\",\"Friday\",\"Saturday\",\"Sunday\"],\"opens\":\"00:00\",\"closes\":\"23:59\"},\"priceRange\":\"$$\",\"currenciesAccepted\":\"EUR\"},{\"@type\":\"PostalAddress\",\"@id\":\"https:\\\/\\\/vitamines.com\\\/fr\\\/product\\\/herbolist-sommeil-femme\\\/#local-main-place-address\",\"streetAddress\":\"Professor J.H. Bavincklaan 2\",\"addressLocality\":\"Amstelveen\",\"postalCode\":\"1183 AT\",\"addressRegion\":\"NH\",\"addressCountry\":\"NL\"},{\"@type\":\"ImageObject\",\"inLanguage\":\"fr-FR\",\"@id\":\"https:\\\/\\\/vitamines.com\\\/fr\\\/product\\\/herbolist-sommeil-femme\\\/#local-main-organization-logo\",\"url\":\"https:\\\/\\\/vitamines.com\\\/wp-content\\\/uploads\\\/2024\\\/10\\\/vitamines.svg\",\"contentUrl\":\"https:\\\/\\\/vitamines.com\\\/wp-content\\\/uploads\\\/2024\\\/10\\\/vitamines.svg\",\"width\":132,\"height\":24,\"caption\":\"Vitamines\"}]}<\/script>\n<meta property=\"product:brand\" content=\"Herbolist\" \/>\n<meta property=\"product:price:amount\" content=\"14.99\" \/>\n<meta property=\"product:price:currency\" content=\"EUR\" \/>\n<meta property=\"og:availability\" content=\"instock\" \/>\n<meta property=\"product:availability\" content=\"instock\" \/>\n<meta property=\"product:retailer_item_id\" content=\"Herbolist Slaap vrouw\" \/>\n<meta property=\"product:condition\" content=\"new\" \/>\n<meta name=\"geo.placename\" content=\"Amstelveen\" \/>\n<meta name=\"geo.region\" content=\"Pays-Bas\" \/>\n<!-- \/ Yoast SEO Premium plugin. -->","yoast_head_json":{"title":"Herbolist Sommeil femme | Vitamines","description":"Herbolist Sommeil femme kopen doe je voordelig in de shop van Vitamines. Vandaag besteld, morgen in huis. Une bonne nuit de sommeil est la base de l'\u00e9nergie, de la concentration et de l'\u00e9quilibre, mais dans une vie tr\u00e9pidante, c'est parfois plus facile \u00e0 dire qu'\u00e0 faire. Herbolist Sommeil est con\u00e7u pour les femmes qui souhaitent favoriser leur repos nocturne et se d\u00e9tendre naturellement avant de se coucher.  La formule associe la m\u00e9latonine et l'extrait de val\u00e9riane \u00e0 des vitamines et au GABA (acide gamma-aminobutyrique), une substance naturellement pr\u00e9sente dans l'organisme qui aide \u00e0 se d\u00e9tendre.  De plus, la vitamine B6 aide \u00e0 lutter contre la fatigue et les vitamines B1 et B6 contribuent \u00e0 l'\u00e9quilibre mental.  Comme pour tous les compl\u00e9ments Herbolist, la qualit\u00e9 est primordiale\u00a0: d\u00e9velopp\u00e9s et fabriqu\u00e9s aux Pays-Bas, rigoureusement test\u00e9s et totalement exempts d'additifs inutiles.  Herbolist Sommeil \u2013 ta douce conclusion de la journ\u00e9e, pour un d\u00e9but de journ\u00e9e repos\u00e9.","robots":{"index":"index","follow":"follow","max-snippet":"max-snippet:-1","max-image-preview":"max-image-preview:large","max-video-preview":"max-video-preview:-1"},"canonical":"https:\/\/vitamines.com\/fr\/product\/herbolist-sommeil-femme\/","og_locale":"fr_FR","og_type":"article","og_title":"Herbolist Sommeil femme | Vitamines","og_description":"Une bonne nuit de sommeil est la base de l'\u00e9nergie, de la concentration et de l'\u00e9quilibre, mais dans une vie tr\u00e9pidante, c'est parfois plus facile \u00e0 dire qu'\u00e0 faire. Herbolist Sommeil est con\u00e7u pour les femmes qui souhaitent favoriser leur repos nocturne et se d\u00e9tendre naturellement avant de se coucher.  La formule associe la m\u00e9latonine et l'extrait de val\u00e9riane \u00e0 des vitamines et au GABA (acide gamma-aminobutyrique), une substance naturellement pr\u00e9sente dans l'organisme qui aide \u00e0 se d\u00e9tendre.  De plus, la vitamine B6 aide \u00e0 lutter contre la fatigue et les vitamines B1 et B6 contribuent \u00e0 l'\u00e9quilibre mental.  Comme pour tous les compl\u00e9ments Herbolist, la qualit\u00e9 est primordiale\u00a0: d\u00e9velopp\u00e9s et fabriqu\u00e9s aux Pays-Bas, rigoureusement test\u00e9s et totalement exempts d'additifs inutiles.  Herbolist Sommeil \u2013 ta douce conclusion de la journ\u00e9e, pour un d\u00e9but de journ\u00e9e repos\u00e9.","og_url":"https:\/\/vitamines.com\/fr\/product\/herbolist-sommeil-femme\/","og_site_name":"Vitamines","article_publisher":"https:\/\/www.facebook.com\/vitaminescom\/","article_modified_time":"2026-02-26T10:28:43+00:00","og_image":[{"width":1080,"height":1080,"url":"https:\/\/vitamines.com\/wp-content\/uploads\/2025\/10\/Slap-Vrouw-111.png","type":"image\/png"}],"twitter_card":"summary_large_image","twitter_site":"@vitaminescom","twitter_misc":{"Prix":"&euro;14.99","Disponibilit\u00e9":"En stock"},"schema":{"@context":"https:\/\/schema.org","@graph":[{"@type":["WebPage","ItemPage"],"@id":"https:\/\/vitamines.com\/fr\/product\/herbolist-sommeil-femme\/","url":"https:\/\/vitamines.com\/fr\/product\/herbolist-sommeil-femme\/","name":"Herbolist Sommeil femme | Vitamines","isPartOf":{"@id":"https:\/\/vitamines.com\/fr\/#website"},"primaryImageOfPage":{"@id":"https:\/\/vitamines.com\/fr\/product\/herbolist-sommeil-femme\/#primaryimage"},"image":{"@id":"https:\/\/vitamines.com\/fr\/product\/herbolist-sommeil-femme\/#primaryimage"},"thumbnailUrl":"https:\/\/vitamines.com\/wp-content\/uploads\/2025\/10\/Slap-Vrouw-111.png","datePublished":"2025-10-29T11:25:22+00:00","dateModified":"2026-02-26T10:28:43+00:00","description":"Herbolist Sommeil femme kopen doe je voordelig in de shop van Vitamines. Vandaag besteld, morgen in huis. Une bonne nuit de sommeil est la base de l'\u00e9nergie, de la concentration et de l'\u00e9quilibre, mais dans une vie tr\u00e9pidante, c'est parfois plus facile \u00e0 dire qu'\u00e0 faire. Herbolist Sommeil est con\u00e7u pour les femmes qui souhaitent favoriser leur repos nocturne et se d\u00e9tendre naturellement avant de se coucher. La formule associe la m\u00e9latonine et l'extrait de val\u00e9riane \u00e0 des vitamines et au GABA (acide gamma-aminobutyrique), une substance naturellement pr\u00e9sente dans l'organisme qui aide \u00e0 se d\u00e9tendre. De plus, la vitamine B6 aide \u00e0 lutter contre la fatigue et les vitamines B1 et B6 contribuent \u00e0 l'\u00e9quilibre mental. Comme pour tous les compl\u00e9ments Herbolist, la qualit\u00e9 est primordiale\u00a0: d\u00e9velopp\u00e9s et fabriqu\u00e9s aux Pays-Bas, rigoureusement test\u00e9s et totalement exempts d'additifs inutiles. Herbolist Sommeil \u2013 ta douce conclusion de la journ\u00e9e, pour un d\u00e9but de journ\u00e9e repos\u00e9.","breadcrumb":{"@id":"https:\/\/vitamines.com\/fr\/product\/herbolist-sommeil-femme\/#breadcrumb"},"inLanguage":"fr-FR","potentialAction":[{"@type":"ReadAction","target":["https:\/\/vitamines.com\/fr\/product\/herbolist-sommeil-femme\/"]}]},{"@type":"ImageObject","inLanguage":"fr-FR","@id":"https:\/\/vitamines.com\/fr\/product\/herbolist-sommeil-femme\/#primaryimage","url":"https:\/\/vitamines.com\/wp-content\/uploads\/2025\/10\/Slap-Vrouw-111.png","contentUrl":"https:\/\/vitamines.com\/wp-content\/uploads\/2025\/10\/Slap-Vrouw-111.png","width":1080,"height":1080},{"@type":"BreadcrumbList","@id":"https:\/\/vitamines.com\/fr\/product\/herbolist-sommeil-femme\/#breadcrumb","itemListElement":[{"@type":"ListItem","position":1,"name":"Home","item":"https:\/\/vitamines.com\/fr\/"},{"@type":"ListItem","position":2,"name":"Herbolist Sommeil femme"}]},{"@type":"WebSite","@id":"https:\/\/vitamines.com\/fr\/#website","url":"https:\/\/vitamines.com\/fr\/","name":"Vitamines","description":"Alle kwalitatieve vitamines, mineralen en supplementen bij d\u00e9 vitamine experts van Belgi\u00eb en Nederland.","publisher":{"@id":"https:\/\/vitamines.com\/fr\/#organization"},"alternateName":"Vitamins","potentialAction":[{"@type":"SearchAction","target":{"@type":"EntryPoint","urlTemplate":"https:\/\/vitamines.com\/fr\/?s={search_term_string}"},"query-input":{"@type":"PropertyValueSpecification","valueRequired":true,"valueName":"search_term_string"}}],"inLanguage":"fr-FR"},{"@type":["Organization","Place","HealthAndBeautyBusiness"],"@id":"https:\/\/vitamines.com\/fr\/#organization","name":"Vitamines","alternateName":"Vitamins","url":"https:\/\/vitamines.com\/fr\/","logo":{"@id":"https:\/\/vitamines.com\/fr\/product\/herbolist-sommeil-femme\/#local-main-organization-logo"},"image":{"@id":"https:\/\/vitamines.com\/fr\/product\/herbolist-sommeil-femme\/#local-main-organization-logo"},"sameAs":["https:\/\/www.facebook.com\/vitaminescom\/","https:\/\/x.com\/vitaminescom","https:\/\/www.instagram.com\/vitaminescom\/","https:\/\/www.linkedin.com\/company\/vitaminescom\/","https:\/\/nl.pinterest.com\/vitaminescom\/","https:\/\/www.tiktok.com\/@vitamines.com","https:\/\/www.youtube.com\/@vitaminescom","https:\/\/nl.trustpilot.com\/review\/vitamines.com"],"description":"Vitamines koop je natuurlijk op Vitamines.com. Keus uit meer dan 10.000 vitaminen & supplementen, direct uit voorraad leverbaar. Denk hierbij aan vitamine A, vitamine B, vitamine C, vitamine D, calcium, chroom, ijzer, kalium of koper. Maar ook eiwitten (prote\u00efne), magnesium, mangaan, selenium, collageen poeder en multivitaminen zijn populaire voedingssupplementen die je kunt bestellen in de webshop van Vitamines.","legalName":"Vitamines.com B.V.","foundingDate":"1997-08-15","numberOfEmployees":{"@type":"QuantitativeValue","minValue":"11","maxValue":"50"},"address":{"@id":"https:\/\/vitamines.com\/fr\/product\/herbolist-sommeil-femme\/#local-main-place-address"},"telephone":["020 308 6875"],"contactPoint":{"@type":"ContactPoint","email":"support@vitamines.com"},"openingHoursSpecification":{"@type":"OpeningHoursSpecification","dayOfWeek":["Monday","Tuesday","Wednesday","Thursday","Friday","Saturday","Sunday"],"opens":"00:00","closes":"23:59"},"priceRange":"$$","currenciesAccepted":"EUR"},{"@type":"PostalAddress","@id":"https:\/\/vitamines.com\/fr\/product\/herbolist-sommeil-femme\/#local-main-place-address","streetAddress":"Professor J.H. Bavincklaan 2","addressLocality":"Amstelveen","postalCode":"1183 AT","addressRegion":"NH","addressCountry":"NL"},{"@type":"ImageObject","inLanguage":"fr-FR","@id":"https:\/\/vitamines.com\/fr\/product\/herbolist-sommeil-femme\/#local-main-organization-logo","url":"https:\/\/vitamines.com\/wp-content\/uploads\/2024\/10\/vitamines.svg","contentUrl":"https:\/\/vitamines.com\/wp-content\/uploads\/2024\/10\/vitamines.svg","width":132,"height":24,"caption":"Vitamines"}]},"product_brand":"Herbolist","product_price_amount":"14.99","product_price_currency":"EUR","og_availability":"instock","product_availability":"instock","product_retailer_item_id":"Herbolist Slaap vrouw","product_condition":"new","geo.placename":"Amstelveen","geo.region":"Pays-Bas"},"_links":{"self":[{"href":"https:\/\/vitamines.com\/fr\/wp-json\/wp\/v2\/product\/1552655","targetHints":{"allow":["GET"]}}],"collection":[{"href":"https:\/\/vitamines.com\/fr\/wp-json\/wp\/v2\/product"}],"about":[{"href":"https:\/\/vitamines.com\/fr\/wp-json\/wp\/v2\/types\/product"}],"replies":[{"embeddable":true,"href":"https:\/\/vitamines.com\/fr\/wp-json\/wp\/v2\/comments?post=1552655"}],"wp:featuredmedia":[{"embeddable":true,"href":"https:\/\/vitamines.com\/fr\/wp-json\/wp\/v2\/media\/1556934"}],"wp:attachment":[{"href":"https:\/\/vitamines.com\/fr\/wp-json\/wp\/v2\/media?parent=1552655"}],"wp:term":[{"taxonomy":"product_brand","embeddable":true,"href":"https:\/\/vitamines.com\/fr\/wp-json\/wp\/v2\/product_brand?post=1552655"},{"taxonomy":"product_cat","embeddable":true,"href":"https:\/\/vitamines.com\/fr\/wp-json\/wp\/v2\/product_cat?post=1552655"},{"taxonomy":"product_tag","embeddable":true,"href":"https:\/\/vitamines.com\/fr\/wp-json\/wp\/v2\/product_tag?post=1552655"},{"taxonomy":"merken","embeddable":true,"href":"https:\/\/vitamines.com\/fr\/wp-json\/wp\/v2\/merken?post=1552655"},{"taxonomy":"producttype","embeddable":true,"href":"https:\/\/vitamines.com\/fr\/wp-json\/wp\/v2\/producttype?post=1552655"},{"taxonomy":"aanbieding","embeddable":true,"href":"https:\/\/vitamines.com\/fr\/wp-json\/wp\/v2\/aanbieding?post=1552655"}],"curies":[{"name":"wp","href":"https:\/\/api.w.org\/{rel}","templated":true}]}}