{"id":1552816,"date":"2025-08-11T14:55:20","date_gmt":"2025-08-11T12:55:20","guid":{"rendered":"https:\/\/vitamines.com\/product\/herbolist-peau-cheveux-femme\/"},"modified":"2025-08-11T14:55:20","modified_gmt":"2025-08-11T12:55:20","slug":"herbolist-peau-cheveux-femme","status":"publish","type":"product","link":"https:\/\/vitamines.com\/fr\/product\/herbolist-peau-cheveux-femme\/","title":{"rendered":"Herbolist Peau &amp; Cheveux femme"},"content":{"rendered":"<p>Notre <strong>Peau &amp; Cheveux<\/strong> est sp\u00e9cialement con\u00e7u pour soutenir ta beaut\u00e9 naturelle de l&#8217;int\u00e9rieur<\/p>\n<p>Chez Herbolist, nous c\u00e9l\u00e9brons la sant\u00e9 des femmes. Nous pensons que la vraie beaut\u00e9 commence de l&#8217;int\u00e9rieur. C&#8217;est pourquoi nous avons d\u00e9velopp\u00e9 <strong>Peau &amp; Cheveux<\/strong>&nbsp;: un compl\u00e9ment puissant contenant de la biotine, de la vitamine&nbsp;C et des vitamines&nbsp;B, sp\u00e9cialement con\u00e7u pour les femmes qui souhaitent investir dans des cheveux sains et une peau \u00e9clatante.  <\/p>\n<p>Nos comprim\u00e9s <strong>Peau &amp; Cheveux<\/strong> contiennent une formule puissante et efficace. Ces petits comprim\u00e9s faciles \u00e0 avaler sont parfaits pour un usage quotidien et sont pr\u00e9sent\u00e9s dans un emballage \u00e9l\u00e9gant et durable, qui est rechargeable. <\/p>\n<p><strong>C\u00e9l\u00e9brez la sant\u00e9 des femmes. Herbolist. <\/strong><\/p>\n","protected":false},"excerpt":{"rendered":"<p>Notre <strong>Peau &amp; Cheveux<\/strong> est sp\u00e9cialement con\u00e7u pour soutenir ta beaut\u00e9 naturelle de l&#8217;int\u00e9rieur<\/p>\n<p>Chez Herbolist, nous c\u00e9l\u00e9brons la sant\u00e9 des femmes. Nous pensons que la vraie beaut\u00e9 commence de l&#8217;int\u00e9rieur. C&#8217;est pourquoi nous avons d\u00e9velopp\u00e9 <strong>Peau &amp; Cheveux<\/strong>&nbsp;: un compl\u00e9ment puissant contenant de la biotine, de la vitamine&nbsp;C et des vitamines&nbsp;B, sp\u00e9cialement con\u00e7u pour les femmes qui souhaitent investir dans des cheveux sains et une peau \u00e9clatante.  <\/p>\n<p>Nos comprim\u00e9s <strong>Peau &amp; Cheveux<\/strong> contiennent une formule puissante et efficace. Ces petits comprim\u00e9s faciles \u00e0 avaler sont parfaits pour un usage quotidien et sont pr\u00e9sent\u00e9s dans un emballage \u00e9l\u00e9gant et durable, qui est rechargeable. <\/p>\n<p><strong>C\u00e9l\u00e9brez la sant\u00e9 des femmes. Herbolist. <\/strong><\/p>\n","protected":false},"featured_media":1556914,"comment_status":"open","ping_status":"closed","template":"","meta":{"_acf_changed":false,"inline_featured_image":false},"product_brand":[],"product_cat":[2320,2233,2234,2341,2472,2470,2492,2493,2494,2471,2344,2236],"product_tag":[],"merken":[349],"producttype":[342],"aanbieding":[],"class_list":{"0":"post-1552816","1":"product","2":"type-product","3":"status-publish","4":"has-post-thumbnail","6":"product_cat-acide-folique","7":"product_cat-meilleures-ventes","8":"product_cat-offres","9":"product_cat-vitamine-b","10":"product_cat-vitamine-b1","11":"product_cat-vitamine-b12","12":"product_cat-vitamine-b2","13":"product_cat-vitamine-b3","14":"product_cat-vitamine-b5","15":"product_cat-vitamine-b6","16":"product_cat-vitamine-c","17":"product_cat-vitamines-et-complements","18":"merken-herbolist","19":"producttype-tablet","21":"first","22":"instock","23":"sale","24":"taxable","25":"shipping-taxable","26":"purchasable","27":"product-type-simple"},"bundled_by":[],"bundle_stock_status":"instock","bundle_stock_quantity":null,"bundle_virtual":false,"bundle_layout":"","bundle_add_to_cart_form_location":"","bundle_editable_in_cart":false,"bundle_sold_individually_context":"","bundle_item_grouping":"","bundle_min_size":"","bundle_max_size":"","bundle_price":[],"bundled_items":[],"bundle_sell_ids":[],"group_of_quantity":0,"min_quantity":0,"max_quantity":"","exclude_order_quantity_value_rules":"no","exclude_category_quantity_rules":"no","combine_variations":"no","acf":[],"yoast_head":"<!-- This site is optimized with the Yoast SEO Premium plugin v27.3 (Yoast SEO v27.3) - https:\/\/yoast.com\/product\/yoast-seo-premium-wordpress\/ -->\n<title>Herbolist Peau &amp; Cheveux femme | Vitamines<\/title>\n<meta name=\"description\" content=\"Herbolist Peau &amp; Cheveux femme kopen doe je voordelig in de shop van Vitamines. Vandaag besteld, morgen in huis. Notre Peau &amp; Cheveux est sp\u00e9cialement con\u00e7u pour soutenir ta beaut\u00e9 naturelle de l&#039;int\u00e9rieur Chez Herbolist, nous c\u00e9l\u00e9brons la sant\u00e9 des femmes. Nous pensons que la vraie beaut\u00e9 commence de l&#039;int\u00e9rieur. C&#039;est pourquoi nous avons d\u00e9velopp\u00e9 Peau &amp; Cheveux&nbsp;: un compl\u00e9ment puissant contenant de la biotine, de la vitamine&nbsp;C et des vitamines&nbsp;B, sp\u00e9cialement con\u00e7u pour les femmes qui souhaitent investir dans des cheveux sains et une peau \u00e9clatante.  Nos comprim\u00e9s Peau &amp; Cheveux contiennent une formule puissante et efficace. Ces petits comprim\u00e9s faciles \u00e0 avaler sont parfaits pour un usage quotidien et sont pr\u00e9sent\u00e9s dans un emballage \u00e9l\u00e9gant et durable, qui est rechargeable.  C\u00e9l\u00e9brez la sant\u00e9 des femmes. Herbolist.\" \/>\n<meta name=\"robots\" content=\"index, follow, max-snippet:-1, max-image-preview:large, max-video-preview:-1\" \/>\n<link rel=\"canonical\" href=\"https:\/\/vitamines.com\/fr\/product\/herbolist-peau-cheveux-femme\/\" \/>\n<meta property=\"og:locale\" content=\"fr_FR\" \/>\n<meta property=\"og:type\" content=\"article\" \/>\n<meta property=\"og:title\" content=\"Herbolist Peau &amp; Cheveux femme | Vitamines\" \/>\n<meta property=\"og:description\" content=\"Notre Peau &amp; Cheveux est sp\u00e9cialement con\u00e7u pour soutenir ta beaut\u00e9 naturelle de l&#039;int\u00e9rieur Chez Herbolist, nous c\u00e9l\u00e9brons la sant\u00e9 des femmes. Nous pensons que la vraie beaut\u00e9 commence de l&#039;int\u00e9rieur. C&#039;est pourquoi nous avons d\u00e9velopp\u00e9 Peau &amp; Cheveux&nbsp;: un compl\u00e9ment puissant contenant de la biotine, de la vitamine&nbsp;C et des vitamines&nbsp;B, sp\u00e9cialement con\u00e7u pour les femmes qui souhaitent investir dans des cheveux sains et une peau \u00e9clatante.  Nos comprim\u00e9s Peau &amp; Cheveux contiennent une formule puissante et efficace. Ces petits comprim\u00e9s faciles \u00e0 avaler sont parfaits pour un usage quotidien et sont pr\u00e9sent\u00e9s dans un emballage \u00e9l\u00e9gant et durable, qui est rechargeable.  C\u00e9l\u00e9brez la sant\u00e9 des femmes. Herbolist.\" \/>\n<meta property=\"og:url\" content=\"https:\/\/vitamines.com\/fr\/product\/herbolist-peau-cheveux-femme\/\" \/>\n<meta property=\"og:site_name\" content=\"Vitamines\" \/>\n<meta property=\"article:publisher\" content=\"https:\/\/www.facebook.com\/vitaminescom\/\" \/>\n<meta property=\"og:image\" content=\"https:\/\/vitamines.com\/wp-content\/uploads\/2025\/08\/Huid-Haar-Vrouw-111.png\" \/>\n\t<meta property=\"og:image:width\" content=\"1080\" \/>\n\t<meta property=\"og:image:height\" content=\"1080\" \/>\n\t<meta property=\"og:image:type\" content=\"image\/png\" \/>\n<meta name=\"twitter:card\" content=\"summary_large_image\" \/>\n<meta name=\"twitter:site\" content=\"@vitaminescom\" \/>\n<meta name=\"twitter:label1\" content=\"Prix\" \/>\n\t<meta name=\"twitter:data1\" content=\"&euro;19.99\" \/>\n\t<meta name=\"twitter:label2\" content=\"Disponibilit\u00e9\" \/>\n\t<meta name=\"twitter:data2\" content=\"En stock\" \/>\n<script type=\"application\/ld+json\" class=\"yoast-schema-graph\">{\"@context\":\"https:\\\/\\\/schema.org\",\"@graph\":[{\"@type\":[\"WebPage\",\"ItemPage\"],\"@id\":\"https:\\\/\\\/vitamines.com\\\/fr\\\/product\\\/herbolist-peau-cheveux-femme\\\/\",\"url\":\"https:\\\/\\\/vitamines.com\\\/fr\\\/product\\\/herbolist-peau-cheveux-femme\\\/\",\"name\":\"Herbolist Peau &amp; Cheveux femme | Vitamines\",\"isPartOf\":{\"@id\":\"https:\\\/\\\/vitamines.com\\\/fr\\\/#website\"},\"primaryImageOfPage\":{\"@id\":\"https:\\\/\\\/vitamines.com\\\/fr\\\/product\\\/herbolist-peau-cheveux-femme\\\/#primaryimage\"},\"image\":{\"@id\":\"https:\\\/\\\/vitamines.com\\\/fr\\\/product\\\/herbolist-peau-cheveux-femme\\\/#primaryimage\"},\"thumbnailUrl\":\"https:\\\/\\\/vitamines.com\\\/wp-content\\\/uploads\\\/2025\\\/08\\\/Huid-Haar-Vrouw-111.png\",\"datePublished\":\"2025-08-11T12:55:20+00:00\",\"description\":\"Herbolist Peau &amp; Cheveux femme kopen doe je voordelig in de shop van Vitamines. Vandaag besteld, morgen in huis. Notre Peau &amp; Cheveux est sp\u00e9cialement con\u00e7u pour soutenir ta beaut\u00e9 naturelle de l'int\u00e9rieur Chez Herbolist, nous c\u00e9l\u00e9brons la sant\u00e9 des femmes. Nous pensons que la vraie beaut\u00e9 commence de l'int\u00e9rieur. C'est pourquoi nous avons d\u00e9velopp\u00e9 Peau &amp; Cheveux&nbsp;: un compl\u00e9ment puissant contenant de la biotine, de la vitamine&nbsp;C et des vitamines&nbsp;B, sp\u00e9cialement con\u00e7u pour les femmes qui souhaitent investir dans des cheveux sains et une peau \u00e9clatante. Nos comprim\u00e9s Peau &amp; Cheveux contiennent une formule puissante et efficace. Ces petits comprim\u00e9s faciles \u00e0 avaler sont parfaits pour un usage quotidien et sont pr\u00e9sent\u00e9s dans un emballage \u00e9l\u00e9gant et durable, qui est rechargeable. C\u00e9l\u00e9brez la sant\u00e9 des femmes. Herbolist.\",\"breadcrumb\":{\"@id\":\"https:\\\/\\\/vitamines.com\\\/fr\\\/product\\\/herbolist-peau-cheveux-femme\\\/#breadcrumb\"},\"inLanguage\":\"fr-FR\",\"potentialAction\":[{\"@type\":\"ReadAction\",\"target\":[\"https:\\\/\\\/vitamines.com\\\/fr\\\/product\\\/herbolist-peau-cheveux-femme\\\/\"]}]},{\"@type\":\"ImageObject\",\"inLanguage\":\"fr-FR\",\"@id\":\"https:\\\/\\\/vitamines.com\\\/fr\\\/product\\\/herbolist-peau-cheveux-femme\\\/#primaryimage\",\"url\":\"https:\\\/\\\/vitamines.com\\\/wp-content\\\/uploads\\\/2025\\\/08\\\/Huid-Haar-Vrouw-111.png\",\"contentUrl\":\"https:\\\/\\\/vitamines.com\\\/wp-content\\\/uploads\\\/2025\\\/08\\\/Huid-Haar-Vrouw-111.png\",\"width\":1080,\"height\":1080},{\"@type\":\"BreadcrumbList\",\"@id\":\"https:\\\/\\\/vitamines.com\\\/fr\\\/product\\\/herbolist-peau-cheveux-femme\\\/#breadcrumb\",\"itemListElement\":[{\"@type\":\"ListItem\",\"position\":1,\"name\":\"Home\",\"item\":\"https:\\\/\\\/vitamines.com\\\/fr\\\/\"},{\"@type\":\"ListItem\",\"position\":2,\"name\":\"Boutique\",\"item\":\"https:\\\/\\\/vitamines.com\\\/boutique\\\/\"},{\"@type\":\"ListItem\",\"position\":3,\"name\":\"Meilleures ventes\",\"item\":\"https:\\\/\\\/vitamines.com\\\/fr\\\/meilleures-ventes\\\/\"},{\"@type\":\"ListItem\",\"position\":4,\"name\":\"Herbolist Peau &amp; Cheveux femme\"}]},{\"@type\":\"WebSite\",\"@id\":\"https:\\\/\\\/vitamines.com\\\/fr\\\/#website\",\"url\":\"https:\\\/\\\/vitamines.com\\\/fr\\\/\",\"name\":\"Vitamines\",\"description\":\"Alle kwalitatieve vitamines, mineralen en supplementen bij d\u00e9 vitamine experts van Belgi\u00eb en Nederland.\",\"publisher\":{\"@id\":\"https:\\\/\\\/vitamines.com\\\/fr\\\/#organization\"},\"alternateName\":\"Vitamins\",\"potentialAction\":[{\"@type\":\"SearchAction\",\"target\":{\"@type\":\"EntryPoint\",\"urlTemplate\":\"https:\\\/\\\/vitamines.com\\\/fr\\\/?s={search_term_string}\"},\"query-input\":{\"@type\":\"PropertyValueSpecification\",\"valueRequired\":true,\"valueName\":\"search_term_string\"}}],\"inLanguage\":\"fr-FR\"},{\"@type\":[\"Organization\",\"Place\",\"HealthAndBeautyBusiness\"],\"@id\":\"https:\\\/\\\/vitamines.com\\\/fr\\\/#organization\",\"name\":\"Vitamines\",\"alternateName\":\"Vitamins\",\"url\":\"https:\\\/\\\/vitamines.com\\\/fr\\\/\",\"logo\":{\"@id\":\"https:\\\/\\\/vitamines.com\\\/fr\\\/product\\\/herbolist-peau-cheveux-femme\\\/#local-main-organization-logo\"},\"image\":{\"@id\":\"https:\\\/\\\/vitamines.com\\\/fr\\\/product\\\/herbolist-peau-cheveux-femme\\\/#local-main-organization-logo\"},\"sameAs\":[\"https:\\\/\\\/www.facebook.com\\\/vitaminescom\\\/\",\"https:\\\/\\\/x.com\\\/vitaminescom\",\"https:\\\/\\\/www.instagram.com\\\/vitaminescom\\\/\",\"https:\\\/\\\/www.linkedin.com\\\/company\\\/vitaminescom\\\/\",\"https:\\\/\\\/nl.pinterest.com\\\/vitaminescom\\\/\",\"https:\\\/\\\/www.tiktok.com\\\/@vitamines.com\",\"https:\\\/\\\/www.youtube.com\\\/@vitaminescom\",\"https:\\\/\\\/nl.trustpilot.com\\\/review\\\/vitamines.com\"],\"description\":\"Vitamines koop je natuurlijk op Vitamines.com. Keus uit meer dan 10.000 vitaminen & supplementen, direct uit voorraad leverbaar. Denk hierbij aan vitamine A, vitamine B, vitamine C, vitamine D, calcium, chroom, ijzer, kalium of koper. Maar ook eiwitten (prote\u00efne), magnesium, mangaan, selenium, collageen poeder en multivitaminen zijn populaire voedingssupplementen die je kunt bestellen in de webshop van Vitamines.\",\"legalName\":\"Vitamines.com B.V.\",\"foundingDate\":\"1997-08-15\",\"numberOfEmployees\":{\"@type\":\"QuantitativeValue\",\"minValue\":\"11\",\"maxValue\":\"50\"},\"address\":{\"@id\":\"https:\\\/\\\/vitamines.com\\\/fr\\\/product\\\/herbolist-peau-cheveux-femme\\\/#local-main-place-address\"},\"telephone\":[\"020 308 6875\"],\"contactPoint\":{\"@type\":\"ContactPoint\",\"email\":\"support@vitamines.com\"},\"openingHoursSpecification\":{\"@type\":\"OpeningHoursSpecification\",\"dayOfWeek\":[\"Monday\",\"Tuesday\",\"Wednesday\",\"Thursday\",\"Friday\",\"Saturday\",\"Sunday\"],\"opens\":\"00:00\",\"closes\":\"23:59\"},\"priceRange\":\"$$\",\"currenciesAccepted\":\"EUR\"},{\"@type\":\"PostalAddress\",\"@id\":\"https:\\\/\\\/vitamines.com\\\/fr\\\/product\\\/herbolist-peau-cheveux-femme\\\/#local-main-place-address\",\"streetAddress\":\"Professor J.H. Bavincklaan 2\",\"addressLocality\":\"Amstelveen\",\"postalCode\":\"1183 AT\",\"addressRegion\":\"NH\",\"addressCountry\":\"NL\"},{\"@type\":\"ImageObject\",\"inLanguage\":\"fr-FR\",\"@id\":\"https:\\\/\\\/vitamines.com\\\/fr\\\/product\\\/herbolist-peau-cheveux-femme\\\/#local-main-organization-logo\",\"url\":\"https:\\\/\\\/vitamines.com\\\/wp-content\\\/uploads\\\/2024\\\/10\\\/vitamines.svg\",\"contentUrl\":\"https:\\\/\\\/vitamines.com\\\/wp-content\\\/uploads\\\/2024\\\/10\\\/vitamines.svg\",\"width\":132,\"height\":24,\"caption\":\"Vitamines\"}]}<\/script>\n<meta property=\"product:brand\" content=\"Herbolist\" \/>\n<meta property=\"product:price:amount\" content=\"19.99\" \/>\n<meta property=\"product:price:currency\" content=\"EUR\" \/>\n<meta property=\"og:availability\" content=\"instock\" \/>\n<meta property=\"product:availability\" content=\"instock\" \/>\n<meta property=\"product:retailer_item_id\" content=\"Herbolist Huid &amp; Haar vrouw\" \/>\n<meta property=\"product:condition\" content=\"new\" \/>\n<meta name=\"geo.placename\" content=\"Amstelveen\" \/>\n<meta name=\"geo.region\" content=\"Pays-Bas\" \/>\n<!-- \/ Yoast SEO Premium plugin. -->","yoast_head_json":{"title":"Herbolist Peau &amp; Cheveux femme | Vitamines","description":"Herbolist Peau &amp; Cheveux femme kopen doe je voordelig in de shop van Vitamines. Vandaag besteld, morgen in huis. Notre Peau &amp; Cheveux est sp\u00e9cialement con\u00e7u pour soutenir ta beaut\u00e9 naturelle de l'int\u00e9rieur Chez Herbolist, nous c\u00e9l\u00e9brons la sant\u00e9 des femmes. Nous pensons que la vraie beaut\u00e9 commence de l'int\u00e9rieur. C'est pourquoi nous avons d\u00e9velopp\u00e9 Peau &amp; Cheveux&nbsp;: un compl\u00e9ment puissant contenant de la biotine, de la vitamine&nbsp;C et des vitamines&nbsp;B, sp\u00e9cialement con\u00e7u pour les femmes qui souhaitent investir dans des cheveux sains et une peau \u00e9clatante.  Nos comprim\u00e9s Peau &amp; Cheveux contiennent une formule puissante et efficace. Ces petits comprim\u00e9s faciles \u00e0 avaler sont parfaits pour un usage quotidien et sont pr\u00e9sent\u00e9s dans un emballage \u00e9l\u00e9gant et durable, qui est rechargeable.  C\u00e9l\u00e9brez la sant\u00e9 des femmes. Herbolist.","robots":{"index":"index","follow":"follow","max-snippet":"max-snippet:-1","max-image-preview":"max-image-preview:large","max-video-preview":"max-video-preview:-1"},"canonical":"https:\/\/vitamines.com\/fr\/product\/herbolist-peau-cheveux-femme\/","og_locale":"fr_FR","og_type":"article","og_title":"Herbolist Peau &amp; Cheveux femme | Vitamines","og_description":"Notre Peau &amp; Cheveux est sp\u00e9cialement con\u00e7u pour soutenir ta beaut\u00e9 naturelle de l'int\u00e9rieur Chez Herbolist, nous c\u00e9l\u00e9brons la sant\u00e9 des femmes. Nous pensons que la vraie beaut\u00e9 commence de l'int\u00e9rieur. C'est pourquoi nous avons d\u00e9velopp\u00e9 Peau &amp; Cheveux&nbsp;: un compl\u00e9ment puissant contenant de la biotine, de la vitamine&nbsp;C et des vitamines&nbsp;B, sp\u00e9cialement con\u00e7u pour les femmes qui souhaitent investir dans des cheveux sains et une peau \u00e9clatante.  Nos comprim\u00e9s Peau &amp; Cheveux contiennent une formule puissante et efficace. Ces petits comprim\u00e9s faciles \u00e0 avaler sont parfaits pour un usage quotidien et sont pr\u00e9sent\u00e9s dans un emballage \u00e9l\u00e9gant et durable, qui est rechargeable.  C\u00e9l\u00e9brez la sant\u00e9 des femmes. Herbolist.","og_url":"https:\/\/vitamines.com\/fr\/product\/herbolist-peau-cheveux-femme\/","og_site_name":"Vitamines","article_publisher":"https:\/\/www.facebook.com\/vitaminescom\/","og_image":[{"width":1080,"height":1080,"url":"https:\/\/vitamines.com\/wp-content\/uploads\/2025\/08\/Huid-Haar-Vrouw-111.png","type":"image\/png"}],"twitter_card":"summary_large_image","twitter_site":"@vitaminescom","twitter_misc":{"Prix":"&euro;19.99","Disponibilit\u00e9":"En stock"},"schema":{"@context":"https:\/\/schema.org","@graph":[{"@type":["WebPage","ItemPage"],"@id":"https:\/\/vitamines.com\/fr\/product\/herbolist-peau-cheveux-femme\/","url":"https:\/\/vitamines.com\/fr\/product\/herbolist-peau-cheveux-femme\/","name":"Herbolist Peau &amp; Cheveux femme | Vitamines","isPartOf":{"@id":"https:\/\/vitamines.com\/fr\/#website"},"primaryImageOfPage":{"@id":"https:\/\/vitamines.com\/fr\/product\/herbolist-peau-cheveux-femme\/#primaryimage"},"image":{"@id":"https:\/\/vitamines.com\/fr\/product\/herbolist-peau-cheveux-femme\/#primaryimage"},"thumbnailUrl":"https:\/\/vitamines.com\/wp-content\/uploads\/2025\/08\/Huid-Haar-Vrouw-111.png","datePublished":"2025-08-11T12:55:20+00:00","description":"Herbolist Peau &amp; Cheveux femme kopen doe je voordelig in de shop van Vitamines. Vandaag besteld, morgen in huis. Notre Peau &amp; Cheveux est sp\u00e9cialement con\u00e7u pour soutenir ta beaut\u00e9 naturelle de l'int\u00e9rieur Chez Herbolist, nous c\u00e9l\u00e9brons la sant\u00e9 des femmes. Nous pensons que la vraie beaut\u00e9 commence de l'int\u00e9rieur. C'est pourquoi nous avons d\u00e9velopp\u00e9 Peau &amp; Cheveux&nbsp;: un compl\u00e9ment puissant contenant de la biotine, de la vitamine&nbsp;C et des vitamines&nbsp;B, sp\u00e9cialement con\u00e7u pour les femmes qui souhaitent investir dans des cheveux sains et une peau \u00e9clatante. Nos comprim\u00e9s Peau &amp; Cheveux contiennent une formule puissante et efficace. Ces petits comprim\u00e9s faciles \u00e0 avaler sont parfaits pour un usage quotidien et sont pr\u00e9sent\u00e9s dans un emballage \u00e9l\u00e9gant et durable, qui est rechargeable. C\u00e9l\u00e9brez la sant\u00e9 des femmes. Herbolist.","breadcrumb":{"@id":"https:\/\/vitamines.com\/fr\/product\/herbolist-peau-cheveux-femme\/#breadcrumb"},"inLanguage":"fr-FR","potentialAction":[{"@type":"ReadAction","target":["https:\/\/vitamines.com\/fr\/product\/herbolist-peau-cheveux-femme\/"]}]},{"@type":"ImageObject","inLanguage":"fr-FR","@id":"https:\/\/vitamines.com\/fr\/product\/herbolist-peau-cheveux-femme\/#primaryimage","url":"https:\/\/vitamines.com\/wp-content\/uploads\/2025\/08\/Huid-Haar-Vrouw-111.png","contentUrl":"https:\/\/vitamines.com\/wp-content\/uploads\/2025\/08\/Huid-Haar-Vrouw-111.png","width":1080,"height":1080},{"@type":"BreadcrumbList","@id":"https:\/\/vitamines.com\/fr\/product\/herbolist-peau-cheveux-femme\/#breadcrumb","itemListElement":[{"@type":"ListItem","position":1,"name":"Home","item":"https:\/\/vitamines.com\/fr\/"},{"@type":"ListItem","position":2,"name":"Boutique","item":"https:\/\/vitamines.com\/boutique\/"},{"@type":"ListItem","position":3,"name":"Meilleures ventes","item":"https:\/\/vitamines.com\/fr\/meilleures-ventes\/"},{"@type":"ListItem","position":4,"name":"Herbolist Peau &amp; Cheveux femme"}]},{"@type":"WebSite","@id":"https:\/\/vitamines.com\/fr\/#website","url":"https:\/\/vitamines.com\/fr\/","name":"Vitamines","description":"Alle kwalitatieve vitamines, mineralen en supplementen bij d\u00e9 vitamine experts van Belgi\u00eb en Nederland.","publisher":{"@id":"https:\/\/vitamines.com\/fr\/#organization"},"alternateName":"Vitamins","potentialAction":[{"@type":"SearchAction","target":{"@type":"EntryPoint","urlTemplate":"https:\/\/vitamines.com\/fr\/?s={search_term_string}"},"query-input":{"@type":"PropertyValueSpecification","valueRequired":true,"valueName":"search_term_string"}}],"inLanguage":"fr-FR"},{"@type":["Organization","Place","HealthAndBeautyBusiness"],"@id":"https:\/\/vitamines.com\/fr\/#organization","name":"Vitamines","alternateName":"Vitamins","url":"https:\/\/vitamines.com\/fr\/","logo":{"@id":"https:\/\/vitamines.com\/fr\/product\/herbolist-peau-cheveux-femme\/#local-main-organization-logo"},"image":{"@id":"https:\/\/vitamines.com\/fr\/product\/herbolist-peau-cheveux-femme\/#local-main-organization-logo"},"sameAs":["https:\/\/www.facebook.com\/vitaminescom\/","https:\/\/x.com\/vitaminescom","https:\/\/www.instagram.com\/vitaminescom\/","https:\/\/www.linkedin.com\/company\/vitaminescom\/","https:\/\/nl.pinterest.com\/vitaminescom\/","https:\/\/www.tiktok.com\/@vitamines.com","https:\/\/www.youtube.com\/@vitaminescom","https:\/\/nl.trustpilot.com\/review\/vitamines.com"],"description":"Vitamines koop je natuurlijk op Vitamines.com. Keus uit meer dan 10.000 vitaminen & supplementen, direct uit voorraad leverbaar. Denk hierbij aan vitamine A, vitamine B, vitamine C, vitamine D, calcium, chroom, ijzer, kalium of koper. Maar ook eiwitten (prote\u00efne), magnesium, mangaan, selenium, collageen poeder en multivitaminen zijn populaire voedingssupplementen die je kunt bestellen in de webshop van Vitamines.","legalName":"Vitamines.com B.V.","foundingDate":"1997-08-15","numberOfEmployees":{"@type":"QuantitativeValue","minValue":"11","maxValue":"50"},"address":{"@id":"https:\/\/vitamines.com\/fr\/product\/herbolist-peau-cheveux-femme\/#local-main-place-address"},"telephone":["020 308 6875"],"contactPoint":{"@type":"ContactPoint","email":"support@vitamines.com"},"openingHoursSpecification":{"@type":"OpeningHoursSpecification","dayOfWeek":["Monday","Tuesday","Wednesday","Thursday","Friday","Saturday","Sunday"],"opens":"00:00","closes":"23:59"},"priceRange":"$$","currenciesAccepted":"EUR"},{"@type":"PostalAddress","@id":"https:\/\/vitamines.com\/fr\/product\/herbolist-peau-cheveux-femme\/#local-main-place-address","streetAddress":"Professor J.H. Bavincklaan 2","addressLocality":"Amstelveen","postalCode":"1183 AT","addressRegion":"NH","addressCountry":"NL"},{"@type":"ImageObject","inLanguage":"fr-FR","@id":"https:\/\/vitamines.com\/fr\/product\/herbolist-peau-cheveux-femme\/#local-main-organization-logo","url":"https:\/\/vitamines.com\/wp-content\/uploads\/2024\/10\/vitamines.svg","contentUrl":"https:\/\/vitamines.com\/wp-content\/uploads\/2024\/10\/vitamines.svg","width":132,"height":24,"caption":"Vitamines"}]},"product_brand":"Herbolist","product_price_amount":"19.99","product_price_currency":"EUR","og_availability":"instock","product_availability":"instock","product_retailer_item_id":"Herbolist Huid & Haar vrouw","product_condition":"new","geo.placename":"Amstelveen","geo.region":"Pays-Bas"},"_links":{"self":[{"href":"https:\/\/vitamines.com\/fr\/wp-json\/wp\/v2\/product\/1552816","targetHints":{"allow":["GET"]}}],"collection":[{"href":"https:\/\/vitamines.com\/fr\/wp-json\/wp\/v2\/product"}],"about":[{"href":"https:\/\/vitamines.com\/fr\/wp-json\/wp\/v2\/types\/product"}],"replies":[{"embeddable":true,"href":"https:\/\/vitamines.com\/fr\/wp-json\/wp\/v2\/comments?post=1552816"}],"wp:featuredmedia":[{"embeddable":true,"href":"https:\/\/vitamines.com\/fr\/wp-json\/wp\/v2\/media\/1556914"}],"wp:attachment":[{"href":"https:\/\/vitamines.com\/fr\/wp-json\/wp\/v2\/media?parent=1552816"}],"wp:term":[{"taxonomy":"product_brand","embeddable":true,"href":"https:\/\/vitamines.com\/fr\/wp-json\/wp\/v2\/product_brand?post=1552816"},{"taxonomy":"product_cat","embeddable":true,"href":"https:\/\/vitamines.com\/fr\/wp-json\/wp\/v2\/product_cat?post=1552816"},{"taxonomy":"product_tag","embeddable":true,"href":"https:\/\/vitamines.com\/fr\/wp-json\/wp\/v2\/product_tag?post=1552816"},{"taxonomy":"merken","embeddable":true,"href":"https:\/\/vitamines.com\/fr\/wp-json\/wp\/v2\/merken?post=1552816"},{"taxonomy":"producttype","embeddable":true,"href":"https:\/\/vitamines.com\/fr\/wp-json\/wp\/v2\/producttype?post=1552816"},{"taxonomy":"aanbieding","embeddable":true,"href":"https:\/\/vitamines.com\/fr\/wp-json\/wp\/v2\/aanbieding?post=1552816"}],"curies":[{"name":"wp","href":"https:\/\/api.w.org\/{rel}","templated":true}]}}