{"id":1553027,"date":"2025-10-29T12:04:01","date_gmt":"2025-10-29T11:04:01","guid":{"rendered":"https:\/\/vitamines.com\/product\/herbolist-acide-folique-femme\/"},"modified":"2025-10-29T12:04:01","modified_gmt":"2025-10-29T11:04:01","slug":"herbolist-acide-folique-femme","status":"publish","type":"product","link":"https:\/\/vitamines.com\/fr\/product\/herbolist-acide-folique-femme\/","title":{"rendered":"Herbolist Acide folique femme"},"content":{"rendered":"<p><strong>L&#8217;acide folique<\/strong> est sp\u00e9cialement con\u00e7u pour te soutenir !<\/p>\n<p>Chez Herbolist, nous c\u00e9l\u00e9brons la sant\u00e9 des femmes. Nous pensons que le v\u00e9ritable \u00e9quilibre commence de l&#8217;int\u00e9rieur. C&#8217;est pourquoi nous avons d\u00e9velopp\u00e9 <strong>l&#8217;acide folique<\/strong> : un compl\u00e9ment de qualit\u00e9 avec le dosage optimal d&#8217;acide folique, sp\u00e9cialement adapt\u00e9 aux femmes qui souhaitent soutenir leur sant\u00e9.  <\/p>\n<p>Nos comprim\u00e9s d&#8217;<strong>acide folique<\/strong> contribuent \u00e0 la croissance des tissus pendant la grossesse et soutiennent un m\u00e9tabolisme \u00e9nerg\u00e9tique normal.<\/p>\n<p>Ces petits comprim\u00e9s faciles \u00e0 avaler sont parfaits pour un usage quotidien et sont pr\u00e9sent\u00e9s dans un emballage \u00e9l\u00e9gant et durable, qui est rechargeable.<\/p>\n<p><strong>C\u00e9l\u00e9brez la sant\u00e9 des femmes. Herbolist. <\/strong><\/p>\n","protected":false},"excerpt":{"rendered":"<p><strong>L&#8217;acide folique<\/strong> est sp\u00e9cialement con\u00e7u pour te soutenir !<\/p>\n<p>Chez Herbolist, nous c\u00e9l\u00e9brons la sant\u00e9 des femmes. Nous pensons que le v\u00e9ritable \u00e9quilibre commence de l&#8217;int\u00e9rieur. C&#8217;est pourquoi nous avons d\u00e9velopp\u00e9 <strong>l&#8217;acide folique<\/strong> : un compl\u00e9ment de qualit\u00e9 avec le dosage optimal d&#8217;acide folique, sp\u00e9cialement adapt\u00e9 aux femmes qui souhaitent soutenir leur sant\u00e9.  <\/p>\n<p>Nos comprim\u00e9s d&#8217;<strong>acide folique<\/strong> contribuent \u00e0 la croissance des tissus pendant la grossesse et soutiennent un m\u00e9tabolisme \u00e9nerg\u00e9tique normal.<\/p>\n<p>Ces petits comprim\u00e9s faciles \u00e0 avaler sont parfaits pour un usage quotidien et sont pr\u00e9sent\u00e9s dans un emballage \u00e9l\u00e9gant et durable, qui est rechargeable.<\/p>\n<p><strong>C\u00e9l\u00e9brez la sant\u00e9 des femmes. Herbolist. <\/strong><\/p>\n","protected":false},"featured_media":1556938,"comment_status":"open","ping_status":"closed","template":"","meta":{"_acf_changed":false,"inline_featured_image":false},"product_brand":[],"product_cat":[2320,2233,2234,2338,2470,2471,2530,2236,2490],"product_tag":[],"merken":[],"producttype":[],"aanbieding":[],"class_list":{"0":"post-1553027","1":"product","2":"type-product","3":"status-publish","4":"has-post-thumbnail","6":"product_cat-acide-folique","7":"product_cat-meilleures-ventes","8":"product_cat-offres","9":"product_cat-vitamine-a","10":"product_cat-vitamine-b12","11":"product_cat-vitamine-b6","12":"product_cat-vitamine-d3","13":"product_cat-vitamines-et-complements","14":"product_cat-zinc","16":"first","17":"instock","18":"sale","19":"taxable","20":"shipping-taxable","21":"purchasable","22":"product-type-simple"},"bundled_by":[],"bundle_stock_status":"instock","bundle_stock_quantity":null,"bundle_virtual":false,"bundle_layout":"","bundle_add_to_cart_form_location":"","bundle_editable_in_cart":false,"bundle_sold_individually_context":"","bundle_item_grouping":"","bundle_min_size":"","bundle_max_size":"","bundle_price":[],"bundled_items":[],"bundle_sell_ids":[],"group_of_quantity":0,"min_quantity":0,"max_quantity":"","exclude_order_quantity_value_rules":"no","exclude_category_quantity_rules":"no","combine_variations":"no","acf":[],"yoast_head":"<!-- This site is optimized with the Yoast SEO Premium plugin v27.3 (Yoast SEO v27.3) - https:\/\/yoast.com\/product\/yoast-seo-premium-wordpress\/ -->\n<title>Herbolist Acide folique femme | Vitamines<\/title>\n<meta name=\"description\" content=\"Herbolist Acide folique femme kopen doe je voordelig in de shop van Vitamines. Vandaag besteld, morgen in huis. L&#039;acide folique est sp\u00e9cialement con\u00e7u pour te soutenir ! Chez Herbolist, nous c\u00e9l\u00e9brons la sant\u00e9 des femmes. Nous pensons que le v\u00e9ritable \u00e9quilibre commence de l&#039;int\u00e9rieur. C&#039;est pourquoi nous avons d\u00e9velopp\u00e9 l&#039;acide folique : un compl\u00e9ment de qualit\u00e9 avec le dosage optimal d&#039;acide folique, sp\u00e9cialement adapt\u00e9 aux femmes qui souhaitent soutenir leur sant\u00e9.  Nos comprim\u00e9s d&#039;acide folique contribuent \u00e0 la croissance des tissus pendant la grossesse et soutiennent un m\u00e9tabolisme \u00e9nerg\u00e9tique normal. Ces petits comprim\u00e9s faciles \u00e0 avaler sont parfaits pour un usage quotidien et sont pr\u00e9sent\u00e9s dans un emballage \u00e9l\u00e9gant et durable, qui est rechargeable. C\u00e9l\u00e9brez la sant\u00e9 des femmes. Herbolist.\" \/>\n<meta name=\"robots\" content=\"index, follow, max-snippet:-1, max-image-preview:large, max-video-preview:-1\" \/>\n<link rel=\"canonical\" href=\"https:\/\/vitamines.com\/fr\/product\/herbolist-acide-folique-femme\/\" \/>\n<meta property=\"og:locale\" content=\"fr_FR\" \/>\n<meta property=\"og:type\" content=\"article\" \/>\n<meta property=\"og:title\" content=\"Herbolist Acide folique femme | Vitamines\" \/>\n<meta property=\"og:description\" content=\"L&#039;acide folique est sp\u00e9cialement con\u00e7u pour te soutenir ! Chez Herbolist, nous c\u00e9l\u00e9brons la sant\u00e9 des femmes. Nous pensons que le v\u00e9ritable \u00e9quilibre commence de l&#039;int\u00e9rieur. C&#039;est pourquoi nous avons d\u00e9velopp\u00e9 l&#039;acide folique : un compl\u00e9ment de qualit\u00e9 avec le dosage optimal d&#039;acide folique, sp\u00e9cialement adapt\u00e9 aux femmes qui souhaitent soutenir leur sant\u00e9.  Nos comprim\u00e9s d&#039;acide folique contribuent \u00e0 la croissance des tissus pendant la grossesse et soutiennent un m\u00e9tabolisme \u00e9nerg\u00e9tique normal. Ces petits comprim\u00e9s faciles \u00e0 avaler sont parfaits pour un usage quotidien et sont pr\u00e9sent\u00e9s dans un emballage \u00e9l\u00e9gant et durable, qui est rechargeable. C\u00e9l\u00e9brez la sant\u00e9 des femmes. Herbolist.\" \/>\n<meta property=\"og:url\" content=\"https:\/\/vitamines.com\/fr\/product\/herbolist-acide-folique-femme\/\" \/>\n<meta property=\"og:site_name\" content=\"Vitamines\" \/>\n<meta property=\"article:publisher\" content=\"https:\/\/www.facebook.com\/vitaminescom\/\" \/>\n<meta property=\"og:image\" content=\"https:\/\/vitamines.com\/wp-content\/uploads\/2025\/10\/Herbolist-Foliumzuur-11.png\" \/>\n\t<meta property=\"og:image:width\" content=\"1080\" \/>\n\t<meta property=\"og:image:height\" content=\"1080\" \/>\n\t<meta property=\"og:image:type\" content=\"image\/png\" \/>\n<meta name=\"twitter:card\" content=\"summary_large_image\" \/>\n<meta name=\"twitter:site\" content=\"@vitaminescom\" \/>\n<meta name=\"twitter:label1\" content=\"Prix\" \/>\n\t<meta name=\"twitter:data1\" content=\"&euro;9.99\" \/>\n\t<meta name=\"twitter:label2\" content=\"Disponibilit\u00e9\" \/>\n\t<meta name=\"twitter:data2\" content=\"En stock\" \/>\n<script type=\"application\/ld+json\" class=\"yoast-schema-graph\">{\"@context\":\"https:\\\/\\\/schema.org\",\"@graph\":[{\"@type\":[\"WebPage\",\"ItemPage\"],\"@id\":\"https:\\\/\\\/vitamines.com\\\/fr\\\/product\\\/herbolist-acide-folique-femme\\\/\",\"url\":\"https:\\\/\\\/vitamines.com\\\/fr\\\/product\\\/herbolist-acide-folique-femme\\\/\",\"name\":\"Herbolist Acide folique femme | Vitamines\",\"isPartOf\":{\"@id\":\"https:\\\/\\\/vitamines.com\\\/fr\\\/#website\"},\"primaryImageOfPage\":{\"@id\":\"https:\\\/\\\/vitamines.com\\\/fr\\\/product\\\/herbolist-acide-folique-femme\\\/#primaryimage\"},\"image\":{\"@id\":\"https:\\\/\\\/vitamines.com\\\/fr\\\/product\\\/herbolist-acide-folique-femme\\\/#primaryimage\"},\"thumbnailUrl\":\"https:\\\/\\\/vitamines.com\\\/wp-content\\\/uploads\\\/2025\\\/10\\\/Herbolist-Foliumzuur-11.png\",\"datePublished\":\"2025-10-29T11:04:01+00:00\",\"description\":\"Herbolist Acide folique femme kopen doe je voordelig in de shop van Vitamines. Vandaag besteld, morgen in huis. L'acide folique est sp\u00e9cialement con\u00e7u pour te soutenir ! Chez Herbolist, nous c\u00e9l\u00e9brons la sant\u00e9 des femmes. Nous pensons que le v\u00e9ritable \u00e9quilibre commence de l'int\u00e9rieur. C'est pourquoi nous avons d\u00e9velopp\u00e9 l'acide folique : un compl\u00e9ment de qualit\u00e9 avec le dosage optimal d'acide folique, sp\u00e9cialement adapt\u00e9 aux femmes qui souhaitent soutenir leur sant\u00e9. Nos comprim\u00e9s d'acide folique contribuent \u00e0 la croissance des tissus pendant la grossesse et soutiennent un m\u00e9tabolisme \u00e9nerg\u00e9tique normal. Ces petits comprim\u00e9s faciles \u00e0 avaler sont parfaits pour un usage quotidien et sont pr\u00e9sent\u00e9s dans un emballage \u00e9l\u00e9gant et durable, qui est rechargeable. C\u00e9l\u00e9brez la sant\u00e9 des femmes. Herbolist.\",\"breadcrumb\":{\"@id\":\"https:\\\/\\\/vitamines.com\\\/fr\\\/product\\\/herbolist-acide-folique-femme\\\/#breadcrumb\"},\"inLanguage\":\"fr-FR\",\"potentialAction\":[{\"@type\":\"ReadAction\",\"target\":[\"https:\\\/\\\/vitamines.com\\\/fr\\\/product\\\/herbolist-acide-folique-femme\\\/\"]}]},{\"@type\":\"ImageObject\",\"inLanguage\":\"fr-FR\",\"@id\":\"https:\\\/\\\/vitamines.com\\\/fr\\\/product\\\/herbolist-acide-folique-femme\\\/#primaryimage\",\"url\":\"https:\\\/\\\/vitamines.com\\\/wp-content\\\/uploads\\\/2025\\\/10\\\/Herbolist-Foliumzuur-11.png\",\"contentUrl\":\"https:\\\/\\\/vitamines.com\\\/wp-content\\\/uploads\\\/2025\\\/10\\\/Herbolist-Foliumzuur-11.png\",\"width\":1080,\"height\":1080},{\"@type\":\"BreadcrumbList\",\"@id\":\"https:\\\/\\\/vitamines.com\\\/fr\\\/product\\\/herbolist-acide-folique-femme\\\/#breadcrumb\",\"itemListElement\":[{\"@type\":\"ListItem\",\"position\":1,\"name\":\"Home\",\"item\":\"https:\\\/\\\/vitamines.com\\\/fr\\\/\"},{\"@type\":\"ListItem\",\"position\":2,\"name\":\"Herbolist Acide folique femme\"}]},{\"@type\":\"WebSite\",\"@id\":\"https:\\\/\\\/vitamines.com\\\/fr\\\/#website\",\"url\":\"https:\\\/\\\/vitamines.com\\\/fr\\\/\",\"name\":\"Vitamines\",\"description\":\"Alle kwalitatieve vitamines, mineralen en supplementen bij d\u00e9 vitamine experts van Belgi\u00eb en Nederland.\",\"publisher\":{\"@id\":\"https:\\\/\\\/vitamines.com\\\/fr\\\/#organization\"},\"alternateName\":\"Vitamins\",\"potentialAction\":[{\"@type\":\"SearchAction\",\"target\":{\"@type\":\"EntryPoint\",\"urlTemplate\":\"https:\\\/\\\/vitamines.com\\\/fr\\\/?s={search_term_string}\"},\"query-input\":{\"@type\":\"PropertyValueSpecification\",\"valueRequired\":true,\"valueName\":\"search_term_string\"}}],\"inLanguage\":\"fr-FR\"},{\"@type\":[\"Organization\",\"Place\",\"HealthAndBeautyBusiness\"],\"@id\":\"https:\\\/\\\/vitamines.com\\\/fr\\\/#organization\",\"name\":\"Vitamines\",\"alternateName\":\"Vitamins\",\"url\":\"https:\\\/\\\/vitamines.com\\\/fr\\\/\",\"logo\":{\"@id\":\"https:\\\/\\\/vitamines.com\\\/fr\\\/product\\\/herbolist-acide-folique-femme\\\/#local-main-organization-logo\"},\"image\":{\"@id\":\"https:\\\/\\\/vitamines.com\\\/fr\\\/product\\\/herbolist-acide-folique-femme\\\/#local-main-organization-logo\"},\"sameAs\":[\"https:\\\/\\\/www.facebook.com\\\/vitaminescom\\\/\",\"https:\\\/\\\/x.com\\\/vitaminescom\",\"https:\\\/\\\/www.instagram.com\\\/vitaminescom\\\/\",\"https:\\\/\\\/www.linkedin.com\\\/company\\\/vitaminescom\\\/\",\"https:\\\/\\\/nl.pinterest.com\\\/vitaminescom\\\/\",\"https:\\\/\\\/www.tiktok.com\\\/@vitamines.com\",\"https:\\\/\\\/www.youtube.com\\\/@vitaminescom\",\"https:\\\/\\\/nl.trustpilot.com\\\/review\\\/vitamines.com\"],\"description\":\"Vitamines koop je natuurlijk op Vitamines.com. Keus uit meer dan 10.000 vitaminen & supplementen, direct uit voorraad leverbaar. Denk hierbij aan vitamine A, vitamine B, vitamine C, vitamine D, calcium, chroom, ijzer, kalium of koper. Maar ook eiwitten (prote\u00efne), magnesium, mangaan, selenium, collageen poeder en multivitaminen zijn populaire voedingssupplementen die je kunt bestellen in de webshop van Vitamines.\",\"legalName\":\"Vitamines.com B.V.\",\"foundingDate\":\"1997-08-15\",\"numberOfEmployees\":{\"@type\":\"QuantitativeValue\",\"minValue\":\"11\",\"maxValue\":\"50\"},\"address\":{\"@id\":\"https:\\\/\\\/vitamines.com\\\/fr\\\/product\\\/herbolist-acide-folique-femme\\\/#local-main-place-address\"},\"telephone\":[\"020 308 6875\"],\"contactPoint\":{\"@type\":\"ContactPoint\",\"email\":\"support@vitamines.com\"},\"openingHoursSpecification\":{\"@type\":\"OpeningHoursSpecification\",\"dayOfWeek\":[\"Monday\",\"Tuesday\",\"Wednesday\",\"Thursday\",\"Friday\",\"Saturday\",\"Sunday\"],\"opens\":\"00:00\",\"closes\":\"23:59\"},\"priceRange\":\"$$\",\"currenciesAccepted\":\"EUR\"},{\"@type\":\"PostalAddress\",\"@id\":\"https:\\\/\\\/vitamines.com\\\/fr\\\/product\\\/herbolist-acide-folique-femme\\\/#local-main-place-address\",\"streetAddress\":\"Professor J.H. Bavincklaan 2\",\"addressLocality\":\"Amstelveen\",\"postalCode\":\"1183 AT\",\"addressRegion\":\"NH\",\"addressCountry\":\"NL\"},{\"@type\":\"ImageObject\",\"inLanguage\":\"fr-FR\",\"@id\":\"https:\\\/\\\/vitamines.com\\\/fr\\\/product\\\/herbolist-acide-folique-femme\\\/#local-main-organization-logo\",\"url\":\"https:\\\/\\\/vitamines.com\\\/wp-content\\\/uploads\\\/2024\\\/10\\\/vitamines.svg\",\"contentUrl\":\"https:\\\/\\\/vitamines.com\\\/wp-content\\\/uploads\\\/2024\\\/10\\\/vitamines.svg\",\"width\":132,\"height\":24,\"caption\":\"Vitamines\"}]}<\/script>\n<meta property=\"product:price:amount\" content=\"9.99\" \/>\n<meta property=\"product:price:currency\" content=\"EUR\" \/>\n<meta property=\"og:availability\" content=\"instock\" \/>\n<meta property=\"product:availability\" content=\"instock\" \/>\n<meta property=\"product:retailer_item_id\" content=\"Herbolist Foliumzuur vrouw\" \/>\n<meta property=\"product:condition\" content=\"new\" \/>\n<meta name=\"geo.placename\" content=\"Amstelveen\" \/>\n<meta name=\"geo.region\" content=\"Pays-Bas\" \/>\n<!-- \/ Yoast SEO Premium plugin. -->","yoast_head_json":{"title":"Herbolist Acide folique femme | Vitamines","description":"Herbolist Acide folique femme kopen doe je voordelig in de shop van Vitamines. Vandaag besteld, morgen in huis. L'acide folique est sp\u00e9cialement con\u00e7u pour te soutenir ! Chez Herbolist, nous c\u00e9l\u00e9brons la sant\u00e9 des femmes. Nous pensons que le v\u00e9ritable \u00e9quilibre commence de l'int\u00e9rieur. C'est pourquoi nous avons d\u00e9velopp\u00e9 l'acide folique : un compl\u00e9ment de qualit\u00e9 avec le dosage optimal d'acide folique, sp\u00e9cialement adapt\u00e9 aux femmes qui souhaitent soutenir leur sant\u00e9.  Nos comprim\u00e9s d'acide folique contribuent \u00e0 la croissance des tissus pendant la grossesse et soutiennent un m\u00e9tabolisme \u00e9nerg\u00e9tique normal. Ces petits comprim\u00e9s faciles \u00e0 avaler sont parfaits pour un usage quotidien et sont pr\u00e9sent\u00e9s dans un emballage \u00e9l\u00e9gant et durable, qui est rechargeable. C\u00e9l\u00e9brez la sant\u00e9 des femmes. Herbolist.","robots":{"index":"index","follow":"follow","max-snippet":"max-snippet:-1","max-image-preview":"max-image-preview:large","max-video-preview":"max-video-preview:-1"},"canonical":"https:\/\/vitamines.com\/fr\/product\/herbolist-acide-folique-femme\/","og_locale":"fr_FR","og_type":"article","og_title":"Herbolist Acide folique femme | Vitamines","og_description":"L'acide folique est sp\u00e9cialement con\u00e7u pour te soutenir ! Chez Herbolist, nous c\u00e9l\u00e9brons la sant\u00e9 des femmes. Nous pensons que le v\u00e9ritable \u00e9quilibre commence de l'int\u00e9rieur. C'est pourquoi nous avons d\u00e9velopp\u00e9 l'acide folique : un compl\u00e9ment de qualit\u00e9 avec le dosage optimal d'acide folique, sp\u00e9cialement adapt\u00e9 aux femmes qui souhaitent soutenir leur sant\u00e9.  Nos comprim\u00e9s d'acide folique contribuent \u00e0 la croissance des tissus pendant la grossesse et soutiennent un m\u00e9tabolisme \u00e9nerg\u00e9tique normal. Ces petits comprim\u00e9s faciles \u00e0 avaler sont parfaits pour un usage quotidien et sont pr\u00e9sent\u00e9s dans un emballage \u00e9l\u00e9gant et durable, qui est rechargeable. C\u00e9l\u00e9brez la sant\u00e9 des femmes. Herbolist.","og_url":"https:\/\/vitamines.com\/fr\/product\/herbolist-acide-folique-femme\/","og_site_name":"Vitamines","article_publisher":"https:\/\/www.facebook.com\/vitaminescom\/","og_image":[{"width":1080,"height":1080,"url":"https:\/\/vitamines.com\/wp-content\/uploads\/2025\/10\/Herbolist-Foliumzuur-11.png","type":"image\/png"}],"twitter_card":"summary_large_image","twitter_site":"@vitaminescom","twitter_misc":{"Prix":"&euro;9.99","Disponibilit\u00e9":"En stock"},"schema":{"@context":"https:\/\/schema.org","@graph":[{"@type":["WebPage","ItemPage"],"@id":"https:\/\/vitamines.com\/fr\/product\/herbolist-acide-folique-femme\/","url":"https:\/\/vitamines.com\/fr\/product\/herbolist-acide-folique-femme\/","name":"Herbolist Acide folique femme | Vitamines","isPartOf":{"@id":"https:\/\/vitamines.com\/fr\/#website"},"primaryImageOfPage":{"@id":"https:\/\/vitamines.com\/fr\/product\/herbolist-acide-folique-femme\/#primaryimage"},"image":{"@id":"https:\/\/vitamines.com\/fr\/product\/herbolist-acide-folique-femme\/#primaryimage"},"thumbnailUrl":"https:\/\/vitamines.com\/wp-content\/uploads\/2025\/10\/Herbolist-Foliumzuur-11.png","datePublished":"2025-10-29T11:04:01+00:00","description":"Herbolist Acide folique femme kopen doe je voordelig in de shop van Vitamines. Vandaag besteld, morgen in huis. L'acide folique est sp\u00e9cialement con\u00e7u pour te soutenir ! Chez Herbolist, nous c\u00e9l\u00e9brons la sant\u00e9 des femmes. Nous pensons que le v\u00e9ritable \u00e9quilibre commence de l'int\u00e9rieur. C'est pourquoi nous avons d\u00e9velopp\u00e9 l'acide folique : un compl\u00e9ment de qualit\u00e9 avec le dosage optimal d'acide folique, sp\u00e9cialement adapt\u00e9 aux femmes qui souhaitent soutenir leur sant\u00e9. Nos comprim\u00e9s d'acide folique contribuent \u00e0 la croissance des tissus pendant la grossesse et soutiennent un m\u00e9tabolisme \u00e9nerg\u00e9tique normal. Ces petits comprim\u00e9s faciles \u00e0 avaler sont parfaits pour un usage quotidien et sont pr\u00e9sent\u00e9s dans un emballage \u00e9l\u00e9gant et durable, qui est rechargeable. C\u00e9l\u00e9brez la sant\u00e9 des femmes. Herbolist.","breadcrumb":{"@id":"https:\/\/vitamines.com\/fr\/product\/herbolist-acide-folique-femme\/#breadcrumb"},"inLanguage":"fr-FR","potentialAction":[{"@type":"ReadAction","target":["https:\/\/vitamines.com\/fr\/product\/herbolist-acide-folique-femme\/"]}]},{"@type":"ImageObject","inLanguage":"fr-FR","@id":"https:\/\/vitamines.com\/fr\/product\/herbolist-acide-folique-femme\/#primaryimage","url":"https:\/\/vitamines.com\/wp-content\/uploads\/2025\/10\/Herbolist-Foliumzuur-11.png","contentUrl":"https:\/\/vitamines.com\/wp-content\/uploads\/2025\/10\/Herbolist-Foliumzuur-11.png","width":1080,"height":1080},{"@type":"BreadcrumbList","@id":"https:\/\/vitamines.com\/fr\/product\/herbolist-acide-folique-femme\/#breadcrumb","itemListElement":[{"@type":"ListItem","position":1,"name":"Home","item":"https:\/\/vitamines.com\/fr\/"},{"@type":"ListItem","position":2,"name":"Herbolist Acide folique femme"}]},{"@type":"WebSite","@id":"https:\/\/vitamines.com\/fr\/#website","url":"https:\/\/vitamines.com\/fr\/","name":"Vitamines","description":"Alle kwalitatieve vitamines, mineralen en supplementen bij d\u00e9 vitamine experts van Belgi\u00eb en Nederland.","publisher":{"@id":"https:\/\/vitamines.com\/fr\/#organization"},"alternateName":"Vitamins","potentialAction":[{"@type":"SearchAction","target":{"@type":"EntryPoint","urlTemplate":"https:\/\/vitamines.com\/fr\/?s={search_term_string}"},"query-input":{"@type":"PropertyValueSpecification","valueRequired":true,"valueName":"search_term_string"}}],"inLanguage":"fr-FR"},{"@type":["Organization","Place","HealthAndBeautyBusiness"],"@id":"https:\/\/vitamines.com\/fr\/#organization","name":"Vitamines","alternateName":"Vitamins","url":"https:\/\/vitamines.com\/fr\/","logo":{"@id":"https:\/\/vitamines.com\/fr\/product\/herbolist-acide-folique-femme\/#local-main-organization-logo"},"image":{"@id":"https:\/\/vitamines.com\/fr\/product\/herbolist-acide-folique-femme\/#local-main-organization-logo"},"sameAs":["https:\/\/www.facebook.com\/vitaminescom\/","https:\/\/x.com\/vitaminescom","https:\/\/www.instagram.com\/vitaminescom\/","https:\/\/www.linkedin.com\/company\/vitaminescom\/","https:\/\/nl.pinterest.com\/vitaminescom\/","https:\/\/www.tiktok.com\/@vitamines.com","https:\/\/www.youtube.com\/@vitaminescom","https:\/\/nl.trustpilot.com\/review\/vitamines.com"],"description":"Vitamines koop je natuurlijk op Vitamines.com. Keus uit meer dan 10.000 vitaminen & supplementen, direct uit voorraad leverbaar. Denk hierbij aan vitamine A, vitamine B, vitamine C, vitamine D, calcium, chroom, ijzer, kalium of koper. Maar ook eiwitten (prote\u00efne), magnesium, mangaan, selenium, collageen poeder en multivitaminen zijn populaire voedingssupplementen die je kunt bestellen in de webshop van Vitamines.","legalName":"Vitamines.com B.V.","foundingDate":"1997-08-15","numberOfEmployees":{"@type":"QuantitativeValue","minValue":"11","maxValue":"50"},"address":{"@id":"https:\/\/vitamines.com\/fr\/product\/herbolist-acide-folique-femme\/#local-main-place-address"},"telephone":["020 308 6875"],"contactPoint":{"@type":"ContactPoint","email":"support@vitamines.com"},"openingHoursSpecification":{"@type":"OpeningHoursSpecification","dayOfWeek":["Monday","Tuesday","Wednesday","Thursday","Friday","Saturday","Sunday"],"opens":"00:00","closes":"23:59"},"priceRange":"$$","currenciesAccepted":"EUR"},{"@type":"PostalAddress","@id":"https:\/\/vitamines.com\/fr\/product\/herbolist-acide-folique-femme\/#local-main-place-address","streetAddress":"Professor J.H. Bavincklaan 2","addressLocality":"Amstelveen","postalCode":"1183 AT","addressRegion":"NH","addressCountry":"NL"},{"@type":"ImageObject","inLanguage":"fr-FR","@id":"https:\/\/vitamines.com\/fr\/product\/herbolist-acide-folique-femme\/#local-main-organization-logo","url":"https:\/\/vitamines.com\/wp-content\/uploads\/2024\/10\/vitamines.svg","contentUrl":"https:\/\/vitamines.com\/wp-content\/uploads\/2024\/10\/vitamines.svg","width":132,"height":24,"caption":"Vitamines"}]},"product_price_amount":"9.99","product_price_currency":"EUR","og_availability":"instock","product_availability":"instock","product_retailer_item_id":"Herbolist Foliumzuur vrouw","product_condition":"new","geo.placename":"Amstelveen","geo.region":"Pays-Bas"},"_links":{"self":[{"href":"https:\/\/vitamines.com\/fr\/wp-json\/wp\/v2\/product\/1553027","targetHints":{"allow":["GET"]}}],"collection":[{"href":"https:\/\/vitamines.com\/fr\/wp-json\/wp\/v2\/product"}],"about":[{"href":"https:\/\/vitamines.com\/fr\/wp-json\/wp\/v2\/types\/product"}],"replies":[{"embeddable":true,"href":"https:\/\/vitamines.com\/fr\/wp-json\/wp\/v2\/comments?post=1553027"}],"wp:featuredmedia":[{"embeddable":true,"href":"https:\/\/vitamines.com\/fr\/wp-json\/wp\/v2\/media\/1556938"}],"wp:attachment":[{"href":"https:\/\/vitamines.com\/fr\/wp-json\/wp\/v2\/media?parent=1553027"}],"wp:term":[{"taxonomy":"product_brand","embeddable":true,"href":"https:\/\/vitamines.com\/fr\/wp-json\/wp\/v2\/product_brand?post=1553027"},{"taxonomy":"product_cat","embeddable":true,"href":"https:\/\/vitamines.com\/fr\/wp-json\/wp\/v2\/product_cat?post=1553027"},{"taxonomy":"product_tag","embeddable":true,"href":"https:\/\/vitamines.com\/fr\/wp-json\/wp\/v2\/product_tag?post=1553027"},{"taxonomy":"merken","embeddable":true,"href":"https:\/\/vitamines.com\/fr\/wp-json\/wp\/v2\/merken?post=1553027"},{"taxonomy":"producttype","embeddable":true,"href":"https:\/\/vitamines.com\/fr\/wp-json\/wp\/v2\/producttype?post=1553027"},{"taxonomy":"aanbieding","embeddable":true,"href":"https:\/\/vitamines.com\/fr\/wp-json\/wp\/v2\/aanbieding?post=1553027"}],"curies":[{"name":"wp","href":"https:\/\/api.w.org\/{rel}","templated":true}]}}