{"id":1553042,"date":"2025-10-29T11:26:40","date_gmt":"2025-10-29T10:26:40","guid":{"rendered":"https:\/\/vitamines.com\/product\/herbolist-multi-mama-femme\/"},"modified":"2026-02-26T11:23:37","modified_gmt":"2026-02-26T10:23:37","slug":"herbolist-multi-mama-femme","status":"publish","type":"product","link":"https:\/\/vitamines.com\/fr\/product\/herbolist-multi-mama-femme\/","title":{"rendered":"Herbolist Multi mama femme"},"content":{"rendered":"<p data-pm-slice=\"1 1 []\">Chez Herbolist, nous savons que la maternit\u00e9 exige beaucoup d\u2019\u00e9nergie, de r\u00e9silience et de soins, pour les autres et pour vous-m\u00eame.<\/p>\n<p><strong>Herbolist Multivitamine Mama<\/strong> est sp\u00e9cialement con\u00e7u pour les femmes qui souhaitent soutenir davantage leur corps pendant ou apr\u00e8s la grossesse.<\/p>\n<p>Cette formule \u00e9quilibr\u00e9e contient une combinaison de <strong>vitamines, de min\u00e9raux, de choline et d\u2019herbes<\/strong>, soigneusement adapt\u00e9e aux besoins des m\u00e8res.<\/p>\n<p>Les <strong>vitamines\u00a0B et la vitamine\u00a0C<\/strong> aident \u00e0 lutter contre la <strong>fatigue et soutiennent le niveau d\u2019\u00e9nergie<\/strong>. La <strong>vitamine\u00a0B6<\/strong> contribue \u00e0 la <strong>r\u00e9gulation de l\u2019activit\u00e9 hormonale<\/strong>, tandis que les <strong>vitamines\u00a0C, D et le zinc<\/strong> soutiennent le <strong>syst\u00e8me immunitaire<\/strong>.<\/p>\n<p>Comme toujours, les compl\u00e9ments Herbolist sont <strong>d\u00e9velopp\u00e9s et produits aux Pays-Bas<\/strong>, selon les normes de qualit\u00e9 les plus strictes.<\/p>\n<p>Sans ajouts inutiles, purs, fiables et avec une attention particuli\u00e8re pour votre bien-\u00eatre.<\/p>\n<p>Herbolist Multivitamine Mama \u2013 pour les femmes qui donnent beaucoup chaque jour et qui m\u00e9ritent de prendre soin d\u2019elles aussi.<\/p>\n","protected":false},"excerpt":{"rendered":"<p data-pm-slice=\"1 1 []\">Chez Herbolist, nous savons que la maternit\u00e9 exige beaucoup d\u2019\u00e9nergie, de r\u00e9silience et de soins, pour les autres et pour vous-m\u00eame.<\/p>\n<p><strong>Herbolist Multivitamine Mama<\/strong> est sp\u00e9cialement con\u00e7u pour les femmes qui souhaitent soutenir davantage leur corps pendant ou apr\u00e8s la grossesse.<\/p>\n<p>Cette formule \u00e9quilibr\u00e9e contient une combinaison de <strong>vitamines, de min\u00e9raux, de choline et d\u2019herbes<\/strong>, soigneusement adapt\u00e9e aux besoins des m\u00e8res.<\/p>\n<p>Les <strong>vitamines\u00a0B et la vitamine\u00a0C<\/strong> aident \u00e0 lutter contre la <strong>fatigue et soutiennent le niveau d\u2019\u00e9nergie<\/strong>. La <strong>vitamine\u00a0B6<\/strong> contribue \u00e0 la <strong>r\u00e9gulation de l\u2019activit\u00e9 hormonale<\/strong>, tandis que les <strong>vitamines\u00a0C, D et le zinc<\/strong> soutiennent le <strong>syst\u00e8me immunitaire<\/strong>.<\/p>\n<p>Comme toujours, les compl\u00e9ments Herbolist sont <strong>d\u00e9velopp\u00e9s et produits aux Pays-Bas<\/strong>, selon les normes de qualit\u00e9 les plus strictes.<\/p>\n<p>Sans ajouts inutiles, purs, fiables et avec une attention particuli\u00e8re pour votre bien-\u00eatre.<\/p>\n<p>Herbolist Multivitamine Mama \u2013 pour les femmes qui donnent beaucoup chaque jour et qui m\u00e9ritent de prendre soin d\u2019elles aussi.<\/p>\n","protected":false},"featured_media":1556942,"comment_status":"open","ping_status":"closed","template":"","meta":{"_acf_changed":false,"inline_featured_image":false},"product_brand":[],"product_cat":[2533,2305,2329,2233,2234,2338,2341,2472,2470,2492,2493,2494,2471,2530,2350,2353,2236,2490],"product_tag":[],"merken":[349],"producttype":[342],"aanbieding":[],"class_list":{"0":"post-1553042","1":"product","2":"type-product","3":"status-publish","4":"has-post-thumbnail","6":"product_cat-biotine","7":"product_cat-collagene","8":"product_cat-magnesium","9":"product_cat-meilleures-ventes","10":"product_cat-offres","11":"product_cat-vitamine-a","12":"product_cat-vitamine-b","13":"product_cat-vitamine-b1","14":"product_cat-vitamine-b12","15":"product_cat-vitamine-b2","16":"product_cat-vitamine-b3","17":"product_cat-vitamine-b5","18":"product_cat-vitamine-b6","19":"product_cat-vitamine-d3","20":"product_cat-vitamine-e","21":"product_cat-vitamine-k","22":"product_cat-vitamines-et-complements","23":"product_cat-zinc","24":"merken-herbolist","25":"producttype-tablet","27":"first","28":"instock","29":"sale","30":"taxable","31":"shipping-taxable","32":"purchasable","33":"product-type-simple"},"bundled_by":[],"bundle_stock_status":"instock","bundle_stock_quantity":null,"bundle_virtual":false,"bundle_layout":"","bundle_add_to_cart_form_location":"","bundle_editable_in_cart":false,"bundle_sold_individually_context":"","bundle_item_grouping":"","bundle_min_size":"","bundle_max_size":"","bundle_price":[],"bundled_items":[],"bundle_sell_ids":[],"group_of_quantity":0,"min_quantity":0,"max_quantity":"","exclude_order_quantity_value_rules":"no","exclude_category_quantity_rules":"no","combine_variations":"no","acf":[],"yoast_head":"<!-- This site is optimized with the Yoast SEO Premium plugin v27.3 (Yoast SEO v27.3) - https:\/\/yoast.com\/product\/yoast-seo-premium-wordpress\/ -->\n<title>Herbolist Multi mama femme | Vitamines<\/title>\n<meta name=\"description\" content=\"Herbolist Multi mama femme kopen doe je voordelig in de shop van Vitamines. Vandaag besteld, morgen in huis. Chez Herbolist, nous savons que la maternit\u00e9 exige beaucoup d\u2019\u00e9nergie, de r\u00e9silience et de soins, pour les autres et pour vous-m\u00eame. Herbolist Multivitamine Mama est sp\u00e9cialement con\u00e7u pour les femmes qui souhaitent soutenir davantage leur corps pendant ou apr\u00e8s la grossesse.  Cette formule \u00e9quilibr\u00e9e contient une combinaison de vitamines, de min\u00e9raux, de choline et d\u2019herbes, soigneusement adapt\u00e9e aux besoins des m\u00e8res.  Les vitamines\u00a0B et la vitamine\u00a0C aident \u00e0 lutter contre la fatigue et soutiennent le niveau d\u2019\u00e9nergie. La vitamine\u00a0B6 contribue \u00e0 la r\u00e9gulation de l\u2019activit\u00e9 hormonale, tandis que les vitamines\u00a0C, D et le zinc soutiennent le syst\u00e8me immunitaire.  Comme toujours, les compl\u00e9ments Herbolist sont d\u00e9velopp\u00e9s et produits aux Pays-Bas, selon les normes de qualit\u00e9 les plus strictes.  Sans ajouts inutiles, purs, fiables et avec une attention particuli\u00e8re pour votre bien-\u00eatre.  Herbolist Multivitamine Mama \u2013 pour les femmes qui donnent beaucoup chaque jour et qui m\u00e9ritent de prendre soin d\u2019elles aussi.\" \/>\n<meta name=\"robots\" content=\"index, follow, max-snippet:-1, max-image-preview:large, max-video-preview:-1\" \/>\n<link rel=\"canonical\" href=\"https:\/\/vitamines.com\/fr\/product\/herbolist-multi-mama-femme\/\" \/>\n<meta property=\"og:locale\" content=\"fr_FR\" \/>\n<meta property=\"og:type\" content=\"article\" \/>\n<meta property=\"og:title\" content=\"Herbolist Multi mama femme | Vitamines\" \/>\n<meta property=\"og:description\" content=\"Chez Herbolist, nous savons que la maternit\u00e9 exige beaucoup d\u2019\u00e9nergie, de r\u00e9silience et de soins, pour les autres et pour vous-m\u00eame. Herbolist Multivitamine Mama est sp\u00e9cialement con\u00e7u pour les femmes qui souhaitent soutenir davantage leur corps pendant ou apr\u00e8s la grossesse.  Cette formule \u00e9quilibr\u00e9e contient une combinaison de vitamines, de min\u00e9raux, de choline et d\u2019herbes, soigneusement adapt\u00e9e aux besoins des m\u00e8res.  Les vitamines\u00a0B et la vitamine\u00a0C aident \u00e0 lutter contre la fatigue et soutiennent le niveau d\u2019\u00e9nergie. La vitamine\u00a0B6 contribue \u00e0 la r\u00e9gulation de l\u2019activit\u00e9 hormonale, tandis que les vitamines\u00a0C, D et le zinc soutiennent le syst\u00e8me immunitaire.  Comme toujours, les compl\u00e9ments Herbolist sont d\u00e9velopp\u00e9s et produits aux Pays-Bas, selon les normes de qualit\u00e9 les plus strictes.  Sans ajouts inutiles, purs, fiables et avec une attention particuli\u00e8re pour votre bien-\u00eatre.  Herbolist Multivitamine Mama \u2013 pour les femmes qui donnent beaucoup chaque jour et qui m\u00e9ritent de prendre soin d\u2019elles aussi.\" \/>\n<meta property=\"og:url\" content=\"https:\/\/vitamines.com\/fr\/product\/herbolist-multi-mama-femme\/\" \/>\n<meta property=\"og:site_name\" content=\"Vitamines\" \/>\n<meta property=\"article:publisher\" content=\"https:\/\/www.facebook.com\/vitaminescom\/\" \/>\n<meta property=\"article:modified_time\" content=\"2026-02-26T10:23:37+00:00\" \/>\n<meta property=\"og:image\" content=\"https:\/\/vitamines.com\/wp-content\/uploads\/2025\/10\/Herbolist-Multi-Mama-11.png\" \/>\n\t<meta property=\"og:image:width\" content=\"1080\" \/>\n\t<meta property=\"og:image:height\" content=\"1080\" \/>\n\t<meta property=\"og:image:type\" content=\"image\/png\" \/>\n<meta name=\"twitter:card\" content=\"summary_large_image\" \/>\n<meta name=\"twitter:site\" content=\"@vitaminescom\" \/>\n<meta name=\"twitter:label1\" content=\"Prix\" \/>\n\t<meta name=\"twitter:data1\" content=\"&euro;19.99\" \/>\n\t<meta name=\"twitter:label2\" content=\"Disponibilit\u00e9\" \/>\n\t<meta name=\"twitter:data2\" content=\"En stock\" \/>\n<script type=\"application\/ld+json\" class=\"yoast-schema-graph\">{\"@context\":\"https:\\\/\\\/schema.org\",\"@graph\":[{\"@type\":[\"WebPage\",\"ItemPage\"],\"@id\":\"https:\\\/\\\/vitamines.com\\\/fr\\\/product\\\/herbolist-multi-mama-femme\\\/\",\"url\":\"https:\\\/\\\/vitamines.com\\\/fr\\\/product\\\/herbolist-multi-mama-femme\\\/\",\"name\":\"Herbolist Multi mama femme | Vitamines\",\"isPartOf\":{\"@id\":\"https:\\\/\\\/vitamines.com\\\/fr\\\/#website\"},\"primaryImageOfPage\":{\"@id\":\"https:\\\/\\\/vitamines.com\\\/fr\\\/product\\\/herbolist-multi-mama-femme\\\/#primaryimage\"},\"image\":{\"@id\":\"https:\\\/\\\/vitamines.com\\\/fr\\\/product\\\/herbolist-multi-mama-femme\\\/#primaryimage\"},\"thumbnailUrl\":\"https:\\\/\\\/vitamines.com\\\/wp-content\\\/uploads\\\/2025\\\/10\\\/Herbolist-Multi-Mama-11.png\",\"datePublished\":\"2025-10-29T10:26:40+00:00\",\"dateModified\":\"2026-02-26T10:23:37+00:00\",\"description\":\"Herbolist Multi mama femme kopen doe je voordelig in de shop van Vitamines. Vandaag besteld, morgen in huis. Chez Herbolist, nous savons que la maternit\u00e9 exige beaucoup d\u2019\u00e9nergie, de r\u00e9silience et de soins, pour les autres et pour vous-m\u00eame. Herbolist Multivitamine Mama est sp\u00e9cialement con\u00e7u pour les femmes qui souhaitent soutenir davantage leur corps pendant ou apr\u00e8s la grossesse. Cette formule \u00e9quilibr\u00e9e contient une combinaison de vitamines, de min\u00e9raux, de choline et d\u2019herbes, soigneusement adapt\u00e9e aux besoins des m\u00e8res. Les vitamines\u00a0B et la vitamine\u00a0C aident \u00e0 lutter contre la fatigue et soutiennent le niveau d\u2019\u00e9nergie. La vitamine\u00a0B6 contribue \u00e0 la r\u00e9gulation de l\u2019activit\u00e9 hormonale, tandis que les vitamines\u00a0C, D et le zinc soutiennent le syst\u00e8me immunitaire. Comme toujours, les compl\u00e9ments Herbolist sont d\u00e9velopp\u00e9s et produits aux Pays-Bas, selon les normes de qualit\u00e9 les plus strictes. Sans ajouts inutiles, purs, fiables et avec une attention particuli\u00e8re pour votre bien-\u00eatre. Herbolist Multivitamine Mama \u2013 pour les femmes qui donnent beaucoup chaque jour et qui m\u00e9ritent de prendre soin d\u2019elles aussi.\",\"breadcrumb\":{\"@id\":\"https:\\\/\\\/vitamines.com\\\/fr\\\/product\\\/herbolist-multi-mama-femme\\\/#breadcrumb\"},\"inLanguage\":\"fr-FR\",\"potentialAction\":[{\"@type\":\"ReadAction\",\"target\":[\"https:\\\/\\\/vitamines.com\\\/fr\\\/product\\\/herbolist-multi-mama-femme\\\/\"]}]},{\"@type\":\"ImageObject\",\"inLanguage\":\"fr-FR\",\"@id\":\"https:\\\/\\\/vitamines.com\\\/fr\\\/product\\\/herbolist-multi-mama-femme\\\/#primaryimage\",\"url\":\"https:\\\/\\\/vitamines.com\\\/wp-content\\\/uploads\\\/2025\\\/10\\\/Herbolist-Multi-Mama-11.png\",\"contentUrl\":\"https:\\\/\\\/vitamines.com\\\/wp-content\\\/uploads\\\/2025\\\/10\\\/Herbolist-Multi-Mama-11.png\",\"width\":1080,\"height\":1080},{\"@type\":\"BreadcrumbList\",\"@id\":\"https:\\\/\\\/vitamines.com\\\/fr\\\/product\\\/herbolist-multi-mama-femme\\\/#breadcrumb\",\"itemListElement\":[{\"@type\":\"ListItem\",\"position\":1,\"name\":\"Home\",\"item\":\"https:\\\/\\\/vitamines.com\\\/fr\\\/\"},{\"@type\":\"ListItem\",\"position\":2,\"name\":\"Herbolist Multi mama femme\"}]},{\"@type\":\"WebSite\",\"@id\":\"https:\\\/\\\/vitamines.com\\\/fr\\\/#website\",\"url\":\"https:\\\/\\\/vitamines.com\\\/fr\\\/\",\"name\":\"Vitamines\",\"description\":\"Alle kwalitatieve vitamines, mineralen en supplementen bij d\u00e9 vitamine experts van Belgi\u00eb en Nederland.\",\"publisher\":{\"@id\":\"https:\\\/\\\/vitamines.com\\\/fr\\\/#organization\"},\"alternateName\":\"Vitamins\",\"potentialAction\":[{\"@type\":\"SearchAction\",\"target\":{\"@type\":\"EntryPoint\",\"urlTemplate\":\"https:\\\/\\\/vitamines.com\\\/fr\\\/?s={search_term_string}\"},\"query-input\":{\"@type\":\"PropertyValueSpecification\",\"valueRequired\":true,\"valueName\":\"search_term_string\"}}],\"inLanguage\":\"fr-FR\"},{\"@type\":[\"Organization\",\"Place\",\"HealthAndBeautyBusiness\"],\"@id\":\"https:\\\/\\\/vitamines.com\\\/fr\\\/#organization\",\"name\":\"Vitamines\",\"alternateName\":\"Vitamins\",\"url\":\"https:\\\/\\\/vitamines.com\\\/fr\\\/\",\"logo\":{\"@id\":\"https:\\\/\\\/vitamines.com\\\/fr\\\/product\\\/herbolist-multi-mama-femme\\\/#local-main-organization-logo\"},\"image\":{\"@id\":\"https:\\\/\\\/vitamines.com\\\/fr\\\/product\\\/herbolist-multi-mama-femme\\\/#local-main-organization-logo\"},\"sameAs\":[\"https:\\\/\\\/www.facebook.com\\\/vitaminescom\\\/\",\"https:\\\/\\\/x.com\\\/vitaminescom\",\"https:\\\/\\\/www.instagram.com\\\/vitaminescom\\\/\",\"https:\\\/\\\/www.linkedin.com\\\/company\\\/vitaminescom\\\/\",\"https:\\\/\\\/nl.pinterest.com\\\/vitaminescom\\\/\",\"https:\\\/\\\/www.tiktok.com\\\/@vitamines.com\",\"https:\\\/\\\/www.youtube.com\\\/@vitaminescom\",\"https:\\\/\\\/nl.trustpilot.com\\\/review\\\/vitamines.com\"],\"description\":\"Vitamines koop je natuurlijk op Vitamines.com. Keus uit meer dan 10.000 vitaminen & supplementen, direct uit voorraad leverbaar. Denk hierbij aan vitamine A, vitamine B, vitamine C, vitamine D, calcium, chroom, ijzer, kalium of koper. Maar ook eiwitten (prote\u00efne), magnesium, mangaan, selenium, collageen poeder en multivitaminen zijn populaire voedingssupplementen die je kunt bestellen in de webshop van Vitamines.\",\"legalName\":\"Vitamines.com B.V.\",\"foundingDate\":\"1997-08-15\",\"numberOfEmployees\":{\"@type\":\"QuantitativeValue\",\"minValue\":\"11\",\"maxValue\":\"50\"},\"address\":{\"@id\":\"https:\\\/\\\/vitamines.com\\\/fr\\\/product\\\/herbolist-multi-mama-femme\\\/#local-main-place-address\"},\"telephone\":[\"020 308 6875\"],\"contactPoint\":{\"@type\":\"ContactPoint\",\"email\":\"support@vitamines.com\"},\"openingHoursSpecification\":{\"@type\":\"OpeningHoursSpecification\",\"dayOfWeek\":[\"Monday\",\"Tuesday\",\"Wednesday\",\"Thursday\",\"Friday\",\"Saturday\",\"Sunday\"],\"opens\":\"00:00\",\"closes\":\"23:59\"},\"priceRange\":\"$$\",\"currenciesAccepted\":\"EUR\"},{\"@type\":\"PostalAddress\",\"@id\":\"https:\\\/\\\/vitamines.com\\\/fr\\\/product\\\/herbolist-multi-mama-femme\\\/#local-main-place-address\",\"streetAddress\":\"Professor J.H. Bavincklaan 2\",\"addressLocality\":\"Amstelveen\",\"postalCode\":\"1183 AT\",\"addressRegion\":\"NH\",\"addressCountry\":\"NL\"},{\"@type\":\"ImageObject\",\"inLanguage\":\"fr-FR\",\"@id\":\"https:\\\/\\\/vitamines.com\\\/fr\\\/product\\\/herbolist-multi-mama-femme\\\/#local-main-organization-logo\",\"url\":\"https:\\\/\\\/vitamines.com\\\/wp-content\\\/uploads\\\/2024\\\/10\\\/vitamines.svg\",\"contentUrl\":\"https:\\\/\\\/vitamines.com\\\/wp-content\\\/uploads\\\/2024\\\/10\\\/vitamines.svg\",\"width\":132,\"height\":24,\"caption\":\"Vitamines\"}]}<\/script>\n<meta property=\"product:brand\" content=\"Herbolist\" \/>\n<meta property=\"product:price:amount\" content=\"19.99\" \/>\n<meta property=\"product:price:currency\" content=\"EUR\" \/>\n<meta property=\"og:availability\" content=\"instock\" \/>\n<meta property=\"product:availability\" content=\"instock\" \/>\n<meta property=\"product:retailer_item_id\" content=\"Herbolist Mama vrouw\" \/>\n<meta property=\"product:condition\" content=\"new\" \/>\n<meta name=\"geo.placename\" content=\"Amstelveen\" \/>\n<meta name=\"geo.region\" content=\"Pays-Bas\" \/>\n<!-- \/ Yoast SEO Premium plugin. -->","yoast_head_json":{"title":"Herbolist Multi mama femme | Vitamines","description":"Herbolist Multi mama femme kopen doe je voordelig in de shop van Vitamines. Vandaag besteld, morgen in huis. Chez Herbolist, nous savons que la maternit\u00e9 exige beaucoup d\u2019\u00e9nergie, de r\u00e9silience et de soins, pour les autres et pour vous-m\u00eame. Herbolist Multivitamine Mama est sp\u00e9cialement con\u00e7u pour les femmes qui souhaitent soutenir davantage leur corps pendant ou apr\u00e8s la grossesse.  Cette formule \u00e9quilibr\u00e9e contient une combinaison de vitamines, de min\u00e9raux, de choline et d\u2019herbes, soigneusement adapt\u00e9e aux besoins des m\u00e8res.  Les vitamines\u00a0B et la vitamine\u00a0C aident \u00e0 lutter contre la fatigue et soutiennent le niveau d\u2019\u00e9nergie. La vitamine\u00a0B6 contribue \u00e0 la r\u00e9gulation de l\u2019activit\u00e9 hormonale, tandis que les vitamines\u00a0C, D et le zinc soutiennent le syst\u00e8me immunitaire.  Comme toujours, les compl\u00e9ments Herbolist sont d\u00e9velopp\u00e9s et produits aux Pays-Bas, selon les normes de qualit\u00e9 les plus strictes.  Sans ajouts inutiles, purs, fiables et avec une attention particuli\u00e8re pour votre bien-\u00eatre.  Herbolist Multivitamine Mama \u2013 pour les femmes qui donnent beaucoup chaque jour et qui m\u00e9ritent de prendre soin d\u2019elles aussi.","robots":{"index":"index","follow":"follow","max-snippet":"max-snippet:-1","max-image-preview":"max-image-preview:large","max-video-preview":"max-video-preview:-1"},"canonical":"https:\/\/vitamines.com\/fr\/product\/herbolist-multi-mama-femme\/","og_locale":"fr_FR","og_type":"article","og_title":"Herbolist Multi mama femme | Vitamines","og_description":"Chez Herbolist, nous savons que la maternit\u00e9 exige beaucoup d\u2019\u00e9nergie, de r\u00e9silience et de soins, pour les autres et pour vous-m\u00eame. Herbolist Multivitamine Mama est sp\u00e9cialement con\u00e7u pour les femmes qui souhaitent soutenir davantage leur corps pendant ou apr\u00e8s la grossesse.  Cette formule \u00e9quilibr\u00e9e contient une combinaison de vitamines, de min\u00e9raux, de choline et d\u2019herbes, soigneusement adapt\u00e9e aux besoins des m\u00e8res.  Les vitamines\u00a0B et la vitamine\u00a0C aident \u00e0 lutter contre la fatigue et soutiennent le niveau d\u2019\u00e9nergie. La vitamine\u00a0B6 contribue \u00e0 la r\u00e9gulation de l\u2019activit\u00e9 hormonale, tandis que les vitamines\u00a0C, D et le zinc soutiennent le syst\u00e8me immunitaire.  Comme toujours, les compl\u00e9ments Herbolist sont d\u00e9velopp\u00e9s et produits aux Pays-Bas, selon les normes de qualit\u00e9 les plus strictes.  Sans ajouts inutiles, purs, fiables et avec une attention particuli\u00e8re pour votre bien-\u00eatre.  Herbolist Multivitamine Mama \u2013 pour les femmes qui donnent beaucoup chaque jour et qui m\u00e9ritent de prendre soin d\u2019elles aussi.","og_url":"https:\/\/vitamines.com\/fr\/product\/herbolist-multi-mama-femme\/","og_site_name":"Vitamines","article_publisher":"https:\/\/www.facebook.com\/vitaminescom\/","article_modified_time":"2026-02-26T10:23:37+00:00","og_image":[{"width":1080,"height":1080,"url":"https:\/\/vitamines.com\/wp-content\/uploads\/2025\/10\/Herbolist-Multi-Mama-11.png","type":"image\/png"}],"twitter_card":"summary_large_image","twitter_site":"@vitaminescom","twitter_misc":{"Prix":"&euro;19.99","Disponibilit\u00e9":"En stock"},"schema":{"@context":"https:\/\/schema.org","@graph":[{"@type":["WebPage","ItemPage"],"@id":"https:\/\/vitamines.com\/fr\/product\/herbolist-multi-mama-femme\/","url":"https:\/\/vitamines.com\/fr\/product\/herbolist-multi-mama-femme\/","name":"Herbolist Multi mama femme | Vitamines","isPartOf":{"@id":"https:\/\/vitamines.com\/fr\/#website"},"primaryImageOfPage":{"@id":"https:\/\/vitamines.com\/fr\/product\/herbolist-multi-mama-femme\/#primaryimage"},"image":{"@id":"https:\/\/vitamines.com\/fr\/product\/herbolist-multi-mama-femme\/#primaryimage"},"thumbnailUrl":"https:\/\/vitamines.com\/wp-content\/uploads\/2025\/10\/Herbolist-Multi-Mama-11.png","datePublished":"2025-10-29T10:26:40+00:00","dateModified":"2026-02-26T10:23:37+00:00","description":"Herbolist Multi mama femme kopen doe je voordelig in de shop van Vitamines. Vandaag besteld, morgen in huis. Chez Herbolist, nous savons que la maternit\u00e9 exige beaucoup d\u2019\u00e9nergie, de r\u00e9silience et de soins, pour les autres et pour vous-m\u00eame. Herbolist Multivitamine Mama est sp\u00e9cialement con\u00e7u pour les femmes qui souhaitent soutenir davantage leur corps pendant ou apr\u00e8s la grossesse. Cette formule \u00e9quilibr\u00e9e contient une combinaison de vitamines, de min\u00e9raux, de choline et d\u2019herbes, soigneusement adapt\u00e9e aux besoins des m\u00e8res. Les vitamines\u00a0B et la vitamine\u00a0C aident \u00e0 lutter contre la fatigue et soutiennent le niveau d\u2019\u00e9nergie. La vitamine\u00a0B6 contribue \u00e0 la r\u00e9gulation de l\u2019activit\u00e9 hormonale, tandis que les vitamines\u00a0C, D et le zinc soutiennent le syst\u00e8me immunitaire. Comme toujours, les compl\u00e9ments Herbolist sont d\u00e9velopp\u00e9s et produits aux Pays-Bas, selon les normes de qualit\u00e9 les plus strictes. Sans ajouts inutiles, purs, fiables et avec une attention particuli\u00e8re pour votre bien-\u00eatre. Herbolist Multivitamine Mama \u2013 pour les femmes qui donnent beaucoup chaque jour et qui m\u00e9ritent de prendre soin d\u2019elles aussi.","breadcrumb":{"@id":"https:\/\/vitamines.com\/fr\/product\/herbolist-multi-mama-femme\/#breadcrumb"},"inLanguage":"fr-FR","potentialAction":[{"@type":"ReadAction","target":["https:\/\/vitamines.com\/fr\/product\/herbolist-multi-mama-femme\/"]}]},{"@type":"ImageObject","inLanguage":"fr-FR","@id":"https:\/\/vitamines.com\/fr\/product\/herbolist-multi-mama-femme\/#primaryimage","url":"https:\/\/vitamines.com\/wp-content\/uploads\/2025\/10\/Herbolist-Multi-Mama-11.png","contentUrl":"https:\/\/vitamines.com\/wp-content\/uploads\/2025\/10\/Herbolist-Multi-Mama-11.png","width":1080,"height":1080},{"@type":"BreadcrumbList","@id":"https:\/\/vitamines.com\/fr\/product\/herbolist-multi-mama-femme\/#breadcrumb","itemListElement":[{"@type":"ListItem","position":1,"name":"Home","item":"https:\/\/vitamines.com\/fr\/"},{"@type":"ListItem","position":2,"name":"Herbolist Multi mama femme"}]},{"@type":"WebSite","@id":"https:\/\/vitamines.com\/fr\/#website","url":"https:\/\/vitamines.com\/fr\/","name":"Vitamines","description":"Alle kwalitatieve vitamines, mineralen en supplementen bij d\u00e9 vitamine experts van Belgi\u00eb en Nederland.","publisher":{"@id":"https:\/\/vitamines.com\/fr\/#organization"},"alternateName":"Vitamins","potentialAction":[{"@type":"SearchAction","target":{"@type":"EntryPoint","urlTemplate":"https:\/\/vitamines.com\/fr\/?s={search_term_string}"},"query-input":{"@type":"PropertyValueSpecification","valueRequired":true,"valueName":"search_term_string"}}],"inLanguage":"fr-FR"},{"@type":["Organization","Place","HealthAndBeautyBusiness"],"@id":"https:\/\/vitamines.com\/fr\/#organization","name":"Vitamines","alternateName":"Vitamins","url":"https:\/\/vitamines.com\/fr\/","logo":{"@id":"https:\/\/vitamines.com\/fr\/product\/herbolist-multi-mama-femme\/#local-main-organization-logo"},"image":{"@id":"https:\/\/vitamines.com\/fr\/product\/herbolist-multi-mama-femme\/#local-main-organization-logo"},"sameAs":["https:\/\/www.facebook.com\/vitaminescom\/","https:\/\/x.com\/vitaminescom","https:\/\/www.instagram.com\/vitaminescom\/","https:\/\/www.linkedin.com\/company\/vitaminescom\/","https:\/\/nl.pinterest.com\/vitaminescom\/","https:\/\/www.tiktok.com\/@vitamines.com","https:\/\/www.youtube.com\/@vitaminescom","https:\/\/nl.trustpilot.com\/review\/vitamines.com"],"description":"Vitamines koop je natuurlijk op Vitamines.com. Keus uit meer dan 10.000 vitaminen & supplementen, direct uit voorraad leverbaar. Denk hierbij aan vitamine A, vitamine B, vitamine C, vitamine D, calcium, chroom, ijzer, kalium of koper. Maar ook eiwitten (prote\u00efne), magnesium, mangaan, selenium, collageen poeder en multivitaminen zijn populaire voedingssupplementen die je kunt bestellen in de webshop van Vitamines.","legalName":"Vitamines.com B.V.","foundingDate":"1997-08-15","numberOfEmployees":{"@type":"QuantitativeValue","minValue":"11","maxValue":"50"},"address":{"@id":"https:\/\/vitamines.com\/fr\/product\/herbolist-multi-mama-femme\/#local-main-place-address"},"telephone":["020 308 6875"],"contactPoint":{"@type":"ContactPoint","email":"support@vitamines.com"},"openingHoursSpecification":{"@type":"OpeningHoursSpecification","dayOfWeek":["Monday","Tuesday","Wednesday","Thursday","Friday","Saturday","Sunday"],"opens":"00:00","closes":"23:59"},"priceRange":"$$","currenciesAccepted":"EUR"},{"@type":"PostalAddress","@id":"https:\/\/vitamines.com\/fr\/product\/herbolist-multi-mama-femme\/#local-main-place-address","streetAddress":"Professor J.H. Bavincklaan 2","addressLocality":"Amstelveen","postalCode":"1183 AT","addressRegion":"NH","addressCountry":"NL"},{"@type":"ImageObject","inLanguage":"fr-FR","@id":"https:\/\/vitamines.com\/fr\/product\/herbolist-multi-mama-femme\/#local-main-organization-logo","url":"https:\/\/vitamines.com\/wp-content\/uploads\/2024\/10\/vitamines.svg","contentUrl":"https:\/\/vitamines.com\/wp-content\/uploads\/2024\/10\/vitamines.svg","width":132,"height":24,"caption":"Vitamines"}]},"product_brand":"Herbolist","product_price_amount":"19.99","product_price_currency":"EUR","og_availability":"instock","product_availability":"instock","product_retailer_item_id":"Herbolist Mama vrouw","product_condition":"new","geo.placename":"Amstelveen","geo.region":"Pays-Bas"},"_links":{"self":[{"href":"https:\/\/vitamines.com\/fr\/wp-json\/wp\/v2\/product\/1553042","targetHints":{"allow":["GET"]}}],"collection":[{"href":"https:\/\/vitamines.com\/fr\/wp-json\/wp\/v2\/product"}],"about":[{"href":"https:\/\/vitamines.com\/fr\/wp-json\/wp\/v2\/types\/product"}],"replies":[{"embeddable":true,"href":"https:\/\/vitamines.com\/fr\/wp-json\/wp\/v2\/comments?post=1553042"}],"wp:featuredmedia":[{"embeddable":true,"href":"https:\/\/vitamines.com\/fr\/wp-json\/wp\/v2\/media\/1556942"}],"wp:attachment":[{"href":"https:\/\/vitamines.com\/fr\/wp-json\/wp\/v2\/media?parent=1553042"}],"wp:term":[{"taxonomy":"product_brand","embeddable":true,"href":"https:\/\/vitamines.com\/fr\/wp-json\/wp\/v2\/product_brand?post=1553042"},{"taxonomy":"product_cat","embeddable":true,"href":"https:\/\/vitamines.com\/fr\/wp-json\/wp\/v2\/product_cat?post=1553042"},{"taxonomy":"product_tag","embeddable":true,"href":"https:\/\/vitamines.com\/fr\/wp-json\/wp\/v2\/product_tag?post=1553042"},{"taxonomy":"merken","embeddable":true,"href":"https:\/\/vitamines.com\/fr\/wp-json\/wp\/v2\/merken?post=1553042"},{"taxonomy":"producttype","embeddable":true,"href":"https:\/\/vitamines.com\/fr\/wp-json\/wp\/v2\/producttype?post=1553042"},{"taxonomy":"aanbieding","embeddable":true,"href":"https:\/\/vitamines.com\/fr\/wp-json\/wp\/v2\/aanbieding?post=1553042"}],"curies":[{"name":"wp","href":"https:\/\/api.w.org\/{rel}","templated":true}]}}