{"id":1553169,"date":"2025-10-15T13:47:07","date_gmt":"2025-10-15T11:47:07","guid":{"rendered":"https:\/\/vitamines.com\/product\/herbolist-whey-proteine-chocolat\/"},"modified":"2026-02-26T11:30:24","modified_gmt":"2026-02-26T10:30:24","slug":"herbolist-whey-proteine-chocolat","status":"publish","type":"product","link":"https:\/\/vitamines.com\/fr\/product\/herbolist-whey-proteine-chocolat\/","title":{"rendered":"Herbolist Whey Prot\u00e9ine Chocolat"},"content":{"rendered":"","protected":false},"excerpt":{"rendered":"<p data-start=\"89\" data-end=\"374\">Apr\u00e8s ton entra\u00eenement, tu ne veux qu\u2019une chose\u00a0: quelque chose qui nourrit rapidement ton corps et qui te fasse te sentir bien. <strong data-start=\"172\" data-end=\"209\">Herbolist Whey Prot\u00e9ine Chocolat<\/strong> est exactement cela. Un shake cr\u00e9meux avec le go\u00fbt riche du chocolat noir \u2013 comme si tu t\u2019offrais un dessert, mais un dessert qui aide tes muscles \u00e0 r\u00e9cup\u00e9rer.<\/p>\n<p data-start=\"376\" data-end=\"739\">Ce qui rend ce m\u00e9lange unique, c\u2019est la combinaison de <strong data-start=\"425\" data-end=\"433\">whey<\/strong> et de <strong data-start=\"437\" data-end=\"451\">prot\u00e9ine de f\u00e8ve<\/strong>. Le whey est connu pour son absorption rapide, tandis que la f\u00e8ve est naturellement riche en vitamines, min\u00e9raux et un profil prot\u00e9ique complet et moins p\u00e9nible pour tes intestins. Ensemble, ils forment un m\u00e9lange l\u00e9ger, mais nourrissant \u2013 id\u00e9al apr\u00e8s une s\u00e9ance d\u2019entra\u00eenement ou comme collation \u00e9nergisante.<\/p>\n<p data-start=\"741\" data-end=\"905\">Et bien s\u00fbr, comme tu en as l\u2019habitude avec Herbolist\u00a0: <strong data-start=\"792\" data-end=\"867\">fabriqu\u00e9 aux Pays-Bas, rigoureusement test\u00e9 et sans additifs artificiels.<\/strong> Tout simplement pur, savoureux et fonctionnel.<\/p>\n<p data-start=\"907\" data-end=\"1002\"><strong data-start=\"907\" data-end=\"1000\">Herbolist Whey Prot\u00e9ine Chocolat \u2013 ton shake quotidien pour la force, la r\u00e9cup\u00e9ration et l\u2019\u00e9quilibre.<\/strong><\/p>\n","protected":false},"featured_media":1556950,"comment_status":"open","ping_status":"closed","template":"","meta":{"_acf_changed":false,"inline_featured_image":false},"product_brand":[],"product_cat":[2234,2302],"product_tag":[],"merken":[349],"producttype":[344],"aanbieding":[],"class_list":{"0":"post-1553169","1":"product","2":"type-product","3":"status-publish","4":"has-post-thumbnail","6":"product_cat-offres","7":"product_cat-proteine-de-lactoserum","8":"merken-herbolist","9":"producttype-poeder","11":"first","12":"instock","13":"sale","14":"taxable","15":"shipping-taxable","16":"purchasable","17":"product-type-simple"},"bundled_by":[],"bundle_stock_status":"instock","bundle_stock_quantity":null,"bundle_virtual":false,"bundle_layout":"","bundle_add_to_cart_form_location":"","bundle_editable_in_cart":false,"bundle_sold_individually_context":"","bundle_item_grouping":"","bundle_min_size":"","bundle_max_size":"","bundle_price":[],"bundled_items":[],"bundle_sell_ids":[],"group_of_quantity":0,"min_quantity":0,"max_quantity":"","exclude_order_quantity_value_rules":"no","exclude_category_quantity_rules":"no","combine_variations":"no","acf":[],"yoast_head":"<!-- This site is optimized with the Yoast SEO Premium plugin v27.3 (Yoast SEO v27.3) - https:\/\/yoast.com\/product\/yoast-seo-premium-wordpress\/ -->\n<title>Herbolist Whey Prot\u00e9ine Chocolat | Vitamines<\/title>\n<meta name=\"description\" content=\"Herbolist Whey Prot\u00e9ine Chocolat kopen doe je voordelig in de shop van Vitamines. Vandaag besteld, morgen in huis. Apr\u00e8s ton entra\u00eenement, tu ne veux qu\u2019une chose\u00a0: quelque chose qui nourrit rapidement ton corps et qui te fasse te sentir bien. Herbolist Whey Prot\u00e9ine Chocolat est exactement cela. Un shake cr\u00e9meux avec le go\u00fbt riche du chocolat noir \u2013 comme si tu t\u2019offrais un dessert, mais un dessert qui aide tes muscles \u00e0 r\u00e9cup\u00e9rer. Ce qui rend ce m\u00e9lange unique, c\u2019est la combinaison de whey et de prot\u00e9ine de f\u00e8ve. Le whey est connu pour son absorption rapide, tandis que la f\u00e8ve est naturellement riche en vitamines, min\u00e9raux et un profil prot\u00e9ique complet et moins p\u00e9nible pour tes intestins. Ensemble, ils forment un m\u00e9lange l\u00e9ger, mais nourrissant \u2013 id\u00e9al apr\u00e8s une s\u00e9ance d\u2019entra\u00eenement ou comme collation \u00e9nergisante. Et bien s\u00fbr, comme tu en as l\u2019habitude avec Herbolist\u00a0: fabriqu\u00e9 aux Pays-Bas, rigoureusement test\u00e9 et sans additifs artificiels. Tout simplement pur, savoureux et fonctionnel. Herbolist Whey Prot\u00e9ine Chocolat \u2013 ton shake quotidien pour la force, la r\u00e9cup\u00e9ration et l\u2019\u00e9quilibre.\" \/>\n<meta name=\"robots\" content=\"index, follow, max-snippet:-1, max-image-preview:large, max-video-preview:-1\" \/>\n<link rel=\"canonical\" href=\"https:\/\/vitamines.com\/fr\/product\/herbolist-whey-proteine-chocolat\/\" \/>\n<meta property=\"og:locale\" content=\"fr_FR\" \/>\n<meta property=\"og:type\" content=\"article\" \/>\n<meta property=\"og:title\" content=\"Herbolist Whey Prot\u00e9ine Chocolat | Vitamines\" \/>\n<meta property=\"og:description\" content=\"Apr\u00e8s ton entra\u00eenement, tu ne veux qu\u2019une chose\u00a0: quelque chose qui nourrit rapidement ton corps et qui te fasse te sentir bien. Herbolist Whey Prot\u00e9ine Chocolat est exactement cela. Un shake cr\u00e9meux avec le go\u00fbt riche du chocolat noir \u2013 comme si tu t\u2019offrais un dessert, mais un dessert qui aide tes muscles \u00e0 r\u00e9cup\u00e9rer. Ce qui rend ce m\u00e9lange unique, c\u2019est la combinaison de whey et de prot\u00e9ine de f\u00e8ve. Le whey est connu pour son absorption rapide, tandis que la f\u00e8ve est naturellement riche en vitamines, min\u00e9raux et un profil prot\u00e9ique complet et moins p\u00e9nible pour tes intestins. Ensemble, ils forment un m\u00e9lange l\u00e9ger, mais nourrissant \u2013 id\u00e9al apr\u00e8s une s\u00e9ance d\u2019entra\u00eenement ou comme collation \u00e9nergisante. Et bien s\u00fbr, comme tu en as l\u2019habitude avec Herbolist\u00a0: fabriqu\u00e9 aux Pays-Bas, rigoureusement test\u00e9 et sans additifs artificiels. Tout simplement pur, savoureux et fonctionnel. Herbolist Whey Prot\u00e9ine Chocolat \u2013 ton shake quotidien pour la force, la r\u00e9cup\u00e9ration et l\u2019\u00e9quilibre.\" \/>\n<meta property=\"og:url\" content=\"https:\/\/vitamines.com\/fr\/product\/herbolist-whey-proteine-chocolat\/\" \/>\n<meta property=\"og:site_name\" content=\"Vitamines\" \/>\n<meta property=\"article:publisher\" content=\"https:\/\/www.facebook.com\/vitaminescom\/\" \/>\n<meta property=\"article:modified_time\" content=\"2026-02-26T10:30:24+00:00\" \/>\n<meta property=\"og:image\" content=\"https:\/\/vitamines.com\/wp-content\/uploads\/2025\/10\/Herbolist-Proteine-Chocolade-111.png\" \/>\n\t<meta property=\"og:image:width\" content=\"1080\" \/>\n\t<meta property=\"og:image:height\" content=\"1080\" \/>\n\t<meta property=\"og:image:type\" content=\"image\/png\" \/>\n<meta name=\"twitter:card\" content=\"summary_large_image\" \/>\n<meta name=\"twitter:site\" content=\"@vitaminescom\" \/>\n<meta name=\"twitter:label1\" content=\"Prix\" \/>\n\t<meta name=\"twitter:data1\" content=\"&euro;24.95\" \/>\n\t<meta name=\"twitter:label2\" content=\"Disponibilit\u00e9\" \/>\n\t<meta name=\"twitter:data2\" content=\"En stock\" \/>\n<script type=\"application\/ld+json\" class=\"yoast-schema-graph\">{\"@context\":\"https:\\\/\\\/schema.org\",\"@graph\":[{\"@type\":[\"WebPage\",\"ItemPage\"],\"@id\":\"https:\\\/\\\/vitamines.com\\\/fr\\\/product\\\/herbolist-whey-proteine-chocolat\\\/\",\"url\":\"https:\\\/\\\/vitamines.com\\\/fr\\\/product\\\/herbolist-whey-proteine-chocolat\\\/\",\"name\":\"Herbolist Whey Prot\u00e9ine Chocolat | Vitamines\",\"isPartOf\":{\"@id\":\"https:\\\/\\\/vitamines.com\\\/fr\\\/#website\"},\"primaryImageOfPage\":{\"@id\":\"https:\\\/\\\/vitamines.com\\\/fr\\\/product\\\/herbolist-whey-proteine-chocolat\\\/#primaryimage\"},\"image\":{\"@id\":\"https:\\\/\\\/vitamines.com\\\/fr\\\/product\\\/herbolist-whey-proteine-chocolat\\\/#primaryimage\"},\"thumbnailUrl\":\"https:\\\/\\\/vitamines.com\\\/wp-content\\\/uploads\\\/2025\\\/10\\\/Herbolist-Proteine-Chocolade-111.png\",\"datePublished\":\"2025-10-15T11:47:07+00:00\",\"dateModified\":\"2026-02-26T10:30:24+00:00\",\"description\":\"Herbolist Whey Prot\u00e9ine Chocolat kopen doe je voordelig in de shop van Vitamines. Vandaag besteld, morgen in huis. Apr\u00e8s ton entra\u00eenement, tu ne veux qu\u2019une chose\u00a0: quelque chose qui nourrit rapidement ton corps et qui te fasse te sentir bien. Herbolist Whey Prot\u00e9ine Chocolat est exactement cela. Un shake cr\u00e9meux avec le go\u00fbt riche du chocolat noir \u2013 comme si tu t\u2019offrais un dessert, mais un dessert qui aide tes muscles \u00e0 r\u00e9cup\u00e9rer. Ce qui rend ce m\u00e9lange unique, c\u2019est la combinaison de whey et de prot\u00e9ine de f\u00e8ve. Le whey est connu pour son absorption rapide, tandis que la f\u00e8ve est naturellement riche en vitamines, min\u00e9raux et un profil prot\u00e9ique complet et moins p\u00e9nible pour tes intestins. Ensemble, ils forment un m\u00e9lange l\u00e9ger, mais nourrissant \u2013 id\u00e9al apr\u00e8s une s\u00e9ance d\u2019entra\u00eenement ou comme collation \u00e9nergisante. Et bien s\u00fbr, comme tu en as l\u2019habitude avec Herbolist\u00a0: fabriqu\u00e9 aux Pays-Bas, rigoureusement test\u00e9 et sans additifs artificiels. Tout simplement pur, savoureux et fonctionnel. Herbolist Whey Prot\u00e9ine Chocolat \u2013 ton shake quotidien pour la force, la r\u00e9cup\u00e9ration et l\u2019\u00e9quilibre.\",\"breadcrumb\":{\"@id\":\"https:\\\/\\\/vitamines.com\\\/fr\\\/product\\\/herbolist-whey-proteine-chocolat\\\/#breadcrumb\"},\"inLanguage\":\"fr-FR\",\"potentialAction\":[{\"@type\":\"ReadAction\",\"target\":[\"https:\\\/\\\/vitamines.com\\\/fr\\\/product\\\/herbolist-whey-proteine-chocolat\\\/\"]}]},{\"@type\":\"ImageObject\",\"inLanguage\":\"fr-FR\",\"@id\":\"https:\\\/\\\/vitamines.com\\\/fr\\\/product\\\/herbolist-whey-proteine-chocolat\\\/#primaryimage\",\"url\":\"https:\\\/\\\/vitamines.com\\\/wp-content\\\/uploads\\\/2025\\\/10\\\/Herbolist-Proteine-Chocolade-111.png\",\"contentUrl\":\"https:\\\/\\\/vitamines.com\\\/wp-content\\\/uploads\\\/2025\\\/10\\\/Herbolist-Proteine-Chocolade-111.png\",\"width\":1080,\"height\":1080},{\"@type\":\"BreadcrumbList\",\"@id\":\"https:\\\/\\\/vitamines.com\\\/fr\\\/product\\\/herbolist-whey-proteine-chocolat\\\/#breadcrumb\",\"itemListElement\":[{\"@type\":\"ListItem\",\"position\":1,\"name\":\"Home\",\"item\":\"https:\\\/\\\/vitamines.com\\\/fr\\\/\"},{\"@type\":\"ListItem\",\"position\":2,\"name\":\"Herbolist Whey Prot\u00e9ine Chocolat\"}]},{\"@type\":\"WebSite\",\"@id\":\"https:\\\/\\\/vitamines.com\\\/fr\\\/#website\",\"url\":\"https:\\\/\\\/vitamines.com\\\/fr\\\/\",\"name\":\"Vitamines\",\"description\":\"Alle kwalitatieve vitamines, mineralen en supplementen bij d\u00e9 vitamine experts van Belgi\u00eb en Nederland.\",\"publisher\":{\"@id\":\"https:\\\/\\\/vitamines.com\\\/fr\\\/#organization\"},\"alternateName\":\"Vitamins\",\"potentialAction\":[{\"@type\":\"SearchAction\",\"target\":{\"@type\":\"EntryPoint\",\"urlTemplate\":\"https:\\\/\\\/vitamines.com\\\/fr\\\/?s={search_term_string}\"},\"query-input\":{\"@type\":\"PropertyValueSpecification\",\"valueRequired\":true,\"valueName\":\"search_term_string\"}}],\"inLanguage\":\"fr-FR\"},{\"@type\":[\"Organization\",\"Place\",\"HealthAndBeautyBusiness\"],\"@id\":\"https:\\\/\\\/vitamines.com\\\/fr\\\/#organization\",\"name\":\"Vitamines\",\"alternateName\":\"Vitamins\",\"url\":\"https:\\\/\\\/vitamines.com\\\/fr\\\/\",\"logo\":{\"@id\":\"https:\\\/\\\/vitamines.com\\\/fr\\\/product\\\/herbolist-whey-proteine-chocolat\\\/#local-main-organization-logo\"},\"image\":{\"@id\":\"https:\\\/\\\/vitamines.com\\\/fr\\\/product\\\/herbolist-whey-proteine-chocolat\\\/#local-main-organization-logo\"},\"sameAs\":[\"https:\\\/\\\/www.facebook.com\\\/vitaminescom\\\/\",\"https:\\\/\\\/x.com\\\/vitaminescom\",\"https:\\\/\\\/www.instagram.com\\\/vitaminescom\\\/\",\"https:\\\/\\\/www.linkedin.com\\\/company\\\/vitaminescom\\\/\",\"https:\\\/\\\/nl.pinterest.com\\\/vitaminescom\\\/\",\"https:\\\/\\\/www.tiktok.com\\\/@vitamines.com\",\"https:\\\/\\\/www.youtube.com\\\/@vitaminescom\",\"https:\\\/\\\/nl.trustpilot.com\\\/review\\\/vitamines.com\"],\"description\":\"Vitamines koop je natuurlijk op Vitamines.com. Keus uit meer dan 10.000 vitaminen & supplementen, direct uit voorraad leverbaar. Denk hierbij aan vitamine A, vitamine B, vitamine C, vitamine D, calcium, chroom, ijzer, kalium of koper. Maar ook eiwitten (prote\u00efne), magnesium, mangaan, selenium, collageen poeder en multivitaminen zijn populaire voedingssupplementen die je kunt bestellen in de webshop van Vitamines.\",\"legalName\":\"Vitamines.com B.V.\",\"foundingDate\":\"1997-08-15\",\"numberOfEmployees\":{\"@type\":\"QuantitativeValue\",\"minValue\":\"11\",\"maxValue\":\"50\"},\"address\":{\"@id\":\"https:\\\/\\\/vitamines.com\\\/fr\\\/product\\\/herbolist-whey-proteine-chocolat\\\/#local-main-place-address\"},\"telephone\":[\"020 308 6875\"],\"contactPoint\":{\"@type\":\"ContactPoint\",\"email\":\"support@vitamines.com\"},\"openingHoursSpecification\":{\"@type\":\"OpeningHoursSpecification\",\"dayOfWeek\":[\"Monday\",\"Tuesday\",\"Wednesday\",\"Thursday\",\"Friday\",\"Saturday\",\"Sunday\"],\"opens\":\"00:00\",\"closes\":\"23:59\"},\"priceRange\":\"$$\",\"currenciesAccepted\":\"EUR\"},{\"@type\":\"PostalAddress\",\"@id\":\"https:\\\/\\\/vitamines.com\\\/fr\\\/product\\\/herbolist-whey-proteine-chocolat\\\/#local-main-place-address\",\"streetAddress\":\"Professor J.H. Bavincklaan 2\",\"addressLocality\":\"Amstelveen\",\"postalCode\":\"1183 AT\",\"addressRegion\":\"NH\",\"addressCountry\":\"NL\"},{\"@type\":\"ImageObject\",\"inLanguage\":\"fr-FR\",\"@id\":\"https:\\\/\\\/vitamines.com\\\/fr\\\/product\\\/herbolist-whey-proteine-chocolat\\\/#local-main-organization-logo\",\"url\":\"https:\\\/\\\/vitamines.com\\\/wp-content\\\/uploads\\\/2024\\\/10\\\/vitamines.svg\",\"contentUrl\":\"https:\\\/\\\/vitamines.com\\\/wp-content\\\/uploads\\\/2024\\\/10\\\/vitamines.svg\",\"width\":132,\"height\":24,\"caption\":\"Vitamines\"}]}<\/script>\n<meta property=\"product:brand\" content=\"Herbolist\" \/>\n<meta property=\"product:price:amount\" content=\"24.95\" \/>\n<meta property=\"product:price:currency\" content=\"EUR\" \/>\n<meta property=\"og:availability\" content=\"instock\" \/>\n<meta property=\"product:availability\" content=\"instock\" \/>\n<meta property=\"product:retailer_item_id\" content=\"HER-WHEFA-chocolade\" \/>\n<meta property=\"product:condition\" content=\"new\" \/>\n<meta name=\"geo.placename\" content=\"Amstelveen\" \/>\n<meta name=\"geo.region\" content=\"Pays-Bas\" \/>\n<!-- \/ Yoast SEO Premium plugin. -->","yoast_head_json":{"title":"Herbolist Whey Prot\u00e9ine Chocolat | Vitamines","description":"Herbolist Whey Prot\u00e9ine Chocolat kopen doe je voordelig in de shop van Vitamines. Vandaag besteld, morgen in huis. Apr\u00e8s ton entra\u00eenement, tu ne veux qu\u2019une chose\u00a0: quelque chose qui nourrit rapidement ton corps et qui te fasse te sentir bien. Herbolist Whey Prot\u00e9ine Chocolat est exactement cela. Un shake cr\u00e9meux avec le go\u00fbt riche du chocolat noir \u2013 comme si tu t\u2019offrais un dessert, mais un dessert qui aide tes muscles \u00e0 r\u00e9cup\u00e9rer. Ce qui rend ce m\u00e9lange unique, c\u2019est la combinaison de whey et de prot\u00e9ine de f\u00e8ve. Le whey est connu pour son absorption rapide, tandis que la f\u00e8ve est naturellement riche en vitamines, min\u00e9raux et un profil prot\u00e9ique complet et moins p\u00e9nible pour tes intestins. Ensemble, ils forment un m\u00e9lange l\u00e9ger, mais nourrissant \u2013 id\u00e9al apr\u00e8s une s\u00e9ance d\u2019entra\u00eenement ou comme collation \u00e9nergisante. Et bien s\u00fbr, comme tu en as l\u2019habitude avec Herbolist\u00a0: fabriqu\u00e9 aux Pays-Bas, rigoureusement test\u00e9 et sans additifs artificiels. Tout simplement pur, savoureux et fonctionnel. Herbolist Whey Prot\u00e9ine Chocolat \u2013 ton shake quotidien pour la force, la r\u00e9cup\u00e9ration et l\u2019\u00e9quilibre.","robots":{"index":"index","follow":"follow","max-snippet":"max-snippet:-1","max-image-preview":"max-image-preview:large","max-video-preview":"max-video-preview:-1"},"canonical":"https:\/\/vitamines.com\/fr\/product\/herbolist-whey-proteine-chocolat\/","og_locale":"fr_FR","og_type":"article","og_title":"Herbolist Whey Prot\u00e9ine Chocolat | Vitamines","og_description":"Apr\u00e8s ton entra\u00eenement, tu ne veux qu\u2019une chose\u00a0: quelque chose qui nourrit rapidement ton corps et qui te fasse te sentir bien. Herbolist Whey Prot\u00e9ine Chocolat est exactement cela. Un shake cr\u00e9meux avec le go\u00fbt riche du chocolat noir \u2013 comme si tu t\u2019offrais un dessert, mais un dessert qui aide tes muscles \u00e0 r\u00e9cup\u00e9rer. Ce qui rend ce m\u00e9lange unique, c\u2019est la combinaison de whey et de prot\u00e9ine de f\u00e8ve. Le whey est connu pour son absorption rapide, tandis que la f\u00e8ve est naturellement riche en vitamines, min\u00e9raux et un profil prot\u00e9ique complet et moins p\u00e9nible pour tes intestins. Ensemble, ils forment un m\u00e9lange l\u00e9ger, mais nourrissant \u2013 id\u00e9al apr\u00e8s une s\u00e9ance d\u2019entra\u00eenement ou comme collation \u00e9nergisante. Et bien s\u00fbr, comme tu en as l\u2019habitude avec Herbolist\u00a0: fabriqu\u00e9 aux Pays-Bas, rigoureusement test\u00e9 et sans additifs artificiels. Tout simplement pur, savoureux et fonctionnel. Herbolist Whey Prot\u00e9ine Chocolat \u2013 ton shake quotidien pour la force, la r\u00e9cup\u00e9ration et l\u2019\u00e9quilibre.","og_url":"https:\/\/vitamines.com\/fr\/product\/herbolist-whey-proteine-chocolat\/","og_site_name":"Vitamines","article_publisher":"https:\/\/www.facebook.com\/vitaminescom\/","article_modified_time":"2026-02-26T10:30:24+00:00","og_image":[{"width":1080,"height":1080,"url":"https:\/\/vitamines.com\/wp-content\/uploads\/2025\/10\/Herbolist-Proteine-Chocolade-111.png","type":"image\/png"}],"twitter_card":"summary_large_image","twitter_site":"@vitaminescom","twitter_misc":{"Prix":"&euro;24.95","Disponibilit\u00e9":"En stock"},"schema":{"@context":"https:\/\/schema.org","@graph":[{"@type":["WebPage","ItemPage"],"@id":"https:\/\/vitamines.com\/fr\/product\/herbolist-whey-proteine-chocolat\/","url":"https:\/\/vitamines.com\/fr\/product\/herbolist-whey-proteine-chocolat\/","name":"Herbolist Whey Prot\u00e9ine Chocolat | Vitamines","isPartOf":{"@id":"https:\/\/vitamines.com\/fr\/#website"},"primaryImageOfPage":{"@id":"https:\/\/vitamines.com\/fr\/product\/herbolist-whey-proteine-chocolat\/#primaryimage"},"image":{"@id":"https:\/\/vitamines.com\/fr\/product\/herbolist-whey-proteine-chocolat\/#primaryimage"},"thumbnailUrl":"https:\/\/vitamines.com\/wp-content\/uploads\/2025\/10\/Herbolist-Proteine-Chocolade-111.png","datePublished":"2025-10-15T11:47:07+00:00","dateModified":"2026-02-26T10:30:24+00:00","description":"Herbolist Whey Prot\u00e9ine Chocolat kopen doe je voordelig in de shop van Vitamines. Vandaag besteld, morgen in huis. Apr\u00e8s ton entra\u00eenement, tu ne veux qu\u2019une chose\u00a0: quelque chose qui nourrit rapidement ton corps et qui te fasse te sentir bien. Herbolist Whey Prot\u00e9ine Chocolat est exactement cela. Un shake cr\u00e9meux avec le go\u00fbt riche du chocolat noir \u2013 comme si tu t\u2019offrais un dessert, mais un dessert qui aide tes muscles \u00e0 r\u00e9cup\u00e9rer. Ce qui rend ce m\u00e9lange unique, c\u2019est la combinaison de whey et de prot\u00e9ine de f\u00e8ve. Le whey est connu pour son absorption rapide, tandis que la f\u00e8ve est naturellement riche en vitamines, min\u00e9raux et un profil prot\u00e9ique complet et moins p\u00e9nible pour tes intestins. Ensemble, ils forment un m\u00e9lange l\u00e9ger, mais nourrissant \u2013 id\u00e9al apr\u00e8s une s\u00e9ance d\u2019entra\u00eenement ou comme collation \u00e9nergisante. Et bien s\u00fbr, comme tu en as l\u2019habitude avec Herbolist\u00a0: fabriqu\u00e9 aux Pays-Bas, rigoureusement test\u00e9 et sans additifs artificiels. Tout simplement pur, savoureux et fonctionnel. Herbolist Whey Prot\u00e9ine Chocolat \u2013 ton shake quotidien pour la force, la r\u00e9cup\u00e9ration et l\u2019\u00e9quilibre.","breadcrumb":{"@id":"https:\/\/vitamines.com\/fr\/product\/herbolist-whey-proteine-chocolat\/#breadcrumb"},"inLanguage":"fr-FR","potentialAction":[{"@type":"ReadAction","target":["https:\/\/vitamines.com\/fr\/product\/herbolist-whey-proteine-chocolat\/"]}]},{"@type":"ImageObject","inLanguage":"fr-FR","@id":"https:\/\/vitamines.com\/fr\/product\/herbolist-whey-proteine-chocolat\/#primaryimage","url":"https:\/\/vitamines.com\/wp-content\/uploads\/2025\/10\/Herbolist-Proteine-Chocolade-111.png","contentUrl":"https:\/\/vitamines.com\/wp-content\/uploads\/2025\/10\/Herbolist-Proteine-Chocolade-111.png","width":1080,"height":1080},{"@type":"BreadcrumbList","@id":"https:\/\/vitamines.com\/fr\/product\/herbolist-whey-proteine-chocolat\/#breadcrumb","itemListElement":[{"@type":"ListItem","position":1,"name":"Home","item":"https:\/\/vitamines.com\/fr\/"},{"@type":"ListItem","position":2,"name":"Herbolist Whey Prot\u00e9ine Chocolat"}]},{"@type":"WebSite","@id":"https:\/\/vitamines.com\/fr\/#website","url":"https:\/\/vitamines.com\/fr\/","name":"Vitamines","description":"Alle kwalitatieve vitamines, mineralen en supplementen bij d\u00e9 vitamine experts van Belgi\u00eb en Nederland.","publisher":{"@id":"https:\/\/vitamines.com\/fr\/#organization"},"alternateName":"Vitamins","potentialAction":[{"@type":"SearchAction","target":{"@type":"EntryPoint","urlTemplate":"https:\/\/vitamines.com\/fr\/?s={search_term_string}"},"query-input":{"@type":"PropertyValueSpecification","valueRequired":true,"valueName":"search_term_string"}}],"inLanguage":"fr-FR"},{"@type":["Organization","Place","HealthAndBeautyBusiness"],"@id":"https:\/\/vitamines.com\/fr\/#organization","name":"Vitamines","alternateName":"Vitamins","url":"https:\/\/vitamines.com\/fr\/","logo":{"@id":"https:\/\/vitamines.com\/fr\/product\/herbolist-whey-proteine-chocolat\/#local-main-organization-logo"},"image":{"@id":"https:\/\/vitamines.com\/fr\/product\/herbolist-whey-proteine-chocolat\/#local-main-organization-logo"},"sameAs":["https:\/\/www.facebook.com\/vitaminescom\/","https:\/\/x.com\/vitaminescom","https:\/\/www.instagram.com\/vitaminescom\/","https:\/\/www.linkedin.com\/company\/vitaminescom\/","https:\/\/nl.pinterest.com\/vitaminescom\/","https:\/\/www.tiktok.com\/@vitamines.com","https:\/\/www.youtube.com\/@vitaminescom","https:\/\/nl.trustpilot.com\/review\/vitamines.com"],"description":"Vitamines koop je natuurlijk op Vitamines.com. Keus uit meer dan 10.000 vitaminen & supplementen, direct uit voorraad leverbaar. Denk hierbij aan vitamine A, vitamine B, vitamine C, vitamine D, calcium, chroom, ijzer, kalium of koper. Maar ook eiwitten (prote\u00efne), magnesium, mangaan, selenium, collageen poeder en multivitaminen zijn populaire voedingssupplementen die je kunt bestellen in de webshop van Vitamines.","legalName":"Vitamines.com B.V.","foundingDate":"1997-08-15","numberOfEmployees":{"@type":"QuantitativeValue","minValue":"11","maxValue":"50"},"address":{"@id":"https:\/\/vitamines.com\/fr\/product\/herbolist-whey-proteine-chocolat\/#local-main-place-address"},"telephone":["020 308 6875"],"contactPoint":{"@type":"ContactPoint","email":"support@vitamines.com"},"openingHoursSpecification":{"@type":"OpeningHoursSpecification","dayOfWeek":["Monday","Tuesday","Wednesday","Thursday","Friday","Saturday","Sunday"],"opens":"00:00","closes":"23:59"},"priceRange":"$$","currenciesAccepted":"EUR"},{"@type":"PostalAddress","@id":"https:\/\/vitamines.com\/fr\/product\/herbolist-whey-proteine-chocolat\/#local-main-place-address","streetAddress":"Professor J.H. Bavincklaan 2","addressLocality":"Amstelveen","postalCode":"1183 AT","addressRegion":"NH","addressCountry":"NL"},{"@type":"ImageObject","inLanguage":"fr-FR","@id":"https:\/\/vitamines.com\/fr\/product\/herbolist-whey-proteine-chocolat\/#local-main-organization-logo","url":"https:\/\/vitamines.com\/wp-content\/uploads\/2024\/10\/vitamines.svg","contentUrl":"https:\/\/vitamines.com\/wp-content\/uploads\/2024\/10\/vitamines.svg","width":132,"height":24,"caption":"Vitamines"}]},"product_brand":"Herbolist","product_price_amount":"24.95","product_price_currency":"EUR","og_availability":"instock","product_availability":"instock","product_retailer_item_id":"HER-WHEFA-chocolade","product_condition":"new","geo.placename":"Amstelveen","geo.region":"Pays-Bas"},"_links":{"self":[{"href":"https:\/\/vitamines.com\/fr\/wp-json\/wp\/v2\/product\/1553169","targetHints":{"allow":["GET"]}}],"collection":[{"href":"https:\/\/vitamines.com\/fr\/wp-json\/wp\/v2\/product"}],"about":[{"href":"https:\/\/vitamines.com\/fr\/wp-json\/wp\/v2\/types\/product"}],"replies":[{"embeddable":true,"href":"https:\/\/vitamines.com\/fr\/wp-json\/wp\/v2\/comments?post=1553169"}],"wp:featuredmedia":[{"embeddable":true,"href":"https:\/\/vitamines.com\/fr\/wp-json\/wp\/v2\/media\/1556950"}],"wp:attachment":[{"href":"https:\/\/vitamines.com\/fr\/wp-json\/wp\/v2\/media?parent=1553169"}],"wp:term":[{"taxonomy":"product_brand","embeddable":true,"href":"https:\/\/vitamines.com\/fr\/wp-json\/wp\/v2\/product_brand?post=1553169"},{"taxonomy":"product_cat","embeddable":true,"href":"https:\/\/vitamines.com\/fr\/wp-json\/wp\/v2\/product_cat?post=1553169"},{"taxonomy":"product_tag","embeddable":true,"href":"https:\/\/vitamines.com\/fr\/wp-json\/wp\/v2\/product_tag?post=1553169"},{"taxonomy":"merken","embeddable":true,"href":"https:\/\/vitamines.com\/fr\/wp-json\/wp\/v2\/merken?post=1553169"},{"taxonomy":"producttype","embeddable":true,"href":"https:\/\/vitamines.com\/fr\/wp-json\/wp\/v2\/producttype?post=1553169"},{"taxonomy":"aanbieding","embeddable":true,"href":"https:\/\/vitamines.com\/fr\/wp-json\/wp\/v2\/aanbieding?post=1553169"}],"curies":[{"name":"wp","href":"https:\/\/api.w.org\/{rel}","templated":true}]}}