{"id":1553471,"date":"2023-01-19T09:16:59","date_gmt":"2023-01-19T08:16:59","guid":{"rendered":"https:\/\/vitamines.com\/product\/daily-co-vitamine-b12-boost-denergie\/"},"modified":"2026-02-02T14:11:39","modified_gmt":"2026-02-02T13:11:39","slug":"daily-co-vitamine-b12-boost-denergie","status":"publish","type":"product","link":"https:\/\/vitamines.com\/fr\/product\/daily-co-vitamine-b12-boost-denergie\/","title":{"rendered":"Daily Co Vitamine B12 Boost d&#8217;\u00e9nergie"},"content":{"rendered":"","protected":false},"excerpt":{"rendered":"<p>La vitamine B12 soutient le niveau d&#8217;\u00e9nergie, aide \u00e0 lutter contre la fatigue et contribue \u00e0 la forme physique. Daily Co vitamine B-12 1000 mcg contient une forme de B-12 \u00e0 haute dose sous la forme active de m\u00e9thylcobollaime. Cette coenzyme n&#8217;a pas besoin d&#8217;\u00eatre convertie par l&#8217;organisme et est donc tr\u00e8s efficacement absorb\u00e9e par l&#8217;organisme. La B-12 se pr\u00e9sente sous la forme d&#8217;un petit comprim\u00e9 \u00e0 sucer qui fond facilement sous la langue et a un go\u00fbt agr\u00e9able. Ce comprim\u00e9 fondant permet \u00e0 la vitamine B-12 d&#8217;\u00eatre rapidement absorb\u00e9e par l&#8217;organisme. 1000 mcg est une dose d&#8217;entretien id\u00e9ale pour les v\u00e9g\u00e9tariens et les v\u00e9g\u00e9taliens et il suffit d&#8217;en prendre 1 par jour.     <\/p>\n","protected":false},"featured_media":1556687,"comment_status":"open","ping_status":"closed","template":"","meta":{"_acf_changed":false,"inline_featured_image":false},"product_brand":[],"product_cat":[2233,2234,2431,2470],"product_tag":[2551,2518,2446],"merken":[527],"producttype":[342],"aanbieding":[],"class_list":{"0":"post-1553471","1":"product","2":"type-product","3":"status-publish","4":"has-post-thumbnail","6":"product_cat-meilleures-ventes","7":"product_cat-offres","8":"product_cat-pilules-vitaminees","9":"product_cat-vitamine-b12","10":"product_tag-energie","11":"product_tag-femme","12":"product_tag-vegans","13":"merken-daily-co","14":"producttype-tablet","16":"first","17":"instock","18":"taxable","19":"shipping-taxable","20":"purchasable","21":"product-type-simple"},"bundled_by":[],"bundle_stock_status":"instock","bundle_stock_quantity":null,"bundle_virtual":false,"bundle_layout":"","bundle_add_to_cart_form_location":"","bundle_editable_in_cart":false,"bundle_sold_individually_context":"","bundle_item_grouping":"","bundle_min_size":"","bundle_max_size":"","bundle_price":[],"bundled_items":[],"bundle_sell_ids":[],"group_of_quantity":0,"min_quantity":0,"max_quantity":"","exclude_order_quantity_value_rules":"no","exclude_category_quantity_rules":"no","combine_variations":"no","acf":[],"yoast_head":"<!-- This site is optimized with the Yoast SEO Premium plugin v27.3 (Yoast SEO v27.3) - https:\/\/yoast.com\/product\/yoast-seo-premium-wordpress\/ -->\n<title>Daily Co Vitamine B12 Boost d&#039;\u00e9nergie | Vitamines<\/title>\n<meta name=\"description\" content=\"Daily Co Vitamine B12 Boost d&#039;\u00e9nergie kopen doe je voordelig in de shop van Vitamines. Vandaag besteld, morgen in huis. La vitamine B12 soutient le niveau d&#039;\u00e9nergie, aide \u00e0 lutter contre la fatigue et contribue \u00e0 la forme physique. Daily Co vitamine B-12 1000 mcg contient une forme de B-12 \u00e0 haute dose sous la forme active de m\u00e9thylcobollaime. Cette coenzyme n&#039;a pas besoin d&#039;\u00eatre convertie par l&#039;organisme et est donc tr\u00e8s efficacement absorb\u00e9e par l&#039;organisme. La B-12 se pr\u00e9sente sous la forme d&#039;un petit comprim\u00e9 \u00e0 sucer qui fond facilement sous la langue et a un go\u00fbt agr\u00e9able. Ce comprim\u00e9 fondant permet \u00e0 la vitamine B-12 d&#039;\u00eatre rapidement absorb\u00e9e par l&#039;organisme. 1000 mcg est une dose d&#039;entretien id\u00e9ale pour les v\u00e9g\u00e9tariens et les v\u00e9g\u00e9taliens et il suffit d&#039;en prendre 1 par jour.\" \/>\n<meta name=\"robots\" content=\"index, follow, max-snippet:-1, max-image-preview:large, max-video-preview:-1\" \/>\n<link rel=\"canonical\" href=\"https:\/\/vitamines.com\/fr\/product\/daily-co-vitamine-b12-boost-denergie\/\" \/>\n<meta property=\"og:locale\" content=\"fr_FR\" \/>\n<meta property=\"og:type\" content=\"article\" \/>\n<meta property=\"og:title\" content=\"Daily Co Vitamine B12 Boost d&#039;\u00e9nergie | Vitamines\" \/>\n<meta property=\"og:description\" content=\"La vitamine B12 soutient le niveau d&#039;\u00e9nergie, aide \u00e0 lutter contre la fatigue et contribue \u00e0 la forme physique. Daily Co vitamine B-12 1000 mcg contient une forme de B-12 \u00e0 haute dose sous la forme active de m\u00e9thylcobollaime. Cette coenzyme n&#039;a pas besoin d&#039;\u00eatre convertie par l&#039;organisme et est donc tr\u00e8s efficacement absorb\u00e9e par l&#039;organisme. La B-12 se pr\u00e9sente sous la forme d&#039;un petit comprim\u00e9 \u00e0 sucer qui fond facilement sous la langue et a un go\u00fbt agr\u00e9able. Ce comprim\u00e9 fondant permet \u00e0 la vitamine B-12 d&#039;\u00eatre rapidement absorb\u00e9e par l&#039;organisme. 1000 mcg est une dose d&#039;entretien id\u00e9ale pour les v\u00e9g\u00e9tariens et les v\u00e9g\u00e9taliens et il suffit d&#039;en prendre 1 par jour.\" \/>\n<meta property=\"og:url\" content=\"https:\/\/vitamines.com\/fr\/product\/daily-co-vitamine-b12-boost-denergie\/\" \/>\n<meta property=\"og:site_name\" content=\"Vitamines\" \/>\n<meta property=\"article:publisher\" content=\"https:\/\/www.facebook.com\/vitaminescom\/\" \/>\n<meta property=\"article:modified_time\" content=\"2026-02-02T13:11:39+00:00\" \/>\n<meta property=\"og:image\" content=\"https:\/\/vitamines.com\/wp-content\/uploads\/2023\/01\/Daily-Co-Vitamine-B12-21.png\" \/>\n\t<meta property=\"og:image:width\" content=\"1080\" \/>\n\t<meta property=\"og:image:height\" content=\"1080\" \/>\n\t<meta property=\"og:image:type\" content=\"image\/png\" \/>\n<meta name=\"twitter:card\" content=\"summary_large_image\" \/>\n<meta name=\"twitter:site\" content=\"@vitaminescom\" \/>\n<meta name=\"twitter:label1\" content=\"Prix\" \/>\n\t<meta name=\"twitter:data1\" content=\"&euro;15.00\" \/>\n\t<meta name=\"twitter:label2\" content=\"Disponibilit\u00e9\" \/>\n\t<meta name=\"twitter:data2\" content=\"En stock\" \/>\n<script type=\"application\/ld+json\" class=\"yoast-schema-graph\">{\"@context\":\"https:\\\/\\\/schema.org\",\"@graph\":[{\"@type\":[\"WebPage\",\"ItemPage\"],\"@id\":\"https:\\\/\\\/vitamines.com\\\/fr\\\/product\\\/daily-co-vitamine-b12-boost-denergie\\\/\",\"url\":\"https:\\\/\\\/vitamines.com\\\/fr\\\/product\\\/daily-co-vitamine-b12-boost-denergie\\\/\",\"name\":\"Daily Co Vitamine B12 Boost d'\u00e9nergie | Vitamines\",\"isPartOf\":{\"@id\":\"https:\\\/\\\/vitamines.com\\\/fr\\\/#website\"},\"primaryImageOfPage\":{\"@id\":\"https:\\\/\\\/vitamines.com\\\/fr\\\/product\\\/daily-co-vitamine-b12-boost-denergie\\\/#primaryimage\"},\"image\":{\"@id\":\"https:\\\/\\\/vitamines.com\\\/fr\\\/product\\\/daily-co-vitamine-b12-boost-denergie\\\/#primaryimage\"},\"thumbnailUrl\":\"https:\\\/\\\/vitamines.com\\\/wp-content\\\/uploads\\\/2023\\\/01\\\/Daily-Co-Vitamine-B12-111.png\",\"datePublished\":\"2023-01-19T08:16:59+00:00\",\"dateModified\":\"2026-02-02T13:11:39+00:00\",\"description\":\"Daily Co Vitamine B12 Boost d'\u00e9nergie kopen doe je voordelig in de shop van Vitamines. Vandaag besteld, morgen in huis. La vitamine B12 soutient le niveau d'\u00e9nergie, aide \u00e0 lutter contre la fatigue et contribue \u00e0 la forme physique. Daily Co vitamine B-12 1000 mcg contient une forme de B-12 \u00e0 haute dose sous la forme active de m\u00e9thylcobollaime. Cette coenzyme n'a pas besoin d'\u00eatre convertie par l'organisme et est donc tr\u00e8s efficacement absorb\u00e9e par l'organisme. La B-12 se pr\u00e9sente sous la forme d'un petit comprim\u00e9 \u00e0 sucer qui fond facilement sous la langue et a un go\u00fbt agr\u00e9able. Ce comprim\u00e9 fondant permet \u00e0 la vitamine B-12 d'\u00eatre rapidement absorb\u00e9e par l'organisme. 1000 mcg est une dose d'entretien id\u00e9ale pour les v\u00e9g\u00e9tariens et les v\u00e9g\u00e9taliens et il suffit d'en prendre 1 par jour.\",\"breadcrumb\":{\"@id\":\"https:\\\/\\\/vitamines.com\\\/fr\\\/product\\\/daily-co-vitamine-b12-boost-denergie\\\/#breadcrumb\"},\"inLanguage\":\"fr-FR\",\"potentialAction\":[{\"@type\":\"ReadAction\",\"target\":[\"https:\\\/\\\/vitamines.com\\\/fr\\\/product\\\/daily-co-vitamine-b12-boost-denergie\\\/\"]}]},{\"@type\":\"ImageObject\",\"inLanguage\":\"fr-FR\",\"@id\":\"https:\\\/\\\/vitamines.com\\\/fr\\\/product\\\/daily-co-vitamine-b12-boost-denergie\\\/#primaryimage\",\"url\":\"https:\\\/\\\/vitamines.com\\\/wp-content\\\/uploads\\\/2023\\\/01\\\/Daily-Co-Vitamine-B12-111.png\",\"contentUrl\":\"https:\\\/\\\/vitamines.com\\\/wp-content\\\/uploads\\\/2023\\\/01\\\/Daily-Co-Vitamine-B12-111.png\",\"width\":1080,\"height\":1080},{\"@type\":\"BreadcrumbList\",\"@id\":\"https:\\\/\\\/vitamines.com\\\/fr\\\/product\\\/daily-co-vitamine-b12-boost-denergie\\\/#breadcrumb\",\"itemListElement\":[{\"@type\":\"ListItem\",\"position\":1,\"name\":\"Home\",\"item\":\"https:\\\/\\\/vitamines.com\\\/fr\\\/\"},{\"@type\":\"ListItem\",\"position\":2,\"name\":\"Daily Co Vitamine B12 Boost d&#8217;\u00e9nergie\"}]},{\"@type\":\"WebSite\",\"@id\":\"https:\\\/\\\/vitamines.com\\\/fr\\\/#website\",\"url\":\"https:\\\/\\\/vitamines.com\\\/fr\\\/\",\"name\":\"Vitamines\",\"description\":\"Alle kwalitatieve vitamines, mineralen en supplementen bij d\u00e9 vitamine experts van Belgi\u00eb en Nederland.\",\"publisher\":{\"@id\":\"https:\\\/\\\/vitamines.com\\\/fr\\\/#organization\"},\"alternateName\":\"Vitamins\",\"potentialAction\":[{\"@type\":\"SearchAction\",\"target\":{\"@type\":\"EntryPoint\",\"urlTemplate\":\"https:\\\/\\\/vitamines.com\\\/fr\\\/?s={search_term_string}\"},\"query-input\":{\"@type\":\"PropertyValueSpecification\",\"valueRequired\":true,\"valueName\":\"search_term_string\"}}],\"inLanguage\":\"fr-FR\"},{\"@type\":[\"Organization\",\"Place\",\"HealthAndBeautyBusiness\"],\"@id\":\"https:\\\/\\\/vitamines.com\\\/fr\\\/#organization\",\"name\":\"Vitamines\",\"alternateName\":\"Vitamins\",\"url\":\"https:\\\/\\\/vitamines.com\\\/fr\\\/\",\"logo\":{\"@id\":\"https:\\\/\\\/vitamines.com\\\/fr\\\/product\\\/daily-co-vitamine-b12-boost-denergie\\\/#local-main-organization-logo\"},\"image\":{\"@id\":\"https:\\\/\\\/vitamines.com\\\/fr\\\/product\\\/daily-co-vitamine-b12-boost-denergie\\\/#local-main-organization-logo\"},\"sameAs\":[\"https:\\\/\\\/www.facebook.com\\\/vitaminescom\\\/\",\"https:\\\/\\\/x.com\\\/vitaminescom\",\"https:\\\/\\\/www.instagram.com\\\/vitaminescom\\\/\",\"https:\\\/\\\/www.linkedin.com\\\/company\\\/vitaminescom\\\/\",\"https:\\\/\\\/nl.pinterest.com\\\/vitaminescom\\\/\",\"https:\\\/\\\/www.tiktok.com\\\/@vitamines.com\",\"https:\\\/\\\/www.youtube.com\\\/@vitaminescom\",\"https:\\\/\\\/nl.trustpilot.com\\\/review\\\/vitamines.com\"],\"description\":\"Vitamines koop je natuurlijk op Vitamines.com. Keus uit meer dan 10.000 vitaminen & supplementen, direct uit voorraad leverbaar. Denk hierbij aan vitamine A, vitamine B, vitamine C, vitamine D, calcium, chroom, ijzer, kalium of koper. Maar ook eiwitten (prote\u00efne), magnesium, mangaan, selenium, collageen poeder en multivitaminen zijn populaire voedingssupplementen die je kunt bestellen in de webshop van Vitamines.\",\"legalName\":\"Vitamines.com B.V.\",\"foundingDate\":\"1997-08-15\",\"numberOfEmployees\":{\"@type\":\"QuantitativeValue\",\"minValue\":\"11\",\"maxValue\":\"50\"},\"address\":{\"@id\":\"https:\\\/\\\/vitamines.com\\\/fr\\\/product\\\/daily-co-vitamine-b12-boost-denergie\\\/#local-main-place-address\"},\"telephone\":[\"020 308 6875\"],\"contactPoint\":{\"@type\":\"ContactPoint\",\"email\":\"support@vitamines.com\"},\"openingHoursSpecification\":{\"@type\":\"OpeningHoursSpecification\",\"dayOfWeek\":[\"Monday\",\"Tuesday\",\"Wednesday\",\"Thursday\",\"Friday\",\"Saturday\",\"Sunday\"],\"opens\":\"00:00\",\"closes\":\"23:59\"},\"priceRange\":\"$$\",\"currenciesAccepted\":\"EUR\"},{\"@type\":\"PostalAddress\",\"@id\":\"https:\\\/\\\/vitamines.com\\\/fr\\\/product\\\/daily-co-vitamine-b12-boost-denergie\\\/#local-main-place-address\",\"streetAddress\":\"Professor J.H. Bavincklaan 2\",\"addressLocality\":\"Amstelveen\",\"postalCode\":\"1183 AT\",\"addressRegion\":\"NH\",\"addressCountry\":\"NL\"},{\"@type\":\"ImageObject\",\"inLanguage\":\"fr-FR\",\"@id\":\"https:\\\/\\\/vitamines.com\\\/fr\\\/product\\\/daily-co-vitamine-b12-boost-denergie\\\/#local-main-organization-logo\",\"url\":\"https:\\\/\\\/vitamines.com\\\/wp-content\\\/uploads\\\/2024\\\/10\\\/vitamines.svg\",\"contentUrl\":\"https:\\\/\\\/vitamines.com\\\/wp-content\\\/uploads\\\/2024\\\/10\\\/vitamines.svg\",\"width\":132,\"height\":24,\"caption\":\"Vitamines\"}]}<\/script>\n<meta property=\"product:brand\" content=\"Daily Co\" \/>\n<meta property=\"product:price:amount\" content=\"15.00\" \/>\n<meta property=\"product:price:currency\" content=\"EUR\" \/>\n<meta property=\"og:availability\" content=\"instock\" \/>\n<meta property=\"product:availability\" content=\"instock\" \/>\n<meta property=\"product:retailer_item_id\" content=\"285469\" \/>\n<meta property=\"product:condition\" content=\"new\" \/>\n<meta name=\"geo.placename\" content=\"Amstelveen\" \/>\n<meta name=\"geo.region\" content=\"Pays-Bas\" \/>\n<!-- \/ Yoast SEO Premium plugin. -->","yoast_head_json":{"title":"Daily Co Vitamine B12 Boost d'\u00e9nergie | Vitamines","description":"Daily Co Vitamine B12 Boost d'\u00e9nergie kopen doe je voordelig in de shop van Vitamines. Vandaag besteld, morgen in huis. La vitamine B12 soutient le niveau d'\u00e9nergie, aide \u00e0 lutter contre la fatigue et contribue \u00e0 la forme physique. Daily Co vitamine B-12 1000 mcg contient une forme de B-12 \u00e0 haute dose sous la forme active de m\u00e9thylcobollaime. Cette coenzyme n'a pas besoin d'\u00eatre convertie par l'organisme et est donc tr\u00e8s efficacement absorb\u00e9e par l'organisme. La B-12 se pr\u00e9sente sous la forme d'un petit comprim\u00e9 \u00e0 sucer qui fond facilement sous la langue et a un go\u00fbt agr\u00e9able. Ce comprim\u00e9 fondant permet \u00e0 la vitamine B-12 d'\u00eatre rapidement absorb\u00e9e par l'organisme. 1000 mcg est une dose d'entretien id\u00e9ale pour les v\u00e9g\u00e9tariens et les v\u00e9g\u00e9taliens et il suffit d'en prendre 1 par jour.","robots":{"index":"index","follow":"follow","max-snippet":"max-snippet:-1","max-image-preview":"max-image-preview:large","max-video-preview":"max-video-preview:-1"},"canonical":"https:\/\/vitamines.com\/fr\/product\/daily-co-vitamine-b12-boost-denergie\/","og_locale":"fr_FR","og_type":"article","og_title":"Daily Co Vitamine B12 Boost d'\u00e9nergie | Vitamines","og_description":"La vitamine B12 soutient le niveau d'\u00e9nergie, aide \u00e0 lutter contre la fatigue et contribue \u00e0 la forme physique. Daily Co vitamine B-12 1000 mcg contient une forme de B-12 \u00e0 haute dose sous la forme active de m\u00e9thylcobollaime. Cette coenzyme n'a pas besoin d'\u00eatre convertie par l'organisme et est donc tr\u00e8s efficacement absorb\u00e9e par l'organisme. La B-12 se pr\u00e9sente sous la forme d'un petit comprim\u00e9 \u00e0 sucer qui fond facilement sous la langue et a un go\u00fbt agr\u00e9able. Ce comprim\u00e9 fondant permet \u00e0 la vitamine B-12 d'\u00eatre rapidement absorb\u00e9e par l'organisme. 1000 mcg est une dose d'entretien id\u00e9ale pour les v\u00e9g\u00e9tariens et les v\u00e9g\u00e9taliens et il suffit d'en prendre 1 par jour.","og_url":"https:\/\/vitamines.com\/fr\/product\/daily-co-vitamine-b12-boost-denergie\/","og_site_name":"Vitamines","article_publisher":"https:\/\/www.facebook.com\/vitaminescom\/","article_modified_time":"2026-02-02T13:11:39+00:00","og_image":[{"width":1080,"height":1080,"url":"https:\/\/vitamines.com\/wp-content\/uploads\/2023\/01\/Daily-Co-Vitamine-B12-21.png","type":"image\/png"}],"twitter_card":"summary_large_image","twitter_site":"@vitaminescom","twitter_misc":{"Prix":"&euro;15.00","Disponibilit\u00e9":"En stock"},"schema":{"@context":"https:\/\/schema.org","@graph":[{"@type":["WebPage","ItemPage"],"@id":"https:\/\/vitamines.com\/fr\/product\/daily-co-vitamine-b12-boost-denergie\/","url":"https:\/\/vitamines.com\/fr\/product\/daily-co-vitamine-b12-boost-denergie\/","name":"Daily Co Vitamine B12 Boost d'\u00e9nergie | Vitamines","isPartOf":{"@id":"https:\/\/vitamines.com\/fr\/#website"},"primaryImageOfPage":{"@id":"https:\/\/vitamines.com\/fr\/product\/daily-co-vitamine-b12-boost-denergie\/#primaryimage"},"image":{"@id":"https:\/\/vitamines.com\/fr\/product\/daily-co-vitamine-b12-boost-denergie\/#primaryimage"},"thumbnailUrl":"https:\/\/vitamines.com\/wp-content\/uploads\/2023\/01\/Daily-Co-Vitamine-B12-111.png","datePublished":"2023-01-19T08:16:59+00:00","dateModified":"2026-02-02T13:11:39+00:00","description":"Daily Co Vitamine B12 Boost d'\u00e9nergie kopen doe je voordelig in de shop van Vitamines. Vandaag besteld, morgen in huis. La vitamine B12 soutient le niveau d'\u00e9nergie, aide \u00e0 lutter contre la fatigue et contribue \u00e0 la forme physique. Daily Co vitamine B-12 1000 mcg contient une forme de B-12 \u00e0 haute dose sous la forme active de m\u00e9thylcobollaime. Cette coenzyme n'a pas besoin d'\u00eatre convertie par l'organisme et est donc tr\u00e8s efficacement absorb\u00e9e par l'organisme. La B-12 se pr\u00e9sente sous la forme d'un petit comprim\u00e9 \u00e0 sucer qui fond facilement sous la langue et a un go\u00fbt agr\u00e9able. Ce comprim\u00e9 fondant permet \u00e0 la vitamine B-12 d'\u00eatre rapidement absorb\u00e9e par l'organisme. 1000 mcg est une dose d'entretien id\u00e9ale pour les v\u00e9g\u00e9tariens et les v\u00e9g\u00e9taliens et il suffit d'en prendre 1 par jour.","breadcrumb":{"@id":"https:\/\/vitamines.com\/fr\/product\/daily-co-vitamine-b12-boost-denergie\/#breadcrumb"},"inLanguage":"fr-FR","potentialAction":[{"@type":"ReadAction","target":["https:\/\/vitamines.com\/fr\/product\/daily-co-vitamine-b12-boost-denergie\/"]}]},{"@type":"ImageObject","inLanguage":"fr-FR","@id":"https:\/\/vitamines.com\/fr\/product\/daily-co-vitamine-b12-boost-denergie\/#primaryimage","url":"https:\/\/vitamines.com\/wp-content\/uploads\/2023\/01\/Daily-Co-Vitamine-B12-111.png","contentUrl":"https:\/\/vitamines.com\/wp-content\/uploads\/2023\/01\/Daily-Co-Vitamine-B12-111.png","width":1080,"height":1080},{"@type":"BreadcrumbList","@id":"https:\/\/vitamines.com\/fr\/product\/daily-co-vitamine-b12-boost-denergie\/#breadcrumb","itemListElement":[{"@type":"ListItem","position":1,"name":"Home","item":"https:\/\/vitamines.com\/fr\/"},{"@type":"ListItem","position":2,"name":"Daily Co Vitamine B12 Boost d&#8217;\u00e9nergie"}]},{"@type":"WebSite","@id":"https:\/\/vitamines.com\/fr\/#website","url":"https:\/\/vitamines.com\/fr\/","name":"Vitamines","description":"Alle kwalitatieve vitamines, mineralen en supplementen bij d\u00e9 vitamine experts van Belgi\u00eb en Nederland.","publisher":{"@id":"https:\/\/vitamines.com\/fr\/#organization"},"alternateName":"Vitamins","potentialAction":[{"@type":"SearchAction","target":{"@type":"EntryPoint","urlTemplate":"https:\/\/vitamines.com\/fr\/?s={search_term_string}"},"query-input":{"@type":"PropertyValueSpecification","valueRequired":true,"valueName":"search_term_string"}}],"inLanguage":"fr-FR"},{"@type":["Organization","Place","HealthAndBeautyBusiness"],"@id":"https:\/\/vitamines.com\/fr\/#organization","name":"Vitamines","alternateName":"Vitamins","url":"https:\/\/vitamines.com\/fr\/","logo":{"@id":"https:\/\/vitamines.com\/fr\/product\/daily-co-vitamine-b12-boost-denergie\/#local-main-organization-logo"},"image":{"@id":"https:\/\/vitamines.com\/fr\/product\/daily-co-vitamine-b12-boost-denergie\/#local-main-organization-logo"},"sameAs":["https:\/\/www.facebook.com\/vitaminescom\/","https:\/\/x.com\/vitaminescom","https:\/\/www.instagram.com\/vitaminescom\/","https:\/\/www.linkedin.com\/company\/vitaminescom\/","https:\/\/nl.pinterest.com\/vitaminescom\/","https:\/\/www.tiktok.com\/@vitamines.com","https:\/\/www.youtube.com\/@vitaminescom","https:\/\/nl.trustpilot.com\/review\/vitamines.com"],"description":"Vitamines koop je natuurlijk op Vitamines.com. Keus uit meer dan 10.000 vitaminen & supplementen, direct uit voorraad leverbaar. Denk hierbij aan vitamine A, vitamine B, vitamine C, vitamine D, calcium, chroom, ijzer, kalium of koper. Maar ook eiwitten (prote\u00efne), magnesium, mangaan, selenium, collageen poeder en multivitaminen zijn populaire voedingssupplementen die je kunt bestellen in de webshop van Vitamines.","legalName":"Vitamines.com B.V.","foundingDate":"1997-08-15","numberOfEmployees":{"@type":"QuantitativeValue","minValue":"11","maxValue":"50"},"address":{"@id":"https:\/\/vitamines.com\/fr\/product\/daily-co-vitamine-b12-boost-denergie\/#local-main-place-address"},"telephone":["020 308 6875"],"contactPoint":{"@type":"ContactPoint","email":"support@vitamines.com"},"openingHoursSpecification":{"@type":"OpeningHoursSpecification","dayOfWeek":["Monday","Tuesday","Wednesday","Thursday","Friday","Saturday","Sunday"],"opens":"00:00","closes":"23:59"},"priceRange":"$$","currenciesAccepted":"EUR"},{"@type":"PostalAddress","@id":"https:\/\/vitamines.com\/fr\/product\/daily-co-vitamine-b12-boost-denergie\/#local-main-place-address","streetAddress":"Professor J.H. Bavincklaan 2","addressLocality":"Amstelveen","postalCode":"1183 AT","addressRegion":"NH","addressCountry":"NL"},{"@type":"ImageObject","inLanguage":"fr-FR","@id":"https:\/\/vitamines.com\/fr\/product\/daily-co-vitamine-b12-boost-denergie\/#local-main-organization-logo","url":"https:\/\/vitamines.com\/wp-content\/uploads\/2024\/10\/vitamines.svg","contentUrl":"https:\/\/vitamines.com\/wp-content\/uploads\/2024\/10\/vitamines.svg","width":132,"height":24,"caption":"Vitamines"}]},"product_brand":"Daily Co","product_price_amount":"15.00","product_price_currency":"EUR","og_availability":"instock","product_availability":"instock","product_retailer_item_id":"285469","product_condition":"new","geo.placename":"Amstelveen","geo.region":"Pays-Bas"},"_links":{"self":[{"href":"https:\/\/vitamines.com\/fr\/wp-json\/wp\/v2\/product\/1553471","targetHints":{"allow":["GET"]}}],"collection":[{"href":"https:\/\/vitamines.com\/fr\/wp-json\/wp\/v2\/product"}],"about":[{"href":"https:\/\/vitamines.com\/fr\/wp-json\/wp\/v2\/types\/product"}],"replies":[{"embeddable":true,"href":"https:\/\/vitamines.com\/fr\/wp-json\/wp\/v2\/comments?post=1553471"}],"wp:featuredmedia":[{"embeddable":true,"href":"https:\/\/vitamines.com\/fr\/wp-json\/wp\/v2\/media\/1556687"}],"wp:attachment":[{"href":"https:\/\/vitamines.com\/fr\/wp-json\/wp\/v2\/media?parent=1553471"}],"wp:term":[{"taxonomy":"product_brand","embeddable":true,"href":"https:\/\/vitamines.com\/fr\/wp-json\/wp\/v2\/product_brand?post=1553471"},{"taxonomy":"product_cat","embeddable":true,"href":"https:\/\/vitamines.com\/fr\/wp-json\/wp\/v2\/product_cat?post=1553471"},{"taxonomy":"product_tag","embeddable":true,"href":"https:\/\/vitamines.com\/fr\/wp-json\/wp\/v2\/product_tag?post=1553471"},{"taxonomy":"merken","embeddable":true,"href":"https:\/\/vitamines.com\/fr\/wp-json\/wp\/v2\/merken?post=1553471"},{"taxonomy":"producttype","embeddable":true,"href":"https:\/\/vitamines.com\/fr\/wp-json\/wp\/v2\/producttype?post=1553471"},{"taxonomy":"aanbieding","embeddable":true,"href":"https:\/\/vitamines.com\/fr\/wp-json\/wp\/v2\/aanbieding?post=1553471"}],"curies":[{"name":"wp","href":"https:\/\/api.w.org\/{rel}","templated":true}]}}