{"id":1553591,"date":"2023-01-19T09:23:48","date_gmt":"2023-01-19T08:23:48","guid":{"rendered":"https:\/\/vitamines.com\/product\/daily-co-huile-de-poisson-omega-3\/"},"modified":"2026-03-16T08:42:59","modified_gmt":"2026-03-16T07:42:59","slug":"daily-co-huile-de-poisson-omega-3","status":"publish","type":"product","link":"https:\/\/vitamines.com\/fr\/product\/daily-co-huile-de-poisson-omega-3\/","title":{"rendered":"Daily Co Huile de poisson Om\u00e9ga-3"},"content":{"rendered":"","protected":false},"excerpt":{"rendered":"<p>Ne cherche pas plus loin\u00a0! Un compl\u00e9ment d&#8217;huile de poisson de tr\u00e8s haute qualit\u00e9 ne doit pas \u00eatre cher. Daily Co Huile de poisson Om\u00e9ga 3 le prouve\u00a0: pas moins de 1\u00a0000 mg d&#8217;huile de poisson par softgel pour un prix tr\u00e8s bas.<\/p>\n<p><strong>Dosage \u00e9lev\u00e9 d&#8217;huile de poisson EPA et DHA<\/strong><\/p>\n<p>Chaque softgel de Daily Co Huile de poisson Forte contient 1\u00a0000 mg de concentr\u00e9 d&#8217;huile de poisson avec 290 mg d&#8217;EPA et 183 mg de DHA.<\/p>\n<p>Pour obtenir la m\u00eame quantit\u00e9 d&#8217;acides gras om\u00e9ga-3 \u00e0 partir du poisson, tu devrais consommer 50 grammes de poisson gras par jour.<\/p>\n<p><strong>Que dit le Conseil de la sant\u00e9\u00a0?<\/strong><\/p>\n<p>Le Conseil de la sant\u00e9 recommande de manger du poisson au moins une fois par semaine. Cependant, plus de 60\u00a0% des N\u00e9erlandais n&#8217;y parviennent pas.<\/p>\n<p>Dommage, car les acides gras om\u00e9ga-3 sont essentiels \u00e0 une bonne sant\u00e9. L&#8217;EPA et le DHA en particulier sont si pr\u00e9cieux qu&#8217;il existe des all\u00e9gations de sant\u00e9 \u00e0 leur sujet.<\/p>\n<p><strong>\u00c0 quoi servent les om\u00e9ga-3\u00a0?<\/strong><\/p>\n<p>Selon les all\u00e9gations approuv\u00e9es par l&#8217;EFSA, un apport quotidien d&#8217;EPA et de DHA soutient le c\u0153ur, le cerveau, la vision, les taux de triglyc\u00e9rides et la pression art\u00e9rielle \u00e0 des quantit\u00e9s sp\u00e9cifiques d&#8217;acides gras om\u00e9ga-3.<\/p>\n<p>Ces all\u00e9gations ne peuvent \u00eatre utilis\u00e9es que si le produit fournit les quantit\u00e9s n\u00e9cessaires d&#8217;EPA et\/ou de DHA par jour. C&#8217;est le cas avec ces capsules Daily Co Huile de poisson.<\/p>\n<p><strong>Soutien de la fonction cardiaque normale<\/strong><\/p>\n<p>Un apport quotidien de 250 mg d&#8217;EPA et de DHA contribue au fonctionnement normal du c\u0153ur.<\/p>\n<p><strong>Promotion d&#8217;une vision normale<\/strong><\/p>\n<p>Le DHA contribue au maintien d&#8217;une vision normale. L&#8217;effet b\u00e9n\u00e9fique est obtenu avec un apport quotidien de 250 mg de DHA.<\/p>\n<p><strong>Soutien de la fonction c\u00e9r\u00e9brale normale<\/strong><\/p>\n<p>Le DHA contribue au maintien d&#8217;une fonction c\u00e9r\u00e9brale normale. L&#8217;effet b\u00e9n\u00e9fique est obtenu avec un apport quotidien de 250 mg de DHA.<\/p>\n<p><strong>Soutien de la pression art\u00e9rielle normale <\/strong><\/p>\n<p>Le DHA et l&#8217;EPA contribuent au maintien d&#8217;une pression art\u00e9rielle normale. L&#8217;effet b\u00e9n\u00e9fique est obtenu avec un apport quotidien de 3 grammes de DHA et d&#8217;EPA combin\u00e9s.<\/p>\n<p><strong>Daily Co Huile de poisson est la meilleure affaire<\/strong><\/p>\n<p>Nous voyons r\u00e9guli\u00e8rement des capsules d&#8217;huile de poisson \u00e0 des prix tr\u00e8s \u00e9lev\u00e9s. Pourtant, Daily Co prouve qu&#8217;un compl\u00e9ment d&#8217;om\u00e9ga-3 de haute qualit\u00e9 ne doit absolument pas \u00eatre cher.<\/p>\n<p>Ne paie pas trop cher\u00a0: Daily Co Huile de poisson est une \u00e9vidence, tout comme le DHA pour ton cerveau \ud83d\ude09<\/p>\n","protected":false},"featured_media":1556683,"comment_status":"open","ping_status":"closed","template":"","meta":{"_acf_changed":false,"inline_featured_image":false},"product_brand":[],"product_cat":[2565,2365,2564,2233,2234,2308,2236],"product_tag":[2567,2566,2519],"merken":[527],"producttype":[346],"aanbieding":[],"class_list":{"0":"post-1553591","1":"product","2":"type-product","3":"status-publish","4":"has-post-thumbnail","6":"product_cat-grossesse","7":"product_cat-huile-de-poisson","8":"product_cat-huile-de-poisson-omega","9":"product_cat-meilleures-ventes","10":"product_cat-offres","11":"product_cat-supplements","12":"product_cat-vitamines-et-complements","13":"product_tag-coeur-et-vaisseaux-sanguins","14":"product_tag-concentration","15":"product_tag-grossesse","16":"merken-daily-co","17":"producttype-softgel","19":"first","20":"outofstock","21":"taxable","22":"shipping-taxable","23":"purchasable","24":"product-type-simple"},"bundled_by":[],"bundle_stock_status":"outofstock","bundle_stock_quantity":null,"bundle_virtual":false,"bundle_layout":"","bundle_add_to_cart_form_location":"","bundle_editable_in_cart":false,"bundle_sold_individually_context":"","bundle_item_grouping":"","bundle_min_size":"","bundle_max_size":"","bundle_price":[],"bundled_items":[],"bundle_sell_ids":[],"group_of_quantity":0,"min_quantity":0,"max_quantity":"","exclude_order_quantity_value_rules":"no","exclude_category_quantity_rules":"no","combine_variations":"no","acf":[],"yoast_head":"<!-- This site is optimized with the Yoast SEO Premium plugin v27.3 (Yoast SEO v27.3) - https:\/\/yoast.com\/product\/yoast-seo-premium-wordpress\/ -->\n<title>Daily Co Huile de poisson Om\u00e9ga-3 | Vitamines<\/title>\n<meta name=\"description\" content=\"Daily Co Huile de poisson Om\u00e9ga-3 propose des capsules d&#039;huile de poisson de qualit\u00e9 \u00e0 un prix comp\u00e9titif. Dosage \u00e9lev\u00e9 d&#039;EPA et de DHA. Command\u00e9 aujourd&#039;hui, livr\u00e9 demain.\" \/>\n<meta name=\"robots\" content=\"index, follow, max-snippet:-1, max-image-preview:large, max-video-preview:-1\" \/>\n<link rel=\"canonical\" href=\"https:\/\/vitamines.com\/fr\/product\/daily-co-huile-de-poisson-omega-3\/\" \/>\n<meta property=\"og:locale\" content=\"fr_FR\" \/>\n<meta property=\"og:type\" content=\"article\" \/>\n<meta property=\"og:title\" content=\"Daily Co Huile de poisson Om\u00e9ga-3 | Vitamines\" \/>\n<meta property=\"og:description\" content=\"Ne cherche pas plus loin\u00a0! Un compl\u00e9ment d&#039;huile de poisson de tr\u00e8s haute qualit\u00e9 ne doit pas \u00eatre cher. Daily Co Huile de poisson Om\u00e9ga 3 le prouve\u00a0: pas moins de 1\u00a0000 mg d&#039;huile de poisson par softgel pour un prix tr\u00e8s bas.  Dosage \u00e9lev\u00e9 d&#039;huile de poisson EPA et DHA  Chaque softgel de Daily Co Huile de poisson Forte contient 1\u00a0000 mg de concentr\u00e9 d&#039;huile de poisson avec 290 mg d&#039;EPA et 183 mg de DHA.  Pour obtenir la m\u00eame quantit\u00e9 d&#039;acides gras om\u00e9ga-3 \u00e0 partir du poisson, tu devrais consommer 50 grammes de poisson gras par jour.  Que dit le Conseil de la sant\u00e9\u00a0?  Le Conseil de la sant\u00e9 recommande de manger du poisson au moins une fois par semaine. Cependant, plus de 60\u00a0% des N\u00e9erlandais n&#039;y parviennent pas.  Dommage, car les acides gras om\u00e9ga-3 sont essentiels \u00e0 une bonne sant\u00e9. L&#039;EPA et le DHA en particulier sont si pr\u00e9cieux qu&#039;il existe des all\u00e9gations de sant\u00e9 \u00e0 leur sujet.  \u00c0 quoi servent les om\u00e9ga-3\u00a0?  Selon les all\u00e9gations approuv\u00e9es par l&#039;EFSA, un apport quotidien d&#039;EPA et de DHA soutient le c\u0153ur, le cerveau, la vision, les taux de triglyc\u00e9rides et la pression art\u00e9rielle \u00e0 des quantit\u00e9s sp\u00e9cifiques d&#039;acides gras om\u00e9ga-3.  Ces all\u00e9gations ne peuvent \u00eatre utilis\u00e9es que si le produit fournit les quantit\u00e9s n\u00e9cessaires d&#039;EPA et\/ou de DHA par jour. C&#039;est le cas avec ces capsules Daily Co Huile de poisson.  Soutien de la fonction cardiaque normale  Un apport quotidien de 250 mg d&#039;EPA et de DHA contribue au fonctionnement normal du c\u0153ur.  Promotion d&#039;une vision normale  Le DHA contribue au maintien d&#039;une vision normale. L&#039;effet b\u00e9n\u00e9fique est obtenu avec un apport quotidien de 250 mg de DHA.  Soutien de la fonction c\u00e9r\u00e9brale normale  Le DHA contribue au maintien d&#039;une fonction c\u00e9r\u00e9brale normale. L&#039;effet b\u00e9n\u00e9fique est obtenu avec un apport quotidien de 250 mg de DHA.  Soutien de la pression art\u00e9rielle normale   Le DHA et l&#039;EPA contribuent au maintien d&#039;une pression art\u00e9rielle normale. L&#039;effet b\u00e9n\u00e9fique est obtenu avec un apport quotidien de 3 grammes de DHA et d&#039;EPA combin\u00e9s.  Daily Co Huile de poisson est la meilleure affaire  Nous voyons r\u00e9guli\u00e8rement des capsules d&#039;huile de poisson \u00e0 des prix tr\u00e8s \u00e9lev\u00e9s. Pourtant, Daily Co prouve qu&#039;un compl\u00e9ment d&#039;om\u00e9ga-3 de haute qualit\u00e9 ne doit absolument pas \u00eatre cher.  Ne paie pas trop cher\u00a0: Daily Co Huile de poisson est une \u00e9vidence, tout comme le DHA pour ton cerveau ;-)\" \/>\n<meta property=\"og:url\" content=\"https:\/\/vitamines.com\/fr\/product\/daily-co-huile-de-poisson-omega-3\/\" \/>\n<meta property=\"og:site_name\" content=\"Vitamines\" \/>\n<meta property=\"article:publisher\" content=\"https:\/\/www.facebook.com\/vitaminescom\/\" \/>\n<meta property=\"article:modified_time\" content=\"2026-03-16T07:42:59+00:00\" \/>\n<meta property=\"og:image\" content=\"https:\/\/vitamines.com\/wp-content\/uploads\/2023\/01\/Daily-Co-Omega-3-11-.png\" \/>\n\t<meta property=\"og:image:width\" content=\"1080\" \/>\n\t<meta property=\"og:image:height\" content=\"1080\" \/>\n\t<meta property=\"og:image:type\" content=\"image\/png\" \/>\n<meta name=\"twitter:card\" content=\"summary_large_image\" \/>\n<meta name=\"twitter:site\" content=\"@vitaminescom\" \/>\n<meta name=\"twitter:label1\" content=\"Prix\" \/>\n\t<meta name=\"twitter:data1\" content=\"&euro;19.95\" \/>\n\t<meta name=\"twitter:label2\" content=\"Disponibilit\u00e9\" \/>\n\t<meta name=\"twitter:data2\" content=\"Rupture de stock\" \/>\n<script type=\"application\/ld+json\" class=\"yoast-schema-graph\">{\"@context\":\"https:\\\/\\\/schema.org\",\"@graph\":[{\"@type\":[\"WebPage\",\"ItemPage\"],\"@id\":\"https:\\\/\\\/vitamines.com\\\/fr\\\/product\\\/daily-co-huile-de-poisson-omega-3\\\/\",\"url\":\"https:\\\/\\\/vitamines.com\\\/fr\\\/product\\\/daily-co-huile-de-poisson-omega-3\\\/\",\"name\":\"Daily Co Huile de poisson Om\u00e9ga-3 | Vitamines\",\"isPartOf\":{\"@id\":\"https:\\\/\\\/vitamines.com\\\/fr\\\/#website\"},\"primaryImageOfPage\":{\"@id\":\"https:\\\/\\\/vitamines.com\\\/fr\\\/product\\\/daily-co-huile-de-poisson-omega-3\\\/#primaryimage\"},\"image\":{\"@id\":\"https:\\\/\\\/vitamines.com\\\/fr\\\/product\\\/daily-co-huile-de-poisson-omega-3\\\/#primaryimage\"},\"thumbnailUrl\":\"https:\\\/\\\/vitamines.com\\\/wp-content\\\/uploads\\\/2023\\\/01\\\/Daily-Co-Omega-3-111.png\",\"datePublished\":\"2023-01-19T08:23:48+00:00\",\"dateModified\":\"2026-03-16T07:42:59+00:00\",\"description\":\"Daily Co Huile de poisson Om\u00e9ga-3 propose des capsules d'huile de poisson de qualit\u00e9 \u00e0 un prix comp\u00e9titif. Dosage \u00e9lev\u00e9 d'EPA et de DHA. Command\u00e9 aujourd'hui, livr\u00e9 demain.\",\"breadcrumb\":{\"@id\":\"https:\\\/\\\/vitamines.com\\\/fr\\\/product\\\/daily-co-huile-de-poisson-omega-3\\\/#breadcrumb\"},\"inLanguage\":\"fr-FR\",\"potentialAction\":[{\"@type\":\"ReadAction\",\"target\":[\"https:\\\/\\\/vitamines.com\\\/fr\\\/product\\\/daily-co-huile-de-poisson-omega-3\\\/\"]}]},{\"@type\":\"ImageObject\",\"inLanguage\":\"fr-FR\",\"@id\":\"https:\\\/\\\/vitamines.com\\\/fr\\\/product\\\/daily-co-huile-de-poisson-omega-3\\\/#primaryimage\",\"url\":\"https:\\\/\\\/vitamines.com\\\/wp-content\\\/uploads\\\/2023\\\/01\\\/Daily-Co-Omega-3-111.png\",\"contentUrl\":\"https:\\\/\\\/vitamines.com\\\/wp-content\\\/uploads\\\/2023\\\/01\\\/Daily-Co-Omega-3-111.png\",\"width\":1080,\"height\":1080},{\"@type\":\"BreadcrumbList\",\"@id\":\"https:\\\/\\\/vitamines.com\\\/fr\\\/product\\\/daily-co-huile-de-poisson-omega-3\\\/#breadcrumb\",\"itemListElement\":[{\"@type\":\"ListItem\",\"position\":1,\"name\":\"Home\",\"item\":\"https:\\\/\\\/vitamines.com\\\/fr\\\/\"},{\"@type\":\"ListItem\",\"position\":2,\"name\":\"Daily Co Huile de poisson Om\u00e9ga-3\"}]},{\"@type\":\"WebSite\",\"@id\":\"https:\\\/\\\/vitamines.com\\\/fr\\\/#website\",\"url\":\"https:\\\/\\\/vitamines.com\\\/fr\\\/\",\"name\":\"Vitamines\",\"description\":\"Alle kwalitatieve vitamines, mineralen en supplementen bij d\u00e9 vitamine experts van Belgi\u00eb en Nederland.\",\"publisher\":{\"@id\":\"https:\\\/\\\/vitamines.com\\\/fr\\\/#organization\"},\"alternateName\":\"Vitamins\",\"potentialAction\":[{\"@type\":\"SearchAction\",\"target\":{\"@type\":\"EntryPoint\",\"urlTemplate\":\"https:\\\/\\\/vitamines.com\\\/fr\\\/?s={search_term_string}\"},\"query-input\":{\"@type\":\"PropertyValueSpecification\",\"valueRequired\":true,\"valueName\":\"search_term_string\"}}],\"inLanguage\":\"fr-FR\"},{\"@type\":[\"Organization\",\"Place\",\"HealthAndBeautyBusiness\"],\"@id\":\"https:\\\/\\\/vitamines.com\\\/fr\\\/#organization\",\"name\":\"Vitamines\",\"alternateName\":\"Vitamins\",\"url\":\"https:\\\/\\\/vitamines.com\\\/fr\\\/\",\"logo\":{\"@id\":\"https:\\\/\\\/vitamines.com\\\/fr\\\/product\\\/daily-co-huile-de-poisson-omega-3\\\/#local-main-organization-logo\"},\"image\":{\"@id\":\"https:\\\/\\\/vitamines.com\\\/fr\\\/product\\\/daily-co-huile-de-poisson-omega-3\\\/#local-main-organization-logo\"},\"sameAs\":[\"https:\\\/\\\/www.facebook.com\\\/vitaminescom\\\/\",\"https:\\\/\\\/x.com\\\/vitaminescom\",\"https:\\\/\\\/www.instagram.com\\\/vitaminescom\\\/\",\"https:\\\/\\\/www.linkedin.com\\\/company\\\/vitaminescom\\\/\",\"https:\\\/\\\/nl.pinterest.com\\\/vitaminescom\\\/\",\"https:\\\/\\\/www.tiktok.com\\\/@vitamines.com\",\"https:\\\/\\\/www.youtube.com\\\/@vitaminescom\",\"https:\\\/\\\/nl.trustpilot.com\\\/review\\\/vitamines.com\"],\"description\":\"Vitamines koop je natuurlijk op Vitamines.com. Keus uit meer dan 10.000 vitaminen & supplementen, direct uit voorraad leverbaar. Denk hierbij aan vitamine A, vitamine B, vitamine C, vitamine D, calcium, chroom, ijzer, kalium of koper. Maar ook eiwitten (prote\u00efne), magnesium, mangaan, selenium, collageen poeder en multivitaminen zijn populaire voedingssupplementen die je kunt bestellen in de webshop van Vitamines.\",\"legalName\":\"Vitamines.com B.V.\",\"foundingDate\":\"1997-08-15\",\"numberOfEmployees\":{\"@type\":\"QuantitativeValue\",\"minValue\":\"11\",\"maxValue\":\"50\"},\"address\":{\"@id\":\"https:\\\/\\\/vitamines.com\\\/fr\\\/product\\\/daily-co-huile-de-poisson-omega-3\\\/#local-main-place-address\"},\"telephone\":[\"020 308 6875\"],\"contactPoint\":{\"@type\":\"ContactPoint\",\"email\":\"support@vitamines.com\"},\"openingHoursSpecification\":{\"@type\":\"OpeningHoursSpecification\",\"dayOfWeek\":[\"Monday\",\"Tuesday\",\"Wednesday\",\"Thursday\",\"Friday\",\"Saturday\",\"Sunday\"],\"opens\":\"00:00\",\"closes\":\"23:59\"},\"priceRange\":\"$$\",\"currenciesAccepted\":\"EUR\"},{\"@type\":\"PostalAddress\",\"@id\":\"https:\\\/\\\/vitamines.com\\\/fr\\\/product\\\/daily-co-huile-de-poisson-omega-3\\\/#local-main-place-address\",\"streetAddress\":\"Professor J.H. Bavincklaan 2\",\"addressLocality\":\"Amstelveen\",\"postalCode\":\"1183 AT\",\"addressRegion\":\"NH\",\"addressCountry\":\"NL\"},{\"@type\":\"ImageObject\",\"inLanguage\":\"fr-FR\",\"@id\":\"https:\\\/\\\/vitamines.com\\\/fr\\\/product\\\/daily-co-huile-de-poisson-omega-3\\\/#local-main-organization-logo\",\"url\":\"https:\\\/\\\/vitamines.com\\\/wp-content\\\/uploads\\\/2024\\\/10\\\/vitamines.svg\",\"contentUrl\":\"https:\\\/\\\/vitamines.com\\\/wp-content\\\/uploads\\\/2024\\\/10\\\/vitamines.svg\",\"width\":132,\"height\":24,\"caption\":\"Vitamines\"}]}<\/script>\n<meta property=\"product:brand\" content=\"Daily Co\" \/>\n<meta property=\"product:price:amount\" content=\"19.95\" \/>\n<meta property=\"product:price:currency\" content=\"EUR\" \/>\n<meta property=\"og:availability\" content=\"out of stock\" \/>\n<meta property=\"product:availability\" content=\"out of stock\" \/>\n<meta property=\"product:retailer_item_id\" content=\"285468\" \/>\n<meta property=\"product:condition\" content=\"new\" \/>\n<meta name=\"geo.placename\" content=\"Amstelveen\" \/>\n<meta name=\"geo.region\" content=\"Pays-Bas\" \/>\n<!-- \/ Yoast SEO Premium plugin. -->","yoast_head_json":{"title":"Daily Co Huile de poisson Om\u00e9ga-3 | Vitamines","description":"Daily Co Huile de poisson Om\u00e9ga-3 propose des capsules d'huile de poisson de qualit\u00e9 \u00e0 un prix comp\u00e9titif. Dosage \u00e9lev\u00e9 d'EPA et de DHA. Command\u00e9 aujourd'hui, livr\u00e9 demain.","robots":{"index":"index","follow":"follow","max-snippet":"max-snippet:-1","max-image-preview":"max-image-preview:large","max-video-preview":"max-video-preview:-1"},"canonical":"https:\/\/vitamines.com\/fr\/product\/daily-co-huile-de-poisson-omega-3\/","og_locale":"fr_FR","og_type":"article","og_title":"Daily Co Huile de poisson Om\u00e9ga-3 | Vitamines","og_description":"Ne cherche pas plus loin\u00a0! Un compl\u00e9ment d'huile de poisson de tr\u00e8s haute qualit\u00e9 ne doit pas \u00eatre cher. Daily Co Huile de poisson Om\u00e9ga 3 le prouve\u00a0: pas moins de 1\u00a0000 mg d'huile de poisson par softgel pour un prix tr\u00e8s bas.  Dosage \u00e9lev\u00e9 d'huile de poisson EPA et DHA  Chaque softgel de Daily Co Huile de poisson Forte contient 1\u00a0000 mg de concentr\u00e9 d'huile de poisson avec 290 mg d'EPA et 183 mg de DHA.  Pour obtenir la m\u00eame quantit\u00e9 d'acides gras om\u00e9ga-3 \u00e0 partir du poisson, tu devrais consommer 50 grammes de poisson gras par jour.  Que dit le Conseil de la sant\u00e9\u00a0?  Le Conseil de la sant\u00e9 recommande de manger du poisson au moins une fois par semaine. Cependant, plus de 60\u00a0% des N\u00e9erlandais n'y parviennent pas.  Dommage, car les acides gras om\u00e9ga-3 sont essentiels \u00e0 une bonne sant\u00e9. L'EPA et le DHA en particulier sont si pr\u00e9cieux qu'il existe des all\u00e9gations de sant\u00e9 \u00e0 leur sujet.  \u00c0 quoi servent les om\u00e9ga-3\u00a0?  Selon les all\u00e9gations approuv\u00e9es par l'EFSA, un apport quotidien d'EPA et de DHA soutient le c\u0153ur, le cerveau, la vision, les taux de triglyc\u00e9rides et la pression art\u00e9rielle \u00e0 des quantit\u00e9s sp\u00e9cifiques d'acides gras om\u00e9ga-3.  Ces all\u00e9gations ne peuvent \u00eatre utilis\u00e9es que si le produit fournit les quantit\u00e9s n\u00e9cessaires d'EPA et\/ou de DHA par jour. C'est le cas avec ces capsules Daily Co Huile de poisson.  Soutien de la fonction cardiaque normale  Un apport quotidien de 250 mg d'EPA et de DHA contribue au fonctionnement normal du c\u0153ur.  Promotion d'une vision normale  Le DHA contribue au maintien d'une vision normale. L'effet b\u00e9n\u00e9fique est obtenu avec un apport quotidien de 250 mg de DHA.  Soutien de la fonction c\u00e9r\u00e9brale normale  Le DHA contribue au maintien d'une fonction c\u00e9r\u00e9brale normale. L'effet b\u00e9n\u00e9fique est obtenu avec un apport quotidien de 250 mg de DHA.  Soutien de la pression art\u00e9rielle normale   Le DHA et l'EPA contribuent au maintien d'une pression art\u00e9rielle normale. L'effet b\u00e9n\u00e9fique est obtenu avec un apport quotidien de 3 grammes de DHA et d'EPA combin\u00e9s.  Daily Co Huile de poisson est la meilleure affaire  Nous voyons r\u00e9guli\u00e8rement des capsules d'huile de poisson \u00e0 des prix tr\u00e8s \u00e9lev\u00e9s. Pourtant, Daily Co prouve qu'un compl\u00e9ment d'om\u00e9ga-3 de haute qualit\u00e9 ne doit absolument pas \u00eatre cher.  Ne paie pas trop cher\u00a0: Daily Co Huile de poisson est une \u00e9vidence, tout comme le DHA pour ton cerveau ;-)","og_url":"https:\/\/vitamines.com\/fr\/product\/daily-co-huile-de-poisson-omega-3\/","og_site_name":"Vitamines","article_publisher":"https:\/\/www.facebook.com\/vitaminescom\/","article_modified_time":"2026-03-16T07:42:59+00:00","og_image":[{"width":1080,"height":1080,"url":"https:\/\/vitamines.com\/wp-content\/uploads\/2023\/01\/Daily-Co-Omega-3-11-.png","type":"image\/png"}],"twitter_card":"summary_large_image","twitter_site":"@vitaminescom","twitter_misc":{"Prix":"&euro;19.95","Disponibilit\u00e9":"Rupture de stock"},"schema":{"@context":"https:\/\/schema.org","@graph":[{"@type":["WebPage","ItemPage"],"@id":"https:\/\/vitamines.com\/fr\/product\/daily-co-huile-de-poisson-omega-3\/","url":"https:\/\/vitamines.com\/fr\/product\/daily-co-huile-de-poisson-omega-3\/","name":"Daily Co Huile de poisson Om\u00e9ga-3 | Vitamines","isPartOf":{"@id":"https:\/\/vitamines.com\/fr\/#website"},"primaryImageOfPage":{"@id":"https:\/\/vitamines.com\/fr\/product\/daily-co-huile-de-poisson-omega-3\/#primaryimage"},"image":{"@id":"https:\/\/vitamines.com\/fr\/product\/daily-co-huile-de-poisson-omega-3\/#primaryimage"},"thumbnailUrl":"https:\/\/vitamines.com\/wp-content\/uploads\/2023\/01\/Daily-Co-Omega-3-111.png","datePublished":"2023-01-19T08:23:48+00:00","dateModified":"2026-03-16T07:42:59+00:00","description":"Daily Co Huile de poisson Om\u00e9ga-3 propose des capsules d'huile de poisson de qualit\u00e9 \u00e0 un prix comp\u00e9titif. Dosage \u00e9lev\u00e9 d'EPA et de DHA. Command\u00e9 aujourd'hui, livr\u00e9 demain.","breadcrumb":{"@id":"https:\/\/vitamines.com\/fr\/product\/daily-co-huile-de-poisson-omega-3\/#breadcrumb"},"inLanguage":"fr-FR","potentialAction":[{"@type":"ReadAction","target":["https:\/\/vitamines.com\/fr\/product\/daily-co-huile-de-poisson-omega-3\/"]}]},{"@type":"ImageObject","inLanguage":"fr-FR","@id":"https:\/\/vitamines.com\/fr\/product\/daily-co-huile-de-poisson-omega-3\/#primaryimage","url":"https:\/\/vitamines.com\/wp-content\/uploads\/2023\/01\/Daily-Co-Omega-3-111.png","contentUrl":"https:\/\/vitamines.com\/wp-content\/uploads\/2023\/01\/Daily-Co-Omega-3-111.png","width":1080,"height":1080},{"@type":"BreadcrumbList","@id":"https:\/\/vitamines.com\/fr\/product\/daily-co-huile-de-poisson-omega-3\/#breadcrumb","itemListElement":[{"@type":"ListItem","position":1,"name":"Home","item":"https:\/\/vitamines.com\/fr\/"},{"@type":"ListItem","position":2,"name":"Daily Co Huile de poisson Om\u00e9ga-3"}]},{"@type":"WebSite","@id":"https:\/\/vitamines.com\/fr\/#website","url":"https:\/\/vitamines.com\/fr\/","name":"Vitamines","description":"Alle kwalitatieve vitamines, mineralen en supplementen bij d\u00e9 vitamine experts van Belgi\u00eb en Nederland.","publisher":{"@id":"https:\/\/vitamines.com\/fr\/#organization"},"alternateName":"Vitamins","potentialAction":[{"@type":"SearchAction","target":{"@type":"EntryPoint","urlTemplate":"https:\/\/vitamines.com\/fr\/?s={search_term_string}"},"query-input":{"@type":"PropertyValueSpecification","valueRequired":true,"valueName":"search_term_string"}}],"inLanguage":"fr-FR"},{"@type":["Organization","Place","HealthAndBeautyBusiness"],"@id":"https:\/\/vitamines.com\/fr\/#organization","name":"Vitamines","alternateName":"Vitamins","url":"https:\/\/vitamines.com\/fr\/","logo":{"@id":"https:\/\/vitamines.com\/fr\/product\/daily-co-huile-de-poisson-omega-3\/#local-main-organization-logo"},"image":{"@id":"https:\/\/vitamines.com\/fr\/product\/daily-co-huile-de-poisson-omega-3\/#local-main-organization-logo"},"sameAs":["https:\/\/www.facebook.com\/vitaminescom\/","https:\/\/x.com\/vitaminescom","https:\/\/www.instagram.com\/vitaminescom\/","https:\/\/www.linkedin.com\/company\/vitaminescom\/","https:\/\/nl.pinterest.com\/vitaminescom\/","https:\/\/www.tiktok.com\/@vitamines.com","https:\/\/www.youtube.com\/@vitaminescom","https:\/\/nl.trustpilot.com\/review\/vitamines.com"],"description":"Vitamines koop je natuurlijk op Vitamines.com. Keus uit meer dan 10.000 vitaminen & supplementen, direct uit voorraad leverbaar. Denk hierbij aan vitamine A, vitamine B, vitamine C, vitamine D, calcium, chroom, ijzer, kalium of koper. Maar ook eiwitten (prote\u00efne), magnesium, mangaan, selenium, collageen poeder en multivitaminen zijn populaire voedingssupplementen die je kunt bestellen in de webshop van Vitamines.","legalName":"Vitamines.com B.V.","foundingDate":"1997-08-15","numberOfEmployees":{"@type":"QuantitativeValue","minValue":"11","maxValue":"50"},"address":{"@id":"https:\/\/vitamines.com\/fr\/product\/daily-co-huile-de-poisson-omega-3\/#local-main-place-address"},"telephone":["020 308 6875"],"contactPoint":{"@type":"ContactPoint","email":"support@vitamines.com"},"openingHoursSpecification":{"@type":"OpeningHoursSpecification","dayOfWeek":["Monday","Tuesday","Wednesday","Thursday","Friday","Saturday","Sunday"],"opens":"00:00","closes":"23:59"},"priceRange":"$$","currenciesAccepted":"EUR"},{"@type":"PostalAddress","@id":"https:\/\/vitamines.com\/fr\/product\/daily-co-huile-de-poisson-omega-3\/#local-main-place-address","streetAddress":"Professor J.H. Bavincklaan 2","addressLocality":"Amstelveen","postalCode":"1183 AT","addressRegion":"NH","addressCountry":"NL"},{"@type":"ImageObject","inLanguage":"fr-FR","@id":"https:\/\/vitamines.com\/fr\/product\/daily-co-huile-de-poisson-omega-3\/#local-main-organization-logo","url":"https:\/\/vitamines.com\/wp-content\/uploads\/2024\/10\/vitamines.svg","contentUrl":"https:\/\/vitamines.com\/wp-content\/uploads\/2024\/10\/vitamines.svg","width":132,"height":24,"caption":"Vitamines"}]},"product_brand":"Daily Co","product_price_amount":"19.95","product_price_currency":"EUR","og_availability":"out of stock","product_availability":"out of stock","product_retailer_item_id":"285468","product_condition":"new","geo.placename":"Amstelveen","geo.region":"Pays-Bas"},"_links":{"self":[{"href":"https:\/\/vitamines.com\/fr\/wp-json\/wp\/v2\/product\/1553591","targetHints":{"allow":["GET"]}}],"collection":[{"href":"https:\/\/vitamines.com\/fr\/wp-json\/wp\/v2\/product"}],"about":[{"href":"https:\/\/vitamines.com\/fr\/wp-json\/wp\/v2\/types\/product"}],"replies":[{"embeddable":true,"href":"https:\/\/vitamines.com\/fr\/wp-json\/wp\/v2\/comments?post=1553591"}],"wp:featuredmedia":[{"embeddable":true,"href":"https:\/\/vitamines.com\/fr\/wp-json\/wp\/v2\/media\/1556683"}],"wp:attachment":[{"href":"https:\/\/vitamines.com\/fr\/wp-json\/wp\/v2\/media?parent=1553591"}],"wp:term":[{"taxonomy":"product_brand","embeddable":true,"href":"https:\/\/vitamines.com\/fr\/wp-json\/wp\/v2\/product_brand?post=1553591"},{"taxonomy":"product_cat","embeddable":true,"href":"https:\/\/vitamines.com\/fr\/wp-json\/wp\/v2\/product_cat?post=1553591"},{"taxonomy":"product_tag","embeddable":true,"href":"https:\/\/vitamines.com\/fr\/wp-json\/wp\/v2\/product_tag?post=1553591"},{"taxonomy":"merken","embeddable":true,"href":"https:\/\/vitamines.com\/fr\/wp-json\/wp\/v2\/merken?post=1553591"},{"taxonomy":"producttype","embeddable":true,"href":"https:\/\/vitamines.com\/fr\/wp-json\/wp\/v2\/producttype?post=1553591"},{"taxonomy":"aanbieding","embeddable":true,"href":"https:\/\/vitamines.com\/fr\/wp-json\/wp\/v2\/aanbieding?post=1553591"}],"curies":[{"name":"wp","href":"https:\/\/api.w.org\/{rel}","templated":true}]}}