{"id":1553695,"date":"2022-12-20T08:49:49","date_gmt":"2022-12-20T07:49:49","guid":{"rendered":"https:\/\/vitamines.com\/product\/daily-co-vitamine-c1000\/"},"modified":"2026-02-02T14:12:33","modified_gmt":"2026-02-02T13:12:33","slug":"daily-co-vitamine-c1000","status":"publish","type":"product","link":"https:\/\/vitamines.com\/fr\/product\/daily-co-vitamine-c1000\/","title":{"rendered":"Daily Co Vitamine C1000"},"content":{"rendered":"","protected":false},"excerpt":{"rendered":"<p>Daily Co Vitamine C1000 offre une dose \u00e9lev\u00e9e de 1000 mg de vitamine C par comprim\u00e9, id\u00e9ale pour soutenir quotidiennement votre sant\u00e9. Cette variante est con\u00e7ue pour offrir une valeur maximale pour une fraction du prix, vous permettant de b\u00e9n\u00e9ficier d&#8217;une qualit\u00e9 sup\u00e9rieure sans co\u00fbts \u00e9lev\u00e9s. La vitamine C, sous forme d&#8217;acide ascorbique, est un puissant antioxydant naturellement pr\u00e9sent dans les fruits et l\u00e9gumes.  <\/p>\n<p>Le compl\u00e9ment contient des bioflavono\u00efdes d&#8217;agrumes ajout\u00e9s, qui soutiennent l&#8217;absorption de la vitamine C, et de l&#8217;extrait d&#8217;\u00e9glantier, un ingr\u00e9dient traditionnellement appr\u00e9ci\u00e9.<\/p>\n<p>Gr\u00e2ce \u00e0 sa forme pratique en comprim\u00e9s, Daily Co Vitamine C1000 est facile \u00e0 utiliser, sans tracas. Un excellent choix pour ceux qui recherchent une dose \u00e9lev\u00e9e de vitamine C, avec un rapport qualit\u00e9-prix optimal. <\/p>\n","protected":false},"featured_media":1556691,"comment_status":"open","ping_status":"closed","template":"","meta":{"_acf_changed":false,"inline_featured_image":false},"product_brand":[],"product_cat":[2233,2234,2344],"product_tag":[2566,2575],"merken":[527],"producttype":[342],"aanbieding":[],"class_list":{"0":"post-1553695","1":"product","2":"type-product","3":"status-publish","4":"has-post-thumbnail","6":"product_cat-meilleures-ventes","7":"product_cat-offres","8":"product_cat-vitamine-c","9":"product_tag-concentration","10":"product_tag-resistance","11":"merken-daily-co","12":"producttype-tablet","14":"first","15":"instock","16":"taxable","17":"shipping-taxable","18":"purchasable","19":"product-type-simple"},"bundled_by":[],"bundle_stock_status":"instock","bundle_stock_quantity":null,"bundle_virtual":false,"bundle_layout":"","bundle_add_to_cart_form_location":"","bundle_editable_in_cart":false,"bundle_sold_individually_context":"","bundle_item_grouping":"","bundle_min_size":"","bundle_max_size":"","bundle_price":[],"bundled_items":[],"bundle_sell_ids":[],"group_of_quantity":0,"min_quantity":0,"max_quantity":"","exclude_order_quantity_value_rules":"no","exclude_category_quantity_rules":"no","combine_variations":"no","acf":[],"yoast_head":"<!-- This site is optimized with the Yoast SEO Premium plugin v27.3 (Yoast SEO v27.3) - https:\/\/yoast.com\/product\/yoast-seo-premium-wordpress\/ -->\n<title>Daily Co Vitamine C1000 | Vitamines<\/title>\n<meta name=\"description\" content=\"Daily Co Vitamine C1000 kopen doe je voordelig in de shop van Vitamines. Vandaag besteld, morgen in huis. Daily Co Vitamine C1000 offre une dose \u00e9lev\u00e9e de 1000 mg de vitamine C par comprim\u00e9, id\u00e9ale pour soutenir quotidiennement votre sant\u00e9. Cette variante est con\u00e7ue pour offrir une valeur maximale pour une fraction du prix, vous permettant de b\u00e9n\u00e9ficier d&#039;une qualit\u00e9 sup\u00e9rieure sans co\u00fbts \u00e9lev\u00e9s. La vitamine C, sous forme d&#039;acide ascorbique, est un puissant antioxydant naturellement pr\u00e9sent dans les fruits et l\u00e9gumes.  Le compl\u00e9ment contient des bioflavono\u00efdes d&#039;agrumes ajout\u00e9s, qui soutiennent l&#039;absorption de la vitamine C, et de l&#039;extrait d&#039;\u00e9glantier, un ingr\u00e9dient traditionnellement appr\u00e9ci\u00e9. Gr\u00e2ce \u00e0 sa forme pratique en comprim\u00e9s, Daily Co Vitamine C1000 est facile \u00e0 utiliser, sans tracas. Un excellent choix pour ceux qui recherchent une dose \u00e9lev\u00e9e de vitamine C, avec un rapport qualit\u00e9-prix optimal.\" \/>\n<meta name=\"robots\" content=\"index, follow, max-snippet:-1, max-image-preview:large, max-video-preview:-1\" \/>\n<link rel=\"canonical\" href=\"https:\/\/vitamines.com\/fr\/product\/daily-co-vitamine-c1000\/\" \/>\n<meta property=\"og:locale\" content=\"fr_FR\" \/>\n<meta property=\"og:type\" content=\"article\" \/>\n<meta property=\"og:title\" content=\"Daily Co Vitamine C1000 | Vitamines\" \/>\n<meta property=\"og:description\" content=\"Daily Co Vitamine C1000 offre une dose \u00e9lev\u00e9e de 1000 mg de vitamine C par comprim\u00e9, id\u00e9ale pour soutenir quotidiennement votre sant\u00e9. Cette variante est con\u00e7ue pour offrir une valeur maximale pour une fraction du prix, vous permettant de b\u00e9n\u00e9ficier d&#039;une qualit\u00e9 sup\u00e9rieure sans co\u00fbts \u00e9lev\u00e9s. La vitamine C, sous forme d&#039;acide ascorbique, est un puissant antioxydant naturellement pr\u00e9sent dans les fruits et l\u00e9gumes.  Le compl\u00e9ment contient des bioflavono\u00efdes d&#039;agrumes ajout\u00e9s, qui soutiennent l&#039;absorption de la vitamine C, et de l&#039;extrait d&#039;\u00e9glantier, un ingr\u00e9dient traditionnellement appr\u00e9ci\u00e9. Gr\u00e2ce \u00e0 sa forme pratique en comprim\u00e9s, Daily Co Vitamine C1000 est facile \u00e0 utiliser, sans tracas. Un excellent choix pour ceux qui recherchent une dose \u00e9lev\u00e9e de vitamine C, avec un rapport qualit\u00e9-prix optimal.\" \/>\n<meta property=\"og:url\" content=\"https:\/\/vitamines.com\/fr\/product\/daily-co-vitamine-c1000\/\" \/>\n<meta property=\"og:site_name\" content=\"Vitamines\" \/>\n<meta property=\"article:publisher\" content=\"https:\/\/www.facebook.com\/vitaminescom\/\" \/>\n<meta property=\"article:modified_time\" content=\"2026-02-02T13:12:33+00:00\" \/>\n<meta property=\"og:image\" content=\"https:\/\/vitamines.com\/wp-content\/uploads\/2022\/12\/Daily-Co-Vitamine-C-21-1.png\" \/>\n\t<meta property=\"og:image:width\" content=\"1080\" \/>\n\t<meta property=\"og:image:height\" content=\"1080\" \/>\n\t<meta property=\"og:image:type\" content=\"image\/png\" \/>\n<meta name=\"twitter:card\" content=\"summary_large_image\" \/>\n<meta name=\"twitter:site\" content=\"@vitaminescom\" \/>\n<meta name=\"twitter:label1\" content=\"Prix\" \/>\n\t<meta name=\"twitter:data1\" content=\"&euro;15.00\" \/>\n\t<meta name=\"twitter:label2\" content=\"Disponibilit\u00e9\" \/>\n\t<meta name=\"twitter:data2\" content=\"En stock\" \/>\n<script type=\"application\/ld+json\" class=\"yoast-schema-graph\">{\"@context\":\"https:\\\/\\\/schema.org\",\"@graph\":[{\"@type\":[\"WebPage\",\"ItemPage\"],\"@id\":\"https:\\\/\\\/vitamines.com\\\/fr\\\/product\\\/daily-co-vitamine-c1000\\\/\",\"url\":\"https:\\\/\\\/vitamines.com\\\/fr\\\/product\\\/daily-co-vitamine-c1000\\\/\",\"name\":\"Daily Co Vitamine C1000 | Vitamines\",\"isPartOf\":{\"@id\":\"https:\\\/\\\/vitamines.com\\\/fr\\\/#website\"},\"primaryImageOfPage\":{\"@id\":\"https:\\\/\\\/vitamines.com\\\/fr\\\/product\\\/daily-co-vitamine-c1000\\\/#primaryimage\"},\"image\":{\"@id\":\"https:\\\/\\\/vitamines.com\\\/fr\\\/product\\\/daily-co-vitamine-c1000\\\/#primaryimage\"},\"thumbnailUrl\":\"https:\\\/\\\/vitamines.com\\\/wp-content\\\/uploads\\\/2022\\\/12\\\/Daily-Co-Vitamine-C-111.png\",\"datePublished\":\"2022-12-20T07:49:49+00:00\",\"dateModified\":\"2026-02-02T13:12:33+00:00\",\"description\":\"Daily Co Vitamine C1000 kopen doe je voordelig in de shop van Vitamines. Vandaag besteld, morgen in huis. Daily Co Vitamine C1000 offre une dose \u00e9lev\u00e9e de 1000 mg de vitamine C par comprim\u00e9, id\u00e9ale pour soutenir quotidiennement votre sant\u00e9. Cette variante est con\u00e7ue pour offrir une valeur maximale pour une fraction du prix, vous permettant de b\u00e9n\u00e9ficier d'une qualit\u00e9 sup\u00e9rieure sans co\u00fbts \u00e9lev\u00e9s. La vitamine C, sous forme d'acide ascorbique, est un puissant antioxydant naturellement pr\u00e9sent dans les fruits et l\u00e9gumes. Le compl\u00e9ment contient des bioflavono\u00efdes d'agrumes ajout\u00e9s, qui soutiennent l'absorption de la vitamine C, et de l'extrait d'\u00e9glantier, un ingr\u00e9dient traditionnellement appr\u00e9ci\u00e9. Gr\u00e2ce \u00e0 sa forme pratique en comprim\u00e9s, Daily Co Vitamine C1000 est facile \u00e0 utiliser, sans tracas. Un excellent choix pour ceux qui recherchent une dose \u00e9lev\u00e9e de vitamine C, avec un rapport qualit\u00e9-prix optimal.\",\"breadcrumb\":{\"@id\":\"https:\\\/\\\/vitamines.com\\\/fr\\\/product\\\/daily-co-vitamine-c1000\\\/#breadcrumb\"},\"inLanguage\":\"fr-FR\",\"potentialAction\":[{\"@type\":\"ReadAction\",\"target\":[\"https:\\\/\\\/vitamines.com\\\/fr\\\/product\\\/daily-co-vitamine-c1000\\\/\"]}]},{\"@type\":\"ImageObject\",\"inLanguage\":\"fr-FR\",\"@id\":\"https:\\\/\\\/vitamines.com\\\/fr\\\/product\\\/daily-co-vitamine-c1000\\\/#primaryimage\",\"url\":\"https:\\\/\\\/vitamines.com\\\/wp-content\\\/uploads\\\/2022\\\/12\\\/Daily-Co-Vitamine-C-111.png\",\"contentUrl\":\"https:\\\/\\\/vitamines.com\\\/wp-content\\\/uploads\\\/2022\\\/12\\\/Daily-Co-Vitamine-C-111.png\",\"width\":1080,\"height\":1080},{\"@type\":\"BreadcrumbList\",\"@id\":\"https:\\\/\\\/vitamines.com\\\/fr\\\/product\\\/daily-co-vitamine-c1000\\\/#breadcrumb\",\"itemListElement\":[{\"@type\":\"ListItem\",\"position\":1,\"name\":\"Home\",\"item\":\"https:\\\/\\\/vitamines.com\\\/fr\\\/\"},{\"@type\":\"ListItem\",\"position\":2,\"name\":\"Daily Co Vitamine C1000\"}]},{\"@type\":\"WebSite\",\"@id\":\"https:\\\/\\\/vitamines.com\\\/fr\\\/#website\",\"url\":\"https:\\\/\\\/vitamines.com\\\/fr\\\/\",\"name\":\"Vitamines\",\"description\":\"Alle kwalitatieve vitamines, mineralen en supplementen bij d\u00e9 vitamine experts van Belgi\u00eb en Nederland.\",\"publisher\":{\"@id\":\"https:\\\/\\\/vitamines.com\\\/fr\\\/#organization\"},\"alternateName\":\"Vitamins\",\"potentialAction\":[{\"@type\":\"SearchAction\",\"target\":{\"@type\":\"EntryPoint\",\"urlTemplate\":\"https:\\\/\\\/vitamines.com\\\/fr\\\/?s={search_term_string}\"},\"query-input\":{\"@type\":\"PropertyValueSpecification\",\"valueRequired\":true,\"valueName\":\"search_term_string\"}}],\"inLanguage\":\"fr-FR\"},{\"@type\":[\"Organization\",\"Place\",\"HealthAndBeautyBusiness\"],\"@id\":\"https:\\\/\\\/vitamines.com\\\/fr\\\/#organization\",\"name\":\"Vitamines\",\"alternateName\":\"Vitamins\",\"url\":\"https:\\\/\\\/vitamines.com\\\/fr\\\/\",\"logo\":{\"@id\":\"https:\\\/\\\/vitamines.com\\\/fr\\\/product\\\/daily-co-vitamine-c1000\\\/#local-main-organization-logo\"},\"image\":{\"@id\":\"https:\\\/\\\/vitamines.com\\\/fr\\\/product\\\/daily-co-vitamine-c1000\\\/#local-main-organization-logo\"},\"sameAs\":[\"https:\\\/\\\/www.facebook.com\\\/vitaminescom\\\/\",\"https:\\\/\\\/x.com\\\/vitaminescom\",\"https:\\\/\\\/www.instagram.com\\\/vitaminescom\\\/\",\"https:\\\/\\\/www.linkedin.com\\\/company\\\/vitaminescom\\\/\",\"https:\\\/\\\/nl.pinterest.com\\\/vitaminescom\\\/\",\"https:\\\/\\\/www.tiktok.com\\\/@vitamines.com\",\"https:\\\/\\\/www.youtube.com\\\/@vitaminescom\",\"https:\\\/\\\/nl.trustpilot.com\\\/review\\\/vitamines.com\"],\"description\":\"Vitamines koop je natuurlijk op Vitamines.com. Keus uit meer dan 10.000 vitaminen & supplementen, direct uit voorraad leverbaar. Denk hierbij aan vitamine A, vitamine B, vitamine C, vitamine D, calcium, chroom, ijzer, kalium of koper. Maar ook eiwitten (prote\u00efne), magnesium, mangaan, selenium, collageen poeder en multivitaminen zijn populaire voedingssupplementen die je kunt bestellen in de webshop van Vitamines.\",\"legalName\":\"Vitamines.com B.V.\",\"foundingDate\":\"1997-08-15\",\"numberOfEmployees\":{\"@type\":\"QuantitativeValue\",\"minValue\":\"11\",\"maxValue\":\"50\"},\"address\":{\"@id\":\"https:\\\/\\\/vitamines.com\\\/fr\\\/product\\\/daily-co-vitamine-c1000\\\/#local-main-place-address\"},\"telephone\":[\"020 308 6875\"],\"contactPoint\":{\"@type\":\"ContactPoint\",\"email\":\"support@vitamines.com\"},\"openingHoursSpecification\":{\"@type\":\"OpeningHoursSpecification\",\"dayOfWeek\":[\"Monday\",\"Tuesday\",\"Wednesday\",\"Thursday\",\"Friday\",\"Saturday\",\"Sunday\"],\"opens\":\"00:00\",\"closes\":\"23:59\"},\"priceRange\":\"$$\",\"currenciesAccepted\":\"EUR\"},{\"@type\":\"PostalAddress\",\"@id\":\"https:\\\/\\\/vitamines.com\\\/fr\\\/product\\\/daily-co-vitamine-c1000\\\/#local-main-place-address\",\"streetAddress\":\"Professor J.H. Bavincklaan 2\",\"addressLocality\":\"Amstelveen\",\"postalCode\":\"1183 AT\",\"addressRegion\":\"NH\",\"addressCountry\":\"NL\"},{\"@type\":\"ImageObject\",\"inLanguage\":\"fr-FR\",\"@id\":\"https:\\\/\\\/vitamines.com\\\/fr\\\/product\\\/daily-co-vitamine-c1000\\\/#local-main-organization-logo\",\"url\":\"https:\\\/\\\/vitamines.com\\\/wp-content\\\/uploads\\\/2024\\\/10\\\/vitamines.svg\",\"contentUrl\":\"https:\\\/\\\/vitamines.com\\\/wp-content\\\/uploads\\\/2024\\\/10\\\/vitamines.svg\",\"width\":132,\"height\":24,\"caption\":\"Vitamines\"}]}<\/script>\n<meta property=\"product:brand\" content=\"Daily Co\" \/>\n<meta property=\"product:price:amount\" content=\"15.00\" \/>\n<meta property=\"product:price:currency\" content=\"EUR\" \/>\n<meta property=\"og:availability\" content=\"instock\" \/>\n<meta property=\"product:availability\" content=\"instock\" \/>\n<meta property=\"product:retailer_item_id\" content=\"285467\" \/>\n<meta property=\"product:condition\" content=\"new\" \/>\n<meta name=\"geo.placename\" content=\"Amstelveen\" \/>\n<meta name=\"geo.region\" content=\"Pays-Bas\" \/>\n<!-- \/ Yoast SEO Premium plugin. -->","yoast_head_json":{"title":"Daily Co Vitamine C1000 | Vitamines","description":"Daily Co Vitamine C1000 kopen doe je voordelig in de shop van Vitamines. Vandaag besteld, morgen in huis. Daily Co Vitamine C1000 offre une dose \u00e9lev\u00e9e de 1000 mg de vitamine C par comprim\u00e9, id\u00e9ale pour soutenir quotidiennement votre sant\u00e9. Cette variante est con\u00e7ue pour offrir une valeur maximale pour une fraction du prix, vous permettant de b\u00e9n\u00e9ficier d'une qualit\u00e9 sup\u00e9rieure sans co\u00fbts \u00e9lev\u00e9s. La vitamine C, sous forme d'acide ascorbique, est un puissant antioxydant naturellement pr\u00e9sent dans les fruits et l\u00e9gumes.  Le compl\u00e9ment contient des bioflavono\u00efdes d'agrumes ajout\u00e9s, qui soutiennent l'absorption de la vitamine C, et de l'extrait d'\u00e9glantier, un ingr\u00e9dient traditionnellement appr\u00e9ci\u00e9. Gr\u00e2ce \u00e0 sa forme pratique en comprim\u00e9s, Daily Co Vitamine C1000 est facile \u00e0 utiliser, sans tracas. Un excellent choix pour ceux qui recherchent une dose \u00e9lev\u00e9e de vitamine C, avec un rapport qualit\u00e9-prix optimal.","robots":{"index":"index","follow":"follow","max-snippet":"max-snippet:-1","max-image-preview":"max-image-preview:large","max-video-preview":"max-video-preview:-1"},"canonical":"https:\/\/vitamines.com\/fr\/product\/daily-co-vitamine-c1000\/","og_locale":"fr_FR","og_type":"article","og_title":"Daily Co Vitamine C1000 | Vitamines","og_description":"Daily Co Vitamine C1000 offre une dose \u00e9lev\u00e9e de 1000 mg de vitamine C par comprim\u00e9, id\u00e9ale pour soutenir quotidiennement votre sant\u00e9. Cette variante est con\u00e7ue pour offrir une valeur maximale pour une fraction du prix, vous permettant de b\u00e9n\u00e9ficier d'une qualit\u00e9 sup\u00e9rieure sans co\u00fbts \u00e9lev\u00e9s. La vitamine C, sous forme d'acide ascorbique, est un puissant antioxydant naturellement pr\u00e9sent dans les fruits et l\u00e9gumes.  Le compl\u00e9ment contient des bioflavono\u00efdes d'agrumes ajout\u00e9s, qui soutiennent l'absorption de la vitamine C, et de l'extrait d'\u00e9glantier, un ingr\u00e9dient traditionnellement appr\u00e9ci\u00e9. Gr\u00e2ce \u00e0 sa forme pratique en comprim\u00e9s, Daily Co Vitamine C1000 est facile \u00e0 utiliser, sans tracas. Un excellent choix pour ceux qui recherchent une dose \u00e9lev\u00e9e de vitamine C, avec un rapport qualit\u00e9-prix optimal.","og_url":"https:\/\/vitamines.com\/fr\/product\/daily-co-vitamine-c1000\/","og_site_name":"Vitamines","article_publisher":"https:\/\/www.facebook.com\/vitaminescom\/","article_modified_time":"2026-02-02T13:12:33+00:00","og_image":[{"width":1080,"height":1080,"url":"https:\/\/vitamines.com\/wp-content\/uploads\/2022\/12\/Daily-Co-Vitamine-C-21-1.png","type":"image\/png"}],"twitter_card":"summary_large_image","twitter_site":"@vitaminescom","twitter_misc":{"Prix":"&euro;15.00","Disponibilit\u00e9":"En stock"},"schema":{"@context":"https:\/\/schema.org","@graph":[{"@type":["WebPage","ItemPage"],"@id":"https:\/\/vitamines.com\/fr\/product\/daily-co-vitamine-c1000\/","url":"https:\/\/vitamines.com\/fr\/product\/daily-co-vitamine-c1000\/","name":"Daily Co Vitamine C1000 | Vitamines","isPartOf":{"@id":"https:\/\/vitamines.com\/fr\/#website"},"primaryImageOfPage":{"@id":"https:\/\/vitamines.com\/fr\/product\/daily-co-vitamine-c1000\/#primaryimage"},"image":{"@id":"https:\/\/vitamines.com\/fr\/product\/daily-co-vitamine-c1000\/#primaryimage"},"thumbnailUrl":"https:\/\/vitamines.com\/wp-content\/uploads\/2022\/12\/Daily-Co-Vitamine-C-111.png","datePublished":"2022-12-20T07:49:49+00:00","dateModified":"2026-02-02T13:12:33+00:00","description":"Daily Co Vitamine C1000 kopen doe je voordelig in de shop van Vitamines. Vandaag besteld, morgen in huis. Daily Co Vitamine C1000 offre une dose \u00e9lev\u00e9e de 1000 mg de vitamine C par comprim\u00e9, id\u00e9ale pour soutenir quotidiennement votre sant\u00e9. Cette variante est con\u00e7ue pour offrir une valeur maximale pour une fraction du prix, vous permettant de b\u00e9n\u00e9ficier d'une qualit\u00e9 sup\u00e9rieure sans co\u00fbts \u00e9lev\u00e9s. La vitamine C, sous forme d'acide ascorbique, est un puissant antioxydant naturellement pr\u00e9sent dans les fruits et l\u00e9gumes. Le compl\u00e9ment contient des bioflavono\u00efdes d'agrumes ajout\u00e9s, qui soutiennent l'absorption de la vitamine C, et de l'extrait d'\u00e9glantier, un ingr\u00e9dient traditionnellement appr\u00e9ci\u00e9. Gr\u00e2ce \u00e0 sa forme pratique en comprim\u00e9s, Daily Co Vitamine C1000 est facile \u00e0 utiliser, sans tracas. Un excellent choix pour ceux qui recherchent une dose \u00e9lev\u00e9e de vitamine C, avec un rapport qualit\u00e9-prix optimal.","breadcrumb":{"@id":"https:\/\/vitamines.com\/fr\/product\/daily-co-vitamine-c1000\/#breadcrumb"},"inLanguage":"fr-FR","potentialAction":[{"@type":"ReadAction","target":["https:\/\/vitamines.com\/fr\/product\/daily-co-vitamine-c1000\/"]}]},{"@type":"ImageObject","inLanguage":"fr-FR","@id":"https:\/\/vitamines.com\/fr\/product\/daily-co-vitamine-c1000\/#primaryimage","url":"https:\/\/vitamines.com\/wp-content\/uploads\/2022\/12\/Daily-Co-Vitamine-C-111.png","contentUrl":"https:\/\/vitamines.com\/wp-content\/uploads\/2022\/12\/Daily-Co-Vitamine-C-111.png","width":1080,"height":1080},{"@type":"BreadcrumbList","@id":"https:\/\/vitamines.com\/fr\/product\/daily-co-vitamine-c1000\/#breadcrumb","itemListElement":[{"@type":"ListItem","position":1,"name":"Home","item":"https:\/\/vitamines.com\/fr\/"},{"@type":"ListItem","position":2,"name":"Daily Co Vitamine C1000"}]},{"@type":"WebSite","@id":"https:\/\/vitamines.com\/fr\/#website","url":"https:\/\/vitamines.com\/fr\/","name":"Vitamines","description":"Alle kwalitatieve vitamines, mineralen en supplementen bij d\u00e9 vitamine experts van Belgi\u00eb en Nederland.","publisher":{"@id":"https:\/\/vitamines.com\/fr\/#organization"},"alternateName":"Vitamins","potentialAction":[{"@type":"SearchAction","target":{"@type":"EntryPoint","urlTemplate":"https:\/\/vitamines.com\/fr\/?s={search_term_string}"},"query-input":{"@type":"PropertyValueSpecification","valueRequired":true,"valueName":"search_term_string"}}],"inLanguage":"fr-FR"},{"@type":["Organization","Place","HealthAndBeautyBusiness"],"@id":"https:\/\/vitamines.com\/fr\/#organization","name":"Vitamines","alternateName":"Vitamins","url":"https:\/\/vitamines.com\/fr\/","logo":{"@id":"https:\/\/vitamines.com\/fr\/product\/daily-co-vitamine-c1000\/#local-main-organization-logo"},"image":{"@id":"https:\/\/vitamines.com\/fr\/product\/daily-co-vitamine-c1000\/#local-main-organization-logo"},"sameAs":["https:\/\/www.facebook.com\/vitaminescom\/","https:\/\/x.com\/vitaminescom","https:\/\/www.instagram.com\/vitaminescom\/","https:\/\/www.linkedin.com\/company\/vitaminescom\/","https:\/\/nl.pinterest.com\/vitaminescom\/","https:\/\/www.tiktok.com\/@vitamines.com","https:\/\/www.youtube.com\/@vitaminescom","https:\/\/nl.trustpilot.com\/review\/vitamines.com"],"description":"Vitamines koop je natuurlijk op Vitamines.com. Keus uit meer dan 10.000 vitaminen & supplementen, direct uit voorraad leverbaar. Denk hierbij aan vitamine A, vitamine B, vitamine C, vitamine D, calcium, chroom, ijzer, kalium of koper. Maar ook eiwitten (prote\u00efne), magnesium, mangaan, selenium, collageen poeder en multivitaminen zijn populaire voedingssupplementen die je kunt bestellen in de webshop van Vitamines.","legalName":"Vitamines.com B.V.","foundingDate":"1997-08-15","numberOfEmployees":{"@type":"QuantitativeValue","minValue":"11","maxValue":"50"},"address":{"@id":"https:\/\/vitamines.com\/fr\/product\/daily-co-vitamine-c1000\/#local-main-place-address"},"telephone":["020 308 6875"],"contactPoint":{"@type":"ContactPoint","email":"support@vitamines.com"},"openingHoursSpecification":{"@type":"OpeningHoursSpecification","dayOfWeek":["Monday","Tuesday","Wednesday","Thursday","Friday","Saturday","Sunday"],"opens":"00:00","closes":"23:59"},"priceRange":"$$","currenciesAccepted":"EUR"},{"@type":"PostalAddress","@id":"https:\/\/vitamines.com\/fr\/product\/daily-co-vitamine-c1000\/#local-main-place-address","streetAddress":"Professor J.H. Bavincklaan 2","addressLocality":"Amstelveen","postalCode":"1183 AT","addressRegion":"NH","addressCountry":"NL"},{"@type":"ImageObject","inLanguage":"fr-FR","@id":"https:\/\/vitamines.com\/fr\/product\/daily-co-vitamine-c1000\/#local-main-organization-logo","url":"https:\/\/vitamines.com\/wp-content\/uploads\/2024\/10\/vitamines.svg","contentUrl":"https:\/\/vitamines.com\/wp-content\/uploads\/2024\/10\/vitamines.svg","width":132,"height":24,"caption":"Vitamines"}]},"product_brand":"Daily Co","product_price_amount":"15.00","product_price_currency":"EUR","og_availability":"instock","product_availability":"instock","product_retailer_item_id":"285467","product_condition":"new","geo.placename":"Amstelveen","geo.region":"Pays-Bas"},"_links":{"self":[{"href":"https:\/\/vitamines.com\/fr\/wp-json\/wp\/v2\/product\/1553695","targetHints":{"allow":["GET"]}}],"collection":[{"href":"https:\/\/vitamines.com\/fr\/wp-json\/wp\/v2\/product"}],"about":[{"href":"https:\/\/vitamines.com\/fr\/wp-json\/wp\/v2\/types\/product"}],"replies":[{"embeddable":true,"href":"https:\/\/vitamines.com\/fr\/wp-json\/wp\/v2\/comments?post=1553695"}],"wp:featuredmedia":[{"embeddable":true,"href":"https:\/\/vitamines.com\/fr\/wp-json\/wp\/v2\/media\/1556691"}],"wp:attachment":[{"href":"https:\/\/vitamines.com\/fr\/wp-json\/wp\/v2\/media?parent=1553695"}],"wp:term":[{"taxonomy":"product_brand","embeddable":true,"href":"https:\/\/vitamines.com\/fr\/wp-json\/wp\/v2\/product_brand?post=1553695"},{"taxonomy":"product_cat","embeddable":true,"href":"https:\/\/vitamines.com\/fr\/wp-json\/wp\/v2\/product_cat?post=1553695"},{"taxonomy":"product_tag","embeddable":true,"href":"https:\/\/vitamines.com\/fr\/wp-json\/wp\/v2\/product_tag?post=1553695"},{"taxonomy":"merken","embeddable":true,"href":"https:\/\/vitamines.com\/fr\/wp-json\/wp\/v2\/merken?post=1553695"},{"taxonomy":"producttype","embeddable":true,"href":"https:\/\/vitamines.com\/fr\/wp-json\/wp\/v2\/producttype?post=1553695"},{"taxonomy":"aanbieding","embeddable":true,"href":"https:\/\/vitamines.com\/fr\/wp-json\/wp\/v2\/aanbieding?post=1553695"}],"curies":[{"name":"wp","href":"https:\/\/api.w.org\/{rel}","templated":true}]}}