{"id":1553766,"date":"2022-12-20T08:53:10","date_gmt":"2022-12-20T07:53:10","guid":{"rendered":"https:\/\/vitamines.com\/product\/daily-co-vitamine-d3-25-mcg-soutien-de-la-resistance\/"},"modified":"2026-02-26T11:07:27","modified_gmt":"2026-02-26T10:07:27","slug":"daily-co-vitamine-d3-25-mcg-soutien-de-la-resistance","status":"publish","type":"product","link":"https:\/\/vitamines.com\/fr\/product\/daily-co-vitamine-d3-25-mcg-soutien-de-la-resistance\/","title":{"rendered":"Daily Co Vitamine D3 25 mcg, soutien de la r\u00e9sistance"},"content":{"rendered":"","protected":false},"excerpt":{"rendered":"<p><strong>Daily Co vitamine D Booster de r\u00e9sistance<\/strong><\/p>\n<p>La vitamine D3 est la forme de vitamine D la mieux absorb\u00e9e. Et c&#8217;est pourquoi c&#8217;est l&#8217;ingr\u00e9dient cl\u00e9 de Daily co Vitamine D3.<br \/>\nDaily Co propose des vitamines de haute qualit\u00e9 \u00e0 un prix abordable. Notre compl\u00e9ment de vitamine D est fortement dos\u00e9, avec un id\u00e9al de 25 mcg par capsule de gel souple. De plus, notre vitamine D contient la forme la plus active, \u00e0 savoir la vitamine D3, qui est absorb\u00e9e de mani\u00e8re optimale en combinaison avec des graisses saines. C&#8217;est pourquoi nous avons opt\u00e9 pour une softgel avec de l&#8217;huile d&#8217;olive extra vierge comme support pour notre vitamine D3. De plus, notre vitamine D3 provient de la graisse de laine, ce qui la rend naturelle et efficace.<\/p>\n<p>La lumi\u00e8re du soleil est la source ultime de vitamine D, l&#8217;\u00e9l\u00e9ment essentiel pour une forte r\u00e9sistance. La vitamine D est connue comme la \u00ab vitamine du soleil \u00bb, car notre corps la fabrique lorsque nous sommes au soleil. Cependant, surtout pendant les mois sombres, il est conseill\u00e9 de prendre un compl\u00e9ment pour s&#8217;assurer que ta r\u00e9sistance reste \u00e0 niveau.<\/p>\n","protected":false},"featured_media":1556714,"comment_status":"open","ping_status":"closed","template":"","meta":{"_acf_changed":false,"inline_featured_image":false},"product_brand":[],"product_cat":[2233,2234,2431,2530],"product_tag":[2575],"merken":[527],"producttype":[346],"aanbieding":[],"class_list":{"0":"post-1553766","1":"product","2":"type-product","3":"status-publish","4":"has-post-thumbnail","6":"product_cat-meilleures-ventes","7":"product_cat-offres","8":"product_cat-pilules-vitaminees","9":"product_cat-vitamine-d3","10":"product_tag-resistance","11":"merken-daily-co","12":"producttype-softgel","14":"first","15":"instock","16":"taxable","17":"shipping-taxable","18":"purchasable","19":"product-type-simple"},"bundled_by":[],"bundle_stock_status":"instock","bundle_stock_quantity":null,"bundle_virtual":false,"bundle_layout":"","bundle_add_to_cart_form_location":"","bundle_editable_in_cart":false,"bundle_sold_individually_context":"","bundle_item_grouping":"","bundle_min_size":"","bundle_max_size":"","bundle_price":[],"bundled_items":[],"bundle_sell_ids":[],"group_of_quantity":0,"min_quantity":0,"max_quantity":"","exclude_order_quantity_value_rules":"no","exclude_category_quantity_rules":"no","combine_variations":"no","acf":[],"yoast_head":"<!-- This site is optimized with the Yoast SEO Premium plugin v27.3 (Yoast SEO v27.3) - https:\/\/yoast.com\/product\/yoast-seo-premium-wordpress\/ -->\n<title>Daily Co Vitamine D3 25 mcg, soutien de la r\u00e9sistance | Vitamines<\/title>\n<meta name=\"description\" content=\"Daily Co Vitamine D3 25 mcg, soutien de la r\u00e9sistance kopen doe je voordelig in de shop van Vitamines. Vandaag besteld, morgen in huis. Daily Co vitamine D Booster de r\u00e9sistance  La vitamine D3 est la forme de vitamine D la mieux absorb\u00e9e. Et c&#039;est pourquoi c&#039;est l&#039;ingr\u00e9dient cl\u00e9 de Daily co Vitamine D3. Daily Co propose des vitamines de haute qualit\u00e9 \u00e0 un prix abordable. Notre compl\u00e9ment de vitamine D est fortement dos\u00e9, avec un id\u00e9al de 25 mcg par capsule de gel souple. De plus, notre vitamine D contient la forme la plus active, \u00e0 savoir la vitamine D3, qui est absorb\u00e9e de mani\u00e8re optimale en combinaison avec des graisses saines. C&#039;est pourquoi nous avons opt\u00e9 pour une softgel avec de l&#039;huile d&#039;olive extra vierge comme support pour notre vitamine D3. De plus, notre vitamine D3 provient de la graisse de laine, ce qui la rend naturelle et efficace.  La lumi\u00e8re du soleil est la source ultime de vitamine D, l&#039;\u00e9l\u00e9ment essentiel pour une forte r\u00e9sistance. La vitamine D est connue comme la \u00ab vitamine du soleil \u00bb, car notre corps la fabrique lorsque nous sommes au soleil. Cependant, surtout pendant les mois sombres, il est conseill\u00e9 de prendre un compl\u00e9ment pour s&#039;assurer que ta r\u00e9sistance reste \u00e0 niveau.\" \/>\n<meta name=\"robots\" content=\"index, follow, max-snippet:-1, max-image-preview:large, max-video-preview:-1\" \/>\n<link rel=\"canonical\" href=\"https:\/\/vitamines.com\/fr\/product\/daily-co-vitamine-d3-25-mcg-soutien-de-la-resistance\/\" \/>\n<meta property=\"og:locale\" content=\"fr_FR\" \/>\n<meta property=\"og:type\" content=\"article\" \/>\n<meta property=\"og:title\" content=\"Daily Co Vitamine D3 25 mcg, soutien de la r\u00e9sistance | Vitamines\" \/>\n<meta property=\"og:description\" content=\"Daily Co vitamine D Booster de r\u00e9sistance  La vitamine D3 est la forme de vitamine D la mieux absorb\u00e9e. Et c&#039;est pourquoi c&#039;est l&#039;ingr\u00e9dient cl\u00e9 de Daily co Vitamine D3. Daily Co propose des vitamines de haute qualit\u00e9 \u00e0 un prix abordable. Notre compl\u00e9ment de vitamine D est fortement dos\u00e9, avec un id\u00e9al de 25 mcg par capsule de gel souple. De plus, notre vitamine D contient la forme la plus active, \u00e0 savoir la vitamine D3, qui est absorb\u00e9e de mani\u00e8re optimale en combinaison avec des graisses saines. C&#039;est pourquoi nous avons opt\u00e9 pour une softgel avec de l&#039;huile d&#039;olive extra vierge comme support pour notre vitamine D3. De plus, notre vitamine D3 provient de la graisse de laine, ce qui la rend naturelle et efficace.  La lumi\u00e8re du soleil est la source ultime de vitamine D, l&#039;\u00e9l\u00e9ment essentiel pour une forte r\u00e9sistance. La vitamine D est connue comme la \u00ab vitamine du soleil \u00bb, car notre corps la fabrique lorsque nous sommes au soleil. Cependant, surtout pendant les mois sombres, il est conseill\u00e9 de prendre un compl\u00e9ment pour s&#039;assurer que ta r\u00e9sistance reste \u00e0 niveau.\" \/>\n<meta property=\"og:url\" content=\"https:\/\/vitamines.com\/fr\/product\/daily-co-vitamine-d3-25-mcg-soutien-de-la-resistance\/\" \/>\n<meta property=\"og:site_name\" content=\"Vitamines\" \/>\n<meta property=\"article:publisher\" content=\"https:\/\/www.facebook.com\/vitaminescom\/\" \/>\n<meta property=\"article:modified_time\" content=\"2026-02-26T10:07:27+00:00\" \/>\n<meta property=\"og:image\" content=\"https:\/\/vitamines.com\/wp-content\/uploads\/2022\/12\/Daily-Co-D3-11.png\" \/>\n\t<meta property=\"og:image:width\" content=\"1080\" \/>\n\t<meta property=\"og:image:height\" content=\"1080\" \/>\n\t<meta property=\"og:image:type\" content=\"image\/png\" \/>\n<meta name=\"twitter:card\" content=\"summary_large_image\" \/>\n<meta name=\"twitter:site\" content=\"@vitaminescom\" \/>\n<meta name=\"twitter:label1\" content=\"Prix\" \/>\n\t<meta name=\"twitter:data1\" content=\"&euro;15.00\" \/>\n\t<meta name=\"twitter:label2\" content=\"Disponibilit\u00e9\" \/>\n\t<meta name=\"twitter:data2\" content=\"En stock\" \/>\n<script type=\"application\/ld+json\" class=\"yoast-schema-graph\">{\"@context\":\"https:\\\/\\\/schema.org\",\"@graph\":[{\"@type\":[\"WebPage\",\"ItemPage\"],\"@id\":\"https:\\\/\\\/vitamines.com\\\/fr\\\/product\\\/daily-co-vitamine-d3-25-mcg-soutien-de-la-resistance\\\/\",\"url\":\"https:\\\/\\\/vitamines.com\\\/fr\\\/product\\\/daily-co-vitamine-d3-25-mcg-soutien-de-la-resistance\\\/\",\"name\":\"Daily Co Vitamine D3 25 mcg, soutien de la r\u00e9sistance | Vitamines\",\"isPartOf\":{\"@id\":\"https:\\\/\\\/vitamines.com\\\/fr\\\/#website\"},\"primaryImageOfPage\":{\"@id\":\"https:\\\/\\\/vitamines.com\\\/fr\\\/product\\\/daily-co-vitamine-d3-25-mcg-soutien-de-la-resistance\\\/#primaryimage\"},\"image\":{\"@id\":\"https:\\\/\\\/vitamines.com\\\/fr\\\/product\\\/daily-co-vitamine-d3-25-mcg-soutien-de-la-resistance\\\/#primaryimage\"},\"thumbnailUrl\":\"https:\\\/\\\/vitamines.com\\\/wp-content\\\/uploads\\\/2022\\\/12\\\/Daily-Co-D3-11.png\",\"datePublished\":\"2022-12-20T07:53:10+00:00\",\"dateModified\":\"2026-02-26T10:07:27+00:00\",\"description\":\"Daily Co Vitamine D3 25 mcg, soutien de la r\u00e9sistance kopen doe je voordelig in de shop van Vitamines. Vandaag besteld, morgen in huis. Daily Co vitamine D Booster de r\u00e9sistance La vitamine D3 est la forme de vitamine D la mieux absorb\u00e9e. Et c'est pourquoi c'est l'ingr\u00e9dient cl\u00e9 de Daily co Vitamine D3. Daily Co propose des vitamines de haute qualit\u00e9 \u00e0 un prix abordable. Notre compl\u00e9ment de vitamine D est fortement dos\u00e9, avec un id\u00e9al de 25 mcg par capsule de gel souple. De plus, notre vitamine D contient la forme la plus active, \u00e0 savoir la vitamine D3, qui est absorb\u00e9e de mani\u00e8re optimale en combinaison avec des graisses saines. C'est pourquoi nous avons opt\u00e9 pour une softgel avec de l'huile d'olive extra vierge comme support pour notre vitamine D3. De plus, notre vitamine D3 provient de la graisse de laine, ce qui la rend naturelle et efficace. La lumi\u00e8re du soleil est la source ultime de vitamine D, l'\u00e9l\u00e9ment essentiel pour une forte r\u00e9sistance. La vitamine D est connue comme la \u00ab vitamine du soleil \u00bb, car notre corps la fabrique lorsque nous sommes au soleil. Cependant, surtout pendant les mois sombres, il est conseill\u00e9 de prendre un compl\u00e9ment pour s'assurer que ta r\u00e9sistance reste \u00e0 niveau.\",\"breadcrumb\":{\"@id\":\"https:\\\/\\\/vitamines.com\\\/fr\\\/product\\\/daily-co-vitamine-d3-25-mcg-soutien-de-la-resistance\\\/#breadcrumb\"},\"inLanguage\":\"fr-FR\",\"potentialAction\":[{\"@type\":\"ReadAction\",\"target\":[\"https:\\\/\\\/vitamines.com\\\/fr\\\/product\\\/daily-co-vitamine-d3-25-mcg-soutien-de-la-resistance\\\/\"]}]},{\"@type\":\"ImageObject\",\"inLanguage\":\"fr-FR\",\"@id\":\"https:\\\/\\\/vitamines.com\\\/fr\\\/product\\\/daily-co-vitamine-d3-25-mcg-soutien-de-la-resistance\\\/#primaryimage\",\"url\":\"https:\\\/\\\/vitamines.com\\\/wp-content\\\/uploads\\\/2022\\\/12\\\/Daily-Co-D3-11.png\",\"contentUrl\":\"https:\\\/\\\/vitamines.com\\\/wp-content\\\/uploads\\\/2022\\\/12\\\/Daily-Co-D3-11.png\",\"width\":1080,\"height\":1080},{\"@type\":\"BreadcrumbList\",\"@id\":\"https:\\\/\\\/vitamines.com\\\/fr\\\/product\\\/daily-co-vitamine-d3-25-mcg-soutien-de-la-resistance\\\/#breadcrumb\",\"itemListElement\":[{\"@type\":\"ListItem\",\"position\":1,\"name\":\"Home\",\"item\":\"https:\\\/\\\/vitamines.com\\\/fr\\\/\"},{\"@type\":\"ListItem\",\"position\":2,\"name\":\"Daily Co Vitamine D3 25 mcg, soutien de la r\u00e9sistance\"}]},{\"@type\":\"WebSite\",\"@id\":\"https:\\\/\\\/vitamines.com\\\/fr\\\/#website\",\"url\":\"https:\\\/\\\/vitamines.com\\\/fr\\\/\",\"name\":\"Vitamines\",\"description\":\"Alle kwalitatieve vitamines, mineralen en supplementen bij d\u00e9 vitamine experts van Belgi\u00eb en Nederland.\",\"publisher\":{\"@id\":\"https:\\\/\\\/vitamines.com\\\/fr\\\/#organization\"},\"alternateName\":\"Vitamins\",\"potentialAction\":[{\"@type\":\"SearchAction\",\"target\":{\"@type\":\"EntryPoint\",\"urlTemplate\":\"https:\\\/\\\/vitamines.com\\\/fr\\\/?s={search_term_string}\"},\"query-input\":{\"@type\":\"PropertyValueSpecification\",\"valueRequired\":true,\"valueName\":\"search_term_string\"}}],\"inLanguage\":\"fr-FR\"},{\"@type\":[\"Organization\",\"Place\",\"HealthAndBeautyBusiness\"],\"@id\":\"https:\\\/\\\/vitamines.com\\\/fr\\\/#organization\",\"name\":\"Vitamines\",\"alternateName\":\"Vitamins\",\"url\":\"https:\\\/\\\/vitamines.com\\\/fr\\\/\",\"logo\":{\"@id\":\"https:\\\/\\\/vitamines.com\\\/fr\\\/product\\\/daily-co-vitamine-d3-25-mcg-soutien-de-la-resistance\\\/#local-main-organization-logo\"},\"image\":{\"@id\":\"https:\\\/\\\/vitamines.com\\\/fr\\\/product\\\/daily-co-vitamine-d3-25-mcg-soutien-de-la-resistance\\\/#local-main-organization-logo\"},\"sameAs\":[\"https:\\\/\\\/www.facebook.com\\\/vitaminescom\\\/\",\"https:\\\/\\\/x.com\\\/vitaminescom\",\"https:\\\/\\\/www.instagram.com\\\/vitaminescom\\\/\",\"https:\\\/\\\/www.linkedin.com\\\/company\\\/vitaminescom\\\/\",\"https:\\\/\\\/nl.pinterest.com\\\/vitaminescom\\\/\",\"https:\\\/\\\/www.tiktok.com\\\/@vitamines.com\",\"https:\\\/\\\/www.youtube.com\\\/@vitaminescom\",\"https:\\\/\\\/nl.trustpilot.com\\\/review\\\/vitamines.com\"],\"description\":\"Vitamines koop je natuurlijk op Vitamines.com. Keus uit meer dan 10.000 vitaminen & supplementen, direct uit voorraad leverbaar. Denk hierbij aan vitamine A, vitamine B, vitamine C, vitamine D, calcium, chroom, ijzer, kalium of koper. Maar ook eiwitten (prote\u00efne), magnesium, mangaan, selenium, collageen poeder en multivitaminen zijn populaire voedingssupplementen die je kunt bestellen in de webshop van Vitamines.\",\"legalName\":\"Vitamines.com B.V.\",\"foundingDate\":\"1997-08-15\",\"numberOfEmployees\":{\"@type\":\"QuantitativeValue\",\"minValue\":\"11\",\"maxValue\":\"50\"},\"address\":{\"@id\":\"https:\\\/\\\/vitamines.com\\\/fr\\\/product\\\/daily-co-vitamine-d3-25-mcg-soutien-de-la-resistance\\\/#local-main-place-address\"},\"telephone\":[\"020 308 6875\"],\"contactPoint\":{\"@type\":\"ContactPoint\",\"email\":\"support@vitamines.com\"},\"openingHoursSpecification\":{\"@type\":\"OpeningHoursSpecification\",\"dayOfWeek\":[\"Monday\",\"Tuesday\",\"Wednesday\",\"Thursday\",\"Friday\",\"Saturday\",\"Sunday\"],\"opens\":\"00:00\",\"closes\":\"23:59\"},\"priceRange\":\"$$\",\"currenciesAccepted\":\"EUR\"},{\"@type\":\"PostalAddress\",\"@id\":\"https:\\\/\\\/vitamines.com\\\/fr\\\/product\\\/daily-co-vitamine-d3-25-mcg-soutien-de-la-resistance\\\/#local-main-place-address\",\"streetAddress\":\"Professor J.H. Bavincklaan 2\",\"addressLocality\":\"Amstelveen\",\"postalCode\":\"1183 AT\",\"addressRegion\":\"NH\",\"addressCountry\":\"NL\"},{\"@type\":\"ImageObject\",\"inLanguage\":\"fr-FR\",\"@id\":\"https:\\\/\\\/vitamines.com\\\/fr\\\/product\\\/daily-co-vitamine-d3-25-mcg-soutien-de-la-resistance\\\/#local-main-organization-logo\",\"url\":\"https:\\\/\\\/vitamines.com\\\/wp-content\\\/uploads\\\/2024\\\/10\\\/vitamines.svg\",\"contentUrl\":\"https:\\\/\\\/vitamines.com\\\/wp-content\\\/uploads\\\/2024\\\/10\\\/vitamines.svg\",\"width\":132,\"height\":24,\"caption\":\"Vitamines\"}]}<\/script>\n<meta property=\"product:brand\" content=\"Daily Co\" \/>\n<meta property=\"product:price:amount\" content=\"15.00\" \/>\n<meta property=\"product:price:currency\" content=\"EUR\" \/>\n<meta property=\"og:availability\" content=\"instock\" \/>\n<meta property=\"product:availability\" content=\"instock\" \/>\n<meta property=\"product:retailer_item_id\" content=\"285466\" \/>\n<meta property=\"product:condition\" content=\"new\" \/>\n<meta name=\"geo.placename\" content=\"Amstelveen\" \/>\n<meta name=\"geo.region\" content=\"Pays-Bas\" \/>\n<!-- \/ Yoast SEO Premium plugin. -->","yoast_head_json":{"title":"Daily Co Vitamine D3 25 mcg, soutien de la r\u00e9sistance | Vitamines","description":"Daily Co Vitamine D3 25 mcg, soutien de la r\u00e9sistance kopen doe je voordelig in de shop van Vitamines. Vandaag besteld, morgen in huis. Daily Co vitamine D Booster de r\u00e9sistance  La vitamine D3 est la forme de vitamine D la mieux absorb\u00e9e. Et c'est pourquoi c'est l'ingr\u00e9dient cl\u00e9 de Daily co Vitamine D3. Daily Co propose des vitamines de haute qualit\u00e9 \u00e0 un prix abordable. Notre compl\u00e9ment de vitamine D est fortement dos\u00e9, avec un id\u00e9al de 25 mcg par capsule de gel souple. De plus, notre vitamine D contient la forme la plus active, \u00e0 savoir la vitamine D3, qui est absorb\u00e9e de mani\u00e8re optimale en combinaison avec des graisses saines. C'est pourquoi nous avons opt\u00e9 pour une softgel avec de l'huile d'olive extra vierge comme support pour notre vitamine D3. De plus, notre vitamine D3 provient de la graisse de laine, ce qui la rend naturelle et efficace.  La lumi\u00e8re du soleil est la source ultime de vitamine D, l'\u00e9l\u00e9ment essentiel pour une forte r\u00e9sistance. La vitamine D est connue comme la \u00ab vitamine du soleil \u00bb, car notre corps la fabrique lorsque nous sommes au soleil. Cependant, surtout pendant les mois sombres, il est conseill\u00e9 de prendre un compl\u00e9ment pour s'assurer que ta r\u00e9sistance reste \u00e0 niveau.","robots":{"index":"index","follow":"follow","max-snippet":"max-snippet:-1","max-image-preview":"max-image-preview:large","max-video-preview":"max-video-preview:-1"},"canonical":"https:\/\/vitamines.com\/fr\/product\/daily-co-vitamine-d3-25-mcg-soutien-de-la-resistance\/","og_locale":"fr_FR","og_type":"article","og_title":"Daily Co Vitamine D3 25 mcg, soutien de la r\u00e9sistance | Vitamines","og_description":"Daily Co vitamine D Booster de r\u00e9sistance  La vitamine D3 est la forme de vitamine D la mieux absorb\u00e9e. Et c'est pourquoi c'est l'ingr\u00e9dient cl\u00e9 de Daily co Vitamine D3. Daily Co propose des vitamines de haute qualit\u00e9 \u00e0 un prix abordable. Notre compl\u00e9ment de vitamine D est fortement dos\u00e9, avec un id\u00e9al de 25 mcg par capsule de gel souple. De plus, notre vitamine D contient la forme la plus active, \u00e0 savoir la vitamine D3, qui est absorb\u00e9e de mani\u00e8re optimale en combinaison avec des graisses saines. C'est pourquoi nous avons opt\u00e9 pour une softgel avec de l'huile d'olive extra vierge comme support pour notre vitamine D3. De plus, notre vitamine D3 provient de la graisse de laine, ce qui la rend naturelle et efficace.  La lumi\u00e8re du soleil est la source ultime de vitamine D, l'\u00e9l\u00e9ment essentiel pour une forte r\u00e9sistance. La vitamine D est connue comme la \u00ab vitamine du soleil \u00bb, car notre corps la fabrique lorsque nous sommes au soleil. Cependant, surtout pendant les mois sombres, il est conseill\u00e9 de prendre un compl\u00e9ment pour s'assurer que ta r\u00e9sistance reste \u00e0 niveau.","og_url":"https:\/\/vitamines.com\/fr\/product\/daily-co-vitamine-d3-25-mcg-soutien-de-la-resistance\/","og_site_name":"Vitamines","article_publisher":"https:\/\/www.facebook.com\/vitaminescom\/","article_modified_time":"2026-02-26T10:07:27+00:00","og_image":[{"width":1080,"height":1080,"url":"https:\/\/vitamines.com\/wp-content\/uploads\/2022\/12\/Daily-Co-D3-11.png","type":"image\/png"}],"twitter_card":"summary_large_image","twitter_site":"@vitaminescom","twitter_misc":{"Prix":"&euro;15.00","Disponibilit\u00e9":"En stock"},"schema":{"@context":"https:\/\/schema.org","@graph":[{"@type":["WebPage","ItemPage"],"@id":"https:\/\/vitamines.com\/fr\/product\/daily-co-vitamine-d3-25-mcg-soutien-de-la-resistance\/","url":"https:\/\/vitamines.com\/fr\/product\/daily-co-vitamine-d3-25-mcg-soutien-de-la-resistance\/","name":"Daily Co Vitamine D3 25 mcg, soutien de la r\u00e9sistance | Vitamines","isPartOf":{"@id":"https:\/\/vitamines.com\/fr\/#website"},"primaryImageOfPage":{"@id":"https:\/\/vitamines.com\/fr\/product\/daily-co-vitamine-d3-25-mcg-soutien-de-la-resistance\/#primaryimage"},"image":{"@id":"https:\/\/vitamines.com\/fr\/product\/daily-co-vitamine-d3-25-mcg-soutien-de-la-resistance\/#primaryimage"},"thumbnailUrl":"https:\/\/vitamines.com\/wp-content\/uploads\/2022\/12\/Daily-Co-D3-11.png","datePublished":"2022-12-20T07:53:10+00:00","dateModified":"2026-02-26T10:07:27+00:00","description":"Daily Co Vitamine D3 25 mcg, soutien de la r\u00e9sistance kopen doe je voordelig in de shop van Vitamines. Vandaag besteld, morgen in huis. Daily Co vitamine D Booster de r\u00e9sistance La vitamine D3 est la forme de vitamine D la mieux absorb\u00e9e. Et c'est pourquoi c'est l'ingr\u00e9dient cl\u00e9 de Daily co Vitamine D3. Daily Co propose des vitamines de haute qualit\u00e9 \u00e0 un prix abordable. Notre compl\u00e9ment de vitamine D est fortement dos\u00e9, avec un id\u00e9al de 25 mcg par capsule de gel souple. De plus, notre vitamine D contient la forme la plus active, \u00e0 savoir la vitamine D3, qui est absorb\u00e9e de mani\u00e8re optimale en combinaison avec des graisses saines. C'est pourquoi nous avons opt\u00e9 pour une softgel avec de l'huile d'olive extra vierge comme support pour notre vitamine D3. De plus, notre vitamine D3 provient de la graisse de laine, ce qui la rend naturelle et efficace. La lumi\u00e8re du soleil est la source ultime de vitamine D, l'\u00e9l\u00e9ment essentiel pour une forte r\u00e9sistance. La vitamine D est connue comme la \u00ab vitamine du soleil \u00bb, car notre corps la fabrique lorsque nous sommes au soleil. Cependant, surtout pendant les mois sombres, il est conseill\u00e9 de prendre un compl\u00e9ment pour s'assurer que ta r\u00e9sistance reste \u00e0 niveau.","breadcrumb":{"@id":"https:\/\/vitamines.com\/fr\/product\/daily-co-vitamine-d3-25-mcg-soutien-de-la-resistance\/#breadcrumb"},"inLanguage":"fr-FR","potentialAction":[{"@type":"ReadAction","target":["https:\/\/vitamines.com\/fr\/product\/daily-co-vitamine-d3-25-mcg-soutien-de-la-resistance\/"]}]},{"@type":"ImageObject","inLanguage":"fr-FR","@id":"https:\/\/vitamines.com\/fr\/product\/daily-co-vitamine-d3-25-mcg-soutien-de-la-resistance\/#primaryimage","url":"https:\/\/vitamines.com\/wp-content\/uploads\/2022\/12\/Daily-Co-D3-11.png","contentUrl":"https:\/\/vitamines.com\/wp-content\/uploads\/2022\/12\/Daily-Co-D3-11.png","width":1080,"height":1080},{"@type":"BreadcrumbList","@id":"https:\/\/vitamines.com\/fr\/product\/daily-co-vitamine-d3-25-mcg-soutien-de-la-resistance\/#breadcrumb","itemListElement":[{"@type":"ListItem","position":1,"name":"Home","item":"https:\/\/vitamines.com\/fr\/"},{"@type":"ListItem","position":2,"name":"Daily Co Vitamine D3 25 mcg, soutien de la r\u00e9sistance"}]},{"@type":"WebSite","@id":"https:\/\/vitamines.com\/fr\/#website","url":"https:\/\/vitamines.com\/fr\/","name":"Vitamines","description":"Alle kwalitatieve vitamines, mineralen en supplementen bij d\u00e9 vitamine experts van Belgi\u00eb en Nederland.","publisher":{"@id":"https:\/\/vitamines.com\/fr\/#organization"},"alternateName":"Vitamins","potentialAction":[{"@type":"SearchAction","target":{"@type":"EntryPoint","urlTemplate":"https:\/\/vitamines.com\/fr\/?s={search_term_string}"},"query-input":{"@type":"PropertyValueSpecification","valueRequired":true,"valueName":"search_term_string"}}],"inLanguage":"fr-FR"},{"@type":["Organization","Place","HealthAndBeautyBusiness"],"@id":"https:\/\/vitamines.com\/fr\/#organization","name":"Vitamines","alternateName":"Vitamins","url":"https:\/\/vitamines.com\/fr\/","logo":{"@id":"https:\/\/vitamines.com\/fr\/product\/daily-co-vitamine-d3-25-mcg-soutien-de-la-resistance\/#local-main-organization-logo"},"image":{"@id":"https:\/\/vitamines.com\/fr\/product\/daily-co-vitamine-d3-25-mcg-soutien-de-la-resistance\/#local-main-organization-logo"},"sameAs":["https:\/\/www.facebook.com\/vitaminescom\/","https:\/\/x.com\/vitaminescom","https:\/\/www.instagram.com\/vitaminescom\/","https:\/\/www.linkedin.com\/company\/vitaminescom\/","https:\/\/nl.pinterest.com\/vitaminescom\/","https:\/\/www.tiktok.com\/@vitamines.com","https:\/\/www.youtube.com\/@vitaminescom","https:\/\/nl.trustpilot.com\/review\/vitamines.com"],"description":"Vitamines koop je natuurlijk op Vitamines.com. Keus uit meer dan 10.000 vitaminen & supplementen, direct uit voorraad leverbaar. Denk hierbij aan vitamine A, vitamine B, vitamine C, vitamine D, calcium, chroom, ijzer, kalium of koper. Maar ook eiwitten (prote\u00efne), magnesium, mangaan, selenium, collageen poeder en multivitaminen zijn populaire voedingssupplementen die je kunt bestellen in de webshop van Vitamines.","legalName":"Vitamines.com B.V.","foundingDate":"1997-08-15","numberOfEmployees":{"@type":"QuantitativeValue","minValue":"11","maxValue":"50"},"address":{"@id":"https:\/\/vitamines.com\/fr\/product\/daily-co-vitamine-d3-25-mcg-soutien-de-la-resistance\/#local-main-place-address"},"telephone":["020 308 6875"],"contactPoint":{"@type":"ContactPoint","email":"support@vitamines.com"},"openingHoursSpecification":{"@type":"OpeningHoursSpecification","dayOfWeek":["Monday","Tuesday","Wednesday","Thursday","Friday","Saturday","Sunday"],"opens":"00:00","closes":"23:59"},"priceRange":"$$","currenciesAccepted":"EUR"},{"@type":"PostalAddress","@id":"https:\/\/vitamines.com\/fr\/product\/daily-co-vitamine-d3-25-mcg-soutien-de-la-resistance\/#local-main-place-address","streetAddress":"Professor J.H. Bavincklaan 2","addressLocality":"Amstelveen","postalCode":"1183 AT","addressRegion":"NH","addressCountry":"NL"},{"@type":"ImageObject","inLanguage":"fr-FR","@id":"https:\/\/vitamines.com\/fr\/product\/daily-co-vitamine-d3-25-mcg-soutien-de-la-resistance\/#local-main-organization-logo","url":"https:\/\/vitamines.com\/wp-content\/uploads\/2024\/10\/vitamines.svg","contentUrl":"https:\/\/vitamines.com\/wp-content\/uploads\/2024\/10\/vitamines.svg","width":132,"height":24,"caption":"Vitamines"}]},"product_brand":"Daily Co","product_price_amount":"15.00","product_price_currency":"EUR","og_availability":"instock","product_availability":"instock","product_retailer_item_id":"285466","product_condition":"new","geo.placename":"Amstelveen","geo.region":"Pays-Bas"},"_links":{"self":[{"href":"https:\/\/vitamines.com\/fr\/wp-json\/wp\/v2\/product\/1553766","targetHints":{"allow":["GET"]}}],"collection":[{"href":"https:\/\/vitamines.com\/fr\/wp-json\/wp\/v2\/product"}],"about":[{"href":"https:\/\/vitamines.com\/fr\/wp-json\/wp\/v2\/types\/product"}],"replies":[{"embeddable":true,"href":"https:\/\/vitamines.com\/fr\/wp-json\/wp\/v2\/comments?post=1553766"}],"wp:featuredmedia":[{"embeddable":true,"href":"https:\/\/vitamines.com\/fr\/wp-json\/wp\/v2\/media\/1556714"}],"wp:attachment":[{"href":"https:\/\/vitamines.com\/fr\/wp-json\/wp\/v2\/media?parent=1553766"}],"wp:term":[{"taxonomy":"product_brand","embeddable":true,"href":"https:\/\/vitamines.com\/fr\/wp-json\/wp\/v2\/product_brand?post=1553766"},{"taxonomy":"product_cat","embeddable":true,"href":"https:\/\/vitamines.com\/fr\/wp-json\/wp\/v2\/product_cat?post=1553766"},{"taxonomy":"product_tag","embeddable":true,"href":"https:\/\/vitamines.com\/fr\/wp-json\/wp\/v2\/product_tag?post=1553766"},{"taxonomy":"merken","embeddable":true,"href":"https:\/\/vitamines.com\/fr\/wp-json\/wp\/v2\/merken?post=1553766"},{"taxonomy":"producttype","embeddable":true,"href":"https:\/\/vitamines.com\/fr\/wp-json\/wp\/v2\/producttype?post=1553766"},{"taxonomy":"aanbieding","embeddable":true,"href":"https:\/\/vitamines.com\/fr\/wp-json\/wp\/v2\/aanbieding?post=1553766"}],"curies":[{"name":"wp","href":"https:\/\/api.w.org\/{rel}","templated":true}]}}