{"id":1554094,"date":"2025-08-19T13:49:24","date_gmt":"2025-08-19T11:49:24","guid":{"rendered":"https:\/\/vitamines.com\/product\/pack-beaute-eclatante-peau-cheveux-ongles\/"},"modified":"2025-08-19T13:49:24","modified_gmt":"2025-08-19T11:49:24","slug":"pack-beaute-eclatante-peau-cheveux-ongles","status":"publish","type":"product","link":"https:\/\/vitamines.com\/fr\/product\/pack-beaute-eclatante-peau-cheveux-ongles\/","title":{"rendered":"Pack Beaut\u00e9 \u00c9clatante \u2013 Peau, cheveux &amp; ongles"},"content":{"rendered":"<p><b>La beaut\u00e9 de l&#8217;int\u00e9rieur<\/b><span style=\"font-weight: 400;\"><br \/>\n<\/span><span style=\"font-weight: 400;\">Le pack Beaut\u00e9 \u00c9clatante est con\u00e7u pour les femmes qui souhaitent prendre soin de leur peau, de leurs cheveux et de leurs ongles de mani\u00e8re \u00e9l\u00e9gante et efficace.<\/span><\/p>\n<p><b>Dans ce pack :<\/b><\/p>\n<ul>\n<li style=\"font-weight: 400;\" aria-level=\"1\"><span style=\"font-weight: 400;\">Herbolist M\u00e9lange de collag\u00e8ne beaut\u00e9 \u2013 soin de la peau \u00e0 boire<\/span><\/li>\n<li style=\"font-weight: 400;\" aria-level=\"1\"><span style=\"font-weight: 400;\">Herbolist Peau &amp; Cheveux \u2013 sp\u00e9cialement formul\u00e9<\/span><\/li>\n<li style=\"font-weight: 400;\" aria-level=\"1\"><span style=\"font-weight: 400;\">Herbolist Comprim\u00e9s de collag\u00e8ne \u2013 soutien de la production de collag\u00e8ne<\/span><\/li>\n<\/ul>\n<p><b>Pourquoi ce pack est un favori :<\/b><\/p>\n<ul>\n<li style=\"font-weight: 400;\" aria-level=\"1\"><span style=\"font-weight: 400;\">Cibl\u00e9 sur la peau, les cheveux et les ongles<\/span><\/li>\n<li style=\"font-weight: 400;\" aria-level=\"1\"><span style=\"font-weight: 400;\">Des produits de luxe qui se renforcent mutuellement<\/span><\/li>\n<li style=\"font-weight: 400;\" aria-level=\"1\"><span style=\"font-weight: 400;\">Plus avantageux qu&#8217;un achat s\u00e9par\u00e9<\/span><\/li>\n<\/ul>\n","protected":false},"excerpt":{"rendered":"<p><b>La beaut\u00e9 de l&#8217;int\u00e9rieur<\/b><span style=\"font-weight: 400;\"><br \/>\n<\/span><span style=\"font-weight: 400;\">Le pack Beaut\u00e9 \u00c9clatante est con\u00e7u pour les femmes qui souhaitent prendre soin de leur peau, de leurs cheveux et de leurs ongles de mani\u00e8re \u00e9l\u00e9gante et efficace.<\/span><\/p>\n<p><b>Dans ce pack :<\/b><\/p>\n<ul>\n<li style=\"font-weight: 400;\" aria-level=\"1\"><span style=\"font-weight: 400;\">Herbolist M\u00e9lange de collag\u00e8ne beaut\u00e9 \u2013 soin de la peau \u00e0 boire<\/span><\/li>\n<li style=\"font-weight: 400;\" aria-level=\"1\"><span style=\"font-weight: 400;\">Herbolist Peau &amp; Cheveux \u2013 sp\u00e9cialement formul\u00e9<\/span><\/li>\n<li style=\"font-weight: 400;\" aria-level=\"1\"><span style=\"font-weight: 400;\">Herbolist Comprim\u00e9s de collag\u00e8ne \u2013 soutien de la production de collag\u00e8ne<\/span><\/li>\n<\/ul>\n<p><b>Pourquoi ce pack est un favori :<\/b><\/p>\n<ul>\n<li style=\"font-weight: 400;\" aria-level=\"1\"><span style=\"font-weight: 400;\">Cibl\u00e9 sur la peau, les cheveux et les ongles<\/span><\/li>\n<li style=\"font-weight: 400;\" aria-level=\"1\"><span style=\"font-weight: 400;\">Des produits de luxe qui se renforcent mutuellement<\/span><\/li>\n<li style=\"font-weight: 400;\" aria-level=\"1\"><span style=\"font-weight: 400;\">Plus avantageux qu&#8217;un achat s\u00e9par\u00e9<\/span><\/li>\n<\/ul>\n","protected":false},"featured_media":1554095,"comment_status":"open","ping_status":"closed","template":"","meta":{"_acf_changed":false,"inline_featured_image":false},"product_brand":[],"product_cat":[2272,2234],"product_tag":[],"merken":[],"producttype":[],"aanbieding":[],"class_list":{"0":"post-1554094","1":"product","2":"type-product","3":"status-publish","4":"has-post-thumbnail","6":"product_cat-forfaits","7":"product_cat-offres","9":"first","10":"instock","11":"sale","12":"virtual","13":"taxable","14":"product-type-bundle"},"bundled_by":[],"bundle_stock_status":"instock","bundle_stock_quantity":"","bundle_virtual":false,"bundle_layout":"default","bundle_add_to_cart_form_location":"default","bundle_editable_in_cart":false,"bundle_sold_individually_context":"product","bundle_item_grouping":"parent","bundle_min_size":"","bundle_max_size":"","bundle_price":{"price":{"min":{"incl_tax":"39.95","excl_tax":"36.651376"},"max":{"incl_tax":"39.95","excl_tax":"36.651376"}},"regular_price":{"min":{"incl_tax":"74.93","excl_tax":"68.743119"},"max":{"incl_tax":"74.93","excl_tax":"68.743119"}}},"bundled_items":[],"bundle_sell_ids":[],"group_of_quantity":0,"min_quantity":0,"max_quantity":"","exclude_order_quantity_value_rules":"no","exclude_category_quantity_rules":"no","combine_variations":"no","acf":[],"yoast_head":"<!-- This site is optimized with the Yoast SEO Premium plugin v27.3 (Yoast SEO v27.3) - https:\/\/yoast.com\/product\/yoast-seo-premium-wordpress\/ -->\n<title>Pack Beaut\u00e9 \u00c9clatante \u2013 Peau, cheveux &amp; ongles | Vitamines<\/title>\n<meta name=\"description\" content=\"Pack Beaut\u00e9 \u00c9clatante \u2013 Peau, cheveux &amp; ongles kopen doe je voordelig in de shop van Vitamines. Vandaag besteld, morgen in huis. La beaut\u00e9 de l&#039;int\u00e9rieur Le pack Beaut\u00e9 \u00c9clatante est con\u00e7u pour les femmes qui souhaitent prendre soin de leur peau, de leurs cheveux et de leurs ongles de mani\u00e8re \u00e9l\u00e9gante et efficace. Dans ce pack :   Herbolist M\u00e9lange de collag\u00e8ne beaut\u00e9 \u2013 soin de la peau \u00e0 boire  Herbolist Peau &amp; Cheveux \u2013 sp\u00e9cialement formul\u00e9  Herbolist Comprim\u00e9s de collag\u00e8ne \u2013 soutien de la production de collag\u00e8ne  Pourquoi ce pack est un favori :   Cibl\u00e9 sur la peau, les cheveux et les ongles  Des produits de luxe qui se renforcent mutuellement  Plus avantageux qu&#039;un achat s\u00e9par\u00e9\" \/>\n<meta name=\"robots\" content=\"index, follow, max-snippet:-1, max-image-preview:large, max-video-preview:-1\" \/>\n<link rel=\"canonical\" href=\"https:\/\/vitamines.com\/fr\/product\/pack-beaute-eclatante-peau-cheveux-ongles\/\" \/>\n<meta property=\"og:locale\" content=\"fr_FR\" \/>\n<meta property=\"og:type\" content=\"article\" \/>\n<meta property=\"og:title\" content=\"Pack Beaut\u00e9 \u00c9clatante \u2013 Peau, cheveux &amp; ongles | Vitamines\" \/>\n<meta property=\"og:description\" content=\"La beaut\u00e9 de l&#039;int\u00e9rieur Le pack Beaut\u00e9 \u00c9clatante est con\u00e7u pour les femmes qui souhaitent prendre soin de leur peau, de leurs cheveux et de leurs ongles de mani\u00e8re \u00e9l\u00e9gante et efficace. Dans ce pack :   Herbolist M\u00e9lange de collag\u00e8ne beaut\u00e9 \u2013 soin de la peau \u00e0 boire  Herbolist Peau &amp; Cheveux \u2013 sp\u00e9cialement formul\u00e9  Herbolist Comprim\u00e9s de collag\u00e8ne \u2013 soutien de la production de collag\u00e8ne  Pourquoi ce pack est un favori :   Cibl\u00e9 sur la peau, les cheveux et les ongles  Des produits de luxe qui se renforcent mutuellement  Plus avantageux qu&#039;un achat s\u00e9par\u00e9\" \/>\n<meta property=\"og:url\" content=\"https:\/\/vitamines.com\/fr\/product\/pack-beaute-eclatante-peau-cheveux-ongles\/\" \/>\n<meta property=\"og:site_name\" content=\"Vitamines\" \/>\n<meta property=\"article:publisher\" content=\"https:\/\/www.facebook.com\/vitaminescom\/\" \/>\n<meta property=\"og:image\" content=\"https:\/\/vitamines.com\/wp-content\/uploads\/2025\/08\/Beauty-glow-bundel.png\" \/>\n\t<meta property=\"og:image:width\" content=\"1080\" \/>\n\t<meta property=\"og:image:height\" content=\"1080\" \/>\n\t<meta property=\"og:image:type\" content=\"image\/png\" \/>\n<meta name=\"twitter:card\" content=\"summary_large_image\" \/>\n<meta name=\"twitter:site\" content=\"@vitaminescom\" \/>\n<meta name=\"twitter:label1\" content=\"Prix\" \/>\n\t<meta name=\"twitter:data1\" content=\"&euro;39.95\" \/>\n\t<meta name=\"twitter:label2\" content=\"Disponibilit\u00e9\" \/>\n\t<meta name=\"twitter:data2\" content=\"En stock\" \/>\n<script type=\"application\/ld+json\" class=\"yoast-schema-graph\">{\"@context\":\"https:\\\/\\\/schema.org\",\"@graph\":[{\"@type\":[\"WebPage\",\"ItemPage\"],\"@id\":\"https:\\\/\\\/vitamines.com\\\/fr\\\/product\\\/pack-beaute-eclatante-peau-cheveux-ongles\\\/\",\"url\":\"https:\\\/\\\/vitamines.com\\\/fr\\\/product\\\/pack-beaute-eclatante-peau-cheveux-ongles\\\/\",\"name\":\"Pack Beaut\u00e9 \u00c9clatante \u2013 Peau, cheveux &amp; ongles | Vitamines\",\"isPartOf\":{\"@id\":\"https:\\\/\\\/vitamines.com\\\/fr\\\/#website\"},\"primaryImageOfPage\":{\"@id\":\"https:\\\/\\\/vitamines.com\\\/fr\\\/product\\\/pack-beaute-eclatante-peau-cheveux-ongles\\\/#primaryimage\"},\"image\":{\"@id\":\"https:\\\/\\\/vitamines.com\\\/fr\\\/product\\\/pack-beaute-eclatante-peau-cheveux-ongles\\\/#primaryimage\"},\"thumbnailUrl\":\"https:\\\/\\\/vitamines.com\\\/wp-content\\\/uploads\\\/2025\\\/08\\\/Beauty-glow-bundel.png\",\"datePublished\":\"2025-08-19T11:49:24+00:00\",\"description\":\"Pack Beaut\u00e9 \u00c9clatante \u2013 Peau, cheveux &amp; ongles kopen doe je voordelig in de shop van Vitamines. Vandaag besteld, morgen in huis. La beaut\u00e9 de l'int\u00e9rieur Le pack Beaut\u00e9 \u00c9clatante est con\u00e7u pour les femmes qui souhaitent prendre soin de leur peau, de leurs cheveux et de leurs ongles de mani\u00e8re \u00e9l\u00e9gante et efficace. Dans ce pack : \u2022 Herbolist M\u00e9lange de collag\u00e8ne beaut\u00e9 \u2013 soin de la peau \u00e0 boire \u2022 Herbolist Peau &amp; Cheveux \u2013 sp\u00e9cialement formul\u00e9 \u2022 Herbolist Comprim\u00e9s de collag\u00e8ne \u2013 soutien de la production de collag\u00e8ne Pourquoi ce pack est un favori : \u2022 Cibl\u00e9 sur la peau, les cheveux et les ongles \u2022 Des produits de luxe qui se renforcent mutuellement \u2022 Plus avantageux qu'un achat s\u00e9par\u00e9\",\"breadcrumb\":{\"@id\":\"https:\\\/\\\/vitamines.com\\\/fr\\\/product\\\/pack-beaute-eclatante-peau-cheveux-ongles\\\/#breadcrumb\"},\"inLanguage\":\"fr-FR\",\"potentialAction\":[{\"@type\":\"ReadAction\",\"target\":[\"https:\\\/\\\/vitamines.com\\\/fr\\\/product\\\/pack-beaute-eclatante-peau-cheveux-ongles\\\/\"]}]},{\"@type\":\"ImageObject\",\"inLanguage\":\"fr-FR\",\"@id\":\"https:\\\/\\\/vitamines.com\\\/fr\\\/product\\\/pack-beaute-eclatante-peau-cheveux-ongles\\\/#primaryimage\",\"url\":\"https:\\\/\\\/vitamines.com\\\/wp-content\\\/uploads\\\/2025\\\/08\\\/Beauty-glow-bundel.png\",\"contentUrl\":\"https:\\\/\\\/vitamines.com\\\/wp-content\\\/uploads\\\/2025\\\/08\\\/Beauty-glow-bundel.png\",\"width\":1080,\"height\":1080},{\"@type\":\"BreadcrumbList\",\"@id\":\"https:\\\/\\\/vitamines.com\\\/fr\\\/product\\\/pack-beaute-eclatante-peau-cheveux-ongles\\\/#breadcrumb\",\"itemListElement\":[{\"@type\":\"ListItem\",\"position\":1,\"name\":\"Home\",\"item\":\"https:\\\/\\\/vitamines.com\\\/fr\\\/\"},{\"@type\":\"ListItem\",\"position\":2,\"name\":\"Pack Beaut\u00e9 \u00c9clatante \u2013 Peau, cheveux &amp; ongles\"}]},{\"@type\":\"WebSite\",\"@id\":\"https:\\\/\\\/vitamines.com\\\/fr\\\/#website\",\"url\":\"https:\\\/\\\/vitamines.com\\\/fr\\\/\",\"name\":\"Vitamines\",\"description\":\"Alle kwalitatieve vitamines, mineralen en supplementen bij d\u00e9 vitamine experts van Belgi\u00eb en Nederland.\",\"publisher\":{\"@id\":\"https:\\\/\\\/vitamines.com\\\/fr\\\/#organization\"},\"alternateName\":\"Vitamins\",\"potentialAction\":[{\"@type\":\"SearchAction\",\"target\":{\"@type\":\"EntryPoint\",\"urlTemplate\":\"https:\\\/\\\/vitamines.com\\\/fr\\\/?s={search_term_string}\"},\"query-input\":{\"@type\":\"PropertyValueSpecification\",\"valueRequired\":true,\"valueName\":\"search_term_string\"}}],\"inLanguage\":\"fr-FR\"},{\"@type\":[\"Organization\",\"Place\",\"HealthAndBeautyBusiness\"],\"@id\":\"https:\\\/\\\/vitamines.com\\\/fr\\\/#organization\",\"name\":\"Vitamines\",\"alternateName\":\"Vitamins\",\"url\":\"https:\\\/\\\/vitamines.com\\\/fr\\\/\",\"logo\":{\"@id\":\"https:\\\/\\\/vitamines.com\\\/fr\\\/product\\\/pack-beaute-eclatante-peau-cheveux-ongles\\\/#local-main-organization-logo\"},\"image\":{\"@id\":\"https:\\\/\\\/vitamines.com\\\/fr\\\/product\\\/pack-beaute-eclatante-peau-cheveux-ongles\\\/#local-main-organization-logo\"},\"sameAs\":[\"https:\\\/\\\/www.facebook.com\\\/vitaminescom\\\/\",\"https:\\\/\\\/x.com\\\/vitaminescom\",\"https:\\\/\\\/www.instagram.com\\\/vitaminescom\\\/\",\"https:\\\/\\\/www.linkedin.com\\\/company\\\/vitaminescom\\\/\",\"https:\\\/\\\/nl.pinterest.com\\\/vitaminescom\\\/\",\"https:\\\/\\\/www.tiktok.com\\\/@vitamines.com\",\"https:\\\/\\\/www.youtube.com\\\/@vitaminescom\",\"https:\\\/\\\/nl.trustpilot.com\\\/review\\\/vitamines.com\"],\"description\":\"Vitamines koop je natuurlijk op Vitamines.com. Keus uit meer dan 10.000 vitaminen & supplementen, direct uit voorraad leverbaar. Denk hierbij aan vitamine A, vitamine B, vitamine C, vitamine D, calcium, chroom, ijzer, kalium of koper. Maar ook eiwitten (prote\u00efne), magnesium, mangaan, selenium, collageen poeder en multivitaminen zijn populaire voedingssupplementen die je kunt bestellen in de webshop van Vitamines.\",\"legalName\":\"Vitamines.com B.V.\",\"foundingDate\":\"1997-08-15\",\"numberOfEmployees\":{\"@type\":\"QuantitativeValue\",\"minValue\":\"11\",\"maxValue\":\"50\"},\"address\":{\"@id\":\"https:\\\/\\\/vitamines.com\\\/fr\\\/product\\\/pack-beaute-eclatante-peau-cheveux-ongles\\\/#local-main-place-address\"},\"telephone\":[\"020 308 6875\"],\"contactPoint\":{\"@type\":\"ContactPoint\",\"email\":\"support@vitamines.com\"},\"openingHoursSpecification\":{\"@type\":\"OpeningHoursSpecification\",\"dayOfWeek\":[\"Monday\",\"Tuesday\",\"Wednesday\",\"Thursday\",\"Friday\",\"Saturday\",\"Sunday\"],\"opens\":\"00:00\",\"closes\":\"23:59\"},\"priceRange\":\"$$\",\"currenciesAccepted\":\"EUR\"},{\"@type\":\"PostalAddress\",\"@id\":\"https:\\\/\\\/vitamines.com\\\/fr\\\/product\\\/pack-beaute-eclatante-peau-cheveux-ongles\\\/#local-main-place-address\",\"streetAddress\":\"Professor J.H. Bavincklaan 2\",\"addressLocality\":\"Amstelveen\",\"postalCode\":\"1183 AT\",\"addressRegion\":\"NH\",\"addressCountry\":\"NL\"},{\"@type\":\"ImageObject\",\"inLanguage\":\"fr-FR\",\"@id\":\"https:\\\/\\\/vitamines.com\\\/fr\\\/product\\\/pack-beaute-eclatante-peau-cheveux-ongles\\\/#local-main-organization-logo\",\"url\":\"https:\\\/\\\/vitamines.com\\\/wp-content\\\/uploads\\\/2024\\\/10\\\/vitamines.svg\",\"contentUrl\":\"https:\\\/\\\/vitamines.com\\\/wp-content\\\/uploads\\\/2024\\\/10\\\/vitamines.svg\",\"width\":132,\"height\":24,\"caption\":\"Vitamines\"}]}<\/script>\n<meta property=\"product:price:amount\" content=\"39.95\" \/>\n<meta property=\"product:price:currency\" content=\"EUR\" \/>\n<meta property=\"og:availability\" content=\"instock\" \/>\n<meta property=\"product:availability\" content=\"instock\" \/>\n<meta property=\"product:condition\" content=\"new\" \/>\n<meta name=\"geo.placename\" content=\"Amstelveen\" \/>\n<meta name=\"geo.region\" content=\"Pays-Bas\" \/>\n<!-- \/ Yoast SEO Premium plugin. -->","yoast_head_json":{"title":"Pack Beaut\u00e9 \u00c9clatante \u2013 Peau, cheveux &amp; ongles | Vitamines","description":"Pack Beaut\u00e9 \u00c9clatante \u2013 Peau, cheveux &amp; ongles kopen doe je voordelig in de shop van Vitamines. Vandaag besteld, morgen in huis. La beaut\u00e9 de l'int\u00e9rieur Le pack Beaut\u00e9 \u00c9clatante est con\u00e7u pour les femmes qui souhaitent prendre soin de leur peau, de leurs cheveux et de leurs ongles de mani\u00e8re \u00e9l\u00e9gante et efficace. Dans ce pack :   Herbolist M\u00e9lange de collag\u00e8ne beaut\u00e9 \u2013 soin de la peau \u00e0 boire  Herbolist Peau &amp; Cheveux \u2013 sp\u00e9cialement formul\u00e9  Herbolist Comprim\u00e9s de collag\u00e8ne \u2013 soutien de la production de collag\u00e8ne  Pourquoi ce pack est un favori :   Cibl\u00e9 sur la peau, les cheveux et les ongles  Des produits de luxe qui se renforcent mutuellement  Plus avantageux qu'un achat s\u00e9par\u00e9","robots":{"index":"index","follow":"follow","max-snippet":"max-snippet:-1","max-image-preview":"max-image-preview:large","max-video-preview":"max-video-preview:-1"},"canonical":"https:\/\/vitamines.com\/fr\/product\/pack-beaute-eclatante-peau-cheveux-ongles\/","og_locale":"fr_FR","og_type":"article","og_title":"Pack Beaut\u00e9 \u00c9clatante \u2013 Peau, cheveux &amp; ongles | Vitamines","og_description":"La beaut\u00e9 de l'int\u00e9rieur Le pack Beaut\u00e9 \u00c9clatante est con\u00e7u pour les femmes qui souhaitent prendre soin de leur peau, de leurs cheveux et de leurs ongles de mani\u00e8re \u00e9l\u00e9gante et efficace. Dans ce pack :   Herbolist M\u00e9lange de collag\u00e8ne beaut\u00e9 \u2013 soin de la peau \u00e0 boire  Herbolist Peau &amp; Cheveux \u2013 sp\u00e9cialement formul\u00e9  Herbolist Comprim\u00e9s de collag\u00e8ne \u2013 soutien de la production de collag\u00e8ne  Pourquoi ce pack est un favori :   Cibl\u00e9 sur la peau, les cheveux et les ongles  Des produits de luxe qui se renforcent mutuellement  Plus avantageux qu'un achat s\u00e9par\u00e9","og_url":"https:\/\/vitamines.com\/fr\/product\/pack-beaute-eclatante-peau-cheveux-ongles\/","og_site_name":"Vitamines","article_publisher":"https:\/\/www.facebook.com\/vitaminescom\/","og_image":[{"width":1080,"height":1080,"url":"https:\/\/vitamines.com\/wp-content\/uploads\/2025\/08\/Beauty-glow-bundel.png","type":"image\/png"}],"twitter_card":"summary_large_image","twitter_site":"@vitaminescom","twitter_misc":{"Prix":"&euro;39.95","Disponibilit\u00e9":"En stock"},"schema":{"@context":"https:\/\/schema.org","@graph":[{"@type":["WebPage","ItemPage"],"@id":"https:\/\/vitamines.com\/fr\/product\/pack-beaute-eclatante-peau-cheveux-ongles\/","url":"https:\/\/vitamines.com\/fr\/product\/pack-beaute-eclatante-peau-cheveux-ongles\/","name":"Pack Beaut\u00e9 \u00c9clatante \u2013 Peau, cheveux &amp; ongles | Vitamines","isPartOf":{"@id":"https:\/\/vitamines.com\/fr\/#website"},"primaryImageOfPage":{"@id":"https:\/\/vitamines.com\/fr\/product\/pack-beaute-eclatante-peau-cheveux-ongles\/#primaryimage"},"image":{"@id":"https:\/\/vitamines.com\/fr\/product\/pack-beaute-eclatante-peau-cheveux-ongles\/#primaryimage"},"thumbnailUrl":"https:\/\/vitamines.com\/wp-content\/uploads\/2025\/08\/Beauty-glow-bundel.png","datePublished":"2025-08-19T11:49:24+00:00","description":"Pack Beaut\u00e9 \u00c9clatante \u2013 Peau, cheveux &amp; ongles kopen doe je voordelig in de shop van Vitamines. Vandaag besteld, morgen in huis. La beaut\u00e9 de l'int\u00e9rieur Le pack Beaut\u00e9 \u00c9clatante est con\u00e7u pour les femmes qui souhaitent prendre soin de leur peau, de leurs cheveux et de leurs ongles de mani\u00e8re \u00e9l\u00e9gante et efficace. Dans ce pack : \u2022 Herbolist M\u00e9lange de collag\u00e8ne beaut\u00e9 \u2013 soin de la peau \u00e0 boire \u2022 Herbolist Peau &amp; Cheveux \u2013 sp\u00e9cialement formul\u00e9 \u2022 Herbolist Comprim\u00e9s de collag\u00e8ne \u2013 soutien de la production de collag\u00e8ne Pourquoi ce pack est un favori : \u2022 Cibl\u00e9 sur la peau, les cheveux et les ongles \u2022 Des produits de luxe qui se renforcent mutuellement \u2022 Plus avantageux qu'un achat s\u00e9par\u00e9","breadcrumb":{"@id":"https:\/\/vitamines.com\/fr\/product\/pack-beaute-eclatante-peau-cheveux-ongles\/#breadcrumb"},"inLanguage":"fr-FR","potentialAction":[{"@type":"ReadAction","target":["https:\/\/vitamines.com\/fr\/product\/pack-beaute-eclatante-peau-cheveux-ongles\/"]}]},{"@type":"ImageObject","inLanguage":"fr-FR","@id":"https:\/\/vitamines.com\/fr\/product\/pack-beaute-eclatante-peau-cheveux-ongles\/#primaryimage","url":"https:\/\/vitamines.com\/wp-content\/uploads\/2025\/08\/Beauty-glow-bundel.png","contentUrl":"https:\/\/vitamines.com\/wp-content\/uploads\/2025\/08\/Beauty-glow-bundel.png","width":1080,"height":1080},{"@type":"BreadcrumbList","@id":"https:\/\/vitamines.com\/fr\/product\/pack-beaute-eclatante-peau-cheveux-ongles\/#breadcrumb","itemListElement":[{"@type":"ListItem","position":1,"name":"Home","item":"https:\/\/vitamines.com\/fr\/"},{"@type":"ListItem","position":2,"name":"Pack Beaut\u00e9 \u00c9clatante \u2013 Peau, cheveux &amp; ongles"}]},{"@type":"WebSite","@id":"https:\/\/vitamines.com\/fr\/#website","url":"https:\/\/vitamines.com\/fr\/","name":"Vitamines","description":"Alle kwalitatieve vitamines, mineralen en supplementen bij d\u00e9 vitamine experts van Belgi\u00eb en Nederland.","publisher":{"@id":"https:\/\/vitamines.com\/fr\/#organization"},"alternateName":"Vitamins","potentialAction":[{"@type":"SearchAction","target":{"@type":"EntryPoint","urlTemplate":"https:\/\/vitamines.com\/fr\/?s={search_term_string}"},"query-input":{"@type":"PropertyValueSpecification","valueRequired":true,"valueName":"search_term_string"}}],"inLanguage":"fr-FR"},{"@type":["Organization","Place","HealthAndBeautyBusiness"],"@id":"https:\/\/vitamines.com\/fr\/#organization","name":"Vitamines","alternateName":"Vitamins","url":"https:\/\/vitamines.com\/fr\/","logo":{"@id":"https:\/\/vitamines.com\/fr\/product\/pack-beaute-eclatante-peau-cheveux-ongles\/#local-main-organization-logo"},"image":{"@id":"https:\/\/vitamines.com\/fr\/product\/pack-beaute-eclatante-peau-cheveux-ongles\/#local-main-organization-logo"},"sameAs":["https:\/\/www.facebook.com\/vitaminescom\/","https:\/\/x.com\/vitaminescom","https:\/\/www.instagram.com\/vitaminescom\/","https:\/\/www.linkedin.com\/company\/vitaminescom\/","https:\/\/nl.pinterest.com\/vitaminescom\/","https:\/\/www.tiktok.com\/@vitamines.com","https:\/\/www.youtube.com\/@vitaminescom","https:\/\/nl.trustpilot.com\/review\/vitamines.com"],"description":"Vitamines koop je natuurlijk op Vitamines.com. Keus uit meer dan 10.000 vitaminen & supplementen, direct uit voorraad leverbaar. Denk hierbij aan vitamine A, vitamine B, vitamine C, vitamine D, calcium, chroom, ijzer, kalium of koper. Maar ook eiwitten (prote\u00efne), magnesium, mangaan, selenium, collageen poeder en multivitaminen zijn populaire voedingssupplementen die je kunt bestellen in de webshop van Vitamines.","legalName":"Vitamines.com B.V.","foundingDate":"1997-08-15","numberOfEmployees":{"@type":"QuantitativeValue","minValue":"11","maxValue":"50"},"address":{"@id":"https:\/\/vitamines.com\/fr\/product\/pack-beaute-eclatante-peau-cheveux-ongles\/#local-main-place-address"},"telephone":["020 308 6875"],"contactPoint":{"@type":"ContactPoint","email":"support@vitamines.com"},"openingHoursSpecification":{"@type":"OpeningHoursSpecification","dayOfWeek":["Monday","Tuesday","Wednesday","Thursday","Friday","Saturday","Sunday"],"opens":"00:00","closes":"23:59"},"priceRange":"$$","currenciesAccepted":"EUR"},{"@type":"PostalAddress","@id":"https:\/\/vitamines.com\/fr\/product\/pack-beaute-eclatante-peau-cheveux-ongles\/#local-main-place-address","streetAddress":"Professor J.H. Bavincklaan 2","addressLocality":"Amstelveen","postalCode":"1183 AT","addressRegion":"NH","addressCountry":"NL"},{"@type":"ImageObject","inLanguage":"fr-FR","@id":"https:\/\/vitamines.com\/fr\/product\/pack-beaute-eclatante-peau-cheveux-ongles\/#local-main-organization-logo","url":"https:\/\/vitamines.com\/wp-content\/uploads\/2024\/10\/vitamines.svg","contentUrl":"https:\/\/vitamines.com\/wp-content\/uploads\/2024\/10\/vitamines.svg","width":132,"height":24,"caption":"Vitamines"}]},"product_price_amount":"39.95","product_price_currency":"EUR","og_availability":"instock","product_availability":"instock","product_condition":"new","geo.placename":"Amstelveen","geo.region":"Pays-Bas"},"_links":{"self":[{"href":"https:\/\/vitamines.com\/fr\/wp-json\/wp\/v2\/product\/1554094","targetHints":{"allow":["GET"]}}],"collection":[{"href":"https:\/\/vitamines.com\/fr\/wp-json\/wp\/v2\/product"}],"about":[{"href":"https:\/\/vitamines.com\/fr\/wp-json\/wp\/v2\/types\/product"}],"replies":[{"embeddable":true,"href":"https:\/\/vitamines.com\/fr\/wp-json\/wp\/v2\/comments?post=1554094"}],"wp:featuredmedia":[{"embeddable":true,"href":"https:\/\/vitamines.com\/fr\/wp-json\/wp\/v2\/media\/1554095"}],"wp:attachment":[{"href":"https:\/\/vitamines.com\/fr\/wp-json\/wp\/v2\/media?parent=1554094"}],"wp:term":[{"taxonomy":"product_brand","embeddable":true,"href":"https:\/\/vitamines.com\/fr\/wp-json\/wp\/v2\/product_brand?post=1554094"},{"taxonomy":"product_cat","embeddable":true,"href":"https:\/\/vitamines.com\/fr\/wp-json\/wp\/v2\/product_cat?post=1554094"},{"taxonomy":"product_tag","embeddable":true,"href":"https:\/\/vitamines.com\/fr\/wp-json\/wp\/v2\/product_tag?post=1554094"},{"taxonomy":"merken","embeddable":true,"href":"https:\/\/vitamines.com\/fr\/wp-json\/wp\/v2\/merken?post=1554094"},{"taxonomy":"producttype","embeddable":true,"href":"https:\/\/vitamines.com\/fr\/wp-json\/wp\/v2\/producttype?post=1554094"},{"taxonomy":"aanbieding","embeddable":true,"href":"https:\/\/vitamines.com\/fr\/wp-json\/wp\/v2\/aanbieding?post=1554094"}],"curies":[{"name":"wp","href":"https:\/\/api.w.org\/{rel}","templated":true}]}}